{"id":1359,"date":"2023-03-18T17:54:33","date_gmt":"2023-03-18T17:54:33","guid":{"rendered":"https:\/\/danubagarden.hu\/?page_id=1359"},"modified":"2023-05-09T17:04:33","modified_gmt":"2023-05-09T17:04:33","slug":"cookie-policy-2","status":"publish","type":"page","link":"https:\/\/danubagarden.hu\/en\/cookie-policy-2\/","title":{"rendered":"Cookie policy"},"content":{"rendered":"<div data-elementor-type=\"wp-page\" data-elementor-id=\"1359\" class=\"elementor elementor-1359\" data-elementor-post-type=\"page\">\n\t\t\t\t<div class=\"elementor-element elementor-element-3689a48 e-flex e-con-boxed e-con e-parent\" data-id=\"3689a48\" data-element_type=\"container\" data-e-type=\"container\">\n\t\t\t\t\t<div class=\"e-con-inner\">\n\t\t<div class=\"elementor-element elementor-element-c99c091 e-con-full e-flex e-con e-parent\" data-id=\"c99c091\" data-element_type=\"container\" data-e-type=\"container\">\n\t\t\t\t<div class=\"elementor-element elementor-element-d1dc46c elementor-widget elementor-widget-text-editor\" data-id=\"d1dc46c\" data-element_type=\"widget\" data-e-type=\"widget\" data-widget_type=\"text-editor.default\">\n\t\t\t\t<div class=\"elementor-widget-container\">\n\t\t\t\t\t\t\t\t\t<h1 style=\"text-align: center;\">Cookie policy<\/h1><p>Date of entry into force: 2023-March-14<\/p><p>Last updated: 2023-March-14<\/p><p><strong>What are cookies?<\/strong><\/p><p>This Cookei Policy answers questions about what cookies are, how we use them, what information we collect through cookies and how we use that information, and how you can manage your cookie preferences.<\/p><p>Cookies are small text files that are used to store small pieces of information. They are stored on your device when the website loads in your browser. These cookies help us to make the website work properly, to make it safer, to provide you with a better user experience and to analyse what works and what improvements may be needed.<\/p><p><strong>How do we use cookies?<\/strong><\/p><p>Like most online services, our website uses first and third party cookies for a variety of purposes. First party cookies are mostly necessary for the proper functioning of the website and do not collect any personally identifiable information.<\/p><p>The third-party cookies used on our website are primarily used to understand the performance of the website, how you interact with our website, to keep our services secure, to provide ads that are relevant to you, and overall to provide you with a better and improved user experience and help speed up your future interactions with our website.<\/p><p><strong>Managing cookies settings<\/strong><\/p><p>You can set cookies through different browsers. These browsers provide different methods of blocking and deleting cookies used by websites. You can change your browser settings to block\/delete cookies. Below are links to supporting documents on cookie management and deletion in the main web browsers.<\/p><p>Chrome:\u00a0<a href=\"https:\/\/support.google.com\/accounts\/answer\/32050\">https:\/\/support.google.com\/accounts\/answer\/32050<\/a><\/p><p>Safari:\u00a0<a href=\"https:\/\/support.apple.com\/en-in\/guide\/safari\/sfri11471\/mac\">https:\/\/support.apple.com\/en-in\/guide\/safari\/sfri11471\/mac<\/a><\/p><p>Firefox:\u00a0<a href=\"https:\/\/support.mozilla.org\/en-US\/kb\/clear-cookies-and-site-data-firefox?redirectslug=delete-cookies-remove-info-websites-stored&amp;redirectlocale=en-US\">https:\/\/support.mozilla.org\/en-US\/kb\/clear-cookies-and-site-data-firefox?redirectslug=delete-cookies-remove-info-websites-stored&amp;redirectlocale=en-US<\/a><\/p><p>Internet Explorer:\u00a0<a href=\"https:\/\/support.microsoft.com\/en-us\/topic\/how-to-delete-cookie-files-in-internet-explorer-bca9446f-d873-78de-77ba-d42645fa52fc\">https:\/\/support.microsoft.com\/en-us\/topic\/how-to-delete-cookie-files-in-internet-explorer-bca9446f-d873-78de-77ba-d42645fa52fc<\/a><\/p><p>If you use a different web browser, please visit the official support documentation for your browser.<\/p><p>Cookie Policy Generated By\u00a0<a href=\"https:\/\/www.cookieyes.com\/?utm_source=CP&amp;utm_medium=footer&amp;utm_campaign=UW\">CookieYes - Cookie Policy Generator<\/a>.<\/p><h2>\u00a0<\/h2>\t\t\t\t\t\t\t\t<\/div>\n\t\t\t\t<\/div>\n\t\t\t\t<\/div>\n\t\t\t\t\t<\/div>\n\t\t\t\t<\/div>\n\t\t\t\t<\/div>","protected":false},"excerpt":{"rendered":"<p>Cookie policy Effective date: 2023-March-14 Last updated: 2023-March-14 What are cookies? This Cookie Policy answers the questions about what cookies are, how we use them, what information we collect through cookies and how we use that information, and how you can manage your cookie settings. Cookies are small text files that [...]<\/p>","protected":false},"author":1,"featured_media":0,"parent":0,"menu_order":0,"comment_status":"closed","ping_status":"closed","template":"elementor_header_footer","meta":{"footnotes":""},"class_list":["post-1359","page","type-page","status-publish","hentry"],"yoast_head":"<!-- This site is optimized with the Yoast SEO Premium plugin v26.9 (Yoast SEO v26.9) - https:\/\/yoast.com\/product\/yoast-seo-premium-wordpress\/ -->\n<title>Cookie szab\u00e1lyzat - DanubaGarden<\/title>\n<meta name=\"robots\" content=\"index, follow, max-snippet:-1, max-image-preview:large, max-video-preview:-1\" \/>\n<link rel=\"canonical\" href=\"https:\/\/danubagarden.hu\/en\/cookie-policy-2\/\" \/>\n<meta property=\"og:locale\" content=\"en_GB\" \/>\n<meta property=\"og:type\" content=\"article\" \/>\n<meta property=\"og:title\" content=\"Cookie szab\u00e1lyzat\" \/>\n<meta property=\"og:description\" content=\"Cookie szab\u00e1lyzat Hat\u00e1lybal\u00e9p\u00e9s d\u00e1tuma: 2023-M\u00e1rcius-14 Legut\u00f3bb friss\u00edtve: 2023-M\u00e1rcius-14 Mik azok a Cookie-k (s\u00fctik)? Ezen Cookei szab\u00e1lyzat v\u00e1laszt ad a k\u00e9rd\u00e9sekre, hogy mik is azok a cookie-k, hogyan haszn\u00e1ljuk \u0151ket, azaz milyen inform\u00e1ci\u00f3kat gy\u0171jt\u00fcnk a cookie-k seg\u00edts\u00e9g\u00e9vel \u00e9s hogyan haszn\u00e1ljuk fel ezeket az inform\u00e1ci\u00f3kat, valamint hogyan kezelheted a cookie-be\u00e1ll\u00edt\u00e1sokat. A cookie-k olyan kis sz\u00f6veges f\u00e1jlok, amelyek [&hellip;]\" \/>\n<meta property=\"og:url\" content=\"https:\/\/danubagarden.hu\/en\/cookie-policy-2\/\" \/>\n<meta property=\"og:site_name\" content=\"DanubaGarden\" \/>\n<meta property=\"article:modified_time\" content=\"2023-05-09T17:04:33+00:00\" \/>\n<meta name=\"twitter:card\" content=\"summary_large_image\" \/>\n<meta name=\"twitter:label1\" content=\"Estimated reading time\" \/>\n\t<meta name=\"twitter:data1\" content=\"2 minutes\" \/>\n<script type=\"application\/ld+json\" class=\"yoast-schema-graph\">{\"@context\":\"https:\/\/schema.org\",\"@graph\":[{\"@type\":\"WebPage\",\"@id\":\"https:\/\/danubagarden.hu\/cookie-szabalyzat\/\",\"url\":\"https:\/\/danubagarden.hu\/cookie-szabalyzat\/\",\"name\":\"Cookie szab\u00e1lyzat - DanubaGarden\",\"isPartOf\":{\"@id\":\"https:\/\/danubagarden.hu\/#website\"},\"datePublished\":\"2023-03-18T17:54:33+00:00\",\"dateModified\":\"2023-05-09T17:04:33+00:00\",\"breadcrumb\":{\"@id\":\"https:\/\/danubagarden.hu\/cookie-szabalyzat\/#breadcrumb\"},\"inLanguage\":\"en-GB\",\"potentialAction\":[{\"@type\":\"ReadAction\",\"target\":[\"https:\/\/danubagarden.hu\/cookie-szabalyzat\/\"]}]},{\"@type\":\"BreadcrumbList\",\"@id\":\"https:\/\/danubagarden.hu\/cookie-szabalyzat\/#breadcrumb\",\"itemListElement\":[{\"@type\":\"ListItem\",\"position\":1,\"name\":\"Home\",\"item\":\"https:\/\/danubagarden.hu\/\"},{\"@type\":\"ListItem\",\"position\":2,\"name\":\"Cookie szab\u00e1lyzat\"}]},{\"@type\":\"WebSite\",\"@id\":\"https:\/\/danubagarden.hu\/#website\",\"url\":\"https:\/\/danubagarden.hu\/\",\"name\":\"DanubaGarden\",\"description\":\"\",\"publisher\":{\"@id\":\"https:\/\/danubagarden.hu\/#organization\"},\"potentialAction\":[{\"@type\":\"SearchAction\",\"target\":{\"@type\":\"EntryPoint\",\"urlTemplate\":\"https:\/\/danubagarden.hu\/?s={search_term_string}\"},\"query-input\":{\"@type\":\"PropertyValueSpecification\",\"valueRequired\":true,\"valueName\":\"search_term_string\"}}],\"inLanguage\":\"en-GB\"},{\"@type\":\"Organization\",\"@id\":\"https:\/\/danubagarden.hu\/#organization\",\"name\":\"DanubaGarden\",\"url\":\"https:\/\/danubagarden.hu\/\",\"logo\":{\"@type\":\"ImageObject\",\"inLanguage\":\"en-GB\",\"@id\":\"https:\/\/danubagarden.hu\/#\/schema\/logo\/image\/\",\"url\":\"https:\/\/danubagarden.hu\/wp-content\/uploads\/logo.png\",\"contentUrl\":\"https:\/\/danubagarden.hu\/wp-content\/uploads\/logo.png\",\"width\":512,\"height\":264,\"caption\":\"DanubaGarden\"},\"image\":{\"@id\":\"https:\/\/danubagarden.hu\/#\/schema\/logo\/image\/\"}}]}<\/script>\n<!-- \/ Yoast SEO Premium plugin. -->","yoast_head_json":{"title":"Cookie policy - DanubaGarden","robots":{"index":"index","follow":"follow","max-snippet":"max-snippet:-1","max-image-preview":"max-image-preview:large","max-video-preview":"max-video-preview:-1"},"canonical":"https:\/\/danubagarden.hu\/en\/cookie-policy-2\/","og_locale":"en_GB","og_type":"article","og_title":"Cookie szab\u00e1lyzat","og_description":"Cookie szab\u00e1lyzat Hat\u00e1lybal\u00e9p\u00e9s d\u00e1tuma: 2023-M\u00e1rcius-14 Legut\u00f3bb friss\u00edtve: 2023-M\u00e1rcius-14 Mik azok a Cookie-k (s\u00fctik)? Ezen Cookei szab\u00e1lyzat v\u00e1laszt ad a k\u00e9rd\u00e9sekre, hogy mik is azok a cookie-k, hogyan haszn\u00e1ljuk \u0151ket, azaz milyen inform\u00e1ci\u00f3kat gy\u0171jt\u00fcnk a cookie-k seg\u00edts\u00e9g\u00e9vel \u00e9s hogyan haszn\u00e1ljuk fel ezeket az inform\u00e1ci\u00f3kat, valamint hogyan kezelheted a cookie-be\u00e1ll\u00edt\u00e1sokat. A cookie-k olyan kis sz\u00f6veges f\u00e1jlok, amelyek [&hellip;]","og_url":"https:\/\/danubagarden.hu\/en\/cookie-policy-2\/","og_site_name":"DanubaGarden","article_modified_time":"2023-05-09T17:04:33+00:00","twitter_card":"summary_large_image","twitter_misc":{"Estimated reading time":"2 minutes"},"schema":{"@context":"https:\/\/schema.org","@graph":[{"@type":"WebPage","@id":"https:\/\/danubagarden.hu\/cookie-szabalyzat\/","url":"https:\/\/danubagarden.hu\/cookie-szabalyzat\/","name":"Cookie policy - DanubaGarden","isPartOf":{"@id":"https:\/\/danubagarden.hu\/#website"},"datePublished":"2023-03-18T17:54:33+00:00","dateModified":"2023-05-09T17:04:33+00:00","breadcrumb":{"@id":"https:\/\/danubagarden.hu\/cookie-szabalyzat\/#breadcrumb"},"inLanguage":"en-GB","potentialAction":[{"@type":"ReadAction","target":["https:\/\/danubagarden.hu\/cookie-szabalyzat\/"]}]},{"@type":"BreadcrumbList","@id":"https:\/\/danubagarden.hu\/cookie-szabalyzat\/#breadcrumb","itemListElement":[{"@type":"ListItem","position":1,"name":"Home","item":"https:\/\/danubagarden.hu\/"},{"@type":"ListItem","position":2,"name":"Cookie szab\u00e1lyzat"}]},{"@type":"WebSite","@id":"https:\/\/danubagarden.hu\/#website","url":"https:\/\/danubagarden.hu\/","name":"DanubaGarden","description":"","publisher":{"@id":"https:\/\/danubagarden.hu\/#organization"},"potentialAction":[{"@type":"SearchAction","target":{"@type":"EntryPoint","urlTemplate":"https:\/\/danubagarden.hu\/?s={search_term_string}"},"query-input":{"@type":"PropertyValueSpecification","valueRequired":true,"valueName":"search_term_string"}}],"inLanguage":"en-GB"},{"@type":"Organization","@id":"https:\/\/danubagarden.hu\/#organization","name":"DanubaGarden","url":"https:\/\/danubagarden.hu\/","logo":{"@type":"ImageObject","inLanguage":"en-GB","@id":"https:\/\/danubagarden.hu\/#\/schema\/logo\/image\/","url":"https:\/\/danubagarden.hu\/wp-content\/uploads\/logo.png","contentUrl":"https:\/\/danubagarden.hu\/wp-content\/uploads\/logo.png","width":512,"height":264,"caption":"DanubaGarden"},"image":{"@id":"https:\/\/danubagarden.hu\/#\/schema\/logo\/image\/"}}]}},"_links":{"self":[{"href":"https:\/\/danubagarden.hu\/en\/wp-json\/wp\/v2\/pages\/1359","targetHints":{"allow":["GET"]}}],"collection":[{"href":"https:\/\/danubagarden.hu\/en\/wp-json\/wp\/v2\/pages"}],"about":[{"href":"https:\/\/danubagarden.hu\/en\/wp-json\/wp\/v2\/types\/page"}],"author":[{"embeddable":true,"href":"https:\/\/danubagarden.hu\/en\/wp-json\/wp\/v2\/users\/1"}],"replies":[{"embeddable":true,"href":"https:\/\/danubagarden.hu\/en\/wp-json\/wp\/v2\/comments?post=1359"}],"version-history":[{"count":0,"href":"https:\/\/danubagarden.hu\/en\/wp-json\/wp\/v2\/pages\/1359\/revisions"}],"wp:attachment":[{"href":"https:\/\/danubagarden.hu\/en\/wp-json\/wp\/v2\/media?parent=1359"}],"curies":[{"name":"wp","href":"https:\/\/api.w.org\/{rel}","templated":true}]}}