{"id":16902,"date":"2026-03-09T17:57:24","date_gmt":"2026-03-09T16:57:24","guid":{"rendered":"https:\/\/danubagarden.hu\/?page_id=16902"},"modified":"2026-03-10T08:45:43","modified_gmt":"2026-03-10T07:45:43","slug":"vr-koszonjuk","status":"publish","type":"page","link":"https:\/\/danubagarden.hu\/en\/vr-koszonjuk\/","title":{"rendered":"Thank you for registering as a reseller"},"content":{"rendered":"<div data-elementor-type=\"wp-page\" data-elementor-id=\"16902\" class=\"elementor elementor-16902\" data-elementor-post-type=\"page\">\n\t\t\t\t<div class=\"elementor-element elementor-element-d5e400f e-flex e-con-boxed e-con e-parent\" data-id=\"d5e400f\" data-element_type=\"container\" data-e-type=\"container\">\n\t\t\t\t\t<div class=\"e-con-inner\">\n\t\t\t\t<div class=\"elementor-element elementor-element-8d1c112 elementor-widget elementor-widget-heading\" data-id=\"8d1c112\" data-element_type=\"widget\" data-e-type=\"widget\" data-widget_type=\"heading.default\">\n\t\t\t\t<div class=\"elementor-widget-container\">\n\t\t\t\t\t<h1 class=\"elementor-heading-title elementor-size-default\">Thank you for your reseller registration!<\/h1>\t\t\t\t<\/div>\n\t\t\t\t<\/div>\n\t\t\t\t<div class=\"elementor-element elementor-element-87fa80a elementor-widget elementor-widget-text-editor\" data-id=\"87fa80a\" data-element_type=\"widget\" data-e-type=\"widget\" data-widget_type=\"text-editor.default\">\n\t\t\t\t<div class=\"elementor-widget-container\">\n\t\t\t\t\t\t\t\t\t<p><b>We received your message. <\/b><\/p><p><b>Please be patient, your application is being processed (we will get back to you in 1-2 days)!<\/b><\/p><p>\u00a0<\/p>\t\t\t\t\t\t\t\t<\/div>\n\t\t\t\t<\/div>\n\t\t\t\t\t<\/div>\n\t\t\t\t<\/div>\n\t\t\t\t<\/div>","protected":false},"excerpt":{"rendered":"<p>Thank you for your reseller registration! We received your message. Please be patient, your application is being processed (we will get back to you in 1-2 days)! \u00a0<\/p>","protected":false},"author":1,"featured_media":0,"parent":0,"menu_order":0,"comment_status":"closed","ping_status":"closed","template":"","meta":{"footnotes":""},"class_list":["post-16902","page","type-page","status-publish","hentry"],"yoast_head":"<!-- This site is optimized with the Yoast SEO Premium plugin v26.9 (Yoast SEO v26.9) - https:\/\/yoast.com\/product\/yoast-seo-premium-wordpress\/ -->\n<title>K\u00f6sz\u00f6nj\u00fck a viszontelad\u00f3i regisztr\u00e1ci\u00f3dat - DanubaGarden<\/title>\n<meta name=\"robots\" content=\"index, follow, max-snippet:-1, max-image-preview:large, max-video-preview:-1\" \/>\n<link rel=\"canonical\" href=\"https:\/\/danubagarden.hu\/en\/vr-koszonjuk\/\" \/>\n<meta property=\"og:locale\" content=\"en_GB\" \/>\n<meta property=\"og:type\" content=\"article\" \/>\n<meta property=\"og:title\" content=\"K\u00f6sz\u00f6nj\u00fck a viszontelad\u00f3i regisztr\u00e1ci\u00f3dat\" \/>\n<meta property=\"og:description\" content=\"K\u00f6sz\u00f6nj\u00fck a viszontelad\u00f3i regisztr\u00e1ci\u00f3dat! Az \u00fczenetedet megkaptuk. Kis t\u00fcrelmet k\u00e9r\u00fcnk, jelentkez\u00e9sed feldolgoz\u00e1s alatt van (1-2 nap m\u00falva visszajelz\u00fcnk)! \u00a0\" \/>\n<meta property=\"og:url\" content=\"https:\/\/danubagarden.hu\/en\/vr-koszonjuk\/\" \/>\n<meta property=\"og:site_name\" content=\"DanubaGarden\" \/>\n<meta property=\"article:modified_time\" content=\"2026-03-10T07:45:43+00:00\" \/>\n<meta name=\"twitter:card\" content=\"summary_large_image\" \/>\n<meta name=\"twitter:label1\" content=\"Estimated reading time\" \/>\n\t<meta name=\"twitter:data1\" content=\"1 minute\" \/>\n<script type=\"application\/ld+json\" class=\"yoast-schema-graph\">{\"@context\":\"https:\/\/schema.org\",\"@graph\":[{\"@type\":\"WebPage\",\"@id\":\"https:\/\/danubagarden.hu\/vr-koszonjuk\/\",\"url\":\"https:\/\/danubagarden.hu\/vr-koszonjuk\/\",\"name\":\"K\u00f6sz\u00f6nj\u00fck a viszontelad\u00f3i regisztr\u00e1ci\u00f3dat - DanubaGarden\",\"isPartOf\":{\"@id\":\"https:\/\/danubagarden.hu\/#website\"},\"datePublished\":\"2026-03-09T16:57:24+00:00\",\"dateModified\":\"2026-03-10T07:45:43+00:00\",\"breadcrumb\":{\"@id\":\"https:\/\/danubagarden.hu\/vr-koszonjuk\/#breadcrumb\"},\"inLanguage\":\"en-GB\",\"potentialAction\":[{\"@type\":\"ReadAction\",\"target\":[\"https:\/\/danubagarden.hu\/vr-koszonjuk\/\"]}]},{\"@type\":\"BreadcrumbList\",\"@id\":\"https:\/\/danubagarden.hu\/vr-koszonjuk\/#breadcrumb\",\"itemListElement\":[{\"@type\":\"ListItem\",\"position\":1,\"name\":\"Home\",\"item\":\"https:\/\/danubagarden.hu\/\"},{\"@type\":\"ListItem\",\"position\":2,\"name\":\"K\u00f6sz\u00f6nj\u00fck a viszontelad\u00f3i regisztr\u00e1ci\u00f3dat\"}]},{\"@type\":\"WebSite\",\"@id\":\"https:\/\/danubagarden.hu\/#website\",\"url\":\"https:\/\/danubagarden.hu\/\",\"name\":\"DanubaGarden\",\"description\":\"\",\"publisher\":{\"@id\":\"https:\/\/danubagarden.hu\/#organization\"},\"potentialAction\":[{\"@type\":\"SearchAction\",\"target\":{\"@type\":\"EntryPoint\",\"urlTemplate\":\"https:\/\/danubagarden.hu\/?s={search_term_string}\"},\"query-input\":{\"@type\":\"PropertyValueSpecification\",\"valueRequired\":true,\"valueName\":\"search_term_string\"}}],\"inLanguage\":\"en-GB\"},{\"@type\":\"Organization\",\"@id\":\"https:\/\/danubagarden.hu\/#organization\",\"name\":\"DanubaGarden\",\"url\":\"https:\/\/danubagarden.hu\/\",\"logo\":{\"@type\":\"ImageObject\",\"inLanguage\":\"en-GB\",\"@id\":\"https:\/\/danubagarden.hu\/#\/schema\/logo\/image\/\",\"url\":\"https:\/\/danubagarden.hu\/wp-content\/uploads\/logo.png\",\"contentUrl\":\"https:\/\/danubagarden.hu\/wp-content\/uploads\/logo.png\",\"width\":512,\"height\":264,\"caption\":\"DanubaGarden\"},\"image\":{\"@id\":\"https:\/\/danubagarden.hu\/#\/schema\/logo\/image\/\"}}]}<\/script>\n<!-- \/ Yoast SEO Premium plugin. -->","yoast_head_json":{"title":"Thank you for your reseller registration - DanubaGarden","robots":{"index":"index","follow":"follow","max-snippet":"max-snippet:-1","max-image-preview":"max-image-preview:large","max-video-preview":"max-video-preview:-1"},"canonical":"https:\/\/danubagarden.hu\/en\/vr-koszonjuk\/","og_locale":"en_GB","og_type":"article","og_title":"K\u00f6sz\u00f6nj\u00fck a viszontelad\u00f3i regisztr\u00e1ci\u00f3dat","og_description":"K\u00f6sz\u00f6nj\u00fck a viszontelad\u00f3i regisztr\u00e1ci\u00f3dat! Az \u00fczenetedet megkaptuk. Kis t\u00fcrelmet k\u00e9r\u00fcnk, jelentkez\u00e9sed feldolgoz\u00e1s alatt van (1-2 nap m\u00falva visszajelz\u00fcnk)! \u00a0","og_url":"https:\/\/danubagarden.hu\/en\/vr-koszonjuk\/","og_site_name":"DanubaGarden","article_modified_time":"2026-03-10T07:45:43+00:00","twitter_card":"summary_large_image","twitter_misc":{"Estimated reading time":"1 minute"},"schema":{"@context":"https:\/\/schema.org","@graph":[{"@type":"WebPage","@id":"https:\/\/danubagarden.hu\/vr-koszonjuk\/","url":"https:\/\/danubagarden.hu\/vr-koszonjuk\/","name":"Thank you for your reseller registration - DanubaGarden","isPartOf":{"@id":"https:\/\/danubagarden.hu\/#website"},"datePublished":"2026-03-09T16:57:24+00:00","dateModified":"2026-03-10T07:45:43+00:00","breadcrumb":{"@id":"https:\/\/danubagarden.hu\/vr-koszonjuk\/#breadcrumb"},"inLanguage":"en-GB","potentialAction":[{"@type":"ReadAction","target":["https:\/\/danubagarden.hu\/vr-koszonjuk\/"]}]},{"@type":"BreadcrumbList","@id":"https:\/\/danubagarden.hu\/vr-koszonjuk\/#breadcrumb","itemListElement":[{"@type":"ListItem","position":1,"name":"Home","item":"https:\/\/danubagarden.hu\/"},{"@type":"ListItem","position":2,"name":"K\u00f6sz\u00f6nj\u00fck a viszontelad\u00f3i regisztr\u00e1ci\u00f3dat"}]},{"@type":"WebSite","@id":"https:\/\/danubagarden.hu\/#website","url":"https:\/\/danubagarden.hu\/","name":"DanubaGarden","description":"","publisher":{"@id":"https:\/\/danubagarden.hu\/#organization"},"potentialAction":[{"@type":"SearchAction","target":{"@type":"EntryPoint","urlTemplate":"https:\/\/danubagarden.hu\/?s={search_term_string}"},"query-input":{"@type":"PropertyValueSpecification","valueRequired":true,"valueName":"search_term_string"}}],"inLanguage":"en-GB"},{"@type":"Organization","@id":"https:\/\/danubagarden.hu\/#organization","name":"DanubaGarden","url":"https:\/\/danubagarden.hu\/","logo":{"@type":"ImageObject","inLanguage":"en-GB","@id":"https:\/\/danubagarden.hu\/#\/schema\/logo\/image\/","url":"https:\/\/danubagarden.hu\/wp-content\/uploads\/logo.png","contentUrl":"https:\/\/danubagarden.hu\/wp-content\/uploads\/logo.png","width":512,"height":264,"caption":"DanubaGarden"},"image":{"@id":"https:\/\/danubagarden.hu\/#\/schema\/logo\/image\/"}}]}},"_links":{"self":[{"href":"https:\/\/danubagarden.hu\/en\/wp-json\/wp\/v2\/pages\/16902","targetHints":{"allow":["GET"]}}],"collection":[{"href":"https:\/\/danubagarden.hu\/en\/wp-json\/wp\/v2\/pages"}],"about":[{"href":"https:\/\/danubagarden.hu\/en\/wp-json\/wp\/v2\/types\/page"}],"author":[{"embeddable":true,"href":"https:\/\/danubagarden.hu\/en\/wp-json\/wp\/v2\/users\/1"}],"replies":[{"embeddable":true,"href":"https:\/\/danubagarden.hu\/en\/wp-json\/wp\/v2\/comments?post=16902"}],"version-history":[{"count":10,"href":"https:\/\/danubagarden.hu\/en\/wp-json\/wp\/v2\/pages\/16902\/revisions"}],"predecessor-version":[{"id":16944,"href":"https:\/\/danubagarden.hu\/en\/wp-json\/wp\/v2\/pages\/16902\/revisions\/16944"}],"wp:attachment":[{"href":"https:\/\/danubagarden.hu\/en\/wp-json\/wp\/v2\/media?parent=16902"}],"curies":[{"name":"wp","href":"https:\/\/api.w.org\/{rel}","templated":true}]}}