{"id":2734,"date":"2023-09-21T10:05:17","date_gmt":"2023-09-21T10:05:17","guid":{"rendered":"https:\/\/danubagarden.hu\/?page_id=2734"},"modified":"2026-04-09T10:59:08","modified_gmt":"2026-04-09T09:59:08","slug":"our-retailers","status":"publish","type":"page","link":"https:\/\/danubagarden.hu\/en\/our-retailers\/","title":{"rendered":"Our distributors"},"content":{"rendered":"<div data-elementor-type=\"wp-page\" data-elementor-id=\"2734\" class=\"elementor elementor-2734\" data-elementor-post-type=\"page\">\n\t\t\t\t<div class=\"elementor-element elementor-element-77c8ddb e-flex e-con-boxed e-con e-parent\" data-id=\"77c8ddb\" data-element_type=\"container\" data-e-type=\"container\">\n\t\t\t\t\t<div class=\"e-con-inner\">\n\t\t<div class=\"elementor-element elementor-element-61b6572 e-con-full e-flex e-con e-child\" data-id=\"61b6572\" data-element_type=\"container\" data-e-type=\"container\">\n\t\t\t\t<div class=\"elementor-element elementor-element-99ef02a elementor-widget elementor-widget-heading\" data-id=\"99ef02a\" data-element_type=\"widget\" data-e-type=\"widget\" data-widget_type=\"heading.default\">\n\t\t\t\t<div class=\"elementor-widget-container\">\n\t\t\t\t\t<h1 class=\"elementor-heading-title elementor-size-default\">Our distributors<\/h1>\t\t\t\t<\/div>\n\t\t\t\t<\/div>\n\t\t\t\t<div class=\"elementor-element elementor-element-83e80d3 elementor-widget elementor-widget-text-editor\" data-id=\"83e80d3\" data-element_type=\"widget\" data-e-type=\"widget\" data-widget_type=\"text-editor.default\">\n\t\t\t\t<div class=\"elementor-widget-container\">\n\t\t\t\t\t\t\t\t\t<p style=\"font-weight: 400;\"><strong>Danuba Garden products can now be found in hundreds of retailers across the country.<\/strong><\/p><p style=\"font-weight: 400;\">We are particularly proud of our expert reseller community, who help gardeners every day with their valuable knowledge and experience.<\/p><h3>\u00a0<\/h3><h3>\ud83d\udce7 Send an email from a city or county near you to kerdes@danubagarden.hu and we'll help you find your nearest retailer.\u00a0<\/h3>\t\t\t\t\t\t\t\t<\/div>\n\t\t\t\t<\/div>\n\t\t\t\t<\/div>\n\t\t<div class=\"elementor-element elementor-element-c38768c e-con-full e-flex e-con e-child\" data-id=\"c38768c\" data-element_type=\"container\" data-e-type=\"container\">\n\t\t<div class=\"elementor-element elementor-element-efa1ce9 e-con-full e-flex e-con e-child\" data-id=\"efa1ce9\" data-element_type=\"container\" data-e-type=\"container\">\n\t\t\t\t<div class=\"elementor-element elementor-element-7d4c795 elementor-widget elementor-widget-image\" data-id=\"7d4c795\" data-element_type=\"widget\" data-e-type=\"widget\" data-widget_type=\"image.default\">\n\t\t\t\t<div class=\"elementor-widget-container\">\n\t\t\t\t\t\t\t\t\t\t\t\t\t\t\t<img fetchpriority=\"high\" decoding=\"async\" width=\"300\" height=\"300\" src=\"https:\/\/danubagarden.hu\/wp-content\/uploads\/STILL_SoftGuard_Scene_2_Shot_1_Rakocska_Take_3-Frame-300x300.png\" class=\"attachment-medium size-medium wp-image-13129\" alt=\"SoftGuard\" srcset=\"https:\/\/danubagarden.hu\/wp-content\/uploads\/STILL_SoftGuard_Scene_2_Shot_1_Rakocska_Take_3-Frame-300x300.png.webp 300w, https:\/\/danubagarden.hu\/wp-content\/uploads\/STILL_SoftGuard_Scene_2_Shot_1_Rakocska_Take_3-Frame-1024x1024.png.webp 1024w, https:\/\/danubagarden.hu\/wp-content\/uploads\/STILL_SoftGuard_Scene_2_Shot_1_Rakocska_Take_3-Frame-150x150.png.webp 150w, https:\/\/danubagarden.hu\/wp-content\/uploads\/STILL_SoftGuard_Scene_2_Shot_1_Rakocska_Take_3-Frame-768x768.png.webp 768w, https:\/\/danubagarden.hu\/wp-content\/uploads\/STILL_SoftGuard_Scene_2_Shot_1_Rakocska_Take_3-Frame-1536x1536.png.webp 1536w, https:\/\/danubagarden.hu\/wp-content\/uploads\/STILL_SoftGuard_Scene_2_Shot_1_Rakocska_Take_3-Frame.png 2048w, https:\/\/danubagarden.hu\/wp-content\/uploads\/STILL_SoftGuard_Scene_2_Shot_1_Rakocska_Take_3-Frame-12x12.png.webp 12w, https:\/\/danubagarden.hu\/wp-content\/uploads\/STILL_SoftGuard_Scene_2_Shot_1_Rakocska_Take_3-Frame-600x600.png.webp 600w, https:\/\/danubagarden.hu\/wp-content\/uploads\/STILL_SoftGuard_Scene_2_Shot_1_Rakocska_Take_3-Frame-100x100.png.webp 100w\" sizes=\"(max-width: 300px) 100vw, 300px\" \/>\t\t\t\t\t\t\t\t\t\t\t\t\t\t\t<\/div>\n\t\t\t\t<\/div>\n\t\t\t\t<div class=\"elementor-element elementor-element-f6a6e3a elementor-widget elementor-widget-text-editor\" data-id=\"f6a6e3a\" data-element_type=\"widget\" data-e-type=\"widget\" data-widget_type=\"text-editor.default\">\n\t\t\t\t<div class=\"elementor-widget-container\">\n\t\t\t\t\t\t\t\t\t<p>Have more questions? Our team is ready to help - contact us: <a class=\"decorated-link cursor-pointer\" rel=\"noopener\" data-start=\"513\" data-end=\"535\">kerdes@danubagarden.hu<\/a><\/p><p>\u00a0<\/p>\t\t\t\t\t\t\t\t<\/div>\n\t\t\t\t<\/div>\n\t\t\t\t<\/div>\n\t\t\t\t<\/div>\n\t\t\t\t\t<\/div>\n\t\t\t\t<\/div>\n\t\t\t\t<\/div>","protected":false},"excerpt":{"rendered":"<p>Viszontelad\u00f3ink A Danuba Garden term\u00e9kei ma m\u00e1r orsz\u00e1gszerte t\u00f6bb sz\u00e1z viszontelad\u00f3n\u00e1l megtal\u00e1lhat\u00f3k. K\u00fcl\u00f6n\u00f6sen b\u00fcszk\u00e9k vagyunk szak\u00e9rt\u0151 viszontelad\u00f3i k\u00f6z\u00f6ss\u00e9g\u00fcnkre, akik nap mint nap seg\u00edtik a kert\u00e9szeket \u00e9rt\u00e9kes tud\u00e1sukkal \u00e9s tapasztalatukkal. \u00a0 \ud83d\udce7 K\u00fcldj egy e-mailt a hozz\u00e1d k\u00f6zel es\u0151 v\u00e1rosr\u00f3l, megy\u00e9r\u0151l a kerdes@danubagarden.hu c\u00edmre,\u00a0\u00e9s seg\u00edt\u00fcnk megtal\u00e1lni a legk\u00f6zelebbi viszontelad\u00f3nkat.\u00a0 Van m\u00e9g k\u00e9rd\u00e9sed? Csapatunk k\u00e9szs\u00e9ggel \u00e1ll rendelkez\u00e9sedre [&hellip;]<\/p>","protected":false},"author":3,"featured_media":2382,"parent":0,"menu_order":0,"comment_status":"closed","ping_status":"closed","template":"","meta":{"footnotes":""},"class_list":["post-2734","page","type-page","status-publish","has-post-thumbnail","hentry"],"yoast_head":"<!-- This site is optimized with the Yoast SEO Premium plugin v26.9 (Yoast SEO v26.9) - https:\/\/yoast.com\/product\/yoast-seo-premium-wordpress\/ -->\n<title>Viszontelad\u00f3ink - DanubaGarden<\/title>\n<meta name=\"robots\" content=\"index, follow, max-snippet:-1, max-image-preview:large, max-video-preview:-1\" \/>\n<link rel=\"canonical\" href=\"https:\/\/danubagarden.hu\/en\/our-retailers\/\" \/>\n<meta property=\"og:locale\" content=\"en_GB\" \/>\n<meta property=\"og:type\" content=\"article\" \/>\n<meta property=\"og:title\" content=\"Viszontelad\u00f3ink\" \/>\n<meta property=\"og:description\" content=\"Viszontelad\u00f3ink A Danuba Garden term\u00e9kei ma m\u00e1r orsz\u00e1gszerte t\u00f6bb sz\u00e1z viszontelad\u00f3n\u00e1l megtal\u00e1lhat\u00f3k. K\u00fcl\u00f6n\u00f6sen b\u00fcszk\u00e9k vagyunk szak\u00e9rt\u0151 viszontelad\u00f3i k\u00f6z\u00f6ss\u00e9g\u00fcnkre, akik nap mint nap seg\u00edtik a kert\u00e9szeket \u00e9rt\u00e9kes tud\u00e1sukkal \u00e9s tapasztalatukkal. \u00a0 \ud83d\udce7 K\u00fcldj egy e-mailt a hozz\u00e1d k\u00f6zel es\u0151 v\u00e1rosr\u00f3l, megy\u00e9r\u0151l a kerdes@danubagarden.hu c\u00edmre,\u00a0\u00e9s seg\u00edt\u00fcnk megtal\u00e1lni a legk\u00f6zelebbi viszontelad\u00f3nkat.\u00a0 Van m\u00e9g k\u00e9rd\u00e9sed? Csapatunk k\u00e9szs\u00e9ggel \u00e1ll rendelkez\u00e9sedre [&hellip;]\" \/>\n<meta property=\"og:url\" content=\"https:\/\/danubagarden.hu\/en\/our-retailers\/\" \/>\n<meta property=\"og:site_name\" content=\"DanubaGarden\" \/>\n<meta property=\"article:modified_time\" content=\"2026-04-09T09:59:08+00:00\" \/>\n<meta property=\"og:image\" content=\"https:\/\/danubagarden.hu\/wp-content\/uploads\/DSC_2147.jpg\" \/>\n\t<meta property=\"og:image:width\" content=\"2048\" \/>\n\t<meta property=\"og:image:height\" content=\"1362\" \/>\n\t<meta property=\"og:image:type\" content=\"image\/jpeg\" \/>\n<meta name=\"twitter:card\" content=\"summary_large_image\" \/>\n<meta name=\"twitter:label1\" content=\"Estimated reading time\" \/>\n\t<meta name=\"twitter:data1\" content=\"1 minute\" \/>\n<script type=\"application\/ld+json\" class=\"yoast-schema-graph\">{\"@context\":\"https:\/\/schema.org\",\"@graph\":[{\"@type\":\"WebPage\",\"@id\":\"https:\/\/danubagarden.hu\/viszonteladoink\/\",\"url\":\"https:\/\/danubagarden.hu\/viszonteladoink\/\",\"name\":\"Viszontelad\u00f3ink - DanubaGarden\",\"isPartOf\":{\"@id\":\"https:\/\/danubagarden.hu\/#website\"},\"primaryImageOfPage\":{\"@id\":\"https:\/\/danubagarden.hu\/viszonteladoink\/#primaryimage\"},\"image\":{\"@id\":\"https:\/\/danubagarden.hu\/viszonteladoink\/#primaryimage\"},\"thumbnailUrl\":\"https:\/\/danubagarden.hu\/wp-content\/uploads\/DSC_2147.jpg\",\"datePublished\":\"2023-09-21T10:05:17+00:00\",\"dateModified\":\"2026-04-09T09:59:08+00:00\",\"breadcrumb\":{\"@id\":\"https:\/\/danubagarden.hu\/viszonteladoink\/#breadcrumb\"},\"inLanguage\":\"en-GB\",\"potentialAction\":[{\"@type\":\"ReadAction\",\"target\":[\"https:\/\/danubagarden.hu\/viszonteladoink\/\"]}]},{\"@type\":\"ImageObject\",\"inLanguage\":\"en-GB\",\"@id\":\"https:\/\/danubagarden.hu\/viszonteladoink\/#primaryimage\",\"url\":\"https:\/\/danubagarden.hu\/wp-content\/uploads\/DSC_2147.jpg\",\"contentUrl\":\"https:\/\/danubagarden.hu\/wp-content\/uploads\/DSC_2147.jpg\",\"width\":2048,\"height\":1362,\"caption\":\"MikoMax Garden, Blackjak \u00e9s Tricho Immun term\u00e9kek a f\u0171ben, n\u00f6v\u00e9nyekkel\"},{\"@type\":\"BreadcrumbList\",\"@id\":\"https:\/\/danubagarden.hu\/viszonteladoink\/#breadcrumb\",\"itemListElement\":[{\"@type\":\"ListItem\",\"position\":1,\"name\":\"Home\",\"item\":\"https:\/\/danubagarden.hu\/\"},{\"@type\":\"ListItem\",\"position\":2,\"name\":\"Viszontelad\u00f3ink\"}]},{\"@type\":\"WebSite\",\"@id\":\"https:\/\/danubagarden.hu\/#website\",\"url\":\"https:\/\/danubagarden.hu\/\",\"name\":\"DanubaGarden\",\"description\":\"\",\"publisher\":{\"@id\":\"https:\/\/danubagarden.hu\/#organization\"},\"potentialAction\":[{\"@type\":\"SearchAction\",\"target\":{\"@type\":\"EntryPoint\",\"urlTemplate\":\"https:\/\/danubagarden.hu\/?s={search_term_string}\"},\"query-input\":{\"@type\":\"PropertyValueSpecification\",\"valueRequired\":true,\"valueName\":\"search_term_string\"}}],\"inLanguage\":\"en-GB\"},{\"@type\":\"Organization\",\"@id\":\"https:\/\/danubagarden.hu\/#organization\",\"name\":\"DanubaGarden\",\"url\":\"https:\/\/danubagarden.hu\/\",\"logo\":{\"@type\":\"ImageObject\",\"inLanguage\":\"en-GB\",\"@id\":\"https:\/\/danubagarden.hu\/#\/schema\/logo\/image\/\",\"url\":\"https:\/\/danubagarden.hu\/wp-content\/uploads\/logo.png\",\"contentUrl\":\"https:\/\/danubagarden.hu\/wp-content\/uploads\/logo.png\",\"width\":512,\"height\":264,\"caption\":\"DanubaGarden\"},\"image\":{\"@id\":\"https:\/\/danubagarden.hu\/#\/schema\/logo\/image\/\"}}]}<\/script>\n<!-- \/ Yoast SEO Premium plugin. -->","yoast_head_json":{"title":"Our suppliers - DanubaGarden","robots":{"index":"index","follow":"follow","max-snippet":"max-snippet:-1","max-image-preview":"max-image-preview:large","max-video-preview":"max-video-preview:-1"},"canonical":"https:\/\/danubagarden.hu\/en\/our-retailers\/","og_locale":"en_GB","og_type":"article","og_title":"Viszontelad\u00f3ink","og_description":"Viszontelad\u00f3ink A Danuba Garden term\u00e9kei ma m\u00e1r orsz\u00e1gszerte t\u00f6bb sz\u00e1z viszontelad\u00f3n\u00e1l megtal\u00e1lhat\u00f3k. K\u00fcl\u00f6n\u00f6sen b\u00fcszk\u00e9k vagyunk szak\u00e9rt\u0151 viszontelad\u00f3i k\u00f6z\u00f6ss\u00e9g\u00fcnkre, akik nap mint nap seg\u00edtik a kert\u00e9szeket \u00e9rt\u00e9kes tud\u00e1sukkal \u00e9s tapasztalatukkal. \u00a0 \ud83d\udce7 K\u00fcldj egy e-mailt a hozz\u00e1d k\u00f6zel es\u0151 v\u00e1rosr\u00f3l, megy\u00e9r\u0151l a kerdes@danubagarden.hu c\u00edmre,\u00a0\u00e9s seg\u00edt\u00fcnk megtal\u00e1lni a legk\u00f6zelebbi viszontelad\u00f3nkat.\u00a0 Van m\u00e9g k\u00e9rd\u00e9sed? Csapatunk k\u00e9szs\u00e9ggel \u00e1ll rendelkez\u00e9sedre [&hellip;]","og_url":"https:\/\/danubagarden.hu\/en\/our-retailers\/","og_site_name":"DanubaGarden","article_modified_time":"2026-04-09T09:59:08+00:00","og_image":[{"width":2048,"height":1362,"url":"https:\/\/danubagarden.hu\/wp-content\/uploads\/DSC_2147.jpg","type":"image\/jpeg"}],"twitter_card":"summary_large_image","twitter_misc":{"Estimated reading time":"1 minute"},"schema":{"@context":"https:\/\/schema.org","@graph":[{"@type":"WebPage","@id":"https:\/\/danubagarden.hu\/viszonteladoink\/","url":"https:\/\/danubagarden.hu\/viszonteladoink\/","name":"Our suppliers - DanubaGarden","isPartOf":{"@id":"https:\/\/danubagarden.hu\/#website"},"primaryImageOfPage":{"@id":"https:\/\/danubagarden.hu\/viszonteladoink\/#primaryimage"},"image":{"@id":"https:\/\/danubagarden.hu\/viszonteladoink\/#primaryimage"},"thumbnailUrl":"https:\/\/danubagarden.hu\/wp-content\/uploads\/DSC_2147.jpg","datePublished":"2023-09-21T10:05:17+00:00","dateModified":"2026-04-09T09:59:08+00:00","breadcrumb":{"@id":"https:\/\/danubagarden.hu\/viszonteladoink\/#breadcrumb"},"inLanguage":"en-GB","potentialAction":[{"@type":"ReadAction","target":["https:\/\/danubagarden.hu\/viszonteladoink\/"]}]},{"@type":"ImageObject","inLanguage":"en-GB","@id":"https:\/\/danubagarden.hu\/viszonteladoink\/#primaryimage","url":"https:\/\/danubagarden.hu\/wp-content\/uploads\/DSC_2147.jpg","contentUrl":"https:\/\/danubagarden.hu\/wp-content\/uploads\/DSC_2147.jpg","width":2048,"height":1362,"caption":"MikoMax Garden, Blackjak \u00e9s Tricho Immun term\u00e9kek a f\u0171ben, n\u00f6v\u00e9nyekkel"},{"@type":"BreadcrumbList","@id":"https:\/\/danubagarden.hu\/viszonteladoink\/#breadcrumb","itemListElement":[{"@type":"ListItem","position":1,"name":"Home","item":"https:\/\/danubagarden.hu\/"},{"@type":"ListItem","position":2,"name":"Viszontelad\u00f3ink"}]},{"@type":"WebSite","@id":"https:\/\/danubagarden.hu\/#website","url":"https:\/\/danubagarden.hu\/","name":"DanubaGarden","description":"","publisher":{"@id":"https:\/\/danubagarden.hu\/#organization"},"potentialAction":[{"@type":"SearchAction","target":{"@type":"EntryPoint","urlTemplate":"https:\/\/danubagarden.hu\/?s={search_term_string}"},"query-input":{"@type":"PropertyValueSpecification","valueRequired":true,"valueName":"search_term_string"}}],"inLanguage":"en-GB"},{"@type":"Organization","@id":"https:\/\/danubagarden.hu\/#organization","name":"DanubaGarden","url":"https:\/\/danubagarden.hu\/","logo":{"@type":"ImageObject","inLanguage":"en-GB","@id":"https:\/\/danubagarden.hu\/#\/schema\/logo\/image\/","url":"https:\/\/danubagarden.hu\/wp-content\/uploads\/logo.png","contentUrl":"https:\/\/danubagarden.hu\/wp-content\/uploads\/logo.png","width":512,"height":264,"caption":"DanubaGarden"},"image":{"@id":"https:\/\/danubagarden.hu\/#\/schema\/logo\/image\/"}}]}},"_links":{"self":[{"href":"https:\/\/danubagarden.hu\/en\/wp-json\/wp\/v2\/pages\/2734","targetHints":{"allow":["GET"]}}],"collection":[{"href":"https:\/\/danubagarden.hu\/en\/wp-json\/wp\/v2\/pages"}],"about":[{"href":"https:\/\/danubagarden.hu\/en\/wp-json\/wp\/v2\/types\/page"}],"author":[{"embeddable":true,"href":"https:\/\/danubagarden.hu\/en\/wp-json\/wp\/v2\/users\/3"}],"replies":[{"embeddable":true,"href":"https:\/\/danubagarden.hu\/en\/wp-json\/wp\/v2\/comments?post=2734"}],"version-history":[{"count":25,"href":"https:\/\/danubagarden.hu\/en\/wp-json\/wp\/v2\/pages\/2734\/revisions"}],"predecessor-version":[{"id":18344,"href":"https:\/\/danubagarden.hu\/en\/wp-json\/wp\/v2\/pages\/2734\/revisions\/18344"}],"wp:featuredmedia":[{"embeddable":true,"href":"https:\/\/danubagarden.hu\/en\/wp-json\/wp\/v2\/media\/2382"}],"wp:attachment":[{"href":"https:\/\/danubagarden.hu\/en\/wp-json\/wp\/v2\/media?parent=2734"}],"curies":[{"name":"wp","href":"https:\/\/api.w.org\/{rel}","templated":true}]}}