{"id":3684,"date":"2024-02-18T19:09:19","date_gmt":"2024-02-18T19:09:19","guid":{"rendered":"https:\/\/danubagarden.hu\/?page_id=3684"},"modified":"2026-04-15T15:07:31","modified_gmt":"2026-04-15T14:07:31","slug":"vr","status":"publish","type":"page","link":"https:\/\/danubagarden.hu\/en\/vr\/","title":{"rendered":"Disutributers' registration"},"content":{"rendered":"<div data-elementor-type=\"wp-page\" data-elementor-id=\"3684\" class=\"elementor elementor-3684\" data-elementor-post-type=\"page\">\n\t\t\t\t<div class=\"elementor-element elementor-element-0ecacb1 jedv-enabled--yes e-flex e-con-boxed e-con e-parent\" data-id=\"0ecacb1\" data-element_type=\"container\" data-e-type=\"container\" data-settings=\"{&quot;background_background&quot;:&quot;classic&quot;}\">\n\t\t\t\t\t<div class=\"e-con-inner\">\n\t\t<div class=\"elementor-element elementor-element-77e1662 e-con-full e-flex e-con e-child\" data-id=\"77e1662\" data-element_type=\"container\" data-e-type=\"container\">\n\t\t\t\t<div class=\"elementor-element elementor-element-371e5a1 elementor-widget elementor-widget-heading\" data-id=\"371e5a1\" data-element_type=\"widget\" data-e-type=\"widget\" data-widget_type=\"heading.default\">\n\t\t\t\t<div class=\"elementor-widget-container\">\n\t\t\t\t\t<h3 class=\"elementor-heading-title elementor-size-default\">If you are not signed in or do not have a USER account, please start with this:<\/h3>\t\t\t\t<\/div>\n\t\t\t\t<\/div>\n\t\t\t\t<div class=\"elementor-element elementor-element-6b5ad37 elementor-align-center elementor-widget elementor-widget-button\" data-id=\"6b5ad37\" data-element_type=\"widget\" data-e-type=\"widget\" data-widget_type=\"button.default\">\n\t\t\t\t<div class=\"elementor-widget-container\">\n\t\t\t\t\t\t\t\t\t<div class=\"elementor-button-wrapper\">\n\t\t\t\t\t<a class=\"elementor-button elementor-button-link elementor-size-lg\" href=\"https:\/\/danubagarden.hu\/en\/fiokom\/\" target=\"_blank\">\n\t\t\t\t\t\t<span class=\"elementor-button-content-wrapper\">\n\t\t\t\t\t\t\t\t\t<span class=\"elementor-button-text\">Create a user account \/ Sign in<\/span>\n\t\t\t\t\t<\/span>\n\t\t\t\t\t<\/a>\n\t\t\t\t<\/div>\n\t\t\t\t\t\t\t\t<\/div>\n\t\t\t\t<\/div>\n\t\t\t\t<\/div>\n\t\t\t\t\t<\/div>\n\t\t\t\t<\/div>\n\t\t<div class=\"elementor-element elementor-element-3a5bb5a e-flex e-con-boxed e-con e-parent\" data-id=\"3a5bb5a\" data-element_type=\"container\" data-e-type=\"container\">\n\t\t\t\t\t<div class=\"e-con-inner\">\n\t\t\t\t<div class=\"elementor-element elementor-element-b081944 elementor-widget elementor-widget-heading\" data-id=\"b081944\" data-element_type=\"widget\" data-e-type=\"widget\" data-widget_type=\"heading.default\">\n\t\t\t\t<div class=\"elementor-widget-container\">\n\t\t\t\t\t<h1 class=\"elementor-heading-title elementor-size-default\">Welcome to the Danuba Garden reseller registration page!\u00a0<\/h1>\t\t\t\t<\/div>\n\t\t\t\t<\/div>\n\t\t\t\t<div class=\"elementor-element elementor-element-1e827ed elementor-widget elementor-widget-text-editor\" data-id=\"1e827ed\" data-element_type=\"widget\" data-e-type=\"widget\" data-widget_type=\"text-editor.default\">\n\t\t\t\t<div class=\"elementor-widget-container\">\n\t\t\t\t\t\t\t\t\t<p style=\"font-weight: 400;\"><strong>Danuba Garden reseller r<\/strong><strong>registration <\/strong>step by step!<\/p><ol><li>In the form below<strong> enter your details and our expert will approve your application within 1-2 days. <\/strong>We ask you to read carefully when completing the registration process and, if you agree, to accept the Reseller Partner Terms and Conditions.<\/li><li><b>If you already have a contact with an advisory colleague, please select from the list.<\/b>\u00a0<strong>If you do not already have<\/strong>, but you would like us to support your work professionally, please <a href=\"https:\/\/danubagarden.hu\/en\/contact-2\/\">visit our horticultural adviser<\/a>, or choose the <strong>\u201eI have no contact in Danuba\u201d<\/strong> Opportunities. Thank you!<\/li><li>Once your registration has been processed, you will be able to buy from our webshop as a Reseller partner. This means that when you place an order, you will automatically be <strong>Resale prices<\/strong> will appear for you. The system will remember your orders.<\/li><li>If you are a registered partner but have forgotten your login details, or <strong>need help, please send an email to <a href=\"mailto:lili.zajacz@danuba.hu\">lili.zajacz@danuba.hu<\/a> to the following e-mail address.<\/strong><\/li><\/ol><p>\u00a0<\/p><p><span style=\"text-align: center;\">For more information we recommend <\/span><a style=\"text-align: center;\" href=\"https:\/\/danubagarden.hu\/en\/lizard\/\"><em>Frequently Asked Questions<\/em><\/a><span style=\"text-align: center;\"> check our site!<\/span><\/p>\t\t\t\t\t\t\t\t<\/div>\n\t\t\t\t<\/div>\n\t\t\t\t<div class=\"elementor-element elementor-element-12f170b elementor-widget elementor-widget-heading\" data-id=\"12f170b\" data-element_type=\"widget\" data-e-type=\"widget\" data-widget_type=\"heading.default\">\n\t\t\t\t<div class=\"elementor-widget-container\">\n\t\t\t\t\t<h4 class=\"elementor-heading-title elementor-size-default\">Thank you for joining our green community!<\/h4>\t\t\t\t<\/div>\n\t\t\t\t<\/div>\n\t\t\t\t<div class=\"elementor-element elementor-element-bca778e elementor-widget elementor-widget-heading\" data-id=\"bca778e\" data-element_type=\"widget\" data-e-type=\"widget\" data-widget_type=\"heading.default\">\n\t\t\t\t<div class=\"elementor-widget-container\">\n\t\t\t\t\t<p class=\"elementor-heading-title elementor-size-default\">Fields marked with * are mandatory!<\/p>\t\t\t\t<\/div>\n\t\t\t\t<\/div>\n\t\t\t\t<div class=\"elementor-element elementor-element-16d6c25 elementor-button-align-center elementor-mobile-button-align-center elementor-widget elementor-widget-form\" data-id=\"16d6c25\" data-element_type=\"widget\" data-e-type=\"widget\" data-settings=\"{&quot;step_next_label&quot;:&quot;K\\u00f6vetkez\\u0151&quot;,&quot;step_previous_label&quot;:&quot;El\\u0151z\\u0151&quot;,&quot;button_width&quot;:&quot;100&quot;,&quot;step_type&quot;:&quot;number_text&quot;,&quot;step_icon_shape&quot;:&quot;circle&quot;}\" data-widget_type=\"form.default\">\n\t\t\t\t<div class=\"elementor-widget-container\">\n\t\t\t\t\t\t\t<form class=\"elementor-form\" method=\"post\" name=\"Viszontelad\u00f3i regisztr\u00e1ci\u00f3\" aria-label=\"Disutributers&#039; registration\" novalidate=\"\" action=\"\">\n\t\t\t<input type=\"hidden\" name=\"post_id\" value=\"3684\"\/>\n\t\t\t<input type=\"hidden\" name=\"form_id\" value=\"16d6c25\"\/>\n\t\t\t<input type=\"hidden\" name=\"referer_title\" value=\"DanubaGarden\" \/>\n\n\t\t\t\n\t\t\t<div class=\"elementor-form-fields-wrapper elementor-labels-above\">\n\t\t\t\t\t\t\t\t<div class=\"elementor-field-type-text elementor-field-group elementor-column elementor-field-group-nev elementor-col-50 elementor-field-required\">\n\t\t\t\t\t\t\t\t\t\t\t\t\t<input size=\"1\" type=\"text\" name=\"form_fields[nev]\" id=\"form-field-nev\" class=\"elementor-field elementor-size-sm  elementor-field-textual\" placeholder=\"Billing name (company name) *\" required=\"required\">\n\t\t\t\t\t\t\t\t\t\t\t<\/div>\n\t\t\t\t\t\t\t\t<div class=\"elementor-field-type-text elementor-field-group elementor-column elementor-field-group-adoszam elementor-col-50 elementor-field-required\">\n\t\t\t\t\t\t\t\t\t\t\t\t\t<input size=\"1\" type=\"text\" name=\"form_fields[adoszam]\" id=\"form-field-adoszam\" class=\"elementor-field elementor-size-sm  elementor-field-textual\" placeholder=\"Tax number *\" required=\"required\">\n\t\t\t\t\t\t\t\t\t\t\t<\/div>\n\t\t\t\t\t\t\t\t<div class=\"elementor-field-type-text elementor-field-group elementor-column elementor-field-group-cim elementor-col-100 elementor-field-required\">\n\t\t\t\t\t\t\t\t\t\t\t\t\t<input size=\"1\" type=\"text\" name=\"form_fields[cim]\" id=\"form-field-cim\" class=\"elementor-field elementor-size-sm  elementor-field-textual\" placeholder=\"Billing address (company headquarters) *\" required=\"required\">\n\t\t\t\t\t\t\t\t\t\t\t<\/div>\n\t\t\t\t\t\t\t\t<div class=\"elementor-field-type-text elementor-field-group elementor-column elementor-field-group-field_4cf7b95 elementor-col-100\">\n\t\t\t\t\t\t\t\t\t\t\t\t\t<input size=\"1\" type=\"text\" name=\"form_fields[field_4cf7b95]\" id=\"form-field-field_4cf7b95\" class=\"elementor-field elementor-size-sm  elementor-field-textual\" placeholder=\"Delivery address  \">\n\t\t\t\t\t\t\t\t\t\t\t<\/div>\n\t\t\t\t\t\t\t\t<div class=\"elementor-field-type-text elementor-field-group elementor-column elementor-field-group-kapcsolattarto_nev elementor-col-50 elementor-field-required\">\n\t\t\t\t\t\t\t\t\t\t\t\t\t<input size=\"1\" type=\"text\" name=\"form_fields[kapcsolattarto_nev]\" id=\"form-field-kapcsolattarto_nev\" class=\"elementor-field elementor-size-sm  elementor-field-textual\" placeholder=\"Contact name *\" required=\"required\">\n\t\t\t\t\t\t\t\t\t\t\t<\/div>\n\t\t\t\t\t\t\t\t<div class=\"elementor-field-type-text elementor-field-group elementor-column elementor-field-group-telefon elementor-col-50 elementor-field-required\">\n\t\t\t\t\t\t\t\t\t\t\t\t\t<input size=\"1\" type=\"text\" name=\"form_fields[telefon]\" id=\"form-field-telefon\" class=\"elementor-field elementor-size-sm  elementor-field-textual\" placeholder=\"Contact phone number *\" required=\"required\">\n\t\t\t\t\t\t\t\t\t\t\t<\/div>\n\t\t\t\t\t\t\t\t<div class=\"elementor-field-type-checkbox elementor-field-group elementor-column elementor-field-group-tevekenyseg elementor-col-100\">\n\t\t\t\t\t\t\t\t\t\t\t\t<label for=\"form-field-tevekenyseg\" class=\"elementor-field-label\">\n\t\t\t\t\t\t\t\tActivity:\t\t\t\t\t\t\t<\/label>\n\t\t\t\t\t\t<div class=\"elementor-field-subgroup  elementor-subgroup-inline\"><span class=\"elementor-field-option\"><input type=\"checkbox\" value=\"gazdabolt\" id=\"form-field-tevekenyseg-0\" name=\"form_fields[tevekenyseg][]\"> <label for=\"form-field-tevekenyseg-0\">host shop<\/label><\/span><span class=\"elementor-field-option\"><input type=\"checkbox\" value=\"kert\u00e9szeti \u00e1ruda\" id=\"form-field-tevekenyseg-1\" name=\"form_fields[tevekenyseg][]\"> <label for=\"form-field-tevekenyseg-1\">horticultural goods<\/label><\/span><span class=\"elementor-field-option\"><input type=\"checkbox\" value=\"szaktan\u00e1csad\u00e1s\" id=\"form-field-tevekenyseg-2\" name=\"form_fields[tevekenyseg][]\"> <label for=\"form-field-tevekenyseg-2\">expert advice<\/label><\/span><span class=\"elementor-field-option\"><input type=\"checkbox\" value=\"\u00e1rutermel\u00e9s\" id=\"form-field-tevekenyseg-3\" name=\"form_fields[tevekenyseg][]\"> <label for=\"form-field-tevekenyseg-3\">commodity production<\/label><\/span><span class=\"elementor-field-option\"><input type=\"checkbox\" value=\"kert\u00e9sz\/kert\u00e9p\u00edt\u0151\" id=\"form-field-tevekenyseg-4\" name=\"form_fields[tevekenyseg][]\"> <label for=\"form-field-tevekenyseg-4\">gardener\/garden designer<\/label><\/span><span class=\"elementor-field-option\"><input type=\"checkbox\" value=\"webshop\" id=\"form-field-tevekenyseg-5\" name=\"form_fields[tevekenyseg][]\"> <label for=\"form-field-tevekenyseg-5\">webshop<\/label><\/span><\/div>\t\t\t\t<\/div>\n\t\t\t\t\t\t\t\t<div class=\"elementor-field-type-text elementor-field-group elementor-column elementor-field-group-tevekenyseg_helye elementor-col-50 elementor-field-required\">\n\t\t\t\t\t\t\t\t\t\t\t\t\t<input size=\"1\" type=\"text\" name=\"form_fields[tevekenyseg_helye]\" id=\"form-field-tevekenyseg_helye\" class=\"elementor-field elementor-size-sm  elementor-field-textual\" placeholder=\"Place of activity *\" required=\"required\">\n\t\t\t\t\t\t\t\t\t\t\t<\/div>\n\t\t\t\t\t\t\t\t<div class=\"elementor-field-type-text elementor-field-group elementor-column elementor-field-group-tevekenyseg_kerulet elementor-col-50\">\n\t\t\t\t\t\t\t\t\t\t\t\t\t<input size=\"1\" type=\"text\" name=\"form_fields[tevekenyseg_kerulet]\" id=\"form-field-tevekenyseg_kerulet\" class=\"elementor-field elementor-size-sm  elementor-field-textual\" placeholder=\"District (Budapest only)\">\n\t\t\t\t\t\t\t\t\t\t\t<\/div>\n\t\t\t\t\t\t\t\t<div class=\"elementor-field-type-checkbox elementor-field-group elementor-column elementor-field-group-arukeszlet elementor-col-100\">\n\t\t\t\t\t\t\t\t\t\t\t\t<label for=\"form-field-arukeszlet\" class=\"elementor-field-label\">\n\t\t\t\t\t\t\t\tDo you want to keep a stock of goods? \t\t\t\t\t\t\t<\/label>\n\t\t\t\t\t\t<div class=\"elementor-field-subgroup  elementor-subgroup-inline\"><span class=\"elementor-field-option\"><input type=\"checkbox\" value=\"Igen\" id=\"form-field-arukeszlet-0\" name=\"form_fields[arukeszlet][]\"> <label for=\"form-field-arukeszlet-0\">Yes<\/label><\/span><span class=\"elementor-field-option\"><input type=\"checkbox\" value=\"Nem\" id=\"form-field-arukeszlet-1\" name=\"form_fields[arukeszlet][]\"> <label for=\"form-field-arukeszlet-1\">No<\/label><\/span><\/div>\t\t\t\t<\/div>\n\t\t\t\t\t\t\t\t<div class=\"elementor-field-type-select elementor-field-group elementor-column elementor-field-group-danuba_kapcsolattarto elementor-col-100\">\n\t\t\t\t\t\t\t<div class=\"elementor-field elementor-select-wrapper remove-before\">\n\t\t\t<div class=\"select-caret-down-wrapper\">\n\t\t\t\t<i aria-hidden=\"true\" class=\"eicon-caret-down\"><\/i>\t\t\t<\/div>\n\t\t\t<select name=\"form_fields[danuba_kapcsolattarto]\" id=\"form-field-danuba_kapcsolattarto\" class=\"elementor-field-textual elementor-size-sm\">\n\t\t\t\t\t\t\t\t\t<option value=\"D\u00e1vid Vera\">D\u00e1vid Vera<\/option>\n\t\t\t\t\t\t\t\t\t<option value=\"Fodor \u00c1gnes\">\u00c1gnes Fodor<\/option>\n\t\t\t\t\t\t\t\t\t<option value=\"m\u00e9g nincs kapcsolattart\u00f3m \">no contact yet <\/option>\n\t\t\t\t\t\t\t<\/select>\n\t\t<\/div>\n\t\t\t\t\t\t<\/div>\n\t\t\t\t\t\t\t\t<div class=\"elementor-field-type-text elementor-field-group elementor-column elementor-field-group-webshop elementor-col-100\">\n\t\t\t\t\t\t\t\t\t\t\t\t\t<input size=\"1\" type=\"text\" name=\"form_fields[webshop]\" id=\"form-field-webshop\" class=\"elementor-field elementor-size-sm  elementor-field-textual\" placeholder=\"Webshop link\">\n\t\t\t\t\t\t\t\t\t\t\t<\/div>\n\t\t\t\t\t\t\t\t<div class=\"elementor-field-type-recaptcha_v3 elementor-field-group elementor-column elementor-field-group-field_c68bda8 elementor-col-100 recaptcha_v3-bottomright\">\n\t\t\t\t\t<div class=\"elementor-field\" id=\"form-field-field_c68bda8\"><div class=\"elementor-g-recaptcha\" data-sitekey=\"6LeufSssAAAAAM4UDIsW_URHsPLIPNR6uDoVdqUc\" data-type=\"v3\" data-action=\"Form\" data-badge=\"bottomright\" data-size=\"invisible\"><\/div><\/div>\t\t\t\t<\/div>\n\t\t\t\t\t\t\t\t<div class=\"elementor-field-group elementor-column elementor-field-type-submit elementor-col-100 e-form__buttons\">\n\t\t\t\t\t<button class=\"elementor-button elementor-size-sm\" type=\"submit\">\n\t\t\t\t\t\t<span class=\"elementor-button-content-wrapper\">\n\t\t\t\t\t\t\t\t\t\t\t\t\t\t\t\t\t\t\t\t\t\t<span class=\"elementor-button-text\">Send to<\/span>\n\t\t\t\t\t\t\t\t\t\t\t\t\t<\/span>\n\t\t\t\t\t<\/button>\n\t\t\t\t<\/div>\n\t\t\t<\/div>\n\t\t<input type=\"hidden\" name=\"trp-form-language\" value=\"en\"\/><\/form>\n\t\t\t\t\t\t<\/div>\n\t\t\t\t<\/div>\n\t\t\t\t<div class=\"elementor-element elementor-element-f463683 elementor-widget elementor-widget-text-editor\" data-id=\"f463683\" data-element_type=\"widget\" data-e-type=\"widget\" data-widget_type=\"text-editor.default\">\n\t\t\t\t<div class=\"elementor-widget-container\">\n\t\t\t\t\t\t\t\t\t<p><b>If you encounter any difficulties, the following video explains the step-by-step process of registering as a reseller<\/b><\/p>\t\t\t\t\t\t\t\t<\/div>\n\t\t\t\t<\/div>\n\t\t\t\t<div class=\"elementor-element elementor-element-7bb3058 elementor-widget elementor-widget-video\" data-id=\"7bb3058\" data-element_type=\"widget\" data-e-type=\"widget\" data-settings=\"{&quot;youtube_url&quot;:&quot;https:\\\/\\\/www.youtube.com\\\/watch?v=T7ZedYe1ygE&quot;,&quot;video_type&quot;:&quot;youtube&quot;,&quot;controls&quot;:&quot;yes&quot;}\" data-widget_type=\"video.default\">\n\t\t\t\t<div class=\"elementor-widget-container\">\n\t\t\t\t\t\t\t<div class=\"elementor-wrapper elementor-open-inline\">\n\t\t\t<div class=\"elementor-video\"><\/div>\t\t<\/div>\n\t\t\t\t\t\t<\/div>\n\t\t\t\t<\/div>\n\t\t<div class=\"elementor-element elementor-element-18538ec e-con-full jedv-enabled--yes e-flex e-con e-child\" data-id=\"18538ec\" data-element_type=\"container\" data-e-type=\"container\" data-settings=\"{&quot;position&quot;:&quot;absolute&quot;}\">\n\t\t\t\t<div class=\"elementor-element elementor-element-ce7e42f elementor-widget elementor-widget-heading\" data-id=\"ce7e42f\" data-element_type=\"widget\" data-e-type=\"widget\" data-widget_type=\"heading.default\">\n\t\t\t\t<div class=\"elementor-widget-container\">\n\t\t\t\t\t<h3 class=\"elementor-heading-title elementor-size-default\">After a successful login<br>reload the page<br>to continue registration<\/h3>\t\t\t\t<\/div>\n\t\t\t\t<\/div>\n\t\t\t\t<div class=\"elementor-element elementor-element-6a58a9d elementor-widget elementor-widget-button\" data-id=\"6a58a9d\" data-element_type=\"widget\" data-e-type=\"widget\" data-widget_type=\"button.default\">\n\t\t\t\t<div class=\"elementor-widget-container\">\n\t\t\t\t\t\t\t\t\t<div class=\"elementor-button-wrapper\">\n\t\t\t\t\t<a class=\"elementor-button elementor-button-link elementor-size-sm\" href=\"https:\/\/danubagarden.hu\/en\/vr\/\">\n\t\t\t\t\t\t<span class=\"elementor-button-content-wrapper\">\n\t\t\t\t\t\t\t\t\t<span class=\"elementor-button-text\">or click here<\/span>\n\t\t\t\t\t<\/span>\n\t\t\t\t\t<\/a>\n\t\t\t\t<\/div>\n\t\t\t\t\t\t\t\t<\/div>\n\t\t\t\t<\/div>\n\t\t\t\t<\/div>\n\t\t\t\t\t<\/div>\n\t\t\t\t<\/div>\n\t\t\t\t<\/div>","protected":false},"excerpt":{"rendered":"<p>Ha nem vagy bejelenkezve, vagy m\u00e9g nem rendelkezel FELHASZN\u00c1L\u00d3I fi\u00f3kkal, l\u00e9gysz\u00edves kezdd ezzel: Felhaszn\u00e1l\u00f3i fi\u00f3k k\u00e9sz\u00edt\u00e9se \/ Bejelentkez\u00e9s \u00dcdv\u00f6zl\u00fcnk az Danuba Garden viszontelad\u00f3i regisztr\u00e1ci\u00f3s oldal\u00e1n!\u00a0 Danuba Garden viszontelado\u0301i regisztra\u0301cio\u0301 le\u0301pe\u0301sro\u030bl, le\u0301pe\u0301sre! Az al\u00e1bbi formon add meg adataidat, e\u0301s szake\u0301rto\u030b kolle\u0301ga\u0301nk 1-2 napon belu\u0308l jo\u0301va\u0301hagyja a jelentkeze\u0301sedet. Megke\u0301ru\u0308nk, hogy a regisztra\u0301cio\u0301 befejeze\u0301sekor figyelmesen olvasd el, majd [&hellip;]<\/p>","protected":false},"author":1,"featured_media":0,"parent":0,"menu_order":0,"comment_status":"closed","ping_status":"closed","template":"","meta":{"footnotes":""},"class_list":["post-3684","page","type-page","status-publish","hentry"],"yoast_head":"<!-- This site is optimized with the Yoast SEO Premium plugin v26.9 (Yoast SEO v26.9) - https:\/\/yoast.com\/product\/yoast-seo-premium-wordpress\/ -->\n<title>Viszontelad\u00f3i regisztr\u00e1ci\u00f3 - DanubaGarden<\/title>\n<meta name=\"robots\" content=\"index, follow, max-snippet:-1, max-image-preview:large, max-video-preview:-1\" \/>\n<link rel=\"canonical\" href=\"https:\/\/danubagarden.hu\/en\/vr\/\" \/>\n<meta property=\"og:locale\" content=\"en_GB\" \/>\n<meta property=\"og:type\" content=\"article\" \/>\n<meta property=\"og:title\" content=\"Viszontelad\u00f3i regisztr\u00e1ci\u00f3\" \/>\n<meta property=\"og:description\" content=\"Ha nem vagy bejelenkezve, vagy m\u00e9g nem rendelkezel FELHASZN\u00c1L\u00d3I fi\u00f3kkal, l\u00e9gysz\u00edves kezdd ezzel: Felhaszn\u00e1l\u00f3i fi\u00f3k k\u00e9sz\u00edt\u00e9se \/ Bejelentkez\u00e9s \u00dcdv\u00f6zl\u00fcnk az Danuba Garden viszontelad\u00f3i regisztr\u00e1ci\u00f3s oldal\u00e1n!\u00a0 Danuba Garden viszontelado\u0301i regisztra\u0301cio\u0301 le\u0301pe\u0301sro\u030bl, le\u0301pe\u0301sre! Az al\u00e1bbi formon add meg adataidat, e\u0301s szake\u0301rto\u030b kolle\u0301ga\u0301nk 1-2 napon belu\u0308l jo\u0301va\u0301hagyja a jelentkeze\u0301sedet. Megke\u0301ru\u0308nk, hogy a regisztra\u0301cio\u0301 befejeze\u0301sekor figyelmesen olvasd el, majd [&hellip;]\" \/>\n<meta property=\"og:url\" content=\"https:\/\/danubagarden.hu\/en\/vr\/\" \/>\n<meta property=\"og:site_name\" content=\"DanubaGarden\" \/>\n<meta property=\"article:modified_time\" content=\"2026-04-15T14:07:31+00:00\" \/>\n<meta name=\"twitter:card\" content=\"summary_large_image\" \/>\n<meta name=\"twitter:label1\" content=\"Estimated reading time\" \/>\n\t<meta name=\"twitter:data1\" content=\"2 minutes\" \/>\n<script type=\"application\/ld+json\" class=\"yoast-schema-graph\">{\"@context\":\"https:\/\/schema.org\",\"@graph\":[{\"@type\":\"WebPage\",\"@id\":\"https:\/\/danubagarden.hu\/vr\/\",\"url\":\"https:\/\/danubagarden.hu\/vr\/\",\"name\":\"Viszontelad\u00f3i regisztr\u00e1ci\u00f3 - DanubaGarden\",\"isPartOf\":{\"@id\":\"https:\/\/danubagarden.hu\/#website\"},\"datePublished\":\"2024-02-18T19:09:19+00:00\",\"dateModified\":\"2026-04-15T14:07:31+00:00\",\"breadcrumb\":{\"@id\":\"https:\/\/danubagarden.hu\/vr\/#breadcrumb\"},\"inLanguage\":\"en-GB\",\"potentialAction\":[{\"@type\":\"ReadAction\",\"target\":[\"https:\/\/danubagarden.hu\/vr\/\"]}]},{\"@type\":\"BreadcrumbList\",\"@id\":\"https:\/\/danubagarden.hu\/vr\/#breadcrumb\",\"itemListElement\":[{\"@type\":\"ListItem\",\"position\":1,\"name\":\"Home\",\"item\":\"https:\/\/danubagarden.hu\/\"},{\"@type\":\"ListItem\",\"position\":2,\"name\":\"Viszontelad\u00f3i regisztr\u00e1ci\u00f3\"}]},{\"@type\":\"WebSite\",\"@id\":\"https:\/\/danubagarden.hu\/#website\",\"url\":\"https:\/\/danubagarden.hu\/\",\"name\":\"DanubaGarden\",\"description\":\"\",\"publisher\":{\"@id\":\"https:\/\/danubagarden.hu\/#organization\"},\"potentialAction\":[{\"@type\":\"SearchAction\",\"target\":{\"@type\":\"EntryPoint\",\"urlTemplate\":\"https:\/\/danubagarden.hu\/?s={search_term_string}\"},\"query-input\":{\"@type\":\"PropertyValueSpecification\",\"valueRequired\":true,\"valueName\":\"search_term_string\"}}],\"inLanguage\":\"en-GB\"},{\"@type\":\"Organization\",\"@id\":\"https:\/\/danubagarden.hu\/#organization\",\"name\":\"DanubaGarden\",\"url\":\"https:\/\/danubagarden.hu\/\",\"logo\":{\"@type\":\"ImageObject\",\"inLanguage\":\"en-GB\",\"@id\":\"https:\/\/danubagarden.hu\/#\/schema\/logo\/image\/\",\"url\":\"https:\/\/danubagarden.hu\/wp-content\/uploads\/logo.png\",\"contentUrl\":\"https:\/\/danubagarden.hu\/wp-content\/uploads\/logo.png\",\"width\":512,\"height\":264,\"caption\":\"DanubaGarden\"},\"image\":{\"@id\":\"https:\/\/danubagarden.hu\/#\/schema\/logo\/image\/\"}}]}<\/script>\n<!-- \/ Yoast SEO Premium plugin. -->","yoast_head_json":{"title":"Reseller registration - DanubaGarden","robots":{"index":"index","follow":"follow","max-snippet":"max-snippet:-1","max-image-preview":"max-image-preview:large","max-video-preview":"max-video-preview:-1"},"canonical":"https:\/\/danubagarden.hu\/en\/vr\/","og_locale":"en_GB","og_type":"article","og_title":"Viszontelad\u00f3i regisztr\u00e1ci\u00f3","og_description":"Ha nem vagy bejelenkezve, vagy m\u00e9g nem rendelkezel FELHASZN\u00c1L\u00d3I fi\u00f3kkal, l\u00e9gysz\u00edves kezdd ezzel: Felhaszn\u00e1l\u00f3i fi\u00f3k k\u00e9sz\u00edt\u00e9se \/ Bejelentkez\u00e9s \u00dcdv\u00f6zl\u00fcnk az Danuba Garden viszontelad\u00f3i regisztr\u00e1ci\u00f3s oldal\u00e1n!\u00a0 Danuba Garden viszontelado\u0301i regisztra\u0301cio\u0301 le\u0301pe\u0301sro\u030bl, le\u0301pe\u0301sre! Az al\u00e1bbi formon add meg adataidat, e\u0301s szake\u0301rto\u030b kolle\u0301ga\u0301nk 1-2 napon belu\u0308l jo\u0301va\u0301hagyja a jelentkeze\u0301sedet. Megke\u0301ru\u0308nk, hogy a regisztra\u0301cio\u0301 befejeze\u0301sekor figyelmesen olvasd el, majd [&hellip;]","og_url":"https:\/\/danubagarden.hu\/en\/vr\/","og_site_name":"DanubaGarden","article_modified_time":"2026-04-15T14:07:31+00:00","twitter_card":"summary_large_image","twitter_misc":{"Estimated reading time":"2 minutes"},"schema":{"@context":"https:\/\/schema.org","@graph":[{"@type":"WebPage","@id":"https:\/\/danubagarden.hu\/vr\/","url":"https:\/\/danubagarden.hu\/vr\/","name":"Reseller registration - DanubaGarden","isPartOf":{"@id":"https:\/\/danubagarden.hu\/#website"},"datePublished":"2024-02-18T19:09:19+00:00","dateModified":"2026-04-15T14:07:31+00:00","breadcrumb":{"@id":"https:\/\/danubagarden.hu\/vr\/#breadcrumb"},"inLanguage":"en-GB","potentialAction":[{"@type":"ReadAction","target":["https:\/\/danubagarden.hu\/vr\/"]}]},{"@type":"BreadcrumbList","@id":"https:\/\/danubagarden.hu\/vr\/#breadcrumb","itemListElement":[{"@type":"ListItem","position":1,"name":"Home","item":"https:\/\/danubagarden.hu\/"},{"@type":"ListItem","position":2,"name":"Viszontelad\u00f3i regisztr\u00e1ci\u00f3"}]},{"@type":"WebSite","@id":"https:\/\/danubagarden.hu\/#website","url":"https:\/\/danubagarden.hu\/","name":"DanubaGarden","description":"","publisher":{"@id":"https:\/\/danubagarden.hu\/#organization"},"potentialAction":[{"@type":"SearchAction","target":{"@type":"EntryPoint","urlTemplate":"https:\/\/danubagarden.hu\/?s={search_term_string}"},"query-input":{"@type":"PropertyValueSpecification","valueRequired":true,"valueName":"search_term_string"}}],"inLanguage":"en-GB"},{"@type":"Organization","@id":"https:\/\/danubagarden.hu\/#organization","name":"DanubaGarden","url":"https:\/\/danubagarden.hu\/","logo":{"@type":"ImageObject","inLanguage":"en-GB","@id":"https:\/\/danubagarden.hu\/#\/schema\/logo\/image\/","url":"https:\/\/danubagarden.hu\/wp-content\/uploads\/logo.png","contentUrl":"https:\/\/danubagarden.hu\/wp-content\/uploads\/logo.png","width":512,"height":264,"caption":"DanubaGarden"},"image":{"@id":"https:\/\/danubagarden.hu\/#\/schema\/logo\/image\/"}}]}},"_links":{"self":[{"href":"https:\/\/danubagarden.hu\/en\/wp-json\/wp\/v2\/pages\/3684","targetHints":{"allow":["GET"]}}],"collection":[{"href":"https:\/\/danubagarden.hu\/en\/wp-json\/wp\/v2\/pages"}],"about":[{"href":"https:\/\/danubagarden.hu\/en\/wp-json\/wp\/v2\/types\/page"}],"author":[{"embeddable":true,"href":"https:\/\/danubagarden.hu\/en\/wp-json\/wp\/v2\/users\/1"}],"replies":[{"embeddable":true,"href":"https:\/\/danubagarden.hu\/en\/wp-json\/wp\/v2\/comments?post=3684"}],"version-history":[{"count":34,"href":"https:\/\/danubagarden.hu\/en\/wp-json\/wp\/v2\/pages\/3684\/revisions"}],"predecessor-version":[{"id":18741,"href":"https:\/\/danubagarden.hu\/en\/wp-json\/wp\/v2\/pages\/3684\/revisions\/18741"}],"wp:attachment":[{"href":"https:\/\/danubagarden.hu\/en\/wp-json\/wp\/v2\/media?parent=3684"}],"curies":[{"name":"wp","href":"https:\/\/api.w.org\/{rel}","templated":true}]}}