{"id":4102,"date":"2024-03-12T16:36:33","date_gmt":"2024-03-12T16:36:33","guid":{"rendered":"https:\/\/danubagarden.hu\/?page_id=4102"},"modified":"2024-06-26T14:44:02","modified_gmt":"2024-06-26T14:44:02","slug":"ertekelj","status":"publish","type":"page","link":"https:\/\/danubagarden.hu\/en\/ertekelj\/","title":{"rendered":"Rate us!"},"content":{"rendered":"<div data-elementor-type=\"wp-page\" data-elementor-id=\"4102\" class=\"elementor elementor-4102\" data-elementor-post-type=\"page\">\n\t\t\t\t<div class=\"elementor-element elementor-element-a68f676 e-flex e-con-boxed e-con e-parent\" data-id=\"a68f676\" data-element_type=\"container\" data-e-type=\"container\">\n\t\t\t\t\t<div class=\"e-con-inner\">\n\t\t\t\t<div class=\"elementor-element elementor-element-d12dbac elementor-widget elementor-widget-text-editor\" data-id=\"d12dbac\" data-element_type=\"widget\" data-e-type=\"widget\" data-widget_type=\"text-editor.default\">\n\t\t\t\t<div class=\"elementor-widget-container\">\n\t\t\t\t\t\t\t\t\t<h1><span style=\"color: var(--e-global-color-primary );\">Rate<\/span> us! \ud83e\udeb4<\/h1>\t\t\t\t\t\t\t\t<\/div>\n\t\t\t\t<\/div>\n\t\t<div class=\"elementor-element elementor-element-b87f385 e-con-full e-flex e-con e-child\" data-id=\"b87f385\" data-element_type=\"container\" data-e-type=\"container\">\n\t\t<div class=\"elementor-element elementor-element-dfa9f6e e-con-full e-flex e-con e-child\" data-id=\"dfa9f6e\" data-element_type=\"container\" data-e-type=\"container\">\n\t\t\t\t<div class=\"elementor-element elementor-element-4671aa2 elementor-widget elementor-widget-text-editor\" data-id=\"4671aa2\" data-element_type=\"widget\" data-e-type=\"widget\" data-widget_type=\"text-editor.default\">\n\t\t\t\t<div class=\"elementor-widget-container\">\n\t\t\t\t\t\t\t\t\t<h1><img decoding=\"async\" class=\"an1\" draggable=\"false\" src=\"https:\/\/fonts.gstatic.com\/s\/e\/notoemoji\/15.0\/2b50\/32.png\" alt=\"\u2b50\" data-emoji=\"\u2b50\" aria-label=\"\u2b50\" \/>\ufe0f<\/h1>\t\t\t\t\t\t\t\t<\/div>\n\t\t\t\t<\/div>\n\t\t\t\t<\/div>\n\t\t\t\t<div class=\"elementor-element elementor-element-cee6b87 elementor-widget elementor-widget-text-editor\" data-id=\"cee6b87\" data-element_type=\"widget\" data-e-type=\"widget\" data-widget_type=\"text-editor.default\">\n\t\t\t\t<div class=\"elementor-widget-container\">\n\t\t\t\t\t\t\t\t\t<p>\u00a0Review our products and win one of our monthly Danuba Garden prizes (e.g. MikoMax or Asco Alga)! Report your experiences and help your fellow gardeners with useful tips!\u00a0<\/p>\t\t\t\t\t\t\t\t<\/div>\n\t\t\t\t<\/div>\n\t\t<div class=\"elementor-element elementor-element-916b176 e-con-full e-flex e-con e-child\" data-id=\"916b176\" data-element_type=\"container\" data-e-type=\"container\">\n\t\t\t\t<div class=\"elementor-element elementor-element-ab12cf5 elementor-widget elementor-widget-text-editor\" data-id=\"ab12cf5\" data-element_type=\"widget\" data-e-type=\"widget\" data-widget_type=\"text-editor.default\">\n\t\t\t\t<div class=\"elementor-widget-container\">\n\t\t\t\t\t\t\t\t\t<h1><img decoding=\"async\" class=\"an1\" draggable=\"false\" src=\"https:\/\/fonts.gstatic.com\/s\/e\/notoemoji\/15.0\/2b50\/32.png\" alt=\"\u2b50\" data-emoji=\"\u2b50\" aria-label=\"\u2b50\" \/>\ufe0f<\/h1>\t\t\t\t\t\t\t\t<\/div>\n\t\t\t\t<\/div>\n\t\t\t\t<\/div>\n\t\t\t\t<\/div>\n\t\t\t\t<div class=\"elementor-element elementor-element-6131a05 elementor-button-align-start elementor-mobile-button-align-center elementor-widget elementor-widget-form\" data-id=\"6131a05\" data-element_type=\"widget\" data-e-type=\"widget\" data-settings=\"{&quot;step_next_label&quot;:&quot;K\\u00f6vetkez\\u0151&quot;,&quot;step_previous_label&quot;:&quot;El\\u0151z\\u0151&quot;,&quot;button_width&quot;:&quot;100&quot;,&quot;step_type&quot;:&quot;number_text&quot;,&quot;step_icon_shape&quot;:&quot;circle&quot;}\" data-widget_type=\"form.default\">\n\t\t\t\t<div class=\"elementor-widget-container\">\n\t\t\t\t\t\t\t<form class=\"elementor-form\" method=\"post\" name=\"\u00c9rt\u00e9kelj minket\" aria-label=\"Rate us\" action=\"\">\n\t\t\t<input type=\"hidden\" name=\"post_id\" value=\"4102\"\/>\n\t\t\t<input type=\"hidden\" name=\"form_id\" value=\"6131a05\"\/>\n\t\t\t<input type=\"hidden\" name=\"referer_title\" value=\"DanubaGarden\" \/>\n\n\t\t\t\n\t\t\t<div class=\"elementor-form-fields-wrapper elementor-labels-above\">\n\t\t\t\t\t\t\t\t<div class=\"elementor-field-type-text elementor-field-group elementor-column elementor-field-group-name elementor-col-100\">\n\t\t\t\t\t\t\t\t\t\t\t\t\t<input size=\"1\" type=\"text\" name=\"form_fields[name]\" id=\"form-field-name\" class=\"elementor-field elementor-size-sm  elementor-field-textual\" placeholder=\"Name\">\n\t\t\t\t\t\t\t\t\t\t\t<\/div>\n\t\t\t\t\t\t\t\t<div class=\"elementor-field-type-email elementor-field-group elementor-column elementor-field-group-field_9018452 elementor-col-100\">\n\t\t\t\t\t\t\t\t\t\t\t\t\t<input size=\"1\" type=\"email\" name=\"form_fields[field_9018452]\" id=\"form-field-field_9018452\" class=\"elementor-field elementor-size-sm  elementor-field-textual\" placeholder=\"Email\">\n\t\t\t\t\t\t\t\t\t\t\t<\/div>\n\t\t\t\t\t\t\t\t<div class=\"elementor-field-type-textarea elementor-field-group elementor-column elementor-field-group-message elementor-col-100\">\n\t\t\t\t\t<textarea class=\"elementor-field-textual elementor-field  elementor-size-sm\" name=\"form_fields[message]\" id=\"form-field-message\" rows=\"8\" placeholder=\"Evaluation\"><\/textarea>\t\t\t\t<\/div>\n\t\t\t\t\t\t\t\t<div class=\"elementor-field-type-radio elementor-field-group elementor-column elementor-field-group-field_723783c elementor-col-50\">\n\t\t\t\t\t<div class=\"elementor-field-subgroup  elementor-subgroup-inline\"><span class=\"elementor-field-option\"><input type=\"radio\" value=\"1\u2605\" id=\"form-field-field_723783c-0\" name=\"form_fields[field_723783c]\"> <label for=\"form-field-field_723783c-0\">1\u2605<\/label><\/span><span class=\"elementor-field-option\"><input type=\"radio\" value=\"2\u2605\" id=\"form-field-field_723783c-1\" name=\"form_fields[field_723783c]\"> <label for=\"form-field-field_723783c-1\">2\u2605<\/label><\/span><span class=\"elementor-field-option\"><input type=\"radio\" value=\"3\u2605\" id=\"form-field-field_723783c-2\" name=\"form_fields[field_723783c]\"> <label for=\"form-field-field_723783c-2\">3\u2605<\/label><\/span><span class=\"elementor-field-option\"><input type=\"radio\" value=\"4\u2605\" id=\"form-field-field_723783c-3\" name=\"form_fields[field_723783c]\"> <label for=\"form-field-field_723783c-3\">4\u2605<\/label><\/span><span class=\"elementor-field-option\"><input type=\"radio\" value=\"5\u2605\" id=\"form-field-field_723783c-4\" name=\"form_fields[field_723783c]\"> <label for=\"form-field-field_723783c-4\">5\u2605<\/label><\/span><\/div>\t\t\t\t<\/div>\n\t\t\t\t\t\t\t\t<div class=\"elementor-field-type-acceptance elementor-field-group elementor-column elementor-field-group-field_064d0ce elementor-col-50 elementor-field-required\">\n\t\t\t\t\t\t\t<div class=\"elementor-field-subgroup\">\n\t\t\t<span class=\"elementor-field-option\">\n\t\t\t\t<input type=\"checkbox\" name=\"form_fields[field_064d0ce]\" id=\"form-field-field_064d0ce\" class=\"elementor-field elementor-size-sm  elementor-acceptance-field\" required=\"required\">\n\t\t\t\t<label for=\"form-field-field_064d0ce\">From <a href=\"https:\/\/danubagarden.hu\/en\/data-protection\/\" target=\"_blank\">Data protection information<\/a>I accept<\/label>\t\t\t<\/span>\n\t\t<\/div>\n\t\t\t\t\t\t<\/div>\n\t\t\t\t\t\t\t\t<div class=\"elementor-field-group elementor-column elementor-field-type-submit elementor-col-100 e-form__buttons\">\n\t\t\t\t\t<button class=\"elementor-button elementor-size-sm\" type=\"submit\">\n\t\t\t\t\t\t<span class=\"elementor-button-content-wrapper\">\n\t\t\t\t\t\t\t\t\t\t\t\t\t\t\t\t\t\t\t\t\t\t<span class=\"elementor-button-text\">I appreciate it!<\/span>\n\t\t\t\t\t\t\t\t\t\t\t\t\t<\/span>\n\t\t\t\t\t<\/button>\n\t\t\t\t<\/div>\n\t\t\t<\/div>\n\t\t<input type=\"hidden\" name=\"trp-form-language\" value=\"en\"\/><\/form>\n\t\t\t\t\t\t<\/div>\n\t\t\t\t<\/div>\n\t\t\t\t\t<\/div>\n\t\t\t\t<\/div>\n\t\t\t\t<\/div>","protected":false},"excerpt":{"rendered":"<p>Rate us! \ud83e\udeb4 \ufe0f Review our products and win one of our monthly Danuba Garden prizes (e.g. MikoMax or Asco Alga)! Report your experiences and help your fellow gardeners with useful tips!  \ufe0f<\/p>","protected":false},"author":1,"featured_media":0,"parent":0,"menu_order":0,"comment_status":"closed","ping_status":"closed","template":"","meta":{"footnotes":""},"class_list":["post-4102","page","type-page","status-publish","hentry"],"yoast_head":"<!-- This site is optimized with the Yoast SEO Premium plugin v26.9 (Yoast SEO v26.9) - https:\/\/yoast.com\/product\/yoast-seo-premium-wordpress\/ -->\n<title>\u00c9rt\u00e9kelj minket! - DanubaGarden<\/title>\n<meta name=\"robots\" content=\"index, follow, max-snippet:-1, max-image-preview:large, max-video-preview:-1\" \/>\n<link rel=\"canonical\" href=\"https:\/\/danubagarden.hu\/en\/ertekelj\/\" \/>\n<meta property=\"og:locale\" content=\"en_GB\" \/>\n<meta property=\"og:type\" content=\"article\" \/>\n<meta property=\"og:title\" content=\"\u00c9rt\u00e9kelj minket!\" \/>\n<meta property=\"og:description\" content=\"\u00c9rt\u00e9kelj minket! \ud83e\udeb4 \ufe0f \u00a0\u00c9rt\u00e9keld term\u00e9keinket \u00e9s zsebeld be a havonta kisorsoland\u00f3 Danuba Garden nyerem\u00e9nyt(pl.: MikoMax vagy Asco Alga term\u00e9keinket)! Sz\u00e1molj be tapasztalataidr\u00f3l \u00e9s seg\u00edtsd kert\u00e9szt\u00e1rsaidat hasznos tippekkel!\u00a0 \ufe0f\" \/>\n<meta property=\"og:url\" content=\"https:\/\/danubagarden.hu\/en\/ertekelj\/\" \/>\n<meta property=\"og:site_name\" content=\"DanubaGarden\" \/>\n<meta property=\"article:modified_time\" content=\"2024-06-26T14:44:02+00:00\" \/>\n<meta property=\"og:image\" content=\"https:\/\/fonts.gstatic.com\/s\/e\/notoemoji\/15.0\/2b50\/32.png\" \/>\n<meta name=\"twitter:card\" content=\"summary_large_image\" \/>\n<meta name=\"twitter:label1\" content=\"Estimated reading time\" \/>\n\t<meta name=\"twitter:data1\" content=\"1 minute\" \/>\n<script type=\"application\/ld+json\" class=\"yoast-schema-graph\">{\"@context\":\"https:\/\/schema.org\",\"@graph\":[{\"@type\":\"WebPage\",\"@id\":\"https:\/\/danubagarden.hu\/ertekelj\/\",\"url\":\"https:\/\/danubagarden.hu\/ertekelj\/\",\"name\":\"\u00c9rt\u00e9kelj minket! - DanubaGarden\",\"isPartOf\":{\"@id\":\"https:\/\/danubagarden.hu\/#website\"},\"primaryImageOfPage\":{\"@id\":\"https:\/\/danubagarden.hu\/ertekelj\/#primaryimage\"},\"image\":{\"@id\":\"https:\/\/danubagarden.hu\/ertekelj\/#primaryimage\"},\"thumbnailUrl\":\"https:\/\/fonts.gstatic.com\/s\/e\/notoemoji\/15.0\/2b50\/32.png\",\"datePublished\":\"2024-03-12T16:36:33+00:00\",\"dateModified\":\"2024-06-26T14:44:02+00:00\",\"breadcrumb\":{\"@id\":\"https:\/\/danubagarden.hu\/ertekelj\/#breadcrumb\"},\"inLanguage\":\"en-GB\",\"potentialAction\":[{\"@type\":\"ReadAction\",\"target\":[\"https:\/\/danubagarden.hu\/ertekelj\/\"]}]},{\"@type\":\"ImageObject\",\"inLanguage\":\"en-GB\",\"@id\":\"https:\/\/danubagarden.hu\/ertekelj\/#primaryimage\",\"url\":\"https:\/\/fonts.gstatic.com\/s\/e\/notoemoji\/15.0\/2b50\/32.png\",\"contentUrl\":\"https:\/\/fonts.gstatic.com\/s\/e\/notoemoji\/15.0\/2b50\/32.png\"},{\"@type\":\"BreadcrumbList\",\"@id\":\"https:\/\/danubagarden.hu\/ertekelj\/#breadcrumb\",\"itemListElement\":[{\"@type\":\"ListItem\",\"position\":1,\"name\":\"Home\",\"item\":\"https:\/\/danubagarden.hu\/\"},{\"@type\":\"ListItem\",\"position\":2,\"name\":\"\u00c9rt\u00e9kelj minket!\"}]},{\"@type\":\"WebSite\",\"@id\":\"https:\/\/danubagarden.hu\/#website\",\"url\":\"https:\/\/danubagarden.hu\/\",\"name\":\"DanubaGarden\",\"description\":\"\",\"publisher\":{\"@id\":\"https:\/\/danubagarden.hu\/#organization\"},\"potentialAction\":[{\"@type\":\"SearchAction\",\"target\":{\"@type\":\"EntryPoint\",\"urlTemplate\":\"https:\/\/danubagarden.hu\/?s={search_term_string}\"},\"query-input\":{\"@type\":\"PropertyValueSpecification\",\"valueRequired\":true,\"valueName\":\"search_term_string\"}}],\"inLanguage\":\"en-GB\"},{\"@type\":\"Organization\",\"@id\":\"https:\/\/danubagarden.hu\/#organization\",\"name\":\"DanubaGarden\",\"url\":\"https:\/\/danubagarden.hu\/\",\"logo\":{\"@type\":\"ImageObject\",\"inLanguage\":\"en-GB\",\"@id\":\"https:\/\/danubagarden.hu\/#\/schema\/logo\/image\/\",\"url\":\"https:\/\/danubagarden.hu\/wp-content\/uploads\/logo.png\",\"contentUrl\":\"https:\/\/danubagarden.hu\/wp-content\/uploads\/logo.png\",\"width\":512,\"height\":264,\"caption\":\"DanubaGarden\"},\"image\":{\"@id\":\"https:\/\/danubagarden.hu\/#\/schema\/logo\/image\/\"}}]}<\/script>\n<!-- \/ Yoast SEO Premium plugin. -->","yoast_head_json":{"title":"Rate us! - DanubaGarden","robots":{"index":"index","follow":"follow","max-snippet":"max-snippet:-1","max-image-preview":"max-image-preview:large","max-video-preview":"max-video-preview:-1"},"canonical":"https:\/\/danubagarden.hu\/en\/ertekelj\/","og_locale":"en_GB","og_type":"article","og_title":"\u00c9rt\u00e9kelj minket!","og_description":"\u00c9rt\u00e9kelj minket! \ud83e\udeb4 \ufe0f \u00a0\u00c9rt\u00e9keld term\u00e9keinket \u00e9s zsebeld be a havonta kisorsoland\u00f3 Danuba Garden nyerem\u00e9nyt(pl.: MikoMax vagy Asco Alga term\u00e9keinket)! Sz\u00e1molj be tapasztalataidr\u00f3l \u00e9s seg\u00edtsd kert\u00e9szt\u00e1rsaidat hasznos tippekkel!\u00a0 \ufe0f","og_url":"https:\/\/danubagarden.hu\/en\/ertekelj\/","og_site_name":"DanubaGarden","article_modified_time":"2024-06-26T14:44:02+00:00","og_image":[{"url":"https:\/\/fonts.gstatic.com\/s\/e\/notoemoji\/15.0\/2b50\/32.png","type":"","width":"","height":""}],"twitter_card":"summary_large_image","twitter_misc":{"Estimated reading time":"1 minute"},"schema":{"@context":"https:\/\/schema.org","@graph":[{"@type":"WebPage","@id":"https:\/\/danubagarden.hu\/ertekelj\/","url":"https:\/\/danubagarden.hu\/ertekelj\/","name":"Rate us! - DanubaGarden","isPartOf":{"@id":"https:\/\/danubagarden.hu\/#website"},"primaryImageOfPage":{"@id":"https:\/\/danubagarden.hu\/ertekelj\/#primaryimage"},"image":{"@id":"https:\/\/danubagarden.hu\/ertekelj\/#primaryimage"},"thumbnailUrl":"https:\/\/fonts.gstatic.com\/s\/e\/notoemoji\/15.0\/2b50\/32.png","datePublished":"2024-03-12T16:36:33+00:00","dateModified":"2024-06-26T14:44:02+00:00","breadcrumb":{"@id":"https:\/\/danubagarden.hu\/ertekelj\/#breadcrumb"},"inLanguage":"en-GB","potentialAction":[{"@type":"ReadAction","target":["https:\/\/danubagarden.hu\/ertekelj\/"]}]},{"@type":"ImageObject","inLanguage":"en-GB","@id":"https:\/\/danubagarden.hu\/ertekelj\/#primaryimage","url":"https:\/\/fonts.gstatic.com\/s\/e\/notoemoji\/15.0\/2b50\/32.png","contentUrl":"https:\/\/fonts.gstatic.com\/s\/e\/notoemoji\/15.0\/2b50\/32.png"},{"@type":"BreadcrumbList","@id":"https:\/\/danubagarden.hu\/ertekelj\/#breadcrumb","itemListElement":[{"@type":"ListItem","position":1,"name":"Home","item":"https:\/\/danubagarden.hu\/"},{"@type":"ListItem","position":2,"name":"\u00c9rt\u00e9kelj minket!"}]},{"@type":"WebSite","@id":"https:\/\/danubagarden.hu\/#website","url":"https:\/\/danubagarden.hu\/","name":"DanubaGarden","description":"","publisher":{"@id":"https:\/\/danubagarden.hu\/#organization"},"potentialAction":[{"@type":"SearchAction","target":{"@type":"EntryPoint","urlTemplate":"https:\/\/danubagarden.hu\/?s={search_term_string}"},"query-input":{"@type":"PropertyValueSpecification","valueRequired":true,"valueName":"search_term_string"}}],"inLanguage":"en-GB"},{"@type":"Organization","@id":"https:\/\/danubagarden.hu\/#organization","name":"DanubaGarden","url":"https:\/\/danubagarden.hu\/","logo":{"@type":"ImageObject","inLanguage":"en-GB","@id":"https:\/\/danubagarden.hu\/#\/schema\/logo\/image\/","url":"https:\/\/danubagarden.hu\/wp-content\/uploads\/logo.png","contentUrl":"https:\/\/danubagarden.hu\/wp-content\/uploads\/logo.png","width":512,"height":264,"caption":"DanubaGarden"},"image":{"@id":"https:\/\/danubagarden.hu\/#\/schema\/logo\/image\/"}}]}},"_links":{"self":[{"href":"https:\/\/danubagarden.hu\/en\/wp-json\/wp\/v2\/pages\/4102","targetHints":{"allow":["GET"]}}],"collection":[{"href":"https:\/\/danubagarden.hu\/en\/wp-json\/wp\/v2\/pages"}],"about":[{"href":"https:\/\/danubagarden.hu\/en\/wp-json\/wp\/v2\/types\/page"}],"author":[{"embeddable":true,"href":"https:\/\/danubagarden.hu\/en\/wp-json\/wp\/v2\/users\/1"}],"replies":[{"embeddable":true,"href":"https:\/\/danubagarden.hu\/en\/wp-json\/wp\/v2\/comments?post=4102"}],"version-history":[{"count":0,"href":"https:\/\/danubagarden.hu\/en\/wp-json\/wp\/v2\/pages\/4102\/revisions"}],"wp:attachment":[{"href":"https:\/\/danubagarden.hu\/en\/wp-json\/wp\/v2\/media?parent=4102"}],"curies":[{"name":"wp","href":"https:\/\/api.w.org\/{rel}","templated":true}]}}