{"id":4128,"date":"2024-03-15T10:51:10","date_gmt":"2024-03-15T10:51:10","guid":{"rendered":"https:\/\/danubagarden.hu\/?page_id=4128"},"modified":"2026-04-14T10:30:51","modified_gmt":"2026-04-14T09:30:51","slug":"lizard","status":"publish","type":"page","link":"https:\/\/danubagarden.hu\/en\/lizard\/","title":{"rendered":"FAQ"},"content":{"rendered":"<div data-elementor-type=\"wp-page\" data-elementor-id=\"4128\" class=\"elementor elementor-4128\" data-elementor-post-type=\"page\">\n\t\t\t\t<div class=\"elementor-element elementor-element-f73da62 e-flex e-con-boxed e-con e-parent\" data-id=\"f73da62\" data-element_type=\"container\" data-e-type=\"container\">\n\t\t\t\t\t<div class=\"e-con-inner\">\n\t\t\t\t<div class=\"elementor-element elementor-element-5f4cd22 elementor-widget elementor-widget-heading\" data-id=\"5f4cd22\" data-element_type=\"widget\" data-e-type=\"widget\" data-widget_type=\"heading.default\">\n\t\t\t\t<div class=\"elementor-widget-container\">\n\t\t\t\t\t<h1 class=\"elementor-heading-title elementor-size-default\">Frequently Asked Questions<\/h1>\t\t\t\t<\/div>\n\t\t\t\t<\/div>\n\t\t\t\t<div class=\"elementor-element elementor-element-c67e074 elementor-widget elementor-widget-text-editor\" data-id=\"c67e074\" data-element_type=\"widget\" data-e-type=\"widget\" data-widget_type=\"text-editor.default\">\n\t\t\t\t<div class=\"elementor-widget-container\">\n\t\t\t\t\t\t\t\t\t<h2><strong>\ud83d\udcda<\/strong><strong> General Information<\/strong><\/h2><p><b>Once the order form has been filled in, finalised, shipped and invoiced, we are not able to make any changes to the invoice.\u00a0<\/b><\/p><div>\u00a0<\/div><div><p><b>Please fill in your billing details accurately to avoid any inconvenience.<\/b><\/p><div>\u00a0<\/div><\/div><p><strong>What is the VAT rate?<br \/><\/strong>Our prices include 27% VAT.<\/p><p><strong>Delivery to multiple addresses and issuing multiple invoices:<br \/><\/strong>For one order, only one invoice is issued and delivered to one address. If you want to ship to multiple addresses or need multiple invoices, you must place separate orders.<\/p><h3>\u00a0<\/h3><p>\u00a0<\/p><h2><strong>\ud83d\udcb0<\/strong><strong>Payment Options<\/strong><strong>\u00a0<\/strong><\/h2><p><strong>Payment by credit card:<\/strong><br \/>Payment by credit card is possible with VISA and MasterCard, and transactions are processed through the Barion system, which also allows the use of Google Pay and Apple Pay.<\/p><p><strong>Cash on delivery (domestic only):<br \/><\/strong>In case of payment by cash on delivery, an additional fee of 600 HUF will be charged, cash and credit card payment is also possible.<\/p><p><strong>What is Barion?<\/strong><br \/>Barion is a secure, bank-independent online payment system that allows you to pay directly by credit card or top up your Barion balance.<\/p><h3>\u00a0<\/h3><p>\u00a0<\/p><h2><strong>\ud83d\ude9b<\/strong><strong> Delivery Information<\/strong><\/h2><p>Delivery is by door-to-door delivery, we do not currently deliver to vending machines.\u00a0<\/p><p>Parcel tracking is possible on the carrier's interface, and contacting the courier directly with the carrier is also possible.\u00a0<\/p><p><strong>Delivery charges within Hungary:<\/strong><\/p><div><p><strong>MPL:<\/strong><\/p><p>0-10 kg: 2890 Ft<\/p><p>10-20 kg: 3790 Ft<\/p><p>20- kg: 5690 Ft<span class=\"Apple-converted-space\">\u00a0<\/span><\/p><p><strong>GLS:<\/strong><\/p><p>0-10 kg: 2590 Ft<span class=\"Apple-converted-space\">\u00a0<\/span><\/p><p>10-20 kg: 3490 Ft<\/p><p>20- kg: 4990 Ft<\/p><\/div><p><strong>Free delivery:<\/strong><\/p><ul><li>Free delivery for end users over HUF 40.000,<\/li><li>Free delivery over HUF 80.000 for resellers.<\/li><\/ul><p data-start=\"57\" data-end=\"101\"><strong data-start=\"57\" data-end=\"101\">Package tracking and delivery coordination<\/strong><\/p><p data-start=\"103\" data-end=\"200\">You can track the current status of your parcel in the delivery companies' (GLS, MPL) own systems.<\/p><p data-start=\"202\" data-end=\"423\">It is important to note that our webshop does not have the possibility to change the delivery date or to negotiate delivery details. The delivery company is responsible for all questions regarding the delivery and the coordination with the courier.<\/p><h3>\u00a0<\/h3><p>\u00a0<\/p><h2><strong>\ud83d\udcdd<\/strong><strong> Billing<\/strong><\/h2><p><strong>How do I get the invoice?<br \/><\/strong>The invoices are sent automatically by Billingo's system electronically after the order is received. It is also worth checking your spam\/junk folders if you do not find the invoice in your primary mailbox. We use the Billingo system for billing. It is done automatically and not manually.<\/p><h3>\u00a0<\/h3><p>\u00a0<\/p><h3><strong>\ud83d\udca1<\/strong><strong> Other Information<\/strong><\/h3><p><strong>Damaged packages:<\/strong><br \/>Check the parcel on receipt and ask for a report in case of damage. No claims will be accepted without a record.<\/p><p><strong>Unreceived parcels:<\/strong><br \/>In the case of returned parcels that are not accepted, the return shipping fee is paid by the customer. Reshipment is possible after payment in advance.<\/p><p><strong>International transport:<br \/><\/strong>International delivery is only available to individuals in the countries indicated. Before placing an order, please check the additional costs (e.g. customs duties, variable delivery charges) for the country you are ordering from.<\/p><h3>\u00a0<\/h3><p>\u00a0<\/p><h2>\ud83e\uddea Product mixability<\/h2><p><img fetchpriority=\"high\" decoding=\"async\" class=\"size-full wp-image-15667 aligncenter\" src=\"https:\/\/danubagarden.hu\/wp-content\/uploads\/Screenshot-2026-02-11-at-10.46.18-e1770803247370.png\" alt=\"Product mixability\" width=\"1268\" height=\"874\" srcset=\"https:\/\/danubagarden.hu\/wp-content\/uploads\/Screenshot-2026-02-11-at-10.46.18-e1770803247370.png 1268w, https:\/\/danubagarden.hu\/wp-content\/uploads\/Screenshot-2026-02-11-at-10.46.18-e1770803247370-300x207.png 300w, https:\/\/danubagarden.hu\/wp-content\/uploads\/Screenshot-2026-02-11-at-10.46.18-e1770803247370-1024x706.png 1024w, https:\/\/danubagarden.hu\/wp-content\/uploads\/Screenshot-2026-02-11-at-10.46.18-e1770803247370-768x529.png 768w, https:\/\/danubagarden.hu\/wp-content\/uploads\/Screenshot-2026-02-11-at-10.46.18-e1770803247370-18x12.png 18w, https:\/\/danubagarden.hu\/wp-content\/uploads\/Screenshot-2026-02-11-at-10.46.18-e1770803247370-600x414.png 600w\" sizes=\"(max-width: 1268px) 100vw, 1268px\" \/><\/p><p>It's a common question, because no one likes to spray a lot, even if it's an organic product. Danuba Garden recommends that you only mix the products that we recommend. It is worth taking into account where (soil or foliar) the product is recommended and the phenological (plant development) stage of the plant.<\/p><h3>\u00a0<\/h3><p>\u00a0<\/p><h2>\ud83d\uddd3\ufe0f Warranty, storage<\/h2><p><b>What is the expiry date of a product?<\/b><\/p><p>The manufacturer's guarantee period is the length of time from the date of manufacture for which the product is guaranteed to retain its quality. In the case of Danuba Garden products, this means that products with a shelf life of 36 months are guaranteed to last for 36 months without opening, but can still be good for 36 months after that, given that they do not contain any perishable substances. Biological products, i.e. products containing fungi or bacteria (Tricho Immune, Mikomax, Ino Myc, Ino Bact N-Cell) have a shelf life of 18 months. This means that without opening the product, it will contain the cell count guaranteed by the manufacturer for 18 months. After that, the cell count may slowly decrease over time, but the product may still be effective.<\/p><p><b>Why is storage after opening important?<\/b><\/p><p>Some products can be tightly closed after use and stored at room temperature, e.g. Blackjak, Softguard, DanuVital Bio+. Algae preparations (Kelpak, Asco Alga) should be tightly closed after opening and stored in a refrigerator until next use because of their high content of organic matter, which makes them perishable. In the case of bacterial or fungal preparations, special care should be taken in storage after opening: the packaging should be tightly resealed and stored at room temperature or refrigerated. This precaution is necessary because the live cells can easily become supernatant to other fungi or bacteria, or germinate when exposed to high humidity.\u00a0<\/p><p>\u00a0<\/p><h2>\ud83e\uddd1\u200d\ud83c\udf3e Our Resellers<\/h2><p><strong>Danuba Garden products can now be found in hundreds of retailers across the country.<\/strong><\/p><p>We are particularly proud of our expert reseller community, who help gardeners every day with their valuable knowledge and experience.<\/p><p><strong><img decoding=\"async\" class=\"emoji\" role=\"img\" draggable=\"false\" src=\"https:\/\/s.w.org\/images\/core\/emoji\/17.0.2\/svg\/1f4e7.svg\" alt=\"\ud83d\udce7\" \/> Send an email from a city or county near you to kerdes@danubagarden.hu and we'll help you find your nearest retailer.<\/strong><\/p><p>\u00a0<\/p><h2>\u00a0<\/h2><h2>\ud83e\udd1d Reseller information<\/h2><ul><li>Free delivery over HUF 80.000 for resellers.<\/li><li>Your invoice will be sent electronically to the billing address you have set up within hours of delivery.<\/li><li>Billing and shipping addresses can also be edited\/transcribed in the reseller account. \u00a0<\/li><li>The display request can be indicated in the \u201eComment\u201d field of the order. Thank you very much!<\/li><\/ul>\t\t\t\t\t\t\t\t<\/div>\n\t\t\t\t<\/div>\n\t\t\t\t\t<\/div>\n\t\t\t\t<\/div>\n\t\t\t\t<\/div>","protected":false},"excerpt":{"rendered":"<p>Gyakran Ism\u00e9telt K\u00e9rd\u00e9sek \ud83d\udcda \u00c1ltal\u00e1nos Inform\u00e1ci\u00f3k A megrendel\u00e9si \u0171rlap adatok kit\u00f6lt\u00e9se, annak v\u00e9geleges\u00edt\u00e9se, a sz\u00e1ll\u00edt\u00e1s \u00e9s a sz\u00e1ml\u00e1z\u00e1s ut\u00e1n nem \u00e1ll m\u00f3dunkban m\u00f3dos\u00edtani a sz\u00e1ml\u00e1n.\u00a0 \u00a0 K\u00e9rj\u00fck a sz\u00e1ml\u00e1z\u00e1si adatokat pontosan kit\u00f6lteni, az esetleges kellemetlens\u00e9gek elker\u00fcl\u00e9se v\u00e9gett. \u00a0 Mennyi az \u00c1FA m\u00e9rt\u00e9ke?Az \u00e1raink 27% \u00c1FA-t tartalmaznak. T\u00f6bb c\u00edmre sz\u00e1ll\u00edt\u00e1s \u00e9s t\u00f6bb sz\u00e1mla ki\u00e1ll\u00edt\u00e1sa:Egy megrendel\u00e9s eset\u00e9n [&hellip;]<\/p>","protected":false},"author":1,"featured_media":0,"parent":0,"menu_order":0,"comment_status":"closed","ping_status":"closed","template":"","meta":{"footnotes":""},"class_list":["post-4128","page","type-page","status-publish","hentry"],"yoast_head":"<!-- This site is optimized with the Yoast SEO Premium plugin v26.9 (Yoast SEO v26.9) - https:\/\/yoast.com\/product\/yoast-seo-premium-wordpress\/ -->\n<title>GYIK - DanubaGarden<\/title>\n<meta name=\"robots\" content=\"index, follow, max-snippet:-1, max-image-preview:large, max-video-preview:-1\" \/>\n<link rel=\"canonical\" href=\"https:\/\/danubagarden.hu\/en\/lizard\/\" \/>\n<meta property=\"og:locale\" content=\"en_GB\" \/>\n<meta property=\"og:type\" content=\"article\" \/>\n<meta property=\"og:title\" content=\"GYIK\" \/>\n<meta property=\"og:description\" content=\"Gyakran Ism\u00e9telt K\u00e9rd\u00e9sek \ud83d\udcda \u00c1ltal\u00e1nos Inform\u00e1ci\u00f3k A megrendel\u00e9si \u0171rlap adatok kit\u00f6lt\u00e9se, annak v\u00e9geleges\u00edt\u00e9se, a sz\u00e1ll\u00edt\u00e1s \u00e9s a sz\u00e1ml\u00e1z\u00e1s ut\u00e1n nem \u00e1ll m\u00f3dunkban m\u00f3dos\u00edtani a sz\u00e1ml\u00e1n.\u00a0 \u00a0 K\u00e9rj\u00fck a sz\u00e1ml\u00e1z\u00e1si adatokat pontosan kit\u00f6lteni, az esetleges kellemetlens\u00e9gek elker\u00fcl\u00e9se v\u00e9gett. \u00a0 Mennyi az \u00c1FA m\u00e9rt\u00e9ke?Az \u00e1raink 27% \u00c1FA-t tartalmaznak. T\u00f6bb c\u00edmre sz\u00e1ll\u00edt\u00e1s \u00e9s t\u00f6bb sz\u00e1mla ki\u00e1ll\u00edt\u00e1sa:Egy megrendel\u00e9s eset\u00e9n [&hellip;]\" \/>\n<meta property=\"og:url\" content=\"https:\/\/danubagarden.hu\/en\/lizard\/\" \/>\n<meta property=\"og:site_name\" content=\"DanubaGarden\" \/>\n<meta property=\"article:modified_time\" content=\"2026-04-14T09:30:51+00:00\" \/>\n<meta property=\"og:image\" content=\"https:\/\/danubagarden.hu\/wp-content\/uploads\/Screenshot-2026-02-11-at-10.46.18-e1770803247370.png\" \/>\n\t<meta property=\"og:image:width\" content=\"1268\" \/>\n\t<meta property=\"og:image:height\" content=\"874\" \/>\n\t<meta property=\"og:image:type\" content=\"image\/png\" \/>\n<meta name=\"twitter:card\" content=\"summary_large_image\" \/>\n<meta name=\"twitter:label1\" content=\"Estimated reading time\" \/>\n\t<meta name=\"twitter:data1\" content=\"7 minutes\" \/>\n<script type=\"application\/ld+json\" class=\"yoast-schema-graph\">{\"@context\":\"https:\/\/schema.org\",\"@graph\":[{\"@type\":\"WebPage\",\"@id\":\"https:\/\/danubagarden.hu\/gyik\/\",\"url\":\"https:\/\/danubagarden.hu\/gyik\/\",\"name\":\"GYIK - DanubaGarden\",\"isPartOf\":{\"@id\":\"https:\/\/danubagarden.hu\/#website\"},\"primaryImageOfPage\":{\"@id\":\"https:\/\/danubagarden.hu\/gyik\/#primaryimage\"},\"image\":{\"@id\":\"https:\/\/danubagarden.hu\/gyik\/#primaryimage\"},\"thumbnailUrl\":\"https:\/\/danubagarden.hu\/wp-content\/uploads\/Screenshot-2026-02-11-at-10.46.18-e1770803247370.png\",\"datePublished\":\"2024-03-15T10:51:10+00:00\",\"dateModified\":\"2026-04-14T09:30:51+00:00\",\"breadcrumb\":{\"@id\":\"https:\/\/danubagarden.hu\/gyik\/#breadcrumb\"},\"inLanguage\":\"en-GB\",\"potentialAction\":[{\"@type\":\"ReadAction\",\"target\":[\"https:\/\/danubagarden.hu\/gyik\/\"]}]},{\"@type\":\"ImageObject\",\"inLanguage\":\"en-GB\",\"@id\":\"https:\/\/danubagarden.hu\/gyik\/#primaryimage\",\"url\":\"https:\/\/danubagarden.hu\/wp-content\/uploads\/Screenshot-2026-02-11-at-10.46.18-e1770803247370.png\",\"contentUrl\":\"https:\/\/danubagarden.hu\/wp-content\/uploads\/Screenshot-2026-02-11-at-10.46.18-e1770803247370.png\"},{\"@type\":\"BreadcrumbList\",\"@id\":\"https:\/\/danubagarden.hu\/gyik\/#breadcrumb\",\"itemListElement\":[{\"@type\":\"ListItem\",\"position\":1,\"name\":\"Home\",\"item\":\"https:\/\/danubagarden.hu\/\"},{\"@type\":\"ListItem\",\"position\":2,\"name\":\"GYIK\"}]},{\"@type\":\"WebSite\",\"@id\":\"https:\/\/danubagarden.hu\/#website\",\"url\":\"https:\/\/danubagarden.hu\/\",\"name\":\"DanubaGarden\",\"description\":\"\",\"publisher\":{\"@id\":\"https:\/\/danubagarden.hu\/#organization\"},\"potentialAction\":[{\"@type\":\"SearchAction\",\"target\":{\"@type\":\"EntryPoint\",\"urlTemplate\":\"https:\/\/danubagarden.hu\/?s={search_term_string}\"},\"query-input\":{\"@type\":\"PropertyValueSpecification\",\"valueRequired\":true,\"valueName\":\"search_term_string\"}}],\"inLanguage\":\"en-GB\"},{\"@type\":\"Organization\",\"@id\":\"https:\/\/danubagarden.hu\/#organization\",\"name\":\"DanubaGarden\",\"url\":\"https:\/\/danubagarden.hu\/\",\"logo\":{\"@type\":\"ImageObject\",\"inLanguage\":\"en-GB\",\"@id\":\"https:\/\/danubagarden.hu\/#\/schema\/logo\/image\/\",\"url\":\"https:\/\/danubagarden.hu\/wp-content\/uploads\/logo.png\",\"contentUrl\":\"https:\/\/danubagarden.hu\/wp-content\/uploads\/logo.png\",\"width\":512,\"height\":264,\"caption\":\"DanubaGarden\"},\"image\":{\"@id\":\"https:\/\/danubagarden.hu\/#\/schema\/logo\/image\/\"}}]}<\/script>\n<!-- \/ Yoast SEO Premium plugin. -->","yoast_head_json":{"title":"FAQ - DanubaGarden","robots":{"index":"index","follow":"follow","max-snippet":"max-snippet:-1","max-image-preview":"max-image-preview:large","max-video-preview":"max-video-preview:-1"},"canonical":"https:\/\/danubagarden.hu\/en\/lizard\/","og_locale":"en_GB","og_type":"article","og_title":"GYIK","og_description":"Gyakran Ism\u00e9telt K\u00e9rd\u00e9sek \ud83d\udcda \u00c1ltal\u00e1nos Inform\u00e1ci\u00f3k A megrendel\u00e9si \u0171rlap adatok kit\u00f6lt\u00e9se, annak v\u00e9geleges\u00edt\u00e9se, a sz\u00e1ll\u00edt\u00e1s \u00e9s a sz\u00e1ml\u00e1z\u00e1s ut\u00e1n nem \u00e1ll m\u00f3dunkban m\u00f3dos\u00edtani a sz\u00e1ml\u00e1n.\u00a0 \u00a0 K\u00e9rj\u00fck a sz\u00e1ml\u00e1z\u00e1si adatokat pontosan kit\u00f6lteni, az esetleges kellemetlens\u00e9gek elker\u00fcl\u00e9se v\u00e9gett. \u00a0 Mennyi az \u00c1FA m\u00e9rt\u00e9ke?Az \u00e1raink 27% \u00c1FA-t tartalmaznak. T\u00f6bb c\u00edmre sz\u00e1ll\u00edt\u00e1s \u00e9s t\u00f6bb sz\u00e1mla ki\u00e1ll\u00edt\u00e1sa:Egy megrendel\u00e9s eset\u00e9n [&hellip;]","og_url":"https:\/\/danubagarden.hu\/en\/lizard\/","og_site_name":"DanubaGarden","article_modified_time":"2026-04-14T09:30:51+00:00","og_image":[{"width":1268,"height":874,"url":"https:\/\/danubagarden.hu\/wp-content\/uploads\/Screenshot-2026-02-11-at-10.46.18-e1770803247370.png","type":"image\/png"}],"twitter_card":"summary_large_image","twitter_misc":{"Estimated reading time":"7 minutes"},"schema":{"@context":"https:\/\/schema.org","@graph":[{"@type":"WebPage","@id":"https:\/\/danubagarden.hu\/gyik\/","url":"https:\/\/danubagarden.hu\/gyik\/","name":"FAQ - DanubaGarden","isPartOf":{"@id":"https:\/\/danubagarden.hu\/#website"},"primaryImageOfPage":{"@id":"https:\/\/danubagarden.hu\/gyik\/#primaryimage"},"image":{"@id":"https:\/\/danubagarden.hu\/gyik\/#primaryimage"},"thumbnailUrl":"https:\/\/danubagarden.hu\/wp-content\/uploads\/Screenshot-2026-02-11-at-10.46.18-e1770803247370.png","datePublished":"2024-03-15T10:51:10+00:00","dateModified":"2026-04-14T09:30:51+00:00","breadcrumb":{"@id":"https:\/\/danubagarden.hu\/gyik\/#breadcrumb"},"inLanguage":"en-GB","potentialAction":[{"@type":"ReadAction","target":["https:\/\/danubagarden.hu\/gyik\/"]}]},{"@type":"ImageObject","inLanguage":"en-GB","@id":"https:\/\/danubagarden.hu\/gyik\/#primaryimage","url":"https:\/\/danubagarden.hu\/wp-content\/uploads\/Screenshot-2026-02-11-at-10.46.18-e1770803247370.png","contentUrl":"https:\/\/danubagarden.hu\/wp-content\/uploads\/Screenshot-2026-02-11-at-10.46.18-e1770803247370.png"},{"@type":"BreadcrumbList","@id":"https:\/\/danubagarden.hu\/gyik\/#breadcrumb","itemListElement":[{"@type":"ListItem","position":1,"name":"Home","item":"https:\/\/danubagarden.hu\/"},{"@type":"ListItem","position":2,"name":"GYIK"}]},{"@type":"WebSite","@id":"https:\/\/danubagarden.hu\/#website","url":"https:\/\/danubagarden.hu\/","name":"DanubaGarden","description":"","publisher":{"@id":"https:\/\/danubagarden.hu\/#organization"},"potentialAction":[{"@type":"SearchAction","target":{"@type":"EntryPoint","urlTemplate":"https:\/\/danubagarden.hu\/?s={search_term_string}"},"query-input":{"@type":"PropertyValueSpecification","valueRequired":true,"valueName":"search_term_string"}}],"inLanguage":"en-GB"},{"@type":"Organization","@id":"https:\/\/danubagarden.hu\/#organization","name":"DanubaGarden","url":"https:\/\/danubagarden.hu\/","logo":{"@type":"ImageObject","inLanguage":"en-GB","@id":"https:\/\/danubagarden.hu\/#\/schema\/logo\/image\/","url":"https:\/\/danubagarden.hu\/wp-content\/uploads\/logo.png","contentUrl":"https:\/\/danubagarden.hu\/wp-content\/uploads\/logo.png","width":512,"height":264,"caption":"DanubaGarden"},"image":{"@id":"https:\/\/danubagarden.hu\/#\/schema\/logo\/image\/"}}]}},"_links":{"self":[{"href":"https:\/\/danubagarden.hu\/en\/wp-json\/wp\/v2\/pages\/4128","targetHints":{"allow":["GET"]}}],"collection":[{"href":"https:\/\/danubagarden.hu\/en\/wp-json\/wp\/v2\/pages"}],"about":[{"href":"https:\/\/danubagarden.hu\/en\/wp-json\/wp\/v2\/types\/page"}],"author":[{"embeddable":true,"href":"https:\/\/danubagarden.hu\/en\/wp-json\/wp\/v2\/users\/1"}],"replies":[{"embeddable":true,"href":"https:\/\/danubagarden.hu\/en\/wp-json\/wp\/v2\/comments?post=4128"}],"version-history":[{"count":15,"href":"https:\/\/danubagarden.hu\/en\/wp-json\/wp\/v2\/pages\/4128\/revisions"}],"predecessor-version":[{"id":18515,"href":"https:\/\/danubagarden.hu\/en\/wp-json\/wp\/v2\/pages\/4128\/revisions\/18515"}],"wp:attachment":[{"href":"https:\/\/danubagarden.hu\/en\/wp-json\/wp\/v2\/media?parent=4128"}],"curies":[{"name":"wp","href":"https:\/\/api.w.org\/{rel}","templated":true}]}}