{"id":5396,"date":"2024-04-27T11:09:42","date_gmt":"2024-04-27T11:09:42","guid":{"rendered":"https:\/\/danubagarden.hu\/?page_id=5396"},"modified":"2026-02-19T16:31:01","modified_gmt":"2026-02-19T15:31:01","slug":"list","status":"publish","type":"page","link":"https:\/\/danubagarden.hu\/en\/our-retailers\/list\/","title":{"rendered":"Resale list"},"content":{"rendered":"<div data-elementor-type=\"wp-page\" data-elementor-id=\"5396\" class=\"elementor elementor-5396\" data-elementor-post-type=\"page\">\n\t\t\t\t\t\t<\/div>","protected":false},"excerpt":{"rendered":"<p>Viszontelad\u00f3 lista \u00a0 A k\u00e9nyelem \u00e9s egyszer\u0171bb hozz\u00e1f\u00e9r\u00e9s jegy\u00e9ben, \u00edme viszontelad\u00f3ink list\u00e1ja a magyarorsz\u00e1gi v\u00e1rmegy\u00e9k szerint list\u00e1zva Tov\u00e1bb a t\u00e9rk\u00e9pre Search &#8230; Sz\u0171k\u00edt\u00e9s megy\u00e9reB\u00e1cs-KiskunBaranyaB\u00e9k\u00e9sBorsod-Aba\u00faj-Zempl\u00e9nBudapestCsongr\u00e1d-Csan\u00e1dFej\u00e9rGy\u0151r-Moson-SopronHajd\u00fa-BiharHevesJ\u00e1sz-Nagykun-SzolnokKom\u00e1rom-EsztergomOnlinePestSomogySzabolcs-Szatm\u00e1r-BeregTolnaVasVeszpr\u00e9mZala Fontos! Nem tudjuk garant\u00e1lni, hogy minden term\u00e9k\u00fcnk, minden esetben megtal\u00e1lhat\u00f3 a felsorolt \u00fczletekben. Aj\u00e1nljuk, hogy l\u00e1togat\u00e1sod el\u0151tt egyeztess viszontelad\u00f3inkkal \u00a0 A viszontelad\u00f3i lista a j\u00f6v\u0151ben tov\u00e1bb fog b\u0151v\u00fclni \ud83d\udc9a<\/p>","protected":false},"author":1,"featured_media":0,"parent":2734,"menu_order":0,"comment_status":"closed","ping_status":"closed","template":"","meta":{"footnotes":""},"class_list":["post-5396","page","type-page","status-publish","hentry"],"yoast_head":"<!-- This site is optimized with the Yoast SEO Premium plugin v26.9 (Yoast SEO v26.9) - https:\/\/yoast.com\/product\/yoast-seo-premium-wordpress\/ -->\n<title>Viszontelad\u00f3 lista - DanubaGarden<\/title>\n<meta name=\"robots\" content=\"index, follow, max-snippet:-1, max-image-preview:large, max-video-preview:-1\" \/>\n<link rel=\"canonical\" href=\"https:\/\/danubagarden.hu\/en\/our-retailers\/list\/\" \/>\n<meta property=\"og:locale\" content=\"en_GB\" \/>\n<meta property=\"og:type\" content=\"article\" \/>\n<meta property=\"og:title\" content=\"Viszontelad\u00f3 lista\" \/>\n<meta property=\"og:description\" content=\"Viszontelad\u00f3 lista \u00a0 A k\u00e9nyelem \u00e9s egyszer\u0171bb hozz\u00e1f\u00e9r\u00e9s jegy\u00e9ben, \u00edme viszontelad\u00f3ink list\u00e1ja a magyarorsz\u00e1gi v\u00e1rmegy\u00e9k szerint list\u00e1zva Tov\u00e1bb a t\u00e9rk\u00e9pre Search &#8230; Sz\u0171k\u00edt\u00e9s megy\u00e9reB\u00e1cs-KiskunBaranyaB\u00e9k\u00e9sBorsod-Aba\u00faj-Zempl\u00e9nBudapestCsongr\u00e1d-Csan\u00e1dFej\u00e9rGy\u0151r-Moson-SopronHajd\u00fa-BiharHevesJ\u00e1sz-Nagykun-SzolnokKom\u00e1rom-EsztergomOnlinePestSomogySzabolcs-Szatm\u00e1r-BeregTolnaVasVeszpr\u00e9mZala Fontos! Nem tudjuk garant\u00e1lni, hogy minden term\u00e9k\u00fcnk, minden esetben megtal\u00e1lhat\u00f3 a felsorolt \u00fczletekben. Aj\u00e1nljuk, hogy l\u00e1togat\u00e1sod el\u0151tt egyeztess viszontelad\u00f3inkkal \u00a0 A viszontelad\u00f3i lista a j\u00f6v\u0151ben tov\u00e1bb fog b\u0151v\u00fclni \ud83d\udc9a\" \/>\n<meta property=\"og:url\" content=\"https:\/\/danubagarden.hu\/en\/our-retailers\/list\/\" \/>\n<meta property=\"og:site_name\" content=\"DanubaGarden\" \/>\n<meta property=\"article:modified_time\" content=\"2026-02-19T15:31:01+00:00\" \/>\n<meta name=\"twitter:card\" content=\"summary_large_image\" \/>\n<meta name=\"twitter:label1\" content=\"Estimated reading time\" \/>\n\t<meta name=\"twitter:data1\" content=\"8 minutes\" \/>\n<script type=\"application\/ld+json\" class=\"yoast-schema-graph\">{\"@context\":\"https:\/\/schema.org\",\"@graph\":[{\"@type\":\"WebPage\",\"@id\":\"https:\/\/danubagarden.hu\/viszonteladoink\/lista\/\",\"url\":\"https:\/\/danubagarden.hu\/viszonteladoink\/lista\/\",\"name\":\"Viszontelad\u00f3 lista - DanubaGarden\",\"isPartOf\":{\"@id\":\"https:\/\/danubagarden.hu\/#website\"},\"datePublished\":\"2024-04-27T11:09:42+00:00\",\"dateModified\":\"2026-02-19T15:31:01+00:00\",\"breadcrumb\":{\"@id\":\"https:\/\/danubagarden.hu\/viszonteladoink\/lista\/#breadcrumb\"},\"inLanguage\":\"en-GB\",\"potentialAction\":[{\"@type\":\"ReadAction\",\"target\":[\"https:\/\/danubagarden.hu\/viszonteladoink\/lista\/\"]}]},{\"@type\":\"BreadcrumbList\",\"@id\":\"https:\/\/danubagarden.hu\/viszonteladoink\/lista\/#breadcrumb\",\"itemListElement\":[{\"@type\":\"ListItem\",\"position\":1,\"name\":\"Home\",\"item\":\"https:\/\/danubagarden.hu\/\"},{\"@type\":\"ListItem\",\"position\":2,\"name\":\"Viszontelad\u00f3ink\",\"item\":\"https:\/\/danubagarden.hu\/viszonteladoink\/\"},{\"@type\":\"ListItem\",\"position\":3,\"name\":\"Viszontelad\u00f3 lista\"}]},{\"@type\":\"WebSite\",\"@id\":\"https:\/\/danubagarden.hu\/#website\",\"url\":\"https:\/\/danubagarden.hu\/\",\"name\":\"DanubaGarden\",\"description\":\"\",\"publisher\":{\"@id\":\"https:\/\/danubagarden.hu\/#organization\"},\"potentialAction\":[{\"@type\":\"SearchAction\",\"target\":{\"@type\":\"EntryPoint\",\"urlTemplate\":\"https:\/\/danubagarden.hu\/?s={search_term_string}\"},\"query-input\":{\"@type\":\"PropertyValueSpecification\",\"valueRequired\":true,\"valueName\":\"search_term_string\"}}],\"inLanguage\":\"en-GB\"},{\"@type\":\"Organization\",\"@id\":\"https:\/\/danubagarden.hu\/#organization\",\"name\":\"DanubaGarden\",\"url\":\"https:\/\/danubagarden.hu\/\",\"logo\":{\"@type\":\"ImageObject\",\"inLanguage\":\"en-GB\",\"@id\":\"https:\/\/danubagarden.hu\/#\/schema\/logo\/image\/\",\"url\":\"https:\/\/danubagarden.hu\/wp-content\/uploads\/logo.png\",\"contentUrl\":\"https:\/\/danubagarden.hu\/wp-content\/uploads\/logo.png\",\"width\":512,\"height\":264,\"caption\":\"DanubaGarden\"},\"image\":{\"@id\":\"https:\/\/danubagarden.hu\/#\/schema\/logo\/image\/\"}}]}<\/script>\n<!-- \/ Yoast SEO Premium plugin. -->","yoast_head_json":{"title":"Resale list - DanubaGarden","robots":{"index":"index","follow":"follow","max-snippet":"max-snippet:-1","max-image-preview":"max-image-preview:large","max-video-preview":"max-video-preview:-1"},"canonical":"https:\/\/danubagarden.hu\/en\/our-retailers\/list\/","og_locale":"en_GB","og_type":"article","og_title":"Viszontelad\u00f3 lista","og_description":"Viszontelad\u00f3 lista \u00a0 A k\u00e9nyelem \u00e9s egyszer\u0171bb hozz\u00e1f\u00e9r\u00e9s jegy\u00e9ben, \u00edme viszontelad\u00f3ink list\u00e1ja a magyarorsz\u00e1gi v\u00e1rmegy\u00e9k szerint list\u00e1zva Tov\u00e1bb a t\u00e9rk\u00e9pre Search &#8230; Sz\u0171k\u00edt\u00e9s megy\u00e9reB\u00e1cs-KiskunBaranyaB\u00e9k\u00e9sBorsod-Aba\u00faj-Zempl\u00e9nBudapestCsongr\u00e1d-Csan\u00e1dFej\u00e9rGy\u0151r-Moson-SopronHajd\u00fa-BiharHevesJ\u00e1sz-Nagykun-SzolnokKom\u00e1rom-EsztergomOnlinePestSomogySzabolcs-Szatm\u00e1r-BeregTolnaVasVeszpr\u00e9mZala Fontos! Nem tudjuk garant\u00e1lni, hogy minden term\u00e9k\u00fcnk, minden esetben megtal\u00e1lhat\u00f3 a felsorolt \u00fczletekben. Aj\u00e1nljuk, hogy l\u00e1togat\u00e1sod el\u0151tt egyeztess viszontelad\u00f3inkkal \u00a0 A viszontelad\u00f3i lista a j\u00f6v\u0151ben tov\u00e1bb fog b\u0151v\u00fclni \ud83d\udc9a","og_url":"https:\/\/danubagarden.hu\/en\/our-retailers\/list\/","og_site_name":"DanubaGarden","article_modified_time":"2026-02-19T15:31:01+00:00","twitter_card":"summary_large_image","twitter_misc":{"Estimated reading time":"8 minutes"},"schema":{"@context":"https:\/\/schema.org","@graph":[{"@type":"WebPage","@id":"https:\/\/danubagarden.hu\/viszonteladoink\/lista\/","url":"https:\/\/danubagarden.hu\/viszonteladoink\/lista\/","name":"Resale list - DanubaGarden","isPartOf":{"@id":"https:\/\/danubagarden.hu\/#website"},"datePublished":"2024-04-27T11:09:42+00:00","dateModified":"2026-02-19T15:31:01+00:00","breadcrumb":{"@id":"https:\/\/danubagarden.hu\/viszonteladoink\/lista\/#breadcrumb"},"inLanguage":"en-GB","potentialAction":[{"@type":"ReadAction","target":["https:\/\/danubagarden.hu\/viszonteladoink\/lista\/"]}]},{"@type":"BreadcrumbList","@id":"https:\/\/danubagarden.hu\/viszonteladoink\/lista\/#breadcrumb","itemListElement":[{"@type":"ListItem","position":1,"name":"Home","item":"https:\/\/danubagarden.hu\/"},{"@type":"ListItem","position":2,"name":"Viszontelad\u00f3ink","item":"https:\/\/danubagarden.hu\/viszonteladoink\/"},{"@type":"ListItem","position":3,"name":"Viszontelad\u00f3 lista"}]},{"@type":"WebSite","@id":"https:\/\/danubagarden.hu\/#website","url":"https:\/\/danubagarden.hu\/","name":"DanubaGarden","description":"","publisher":{"@id":"https:\/\/danubagarden.hu\/#organization"},"potentialAction":[{"@type":"SearchAction","target":{"@type":"EntryPoint","urlTemplate":"https:\/\/danubagarden.hu\/?s={search_term_string}"},"query-input":{"@type":"PropertyValueSpecification","valueRequired":true,"valueName":"search_term_string"}}],"inLanguage":"en-GB"},{"@type":"Organization","@id":"https:\/\/danubagarden.hu\/#organization","name":"DanubaGarden","url":"https:\/\/danubagarden.hu\/","logo":{"@type":"ImageObject","inLanguage":"en-GB","@id":"https:\/\/danubagarden.hu\/#\/schema\/logo\/image\/","url":"https:\/\/danubagarden.hu\/wp-content\/uploads\/logo.png","contentUrl":"https:\/\/danubagarden.hu\/wp-content\/uploads\/logo.png","width":512,"height":264,"caption":"DanubaGarden"},"image":{"@id":"https:\/\/danubagarden.hu\/#\/schema\/logo\/image\/"}}]}},"_links":{"self":[{"href":"https:\/\/danubagarden.hu\/en\/wp-json\/wp\/v2\/pages\/5396","targetHints":{"allow":["GET"]}}],"collection":[{"href":"https:\/\/danubagarden.hu\/en\/wp-json\/wp\/v2\/pages"}],"about":[{"href":"https:\/\/danubagarden.hu\/en\/wp-json\/wp\/v2\/types\/page"}],"author":[{"embeddable":true,"href":"https:\/\/danubagarden.hu\/en\/wp-json\/wp\/v2\/users\/1"}],"replies":[{"embeddable":true,"href":"https:\/\/danubagarden.hu\/en\/wp-json\/wp\/v2\/comments?post=5396"}],"version-history":[{"count":3,"href":"https:\/\/danubagarden.hu\/en\/wp-json\/wp\/v2\/pages\/5396\/revisions"}],"predecessor-version":[{"id":16015,"href":"https:\/\/danubagarden.hu\/en\/wp-json\/wp\/v2\/pages\/5396\/revisions\/16015"}],"up":[{"embeddable":true,"href":"https:\/\/danubagarden.hu\/en\/wp-json\/wp\/v2\/pages\/2734"}],"wp:attachment":[{"href":"https:\/\/danubagarden.hu\/en\/wp-json\/wp\/v2\/media?parent=5396"}],"curies":[{"name":"wp","href":"https:\/\/api.w.org\/{rel}","templated":true}]}}