{"id":1133,"date":"2023-02-24T01:32:22","date_gmt":"2023-02-24T01:32:22","guid":{"rendered":"https:\/\/danubagarden.hu\/?post_type=product&#038;p=1133"},"modified":"2026-04-14T13:20:03","modified_gmt":"2026-04-14T12:20:03","slug":"kelpak","status":"publish","type":"product","link":"https:\/\/danubagarden.hu\/en\/product\/kelpak\/","title":{"rendered":"Kelpak"},"content":{"rendered":"<div class=\"page\" title=\"Page 7\">\n<div class=\"section\">\n<div class=\"layoutArea\">\n<div class=\"column\">\n<p><strong>Storage of the product<\/strong><\/p>\n<div class=\"page\" title=\"Page 7\">\n<div class=\"section\">\n<div class=\"layoutArea\">\n<div class=\"column\">\n<p>Between 5 and 30 degrees Celsius in its original packaging, the product will keep its expiry date for at least 36 months. It should be applied immediately after opening but stored tightly resealed and refrigerated for up to 6 months without deterioration.<\/p>\n<\/div>\n<\/div>\n<\/div>\n<\/div>\n<\/div>\n<\/div>\n<\/div>\n<\/div>\n<p>&nbsp;<\/p>\n<p><strong>\ud83d\udc69\u200d\ud83c\udf3e What does it contain?\u00a0<\/strong><\/p>\n<p>\ud83d\udc9a <a href=\"https:\/\/danubagarden.us8.list-manage.com\/track\/click?u=d80223ada1ef33303d6a8f053&amp;id=f519604538&amp;e=b55223d211\">DanubaGarden<\/a> the offer of the <a href=\"https:\/\/danubagarden.us8.list-manage.com\/track\/click?u=d80223ada1ef33303d6a8f053&amp;id=55fd6c9960&amp;e=b55223d211\">Kelpak<\/a> algae preparation contains auxin substances. A <a href=\"https:\/\/danubagarden.us8.list-manage.com\/track\/click?u=d80223ada1ef33303d6a8f053&amp;id=fdaf3af817&amp;e=b55223d211\">Kelpak<\/a> <em>Ecklonia maxima<\/em> contains algae grown in the ocean off the coast of South Africa.<\/p>\n<p class=\"last-child\">\ud83d\udc9a\u00a0<a href=\"https:\/\/danubagarden.us8.list-manage.com\/track\/click?u=d80223ada1ef33303d6a8f053&amp;id=d7c78d2c19&amp;e=b55223d211\">Kelpak<\/a>\u00a0contains nearly 100 types of biologically active substances that together produce auxin-like effects: carbohydrates, minerals, amino acids, alginates, polyamines, lipids, florotannins, brassinosteroids.<\/p>\n<p>&nbsp;<\/p>\n<p><a href=\"http:\/\/danubagarden.hu\/wp-content\/uploads\/IMG_0340.jpeg\"><img fetchpriority=\"high\" decoding=\"async\" class=\"aligncenter wp-image-3961\" src=\"http:\/\/danubagarden.hu\/wp-content\/uploads\/IMG_0340.jpeg\" alt=\"\" width=\"511\" height=\"286\" srcset=\"https:\/\/danubagarden.hu\/wp-content\/uploads\/IMG_0340.jpeg 1200w, https:\/\/danubagarden.hu\/wp-content\/uploads\/IMG_0340-300x168.jpeg 300w, https:\/\/danubagarden.hu\/wp-content\/uploads\/IMG_0340-1024x573.jpeg 1024w, https:\/\/danubagarden.hu\/wp-content\/uploads\/IMG_0340-768x430.jpeg 768w, https:\/\/danubagarden.hu\/wp-content\/uploads\/IMG_0340-600x336.jpeg 600w\" sizes=\"(max-width: 511px) 100vw, 511px\" \/><\/a><\/p>\n<p>&nbsp;<\/p>\n<p>\ud83d\udc9a\u00a0<a href=\"https:\/\/danubagarden.us8.list-manage.com\/track\/click?u=d80223ada1ef33303d6a8f053&amp;id=bd33244e20&amp;e=b55223d211\">Kelpak<\/a>\u00a0algae has many other positive effects besides supporting seed germination and root mass development:<\/p>\n<ul>\n<li>enhances the germination of pollen and the sprouting of pollen grains in the flower<\/li>\n<li>provides preventive protection against various biotic and abiotic stress sources e.g. frost damage<\/li>\n<\/ul>\n<p>&nbsp;<\/p>\n<p><strong>\ud83c\udf1f Special active ingredients, biostimulants<\/strong><\/p>\n<p>The active ingredients in Kelpak are auxin active. From <em><strong>auxin<\/strong><\/em> which is the plant hormone needed for the development of a large root mass and perfect flowering. In other words, if one wants to enhance rooting or flowering biologically, we believe the best solution is to use Kelpak.<\/p>\n<ul>\n<li><strong>But what is auxin?\u00a0<\/strong><\/li>\n<\/ul>\n<p>Auxin was the first plant hormone to be discovered. It was described in 1920 by the Dutch biologist Dr. Frits Warmolt Went. The name comes from the Greek word for growth. Plants can control their bodies without a nervous system, using their hormone system. The ratio of different plant hormones to each other is very important in different parts of the plant. This influences their effects, for example, on the growth of the root or the shoot.<\/p>\n<ul>\n<li><strong>How does it work?<\/strong><\/li>\n<\/ul>\n<p>When the auxin-acting molecule reaches the cell, it reacts with a protein molecule and subsequently activates previously inactive genes on the chromosome.<\/p>\n<p>&nbsp;<\/p>\n<p><b>\ud83e\udeb8 Why are seaweeds useful?<\/b><\/p>\n<ol>\n<li style=\"font-weight: 400;\"><span style=\"font-weight: 400;\">Quality algae products can help the plant in the event of: drought, heat stress, cutting injury, nutrient deficiencies, fertilisation, colouring, improving texture and shelf life<\/span><\/li>\n<li style=\"font-weight: 400;\"><span style=\"font-weight: 400;\">Seaweeds are forced to grow up in extremely difficult conditions, with tidal currents that keep them in the water and on the beach, cold warm currents that alternate between them, and the constant destruction of marine animals<\/span><\/li>\n<li style=\"font-weight: 400;\"><span style=\"font-weight: 400;\">Under these conditions, if the environment is suitable, they should grow very quickly<\/span><\/li>\n<li style=\"font-weight: 400;\"><span style=\"font-weight: 400;\">Algae can grow up to 100 times faster than our field plants, up to 1 metre in a day<\/span><\/li>\n<li style=\"font-weight: 400;\"><span style=\"font-weight: 400;\">Algae contain nearly 100 types of beneficial bioactive compounds that help to jump-start the plant<\/span><\/li>\n<\/ol>\n<p>&nbsp;<\/p>\n<p><strong>\ud83d\udc1a More information<\/strong><\/p>\n<p>Danuba also offers two seaweed biostimulants for farmers. The proportion of plant hormones needed for growth changes as the plant grows. An auxin hormone is needed during rooting and initial growth, so Kelpak should be chosen. Quality algae products can help the plant in cases of drought, heat stress, cutting injury, nutrient deficiencies, fertilization, colouration, and improving texture and shelf life.<\/p>\n<p>&nbsp;<\/p>\n<p><a href=\"http:\/\/danubagarden.hu\/wp-content\/uploads\/Kep-zold-megoldasok-4.png\"><img decoding=\"async\" class=\"aligncenter wp-image-865\" src=\"http:\/\/danubagarden.hu\/wp-content\/uploads\/Kep-zold-megoldasok-4.png\" alt=\"\" width=\"411\" height=\"406\" srcset=\"https:\/\/danubagarden.hu\/wp-content\/uploads\/Kep-zold-megoldasok-4.png 1326w, https:\/\/danubagarden.hu\/wp-content\/uploads\/Kep-zold-megoldasok-4-100x100.png 100w, https:\/\/danubagarden.hu\/wp-content\/uploads\/Kep-zold-megoldasok-4-600x593.png 600w, https:\/\/danubagarden.hu\/wp-content\/uploads\/Kep-zold-megoldasok-4-300x296.png 300w, https:\/\/danubagarden.hu\/wp-content\/uploads\/Kep-zold-megoldasok-4-1024x1012.png 1024w, https:\/\/danubagarden.hu\/wp-content\/uploads\/Kep-zold-megoldasok-4-150x148.png 150w, https:\/\/danubagarden.hu\/wp-content\/uploads\/Kep-zold-megoldasok-4-768x759.png 768w\" sizes=\"(max-width: 411px) 100vw, 411px\" \/><\/a><\/p>\n<p>&nbsp;<\/p>\n<p>Seaweeds have to grow under extremely difficult conditions, with the tides keeping them in the water and on the beach, cold, warm currents alternating around them, and constantly being destroyed by marine animals. Under these conditions, they must grow very quickly if the environment is suitable. Algae can grow up to 100 times faster than our field plants, up to 1 metre daily. Algae contain nearly 100 different types of beneficial bioactive compounds that help the plant to take off.<\/p>\n<p>&nbsp;<\/p>\n<p>Kelpak supports rooting and flowering the most. If you want to prioritise flowering, it is recommended to apply one or two applications in the period before flowering.<\/p>\n<p>&nbsp;<\/p>\n<p><strong>\u2744\ufe0f Before the freeze with algae! \u2744\ufe0f<\/strong><\/p>\n<div class=\"page\" title=\"Page 1\">\n<div class=\"section\">\n<div class=\"layoutArea\">\n<div class=\"column\">\n<p>Add a concentrate from another \"plant\" to increase the sap concentration in your plant. The best treatments for this are algae treatments. Just as people use algae to rejuvenate, strengthen their skin, and supplement their nutrition (spirulina), we can use algae products on our plants.<\/p>\n<p>&nbsp;<\/p>\n<\/div>\n<div>\n<p>\u2728<b> What makes Kelpak special?<\/b><\/p>\n<p>1. Made from South African algae Ecklonia maxima, which grows only off the cold South African coast<\/p>\n<p>2. this algae species has a higher proportion of auxin-type plant hormones, which support rooting and flowering. Thus, its use is most recommended during the sowing, planting and pre-flowering periods.<\/p>\n<p>&nbsp;<\/p>\n<p>\ud83d\udcaa<b> Why are algae useful?<\/b><\/p>\n<p>1. because algae live in very harsh conditions (torn apart by sea waves, dried out by tides, eaten by marine animals...), there is only a very short period of time when they are in ideal conditions and they need to grow quickly. So they store everything concentrated in themselves, so that if they can grow, they can grow up to a metre in a day.<\/p>\n<p>2. this concentrated algae \"juice\" is extracted from the seaweed using freezing and high-pressure, chemical-free technology and packaged for us<\/p>\n<p>3. the factory has its own algae farm, where there is no industrial activity in the area that could pollute the water. Sea divers only harvest mature algae of the same age.<\/p>\n<\/div>\n<p>&nbsp;<\/p>\n<\/div>\n<\/div>\n<\/div>","protected":false},"excerpt":{"rendered":"<p><b>Dose: 2 dl\/10 litre of spray<\/b><\/p>\n<p><b>Why choose Kelpak?<\/b><\/p>\n<p><span style=\"font-weight: 400;\">Danuba also offers two seaweed biostimulants for gardeners. As the plant grows, the proportion of plant hormones needed for growth changes. During rooting and initial growth, auxin is required, so Kelpak should be chosen.<\/span><span style=\"font-weight: 400;\">Kelpak is predominantly auxin, which supports rooting and flowering. Of course, it's okay to use it during intensive growth, because you can start your lunch with dessert, for example.\u00a0<\/span><span style=\"font-weight: 400;\">\ud83d\ude01<\/span><\/p>\n<p>\u2728<b> What makes Kelpak special?<\/b><\/p>\n<p>1. Made from South African algae Ecklonia maxima, which grows only off the cold South African coast<\/p>\n<p>2. This algae species has a higher proportion of auxin-type plant hormones, which support rooting and flowering. Thus, its use is most recommended during the sowing and planting period and before flowering.<\/p>\n<div class=\"page\" title=\"Page 1\">\n<div class=\"section\">\n<div class=\"layoutArea\">\n<div class=\"column\"><\/div>\n<\/div>\n<div class=\"page\" title=\"Page 7\">\n<div class=\"section\">\n<div class=\"layoutArea\">\n<div class=\"column\">\n<p>&nbsp;<\/p>\n<p><strong>How to apply?<\/strong><\/p>\n<div class=\"page\" title=\"Page 7\">\n<div class=\"section\">\n<div class=\"layoutArea\">\n<div class=\"column\">\n<p>For root irrigation use a solution of 1%, i.e. 1 dl Kelpak in 10L water. For foliar treatment, use 1-2% solution, i.e. 1-2 dl Kelpak in 10L of spray and spray on the green foliage.<\/p>\n<\/div>\n<\/div>\n<\/div>\n<\/div>\n<\/div>\n<\/div>\n<\/div>\n<\/div>\n<div class=\"layoutArea\">\n<p>&nbsp;<\/p>\n<\/div>\n<p><strong>Scroll down and read more \u2b07\ufe0f<\/strong><\/p>\n<\/div>\n<p><a href=\"https:\/\/danubagarden.hu\/wp-content\/uploads\/Kelpak-EU-Declaration-of-Conformity.pdf\">EU Declaration of Conformity<\/a><\/p>\n<\/div>","protected":false},"featured_media":16651,"template":"","meta":[],"product_brand":[],"product_cat":[29],"product_tag":[45,97,43],"stickerek-es-engedelyek":[634,640,714,684],"termek-besorolas":[529],"problema":[82,84],"class_list":{"0":"post-1133","1":"product","2":"type-product","3":"status-publish","4":"has-post-thumbnail","6":"product_cat-alga","7":"product_tag-100-organikus","8":"product_tag-ecklonia-alga","9":"product_tag-vegyszermentes","10":"pa_urtartalom-1-l","11":"pa_urtartalom-10-l","12":"stickerek-es-engedelyek-biocert","13":"stickerek-es-engedelyek-ecocert","14":"stickerek-es-engedelyek-fibl","15":"stickerek-es-engedelyek-kiwa","16":"termek-besorolas-alap","17":"problema-maximalis-gyokeresites","18":"problema-optimalis-viragzas-tamogatasa","19":"member-discount","20":"discount-restricted","22":"first","23":"instock","24":"taxable","25":"shipping-taxable","26":"purchasable","27":"product-type-variable"},"bundled_by":["16639","18561"],"bundle_stock_status":"instock","bundle_stock_quantity":null,"bundle_virtual":false,"bundle_layout":"","bundle_add_to_cart_form_location":"","bundle_editable_in_cart":false,"bundle_sold_individually_context":"","bundle_item_grouping":"","bundle_min_size":"","bundle_max_size":"","bundle_price":[],"bundled_items":[],"bundle_sell_ids":[],"yoast_head":"<!-- This site is optimized with the Yoast SEO Premium plugin v26.9 (Yoast SEO v26.9) - https:\/\/yoast.com\/product\/yoast-seo-premium-wordpress\/ -->\n<title>Kelpak - DanubaGarden<\/title>\n<meta name=\"description\" content=\"Tengeri alga: Intenz\u00edvebb gy\u00f6keresed\u00e9s \u00e9s t\u00f6k\u00e9letes vir\u00e1gz\u00e1s, jav\u00edtja a stressz ellen\u00e1ll\u00f3s\u00e1got, fokozott gy\u00f6k\u00e9r- \u00e9s gy\u00fcm\u00f6lcsn\u00f6veked\u00e9s, sejtmembr\u00e1n er\u0151s\u00f6d\u00e9s\" \/>\n<meta name=\"robots\" content=\"index, follow, max-snippet:-1, max-image-preview:large, max-video-preview:-1\" \/>\n<link rel=\"canonical\" href=\"https:\/\/danubagarden.hu\/en\/product\/kelpak\/\" \/>\n<meta property=\"og:locale\" content=\"en_GB\" \/>\n<meta property=\"og:type\" content=\"article\" \/>\n<meta property=\"og:title\" content=\"Kelpak\" \/>\n<meta property=\"og:description\" content=\"Tengeri alga: Intenz\u00edvebb gy\u00f6keresed\u00e9s \u00e9s t\u00f6k\u00e9letes vir\u00e1gz\u00e1s, jav\u00edtja a stressz ellen\u00e1ll\u00f3s\u00e1got, fokozott gy\u00f6k\u00e9r- \u00e9s gy\u00fcm\u00f6lcsn\u00f6veked\u00e9s, sejtmembr\u00e1n er\u0151s\u00f6d\u00e9s\" \/>\n<meta property=\"og:url\" content=\"https:\/\/danubagarden.hu\/en\/product\/kelpak\/\" \/>\n<meta property=\"og:site_name\" content=\"DanubaGarden\" \/>\n<meta property=\"article:modified_time\" content=\"2026-04-14T12:20:03+00:00\" \/>\n<meta property=\"og:image\" content=\"https:\/\/danubagarden.hu\/wp-content\/uploads\/IMG_7302.png\" \/>\n\t<meta property=\"og:image:width\" content=\"528\" \/>\n\t<meta property=\"og:image:height\" content=\"1648\" \/>\n\t<meta property=\"og:image:type\" content=\"image\/png\" \/>\n<meta name=\"twitter:card\" content=\"summary_large_image\" \/>\n<meta name=\"twitter:label1\" content=\"Availability\" \/>\n\t<meta name=\"twitter:data1\" content=\"In stock\" \/>\n<script type=\"application\/ld+json\" class=\"yoast-schema-graph\">{\"@context\":\"https:\/\/schema.org\",\"@graph\":[{\"@type\":\"WebPage\",\"@id\":\"https:\/\/danubagarden.hu\/termek\/kelpak\/\",\"url\":\"https:\/\/danubagarden.hu\/termek\/kelpak\/\",\"name\":\"Kelpak - DanubaGarden\",\"isPartOf\":{\"@id\":\"https:\/\/danubagarden.hu\/#website\"},\"primaryImageOfPage\":{\"@id\":\"https:\/\/danubagarden.hu\/termek\/kelpak\/#primaryimage\"},\"image\":{\"@id\":\"https:\/\/danubagarden.hu\/termek\/kelpak\/#primaryimage\"},\"thumbnailUrl\":\"https:\/\/danubagarden.hu\/wp-content\/uploads\/IMG_7302.png\",\"datePublished\":\"2023-02-24T01:32:22+00:00\",\"dateModified\":\"2026-04-14T12:20:03+00:00\",\"description\":\"Tengeri alga: Intenz\u00edvebb gy\u00f6keresed\u00e9s \u00e9s t\u00f6k\u00e9letes vir\u00e1gz\u00e1s, jav\u00edtja a stressz ellen\u00e1ll\u00f3s\u00e1got, fokozott gy\u00f6k\u00e9r- \u00e9s gy\u00fcm\u00f6lcsn\u00f6veked\u00e9s, sejtmembr\u00e1n er\u0151s\u00f6d\u00e9s\",\"breadcrumb\":{\"@id\":\"https:\/\/danubagarden.hu\/termek\/kelpak\/#breadcrumb\"},\"inLanguage\":\"en-GB\",\"potentialAction\":[{\"@type\":\"ReadAction\",\"target\":[\"https:\/\/danubagarden.hu\/termek\/kelpak\/\"]}]},{\"@type\":\"ImageObject\",\"inLanguage\":\"en-GB\",\"@id\":\"https:\/\/danubagarden.hu\/termek\/kelpak\/#primaryimage\",\"url\":\"https:\/\/danubagarden.hu\/wp-content\/uploads\/IMG_7302.png\",\"contentUrl\":\"https:\/\/danubagarden.hu\/wp-content\/uploads\/IMG_7302.png\",\"width\":528,\"height\":1648,\"caption\":\"Kelpak 1L\"},{\"@type\":\"BreadcrumbList\",\"@id\":\"https:\/\/danubagarden.hu\/termek\/kelpak\/#breadcrumb\",\"itemListElement\":[{\"@type\":\"ListItem\",\"position\":1,\"name\":\"Home\",\"item\":\"https:\/\/danubagarden.hu\/\"},{\"@type\":\"ListItem\",\"position\":2,\"name\":\"Webshop\",\"item\":\"https:\/\/danubagarden.hu\/webshop\/\"},{\"@type\":\"ListItem\",\"position\":3,\"name\":\"Kelpak\"}]},{\"@type\":\"WebSite\",\"@id\":\"https:\/\/danubagarden.hu\/#website\",\"url\":\"https:\/\/danubagarden.hu\/\",\"name\":\"DanubaGarden\",\"description\":\"\",\"publisher\":{\"@id\":\"https:\/\/danubagarden.hu\/#organization\"},\"potentialAction\":[{\"@type\":\"SearchAction\",\"target\":{\"@type\":\"EntryPoint\",\"urlTemplate\":\"https:\/\/danubagarden.hu\/?s={search_term_string}\"},\"query-input\":{\"@type\":\"PropertyValueSpecification\",\"valueRequired\":true,\"valueName\":\"search_term_string\"}}],\"inLanguage\":\"en-GB\"},{\"@type\":\"Organization\",\"@id\":\"https:\/\/danubagarden.hu\/#organization\",\"name\":\"DanubaGarden\",\"url\":\"https:\/\/danubagarden.hu\/\",\"logo\":{\"@type\":\"ImageObject\",\"inLanguage\":\"en-GB\",\"@id\":\"https:\/\/danubagarden.hu\/#\/schema\/logo\/image\/\",\"url\":\"https:\/\/danubagarden.hu\/wp-content\/uploads\/logo.png\",\"contentUrl\":\"https:\/\/danubagarden.hu\/wp-content\/uploads\/logo.png\",\"width\":512,\"height\":264,\"caption\":\"DanubaGarden\"},\"image\":{\"@id\":\"https:\/\/danubagarden.hu\/#\/schema\/logo\/image\/\"}}]}<\/script>\n<meta property=\"og:availability\" content=\"instock\" \/>\n<meta property=\"product:availability\" content=\"instock\" \/>\n<meta property=\"product:condition\" content=\"new\" \/>\n<!-- \/ Yoast SEO Premium plugin. -->","yoast_head_json":{"title":"Kelpak - DanubaGarden","description":"Seaweed: more intensive rooting and perfect flowering, improves stress resistance, enhanced root and fruit growth, cell membrane strengthening","robots":{"index":"index","follow":"follow","max-snippet":"max-snippet:-1","max-image-preview":"max-image-preview:large","max-video-preview":"max-video-preview:-1"},"canonical":"https:\/\/danubagarden.hu\/en\/product\/kelpak\/","og_locale":"en_GB","og_type":"article","og_title":"Kelpak","og_description":"Tengeri alga: Intenz\u00edvebb gy\u00f6keresed\u00e9s \u00e9s t\u00f6k\u00e9letes vir\u00e1gz\u00e1s, jav\u00edtja a stressz ellen\u00e1ll\u00f3s\u00e1got, fokozott gy\u00f6k\u00e9r- \u00e9s gy\u00fcm\u00f6lcsn\u00f6veked\u00e9s, sejtmembr\u00e1n er\u0151s\u00f6d\u00e9s","og_url":"https:\/\/danubagarden.hu\/en\/product\/kelpak\/","og_site_name":"DanubaGarden","article_modified_time":"2026-04-14T12:20:03+00:00","og_image":[{"width":528,"height":1648,"url":"https:\/\/danubagarden.hu\/wp-content\/uploads\/IMG_7302.png","type":"image\/png"}],"twitter_card":"summary_large_image","twitter_misc":{"Availability":"In stock"},"schema":{"@context":"https:\/\/schema.org","@graph":[{"@type":"WebPage","@id":"https:\/\/danubagarden.hu\/termek\/kelpak\/","url":"https:\/\/danubagarden.hu\/termek\/kelpak\/","name":"Kelpak - DanubaGarden","isPartOf":{"@id":"https:\/\/danubagarden.hu\/#website"},"primaryImageOfPage":{"@id":"https:\/\/danubagarden.hu\/termek\/kelpak\/#primaryimage"},"image":{"@id":"https:\/\/danubagarden.hu\/termek\/kelpak\/#primaryimage"},"thumbnailUrl":"https:\/\/danubagarden.hu\/wp-content\/uploads\/IMG_7302.png","datePublished":"2023-02-24T01:32:22+00:00","dateModified":"2026-04-14T12:20:03+00:00","description":"Seaweed: more intensive rooting and perfect flowering, improves stress resistance, enhanced root and fruit growth, cell membrane strengthening","breadcrumb":{"@id":"https:\/\/danubagarden.hu\/termek\/kelpak\/#breadcrumb"},"inLanguage":"en-GB","potentialAction":[{"@type":"ReadAction","target":["https:\/\/danubagarden.hu\/termek\/kelpak\/"]}]},{"@type":"ImageObject","inLanguage":"en-GB","@id":"https:\/\/danubagarden.hu\/termek\/kelpak\/#primaryimage","url":"https:\/\/danubagarden.hu\/wp-content\/uploads\/IMG_7302.png","contentUrl":"https:\/\/danubagarden.hu\/wp-content\/uploads\/IMG_7302.png","width":528,"height":1648,"caption":"Kelpak 1L"},{"@type":"BreadcrumbList","@id":"https:\/\/danubagarden.hu\/termek\/kelpak\/#breadcrumb","itemListElement":[{"@type":"ListItem","position":1,"name":"Home","item":"https:\/\/danubagarden.hu\/"},{"@type":"ListItem","position":2,"name":"Webshop","item":"https:\/\/danubagarden.hu\/webshop\/"},{"@type":"ListItem","position":3,"name":"Kelpak"}]},{"@type":"WebSite","@id":"https:\/\/danubagarden.hu\/#website","url":"https:\/\/danubagarden.hu\/","name":"DanubaGarden","description":"","publisher":{"@id":"https:\/\/danubagarden.hu\/#organization"},"potentialAction":[{"@type":"SearchAction","target":{"@type":"EntryPoint","urlTemplate":"https:\/\/danubagarden.hu\/?s={search_term_string}"},"query-input":{"@type":"PropertyValueSpecification","valueRequired":true,"valueName":"search_term_string"}}],"inLanguage":"en-GB"},{"@type":"Organization","@id":"https:\/\/danubagarden.hu\/#organization","name":"DanubaGarden","url":"https:\/\/danubagarden.hu\/","logo":{"@type":"ImageObject","inLanguage":"en-GB","@id":"https:\/\/danubagarden.hu\/#\/schema\/logo\/image\/","url":"https:\/\/danubagarden.hu\/wp-content\/uploads\/logo.png","contentUrl":"https:\/\/danubagarden.hu\/wp-content\/uploads\/logo.png","width":512,"height":264,"caption":"DanubaGarden"},"image":{"@id":"https:\/\/danubagarden.hu\/#\/schema\/logo\/image\/"}}]},"og_availability":"instock","product_availability":"instock","product_condition":"new"},"_links":{"self":[{"href":"https:\/\/danubagarden.hu\/en\/wp-json\/wp\/v2\/product\/1133","targetHints":{"allow":["GET"]}}],"collection":[{"href":"https:\/\/danubagarden.hu\/en\/wp-json\/wp\/v2\/product"}],"about":[{"href":"https:\/\/danubagarden.hu\/en\/wp-json\/wp\/v2\/types\/product"}],"wp:featuredmedia":[{"embeddable":true,"href":"https:\/\/danubagarden.hu\/en\/wp-json\/wp\/v2\/media\/16651"}],"wp:attachment":[{"href":"https:\/\/danubagarden.hu\/en\/wp-json\/wp\/v2\/media?parent=1133"}],"wp:term":[{"taxonomy":"product_brand","embeddable":true,"href":"https:\/\/danubagarden.hu\/en\/wp-json\/wp\/v2\/product_brand?post=1133"},{"taxonomy":"product_cat","embeddable":true,"href":"https:\/\/danubagarden.hu\/en\/wp-json\/wp\/v2\/product_cat?post=1133"},{"taxonomy":"product_tag","embeddable":true,"href":"https:\/\/danubagarden.hu\/en\/wp-json\/wp\/v2\/product_tag?post=1133"},{"taxonomy":"stickerek-es-engedelyek","embeddable":true,"href":"https:\/\/danubagarden.hu\/en\/wp-json\/wp\/v2\/stickerek-es-engedelyek?post=1133"},{"taxonomy":"termek-besorolas","embeddable":true,"href":"https:\/\/danubagarden.hu\/en\/wp-json\/wp\/v2\/termek-besorolas?post=1133"},{"taxonomy":"problema","embeddable":true,"href":"https:\/\/danubagarden.hu\/en\/wp-json\/wp\/v2\/problema?post=1133"}],"curies":[{"name":"wp","href":"https:\/\/api.w.org\/{rel}","templated":true}]}}