{"id":1253,"date":"2023-02-26T20:44:14","date_gmt":"2023-02-26T20:44:14","guid":{"rendered":"https:\/\/danubagarden.hu\/?post_type=product&#038;p=1253"},"modified":"2026-04-14T23:52:10","modified_gmt":"2026-04-14T22:52:10","slug":"inomyc","status":"publish","type":"product","link":"https:\/\/danubagarden.hu\/en\/product\/inomyc\/","title":{"rendered":"InoMyc"},"content":{"rendered":"<div class=\"page\" title=\"Page 6\">\n<div class=\"section\">\n<div class=\"layoutArea\">\n<div class=\"column\">\n<p><strong>Storage of the product<\/strong><\/p>\n<p>Between 5 and 30 degrees Celsius in its original packaging, the product will keep its expiry date for at least 18 months. It should be applied as soon as possible after opening but stored tightly resealed and refrigerated for up to 6 months without deterioration.<\/p>\n<\/div>\n<\/div>\n<\/div>\n<\/div>\n<p>&nbsp;<\/p>\n<p><strong>\ud83d\udc69\u200d\ud83c\udf3e What is Ino Myc good for?<\/strong><\/p>\n<p>30-50% increases the plant's water and nutrient uptake, so you can expect higher yields even in drought or poor soils. Improves soil structure and water-holding capacity. Increases plant resistance to soil-borne pathogens and pests. Mycorrhizal fungi were associated with plants 400-500 M years ago, when they \"emerged\" from the ancestral soil.<\/p>\n<p>&nbsp;<\/p>\n<div class=\"product__description\">\n<p class=\"ql-align-justify\"><strong>\ud83d\udca6 Why can mycorrhizal fungi give more water and nutrients to the crop?<\/strong><\/p>\n<p class=\"ql-align-justify\">The filament of the mycorrhizal fungus is an order of magnitude thinner than the hair root of the host plant. This allows it to enter places where the crop plant cannot. The fungus also secretes other acids and enzymes that make it able to absorb extra nutrients.<\/p>\n<p>&nbsp;<\/p>\n<p class=\"ql-align-justify\"><strong>\ud83d\udcaa Which plants are more or less colonised by mycorrhiza?<\/strong><\/p>\n<p class=\"ql-align-justify\">In the case of grapes and fruit, as well as our 90% crops, a very strong symbiosis is developing. However, some plants are less able to establish a symbiotic relationship with mycorrhizae, such as the pigweeds (Amaranthaceae family) such as sugar beet or the Brassicaceae such as rape, cabbage, mustard and horseradish.<\/p>\n<p class=\"ql-align-justify\">There are some plants, e.g. pines, where the hyphal filament of the mycorrhizal fungus does not penetrate the roots of the plant - and creates arbuscules, i.e. where the exchange\/bartering takes place - but only grows around the roots. These latter are the ecto mycorrhizas.<\/p>\n<p>&nbsp;<\/p>\n<p class=\"ql-align-justify\"><strong>\ud83c\udf44 Can all mycorrhizae invade and symbiose with the host plant?<\/strong><\/p>\n<p class=\"ql-align-justify\">This may be a bit more scientific and more professional information, but only arbuscular mycorrhizal fungi, the oldest and most common type of mycorrhizae, can make this connection. The hyphal filaments of these arbuscular mycorrhizal fungi can penetrate the cell wall of the plant root's cortical cells. In the root, hyphae can form special formations called vesicles and arbuscules, which have a storage and surface-enriching role. These symbiotic mycorrhizal fungi are uniformly classified in the phylum Glomeromycota.<\/p>\n<\/div>\n<p>&nbsp;<\/p>\n<p><b>\ud83e\uddd0 Did you know?<\/b><\/p>\n<p><span style=\"font-weight: 400;\">What is a mycorrhizal fungus? Mycorrhizal fungi have supported plants for millions of years, helping them to absorb sufficient water and nutrients in poor soil conditions. This is not a charitable activity, but in return, the plant provides the fungus with ready-made nutrients (e.g. sugars and amino acids).<\/span><\/p>\n<p>&nbsp;<\/p>\n<p><b>\ud83c\udf44 Micorrhiza fungi as a bodyguard<\/b><\/p>\n<p><span style=\"font-weight: 400;\">The fungus mychorrhiza secretes substances that can inhibit the attack of harmful nematodes (nematodes), bacteria and fungi in the soil. It is also in its interest to protect the host. In this way, we can increase the plant's resistance. Mycorrhizal fungi can take up a significant amount of iron from the soil, which is mainly needed for the growth of harmful fungi.<\/span><\/p>\n<p>&nbsp;<\/p>\n<p>\ud83c\udf31<strong> Turf and InoMyc<\/strong><\/p>\n<div class=\"group\/conversation-turn relative flex w-full min-w-0 flex-col agent-turn\">\n<div class=\"flex-col gap-1 md:gap-3\">\n<div class=\"flex flex-grow flex-col max-w-full\">\n<div class=\"min-h-[20px] text-message flex flex-col items-start whitespace-pre-wrap break-words [.text-message+&amp;]:mt-5 juice:w-full juice:items-end overflow-x-auto gap-3\" dir=\"auto\" data-message-author-role=\"assistant\" data-message-id=\"bb770325-1fa2-4e49-82fb-6509d2223c2b\">\n<div class=\"markdown prose w-full break-words dark:prose-invert light\">\n<p>The link between mycorrhizal fungi and fertilisation plays a key role in plant health. Mycorrhizal fungi are most likely to interact with plants when they have difficulty absorbing nutrients, especially phosphorus, from the soil. If too much fertiliser is applied, plants tend to become 'complacent' and rely less on the benefits provided by mycorrhizal fungi.<\/p>\n<p>Ino Myc mycorrhiza is optimally applied after the last fertiliser application. This will allow the lawn to rely on natural nutrient sources after fertilizer application has finished, which will improve the long-term health and resilience of the lawn.<\/p>\n<p>&nbsp;<\/p>\n<p><strong>\u2728 Instead of fertilizer:\u00a0<\/strong><\/p>\n<p>To maintain a healthy lawn in the long term, we recommend gradually reducing fertilizer use and exploring organic nutrient replenishment options. Our Ino Myc formulation is an excellent way to support the natural nutrient supply of the lawn, so it can remain vigorous without the use of lawn fertiliser.<\/p>\n<\/div>\n<\/div>\n<\/div>\n<\/div>\n<\/div>","protected":false},"excerpt":{"rendered":"<h3><span style=\"color: #ff0000;\">-50% discount<\/span><\/h3>\n<p><b>Liquid Micorrhiza, the companion of your plant for a lifetime<\/b><\/p>\n<p>&nbsp;<\/p>\n<p><b>Dose:<\/b><span style=\"font-weight: 400;\"> 0.5-1 litre per hectare, 5 ml per planting hole, can be applied to roots, 1 dl per 400 m2<\/span><\/p>\n<p><b>What is Ino Myc good for?<\/b><\/p>\n<ol>\n<li style=\"font-weight: 400;\"><span style=\"font-weight: 400;\">30-50% increases the plant's water and nutrient uptake, so you can expect higher yields even in drought or poor soils<\/span><\/li>\n<li style=\"font-weight: 400;\"><span style=\"font-weight: 400;\">Improves soil structure and water retention capacity<\/span><\/li>\n<li style=\"font-weight: 400;\"><span style=\"font-weight: 400;\">Increases plant resistance to pathogens and pests that attack from the soil<\/span><\/li>\n<li style=\"font-weight: 400;\"><span style=\"font-weight: 400;\">Mycorrhizal fungi were associated with plants 400-500 M years ago, when they \"exited\" the ancestral backbone<\/span><\/li>\n<\/ol>\n<p>&nbsp;<\/p>\n<div class=\"page\" title=\"Page 6\">\n<div class=\"section\">\n<div class=\"layoutArea\">\n<div class=\"column\">\n<p><strong>How to apply?<\/strong><\/p>\n<p>2-10 ml per planting hole, depending on its size. Applied over the whole surface, a 0,5L spray is sufficient to treat an area of 1-2.000 m2. It can be diluted with water for ease of application.<\/p>\n<\/div>\n<\/div>\n<\/div>\n<\/div>\n<p><strong>Composition:<\/strong> 1,000 spores\/ml of Rhizophagus irregularis fungus strain DAOM 197198.<\/p>\n<p>&nbsp;<\/p>\n<p>&nbsp;<\/p>\n<p><strong>Scroll down and read more \u2b07\ufe0f<\/strong><\/p>","protected":false},"featured_media":1843,"template":"","meta":[],"product_brand":[],"product_cat":[26],"product_tag":[45,69,43],"stickerek-es-engedelyek":[633,634,714,668],"termek-besorolas":[529],"problema":[83,86],"class_list":{"0":"post-1253","1":"product","2":"type-product","3":"status-publish","4":"has-post-thumbnail","6":"product_cat-mikorrhiza-gomba","7":"product_tag-100-organikus","8":"product_tag-gyokeresedes-kezdeti-novekedes","9":"product_tag-vegyszermentes","10":"pa_urtartalom-0-5-l","11":"stickerek-es-engedelyek-biokontrol","12":"stickerek-es-engedelyek-biocert","13":"stickerek-es-engedelyek-fibl","14":"stickerek-es-engedelyek-nebih-okoengedely","15":"termek-besorolas-alap","16":"problema-intenziv-novekedes-tamogatasa","17":"problema-talaj-vitalitas-novelese","18":"member-discount","19":"discount-restricted","21":"first","22":"instock","23":"sale","24":"taxable","25":"shipping-taxable","26":"purchasable","27":"product-type-simple"},"bundled_by":["12765"],"bundle_stock_status":"instock","bundle_stock_quantity":58,"bundle_virtual":false,"bundle_layout":"","bundle_add_to_cart_form_location":"","bundle_editable_in_cart":false,"bundle_sold_individually_context":"","bundle_item_grouping":"","bundle_min_size":"","bundle_max_size":"","bundle_price":[],"bundled_items":[],"bundle_sell_ids":[],"yoast_head":"<!-- This site is optimized with the Yoast SEO Premium plugin v26.9 (Yoast SEO v26.9) - https:\/\/yoast.com\/product\/yoast-seo-premium-wordpress\/ -->\n<title>InoMyc - DanubaGarden<\/title>\n<meta name=\"description\" content=\"Mikorrhiza gomba: n\u00f6veli a n\u00f6v\u00e9ny v\u00edz \u00e9s t\u00e1panyagfelv\u00e9tel\u00e9t, jav\u00edtja a talaj szerkezet\u00e9t \u00e9s v\u00edzmegtart\u00f3 kapacit\u00e1s\u00e1t, fokozza a n\u00f6v\u00e9ny ellen\u00e1ll\u00f3-k\u00e9pess\u00e9g\u00e9t\" \/>\n<meta name=\"robots\" content=\"index, follow, max-snippet:-1, max-image-preview:large, max-video-preview:-1\" \/>\n<link rel=\"canonical\" href=\"https:\/\/danubagarden.hu\/en\/product\/inomyc\/\" \/>\n<meta property=\"og:locale\" content=\"en_GB\" \/>\n<meta property=\"og:type\" content=\"article\" \/>\n<meta property=\"og:title\" content=\"InoMyc\" \/>\n<meta property=\"og:description\" content=\"Mikorrhiza gomba: n\u00f6veli a n\u00f6v\u00e9ny v\u00edz \u00e9s t\u00e1panyagfelv\u00e9tel\u00e9t, jav\u00edtja a talaj szerkezet\u00e9t \u00e9s v\u00edzmegtart\u00f3 kapacit\u00e1s\u00e1t, fokozza a n\u00f6v\u00e9ny ellen\u00e1ll\u00f3-k\u00e9pess\u00e9g\u00e9t\" \/>\n<meta property=\"og:url\" content=\"https:\/\/danubagarden.hu\/en\/product\/inomyc\/\" \/>\n<meta property=\"og:site_name\" content=\"DanubaGarden\" \/>\n<meta property=\"article:modified_time\" content=\"2026-04-14T22:52:10+00:00\" \/>\n<meta property=\"og:image\" content=\"https:\/\/danubagarden.hu\/wp-content\/uploads\/Ino-myc_3L.png\" \/>\n\t<meta property=\"og:image:width\" content=\"2048\" \/>\n\t<meta property=\"og:image:height\" content=\"2048\" \/>\n\t<meta property=\"og:image:type\" content=\"image\/png\" \/>\n<meta name=\"twitter:card\" content=\"summary_large_image\" \/>\n<meta name=\"twitter:label1\" content=\"Price\" \/>\n\t<meta name=\"twitter:data1\" content=\"10.160&nbsp;&#070;&#116;\" \/>\n\t<meta name=\"twitter:label2\" content=\"Availability\" \/>\n\t<meta name=\"twitter:data2\" content=\"In stock\" \/>\n<script type=\"application\/ld+json\" class=\"yoast-schema-graph\">{\"@context\":\"https:\/\/schema.org\",\"@graph\":[{\"@type\":\"WebPage\",\"@id\":\"https:\/\/danubagarden.hu\/termek\/inomyc\/\",\"url\":\"https:\/\/danubagarden.hu\/termek\/inomyc\/\",\"name\":\"InoMyc - DanubaGarden\",\"isPartOf\":{\"@id\":\"https:\/\/danubagarden.hu\/#website\"},\"primaryImageOfPage\":{\"@id\":\"https:\/\/danubagarden.hu\/termek\/inomyc\/#primaryimage\"},\"image\":{\"@id\":\"https:\/\/danubagarden.hu\/termek\/inomyc\/#primaryimage\"},\"thumbnailUrl\":\"https:\/\/danubagarden.hu\/wp-content\/uploads\/Ino-myc_3L.png\",\"datePublished\":\"2023-02-26T20:44:14+00:00\",\"dateModified\":\"2026-04-14T22:52:10+00:00\",\"description\":\"Mikorrhiza gomba: n\u00f6veli a n\u00f6v\u00e9ny v\u00edz \u00e9s t\u00e1panyagfelv\u00e9tel\u00e9t, jav\u00edtja a talaj szerkezet\u00e9t \u00e9s v\u00edzmegtart\u00f3 kapacit\u00e1s\u00e1t, fokozza a n\u00f6v\u00e9ny ellen\u00e1ll\u00f3-k\u00e9pess\u00e9g\u00e9t\",\"breadcrumb\":{\"@id\":\"https:\/\/danubagarden.hu\/termek\/inomyc\/#breadcrumb\"},\"inLanguage\":\"en-GB\",\"potentialAction\":[{\"@type\":\"ReadAction\",\"target\":[\"https:\/\/danubagarden.hu\/termek\/inomyc\/\"]}]},{\"@type\":\"ImageObject\",\"inLanguage\":\"en-GB\",\"@id\":\"https:\/\/danubagarden.hu\/termek\/inomyc\/#primaryimage\",\"url\":\"https:\/\/danubagarden.hu\/wp-content\/uploads\/Ino-myc_3L.png\",\"contentUrl\":\"https:\/\/danubagarden.hu\/wp-content\/uploads\/Ino-myc_3L.png\",\"width\":2048,\"height\":2048,\"caption\":\"InoMyc\"},{\"@type\":\"BreadcrumbList\",\"@id\":\"https:\/\/danubagarden.hu\/termek\/inomyc\/#breadcrumb\",\"itemListElement\":[{\"@type\":\"ListItem\",\"position\":1,\"name\":\"Home\",\"item\":\"https:\/\/danubagarden.hu\/\"},{\"@type\":\"ListItem\",\"position\":2,\"name\":\"Webshop\",\"item\":\"https:\/\/danubagarden.hu\/webshop\/\"},{\"@type\":\"ListItem\",\"position\":3,\"name\":\"InoMyc\"}]},{\"@type\":\"WebSite\",\"@id\":\"https:\/\/danubagarden.hu\/#website\",\"url\":\"https:\/\/danubagarden.hu\/\",\"name\":\"DanubaGarden\",\"description\":\"\",\"publisher\":{\"@id\":\"https:\/\/danubagarden.hu\/#organization\"},\"potentialAction\":[{\"@type\":\"SearchAction\",\"target\":{\"@type\":\"EntryPoint\",\"urlTemplate\":\"https:\/\/danubagarden.hu\/?s={search_term_string}\"},\"query-input\":{\"@type\":\"PropertyValueSpecification\",\"valueRequired\":true,\"valueName\":\"search_term_string\"}}],\"inLanguage\":\"en-GB\"},{\"@type\":\"Organization\",\"@id\":\"https:\/\/danubagarden.hu\/#organization\",\"name\":\"DanubaGarden\",\"url\":\"https:\/\/danubagarden.hu\/\",\"logo\":{\"@type\":\"ImageObject\",\"inLanguage\":\"en-GB\",\"@id\":\"https:\/\/danubagarden.hu\/#\/schema\/logo\/image\/\",\"url\":\"https:\/\/danubagarden.hu\/wp-content\/uploads\/logo.png\",\"contentUrl\":\"https:\/\/danubagarden.hu\/wp-content\/uploads\/logo.png\",\"width\":512,\"height\":264,\"caption\":\"DanubaGarden\"},\"image\":{\"@id\":\"https:\/\/danubagarden.hu\/#\/schema\/logo\/image\/\"}}]}<\/script>\n<meta property=\"product:price:amount\" content=\"10160\" \/>\n<meta property=\"product:price:currency\" content=\"HUF\" \/>\n<meta property=\"og:availability\" content=\"instock\" \/>\n<meta property=\"product:availability\" content=\"instock\" \/>\n<meta property=\"product:retailer_item_id\" content=\"00171\" \/>\n<meta property=\"product:condition\" content=\"new\" \/>\n<!-- \/ Yoast SEO Premium plugin. -->","yoast_head_json":{"title":"InoMyc - DanubaGarden","description":"Mycorrhizal fungi: increase the plant's water and nutrient uptake, improve soil structure and water retention capacity, increase plant resistance","robots":{"index":"index","follow":"follow","max-snippet":"max-snippet:-1","max-image-preview":"max-image-preview:large","max-video-preview":"max-video-preview:-1"},"canonical":"https:\/\/danubagarden.hu\/en\/product\/inomyc\/","og_locale":"en_GB","og_type":"article","og_title":"InoMyc","og_description":"Mikorrhiza gomba: n\u00f6veli a n\u00f6v\u00e9ny v\u00edz \u00e9s t\u00e1panyagfelv\u00e9tel\u00e9t, jav\u00edtja a talaj szerkezet\u00e9t \u00e9s v\u00edzmegtart\u00f3 kapacit\u00e1s\u00e1t, fokozza a n\u00f6v\u00e9ny ellen\u00e1ll\u00f3-k\u00e9pess\u00e9g\u00e9t","og_url":"https:\/\/danubagarden.hu\/en\/product\/inomyc\/","og_site_name":"DanubaGarden","article_modified_time":"2026-04-14T22:52:10+00:00","og_image":[{"width":2048,"height":2048,"url":"https:\/\/danubagarden.hu\/wp-content\/uploads\/Ino-myc_3L.png","type":"image\/png"}],"twitter_card":"summary_large_image","twitter_misc":{"Price":"10.160&nbsp;&#70;&#116;","Availability":"In stock"},"schema":{"@context":"https:\/\/schema.org","@graph":[{"@type":"WebPage","@id":"https:\/\/danubagarden.hu\/termek\/inomyc\/","url":"https:\/\/danubagarden.hu\/termek\/inomyc\/","name":"InoMyc - DanubaGarden","isPartOf":{"@id":"https:\/\/danubagarden.hu\/#website"},"primaryImageOfPage":{"@id":"https:\/\/danubagarden.hu\/termek\/inomyc\/#primaryimage"},"image":{"@id":"https:\/\/danubagarden.hu\/termek\/inomyc\/#primaryimage"},"thumbnailUrl":"https:\/\/danubagarden.hu\/wp-content\/uploads\/Ino-myc_3L.png","datePublished":"2023-02-26T20:44:14+00:00","dateModified":"2026-04-14T22:52:10+00:00","description":"Mycorrhizal fungi: increase the plant's water and nutrient uptake, improve soil structure and water retention capacity, increase plant resistance","breadcrumb":{"@id":"https:\/\/danubagarden.hu\/termek\/inomyc\/#breadcrumb"},"inLanguage":"en-GB","potentialAction":[{"@type":"ReadAction","target":["https:\/\/danubagarden.hu\/termek\/inomyc\/"]}]},{"@type":"ImageObject","inLanguage":"en-GB","@id":"https:\/\/danubagarden.hu\/termek\/inomyc\/#primaryimage","url":"https:\/\/danubagarden.hu\/wp-content\/uploads\/Ino-myc_3L.png","contentUrl":"https:\/\/danubagarden.hu\/wp-content\/uploads\/Ino-myc_3L.png","width":2048,"height":2048,"caption":"InoMyc"},{"@type":"BreadcrumbList","@id":"https:\/\/danubagarden.hu\/termek\/inomyc\/#breadcrumb","itemListElement":[{"@type":"ListItem","position":1,"name":"Home","item":"https:\/\/danubagarden.hu\/"},{"@type":"ListItem","position":2,"name":"Webshop","item":"https:\/\/danubagarden.hu\/webshop\/"},{"@type":"ListItem","position":3,"name":"InoMyc"}]},{"@type":"WebSite","@id":"https:\/\/danubagarden.hu\/#website","url":"https:\/\/danubagarden.hu\/","name":"DanubaGarden","description":"","publisher":{"@id":"https:\/\/danubagarden.hu\/#organization"},"potentialAction":[{"@type":"SearchAction","target":{"@type":"EntryPoint","urlTemplate":"https:\/\/danubagarden.hu\/?s={search_term_string}"},"query-input":{"@type":"PropertyValueSpecification","valueRequired":true,"valueName":"search_term_string"}}],"inLanguage":"en-GB"},{"@type":"Organization","@id":"https:\/\/danubagarden.hu\/#organization","name":"DanubaGarden","url":"https:\/\/danubagarden.hu\/","logo":{"@type":"ImageObject","inLanguage":"en-GB","@id":"https:\/\/danubagarden.hu\/#\/schema\/logo\/image\/","url":"https:\/\/danubagarden.hu\/wp-content\/uploads\/logo.png","contentUrl":"https:\/\/danubagarden.hu\/wp-content\/uploads\/logo.png","width":512,"height":264,"caption":"DanubaGarden"},"image":{"@id":"https:\/\/danubagarden.hu\/#\/schema\/logo\/image\/"}}]},"product_price_amount":"10160","product_price_currency":"HUF","og_availability":"instock","product_availability":"instock","product_retailer_item_id":"00171","product_condition":"new"},"_links":{"self":[{"href":"https:\/\/danubagarden.hu\/en\/wp-json\/wp\/v2\/product\/1253","targetHints":{"allow":["GET"]}}],"collection":[{"href":"https:\/\/danubagarden.hu\/en\/wp-json\/wp\/v2\/product"}],"about":[{"href":"https:\/\/danubagarden.hu\/en\/wp-json\/wp\/v2\/types\/product"}],"wp:featuredmedia":[{"embeddable":true,"href":"https:\/\/danubagarden.hu\/en\/wp-json\/wp\/v2\/media\/1843"}],"wp:attachment":[{"href":"https:\/\/danubagarden.hu\/en\/wp-json\/wp\/v2\/media?parent=1253"}],"wp:term":[{"taxonomy":"product_brand","embeddable":true,"href":"https:\/\/danubagarden.hu\/en\/wp-json\/wp\/v2\/product_brand?post=1253"},{"taxonomy":"product_cat","embeddable":true,"href":"https:\/\/danubagarden.hu\/en\/wp-json\/wp\/v2\/product_cat?post=1253"},{"taxonomy":"product_tag","embeddable":true,"href":"https:\/\/danubagarden.hu\/en\/wp-json\/wp\/v2\/product_tag?post=1253"},{"taxonomy":"stickerek-es-engedelyek","embeddable":true,"href":"https:\/\/danubagarden.hu\/en\/wp-json\/wp\/v2\/stickerek-es-engedelyek?post=1253"},{"taxonomy":"termek-besorolas","embeddable":true,"href":"https:\/\/danubagarden.hu\/en\/wp-json\/wp\/v2\/termek-besorolas?post=1253"},{"taxonomy":"problema","embeddable":true,"href":"https:\/\/danubagarden.hu\/en\/wp-json\/wp\/v2\/problema?post=1253"}],"curies":[{"name":"wp","href":"https:\/\/api.w.org\/{rel}","templated":true}]}}