{"id":1280,"date":"2023-02-26T21:29:08","date_gmt":"2023-02-26T21:29:08","guid":{"rendered":"https:\/\/danubagarden.hu\/?post_type=product&#038;p=1280"},"modified":"2026-04-14T11:04:55","modified_gmt":"2026-04-14T10:04:55","slug":"starter-bio-bacteria","status":"publish","type":"product","link":"https:\/\/danubagarden.hu\/en\/product\/starter-bio-bacteria\/","title":{"rendered":"Starter Bio Bacteria"},"content":{"rendered":"<p><b>\ud83e\uddd0 What are bacteria and what is their role?<\/b><\/p>\n<p><b>Bacillus megaterium\u00a0<\/b><\/p>\n<ul>\n<li style=\"font-weight: 400;\"><span style=\"font-weight: 400;\">mineral bound phosphorus solubilisation\u00a0<\/span><\/li>\n<li style=\"font-weight: 400;\"><span style=\"font-weight: 400;\">production of plant hormones\u00a0<\/span><\/li>\n<li style=\"font-weight: 400;\"><span style=\"font-weight: 400;\">stimulation of germination\u00a0<\/span><\/li>\n<li style=\"font-weight: 400;\"><span style=\"font-weight: 400;\">very fast growth and highly adaptable to different soils\u00a0<\/span><\/li>\n<li style=\"font-weight: 400;\"><span style=\"font-weight: 400;\">dissolving bound phosphorus even in alkaline soils\u00a0<\/span><\/li>\n<\/ul>\n<p><b>Streptomyces beta-vulgaris\u00a0<\/b><\/p>\n<ul>\n<li style=\"font-weight: 400;\"><span style=\"font-weight: 400;\">production of plant hormones (significant auxin production capacity)<\/span><\/li>\n<li style=\"font-weight: 400;\"><span style=\"font-weight: 400;\">stimulation of the root system<\/span><span style=\"font-weight: 400;\"><br \/>\n<\/span><span style=\"font-weight: 400;\">stimulation of soil microbial activity - growth over greater distances,\u00a0<\/span><\/li>\n<li style=\"font-weight: 400;\"><span style=\"font-weight: 400;\">thus crowding out other microorganisms<\/span><span style=\"font-weight: 400;\"><br \/>\n<\/span><span style=\"font-weight: 400;\">sequestration of soil iron (Fe), harmful\u00a0<\/span><\/li>\n<li style=\"font-weight: 400;\"><span style=\"font-weight: 400;\">making it difficult for micro-organisms to multiply\u00a0<\/span><\/li>\n<\/ul>\n<p><b>Burkholderia sp.\u00a0<\/b><\/p>\n<ul>\n<li style=\"font-weight: 400;\"><span style=\"font-weight: 400;\">fast growth, good adaptation\u00a0<\/span><\/li>\n<li style=\"font-weight: 400;\"><span style=\"font-weight: 400;\">making organic phosphorus absorbable\u00a0<\/span><\/li>\n<li style=\"font-weight: 400;\"><span style=\"font-weight: 400;\">auxin rooting hormone boost\u00a0<\/span><\/li>\n<li style=\"font-weight: 400;\"><span style=\"font-weight: 400;\">siderophore production (removal of iron from harmful microorganisms)<\/span><\/li>\n<li style=\"font-weight: 400;\"><span style=\"font-weight: 400;\">mobilisation of phosphorus in both acid and alkaline soils<\/span><\/li>\n<\/ul>\n<p>&nbsp;<\/p>\n<p>\ud83c\udded\ud83c\uddfa In Hungary, the first starter micro-granulate for organic farming, with a useful bacterial supplement. Furthermore, its high phosphorus content helps energy-intensive rooting. Dose: 15-20 kg\/ha<\/p>","protected":false},"excerpt":{"rendered":"<h3><span style=\"color: #ff6600;\"><strong>Coming soon \ud83d\udc9a<\/strong><\/span><\/h3>\n<p>&nbsp;<\/p>\n<p><b>Dose: <\/b>it is recommended to put a tablespoonful under smaller plants and a handful or two under larger ones in the planting hole.<\/p>\n<p>&nbsp;<\/p>\n<p><span style=\"font-weight: 400;\">In Hungary, the first organic starter micro-granulate - for planting, seedling - with useful bacteria. Furthermore, its high phosphorus content helps energy-intensive rooting.<\/span><\/p>\n<p>&nbsp;<\/p>\n<p><strong>Suggestions for use in the garden:<\/strong><\/p>\n<p>Place the product in the planting, planting hole, evenly spread and slightly mixed with the soil. As the active ingredients are of organic origin, it will not inhibit mycorrhizal contact, i.e. the <a href=\"https:\/\/danubagarden.hu\/en\/product\/mikomax-garden\/\">Mikomax Garden<\/a> will give you the right results! For even better results <a href=\"https:\/\/danubagarden.hu\/en\/product\/blackjak\/\">Blackjak<\/a> and <a href=\"https:\/\/danubagarden.hu\/en\/product\/kelpak\/\">Kelpak<\/a> watering is recommended!<\/p>\n<p>&nbsp;<\/p>\n<p><strong>Scroll down and read more \u2b07\ufe0f<\/strong><\/p>","protected":false},"featured_media":18518,"template":"","meta":[],"product_brand":[],"product_cat":[30],"product_tag":[45,69,43],"stickerek-es-engedelyek":[],"termek-besorolas":[529],"problema":[],"class_list":{"0":"post-1280","1":"product","2":"type-product","3":"status-publish","4":"has-post-thumbnail","6":"product_cat-hasznos-bakterium","7":"product_tag-100-organikus","8":"product_tag-gyokeresedes-kezdeti-novekedes","9":"product_tag-vegyszermentes","10":"pa_tomeg-1-kg","11":"pa_tomeg-20-kg","12":"termek-besorolas-alap","13":"member-discount","14":"discount-restricted","16":"first","17":"outofstock","18":"taxable","19":"shipping-taxable","20":"purchasable","21":"product-type-variable"},"bundled_by":[],"bundle_stock_status":"outofstock","bundle_stock_quantity":null,"bundle_virtual":false,"bundle_layout":"","bundle_add_to_cart_form_location":"","bundle_editable_in_cart":false,"bundle_sold_individually_context":"","bundle_item_grouping":"","bundle_min_size":"","bundle_max_size":"","bundle_price":[],"bundled_items":[],"bundle_sell_ids":[],"yoast_head":"<!-- This site is optimized with the Yoast SEO Premium plugin v26.9 (Yoast SEO v26.9) - https:\/\/yoast.com\/product\/yoast-seo-premium-wordpress\/ -->\n<title>Starter Bio Bakter - DanubaGarden<\/title>\n<meta name=\"robots\" content=\"index, follow, max-snippet:-1, max-image-preview:large, max-video-preview:-1\" \/>\n<link rel=\"canonical\" href=\"https:\/\/danubagarden.hu\/en\/product\/starter-bio-bacteria\/\" \/>\n<meta property=\"og:locale\" content=\"en_GB\" \/>\n<meta property=\"og:type\" content=\"article\" \/>\n<meta property=\"og:title\" content=\"Starter Bio Bakter\" \/>\n<meta property=\"og:description\" content=\"Hamarosan \u00e9rkezik \ud83d\udc9a &nbsp;  D\u00f3zis: kisebb n\u00f6v\u00e9nyek al\u00e1 ev\u0151kan\u00e1lnyi, nagyobbak al\u00e1 egy-k\u00e9t maroknyi mennyis\u00e9get javasolt tenni az \u00fcltet\u0151 g\u00f6d\u00f6rbe.  &nbsp;  Magyarorsza\u0301gon az elso\u030b bio, termeszte\u0301sben is haszna\u0301lhato\u0301 starter mikrogranula\u0301tum - \u00fcltet\u00e9shez, pal\u00e1nt\u00e1z\u00e1shoz -, hasznos bakte\u0301riumokkal. Tov\u00e1bb\u00e1 magas foszfor tartalma segi\u0301ti az energiaige\u0301nyes gyo\u0308keresede\u0301st.  &nbsp;  Haszn\u00e1lati javaslat a kertben:  A term\u00e9ket tegy\u00fck az \u00fcltet\u0151, pal\u00e1nt\u00e1z\u00f3 g\u00f6d\u00f6rbe egyenletesen elsz\u00f3rva, \u00e9s kicsit \u00f6sszekeverve a talajjal. Mivel a benne l\u00e9v\u0151 hat\u00f3anyagok organikus eredet\u0171ek, nem fogja g\u00e1tolni a mikorrhiza kapcsolatot, vagyis a Mikomax Garden haszn\u00e1lata megfelel\u0151 eredm\u00e9nyt hoz majd! M\u00e9g jobb hat\u00e1s\u00e9rt Blackjak \u00e9s Kelpak be\u00f6nt\u00f6z\u00e9s javasolt!  &nbsp;  G\u00f6rgess \u00e9s olvasss tov\u00e1bb \u2b07\ufe0f\" \/>\n<meta property=\"og:url\" content=\"https:\/\/danubagarden.hu\/en\/product\/starter-bio-bacteria\/\" \/>\n<meta property=\"og:site_name\" content=\"DanubaGarden\" \/>\n<meta property=\"article:modified_time\" content=\"2026-04-14T10:04:55+00:00\" \/>\n<meta property=\"og:image\" content=\"https:\/\/danubagarden.hu\/wp-content\/uploads\/starter_bio_bakter_1kg_latvany.png\" \/>\n\t<meta property=\"og:image:width\" content=\"1567\" \/>\n\t<meta property=\"og:image:height\" content=\"2048\" \/>\n\t<meta property=\"og:image:type\" content=\"image\/png\" \/>\n<meta name=\"twitter:card\" content=\"summary_large_image\" \/>\n<meta name=\"twitter:label1\" content=\"Availability\" \/>\n\t<meta name=\"twitter:data1\" content=\"Out of stock\" \/>\n<script type=\"application\/ld+json\" class=\"yoast-schema-graph\">{\"@context\":\"https:\/\/schema.org\",\"@graph\":[{\"@type\":\"WebPage\",\"@id\":\"https:\/\/danubagarden.hu\/termek\/starter-bio-bakter\/\",\"url\":\"https:\/\/danubagarden.hu\/termek\/starter-bio-bakter\/\",\"name\":\"Starter Bio Bakter - DanubaGarden\",\"isPartOf\":{\"@id\":\"https:\/\/danubagarden.hu\/#website\"},\"primaryImageOfPage\":{\"@id\":\"https:\/\/danubagarden.hu\/termek\/starter-bio-bakter\/#primaryimage\"},\"image\":{\"@id\":\"https:\/\/danubagarden.hu\/termek\/starter-bio-bakter\/#primaryimage\"},\"thumbnailUrl\":\"https:\/\/danubagarden.hu\/wp-content\/uploads\/starter_bio_bakter_1kg_latvany.png\",\"datePublished\":\"2023-02-26T21:29:08+00:00\",\"dateModified\":\"2026-04-14T10:04:55+00:00\",\"breadcrumb\":{\"@id\":\"https:\/\/danubagarden.hu\/termek\/starter-bio-bakter\/#breadcrumb\"},\"inLanguage\":\"en-GB\",\"potentialAction\":[{\"@type\":\"ReadAction\",\"target\":[\"https:\/\/danubagarden.hu\/termek\/starter-bio-bakter\/\"]}]},{\"@type\":\"ImageObject\",\"inLanguage\":\"en-GB\",\"@id\":\"https:\/\/danubagarden.hu\/termek\/starter-bio-bakter\/#primaryimage\",\"url\":\"https:\/\/danubagarden.hu\/wp-content\/uploads\/starter_bio_bakter_1kg_latvany.png\",\"contentUrl\":\"https:\/\/danubagarden.hu\/wp-content\/uploads\/starter_bio_bakter_1kg_latvany.png\",\"width\":1567,\"height\":2048,\"caption\":\"Starter Bio Bakter 1kg\"},{\"@type\":\"BreadcrumbList\",\"@id\":\"https:\/\/danubagarden.hu\/termek\/starter-bio-bakter\/#breadcrumb\",\"itemListElement\":[{\"@type\":\"ListItem\",\"position\":1,\"name\":\"Home\",\"item\":\"https:\/\/danubagarden.hu\/\"},{\"@type\":\"ListItem\",\"position\":2,\"name\":\"Webshop\",\"item\":\"https:\/\/danubagarden.hu\/webshop\/\"},{\"@type\":\"ListItem\",\"position\":3,\"name\":\"Starter Bio Bakter\"}]},{\"@type\":\"WebSite\",\"@id\":\"https:\/\/danubagarden.hu\/#website\",\"url\":\"https:\/\/danubagarden.hu\/\",\"name\":\"DanubaGarden\",\"description\":\"\",\"publisher\":{\"@id\":\"https:\/\/danubagarden.hu\/#organization\"},\"potentialAction\":[{\"@type\":\"SearchAction\",\"target\":{\"@type\":\"EntryPoint\",\"urlTemplate\":\"https:\/\/danubagarden.hu\/?s={search_term_string}\"},\"query-input\":{\"@type\":\"PropertyValueSpecification\",\"valueRequired\":true,\"valueName\":\"search_term_string\"}}],\"inLanguage\":\"en-GB\"},{\"@type\":\"Organization\",\"@id\":\"https:\/\/danubagarden.hu\/#organization\",\"name\":\"DanubaGarden\",\"url\":\"https:\/\/danubagarden.hu\/\",\"logo\":{\"@type\":\"ImageObject\",\"inLanguage\":\"en-GB\",\"@id\":\"https:\/\/danubagarden.hu\/#\/schema\/logo\/image\/\",\"url\":\"https:\/\/danubagarden.hu\/wp-content\/uploads\/logo.png\",\"contentUrl\":\"https:\/\/danubagarden.hu\/wp-content\/uploads\/logo.png\",\"width\":512,\"height\":264,\"caption\":\"DanubaGarden\"},\"image\":{\"@id\":\"https:\/\/danubagarden.hu\/#\/schema\/logo\/image\/\"}}]}<\/script>\n<meta property=\"og:availability\" content=\"out of stock\" \/>\n<meta property=\"product:availability\" content=\"out of stock\" \/>\n<meta property=\"product:condition\" content=\"new\" \/>\n<!-- \/ Yoast SEO Premium plugin. -->","yoast_head_json":{"title":"Starter Bio Bacteria - DanubaGarden","robots":{"index":"index","follow":"follow","max-snippet":"max-snippet:-1","max-image-preview":"max-image-preview:large","max-video-preview":"max-video-preview:-1"},"canonical":"https:\/\/danubagarden.hu\/en\/product\/starter-bio-bacteria\/","og_locale":"en_GB","og_type":"article","og_title":"Starter Bio Bakter","og_description":"Hamarosan \u00e9rkezik \ud83d\udc9a &nbsp;  D\u00f3zis: kisebb n\u00f6v\u00e9nyek al\u00e1 ev\u0151kan\u00e1lnyi, nagyobbak al\u00e1 egy-k\u00e9t maroknyi mennyis\u00e9get javasolt tenni az \u00fcltet\u0151 g\u00f6d\u00f6rbe.  &nbsp;  Magyarorsza\u0301gon az elso\u030b bio, termeszte\u0301sben is haszna\u0301lhato\u0301 starter mikrogranula\u0301tum - \u00fcltet\u00e9shez, pal\u00e1nt\u00e1z\u00e1shoz -, hasznos bakte\u0301riumokkal. Tov\u00e1bb\u00e1 magas foszfor tartalma segi\u0301ti az energiaige\u0301nyes gyo\u0308keresede\u0301st.  &nbsp;  Haszn\u00e1lati javaslat a kertben:  A term\u00e9ket tegy\u00fck az \u00fcltet\u0151, pal\u00e1nt\u00e1z\u00f3 g\u00f6d\u00f6rbe egyenletesen elsz\u00f3rva, \u00e9s kicsit \u00f6sszekeverve a talajjal. Mivel a benne l\u00e9v\u0151 hat\u00f3anyagok organikus eredet\u0171ek, nem fogja g\u00e1tolni a mikorrhiza kapcsolatot, vagyis a Mikomax Garden haszn\u00e1lata megfelel\u0151 eredm\u00e9nyt hoz majd! M\u00e9g jobb hat\u00e1s\u00e9rt Blackjak \u00e9s Kelpak be\u00f6nt\u00f6z\u00e9s javasolt!  &nbsp;  G\u00f6rgess \u00e9s olvasss tov\u00e1bb \u2b07\ufe0f","og_url":"https:\/\/danubagarden.hu\/en\/product\/starter-bio-bacteria\/","og_site_name":"DanubaGarden","article_modified_time":"2026-04-14T10:04:55+00:00","og_image":[{"width":1567,"height":2048,"url":"https:\/\/danubagarden.hu\/wp-content\/uploads\/starter_bio_bakter_1kg_latvany.png","type":"image\/png"}],"twitter_card":"summary_large_image","twitter_misc":{"Availability":"Out of stock"},"schema":{"@context":"https:\/\/schema.org","@graph":[{"@type":"WebPage","@id":"https:\/\/danubagarden.hu\/termek\/starter-bio-bakter\/","url":"https:\/\/danubagarden.hu\/termek\/starter-bio-bakter\/","name":"Starter Bio Bacteria - DanubaGarden","isPartOf":{"@id":"https:\/\/danubagarden.hu\/#website"},"primaryImageOfPage":{"@id":"https:\/\/danubagarden.hu\/termek\/starter-bio-bakter\/#primaryimage"},"image":{"@id":"https:\/\/danubagarden.hu\/termek\/starter-bio-bakter\/#primaryimage"},"thumbnailUrl":"https:\/\/danubagarden.hu\/wp-content\/uploads\/starter_bio_bakter_1kg_latvany.png","datePublished":"2023-02-26T21:29:08+00:00","dateModified":"2026-04-14T10:04:55+00:00","breadcrumb":{"@id":"https:\/\/danubagarden.hu\/termek\/starter-bio-bakter\/#breadcrumb"},"inLanguage":"en-GB","potentialAction":[{"@type":"ReadAction","target":["https:\/\/danubagarden.hu\/termek\/starter-bio-bakter\/"]}]},{"@type":"ImageObject","inLanguage":"en-GB","@id":"https:\/\/danubagarden.hu\/termek\/starter-bio-bakter\/#primaryimage","url":"https:\/\/danubagarden.hu\/wp-content\/uploads\/starter_bio_bakter_1kg_latvany.png","contentUrl":"https:\/\/danubagarden.hu\/wp-content\/uploads\/starter_bio_bakter_1kg_latvany.png","width":1567,"height":2048,"caption":"Starter Bio Bakter 1kg"},{"@type":"BreadcrumbList","@id":"https:\/\/danubagarden.hu\/termek\/starter-bio-bakter\/#breadcrumb","itemListElement":[{"@type":"ListItem","position":1,"name":"Home","item":"https:\/\/danubagarden.hu\/"},{"@type":"ListItem","position":2,"name":"Webshop","item":"https:\/\/danubagarden.hu\/webshop\/"},{"@type":"ListItem","position":3,"name":"Starter Bio Bakter"}]},{"@type":"WebSite","@id":"https:\/\/danubagarden.hu\/#website","url":"https:\/\/danubagarden.hu\/","name":"DanubaGarden","description":"","publisher":{"@id":"https:\/\/danubagarden.hu\/#organization"},"potentialAction":[{"@type":"SearchAction","target":{"@type":"EntryPoint","urlTemplate":"https:\/\/danubagarden.hu\/?s={search_term_string}"},"query-input":{"@type":"PropertyValueSpecification","valueRequired":true,"valueName":"search_term_string"}}],"inLanguage":"en-GB"},{"@type":"Organization","@id":"https:\/\/danubagarden.hu\/#organization","name":"DanubaGarden","url":"https:\/\/danubagarden.hu\/","logo":{"@type":"ImageObject","inLanguage":"en-GB","@id":"https:\/\/danubagarden.hu\/#\/schema\/logo\/image\/","url":"https:\/\/danubagarden.hu\/wp-content\/uploads\/logo.png","contentUrl":"https:\/\/danubagarden.hu\/wp-content\/uploads\/logo.png","width":512,"height":264,"caption":"DanubaGarden"},"image":{"@id":"https:\/\/danubagarden.hu\/#\/schema\/logo\/image\/"}}]},"og_availability":"out of stock","product_availability":"out of stock","product_condition":"new"},"_links":{"self":[{"href":"https:\/\/danubagarden.hu\/en\/wp-json\/wp\/v2\/product\/1280","targetHints":{"allow":["GET"]}}],"collection":[{"href":"https:\/\/danubagarden.hu\/en\/wp-json\/wp\/v2\/product"}],"about":[{"href":"https:\/\/danubagarden.hu\/en\/wp-json\/wp\/v2\/types\/product"}],"wp:featuredmedia":[{"embeddable":true,"href":"https:\/\/danubagarden.hu\/en\/wp-json\/wp\/v2\/media\/18518"}],"wp:attachment":[{"href":"https:\/\/danubagarden.hu\/en\/wp-json\/wp\/v2\/media?parent=1280"}],"wp:term":[{"taxonomy":"product_brand","embeddable":true,"href":"https:\/\/danubagarden.hu\/en\/wp-json\/wp\/v2\/product_brand?post=1280"},{"taxonomy":"product_cat","embeddable":true,"href":"https:\/\/danubagarden.hu\/en\/wp-json\/wp\/v2\/product_cat?post=1280"},{"taxonomy":"product_tag","embeddable":true,"href":"https:\/\/danubagarden.hu\/en\/wp-json\/wp\/v2\/product_tag?post=1280"},{"taxonomy":"stickerek-es-engedelyek","embeddable":true,"href":"https:\/\/danubagarden.hu\/en\/wp-json\/wp\/v2\/stickerek-es-engedelyek?post=1280"},{"taxonomy":"termek-besorolas","embeddable":true,"href":"https:\/\/danubagarden.hu\/en\/wp-json\/wp\/v2\/termek-besorolas?post=1280"},{"taxonomy":"problema","embeddable":true,"href":"https:\/\/danubagarden.hu\/en\/wp-json\/wp\/v2\/problema?post=1280"}],"curies":[{"name":"wp","href":"https:\/\/api.w.org\/{rel}","templated":true}]}}