{"id":1282,"date":"2023-02-26T21:32:20","date_gmt":"2023-02-26T21:32:20","guid":{"rendered":"https:\/\/danubagarden.hu\/?post_type=product&#038;p=1282"},"modified":"2026-04-21T10:47:39","modified_gmt":"2026-04-21T09:47:39","slug":"mikomax","status":"publish","type":"product","link":"https:\/\/danubagarden.hu\/en\/product\/mikomax\/","title":{"rendered":"MikoMax Garden 10kg"},"content":{"rendered":"<div class=\"page\" title=\"Page 5\">\n<div class=\"section\">\n<div class=\"layoutArea\">\n<div class=\"column\">\n<p><strong>Storage of the product<\/strong><\/p>\n<p>Between 5 and 30 0C, it will keep for at least 18 months in its original packaging. It should be applied as soon as possible after opening, but stored tightly resealed in a cool, frost-free place for up to 6 months without deterioration.<\/p>\n<\/div>\n<\/div>\n<\/div>\n<\/div>\n<p>&nbsp;<\/p>\n<p><b>\ud83e\uddd0 Did you know?<\/b><\/p>\n<p><span style=\"font-weight: 400;\">Mycorrhizal fungal species form a symbiotic relationship with the host plant, increasing its water and nutrient supply, stress tolerance and resistance to pests.<\/span><\/p>\n<p>&nbsp;<\/p>\n<p><b>\ud83c\udf44 More about Micorrhiza<\/b><\/p>\n<p><span style=\"font-weight: 400;\">It symbiotically interacts with the host plant, supporting it in taking up adequate amounts of water and nutrients during stressful periods such as frost or drought. The mycorrhiza, with a hyphal filament many hundreds of times the size of the host plant's root, can take up water and nutrients from much further away and more efficiently for the host plant. By penetrating the host plant, the mycorrhizal fungus strengthens the host plant's natural immune system, making it more resistant to fungal diseases. The mycorrhiza secretes substances that increase and improve soil aggregates, which are among the most important components of soil.<\/span><\/p>\n<p>&nbsp;<\/p>\n<p><span style=\"font-weight: 400;\">Since mycorrhizal fungi need root contact, we need to get them close to the root, max 1-2 cm from the root, when applying. For larger trees, it should be applied around the canopy in several places under the canopy stump. It is recommended to apply to the smaller, thinner roots.<\/span><\/p>\n<p>&nbsp;<\/p>\n<p><strong>\ud83c\udf31 Lawn care with Micorrhiza<\/strong><\/p>\n<div>It is an arbuscular, or endo mycorrhizal, organism that forms a symbiotic relationship with 90% in plants, such as <em><strong>our lawns<\/strong> too.<\/em>.<\/div>\n<div><em>It is recommended to apply this product in one of the following ways:<\/em><\/div>\n<div><\/div>\n<div><\/div>\n<div>1. The product should be spread and worked in shallowly before lawn care.<\/div>\n<div>2. Mix with the lawn seeds and apply the mixture all at once.<\/div>\n<div>\n<div><\/div>\n<div><em>Once the grass has been cut, the following options are still available for applying mycorrhiza:<\/em><\/div>\n<div><\/div>\n<div>1. When aerating the lawn, it should be injected into the top layer of the soil and then well watered in.<\/div>\n<div>2. A more secure method: the <a href=\"https:\/\/danubagarden.hu\/en\/product\/inomyc\/\"><span style=\"color: #4f7a28;\">Ino-Myc<\/span><\/a> application of a liquid mycorrhizal product to the lawn, sprayed or watered with large quantities of water.<\/div>\n<\/div>\n<p>&nbsp;<\/p>\n<p><b>\ud83e\udd1d Why is this cooperation good for the crop and how is it achieved?<\/b><\/p>\n<p><span style=\"font-weight: 400;\">Early in their growing season, plants get natural help from mycorrhizal fungi to take up more water and nutrients. At this time, the plants secrete substances that attract these fungi and encourage them to use part of their hyphal filaments to penetrate the roots of the crop.\u00a0<\/span><\/p>\n<p><span style=\"font-weight: 400;\">The plant senses whether it can cope with the task of absorbing water and nutrients from the soil on its own, or whether it needs nature's help. If it senses that it needs help, it secretes ready-made nutrients, carbohydrates, amino acids and other signalling substances produced by itself into the soil through its roots.\u00a0<\/span><\/p>\n<p><span style=\"font-weight: 400;\">This signal is detected by the mycorrhizal fungus and it moves towards the root and then penetrates the root. If the plant senses that there is already enough mycorrhiza, it will stop secreting root exudates. If the plant senses that it can cope with water and nutrient uptake on its own, it will not secrete any material at all to attract mycorrhizae. In the vast majority of cases, plants will need help in the early stages.<\/span><\/p>","protected":false},"excerpt":{"rendered":"<p><b>Dose:<\/b><span style=\"font-weight: 400;\"> Enough for an area of 10.000 nm2 (1ha)<\/span><\/p>\n<p><b>What is the mycorrhizal fungus and biostimulant MikoMax Garden good for?<\/b><\/p>\n<ol>\n<li style=\"font-weight: 400;\"><span style=\"font-weight: 400;\"><strong>Increases the absorption of nutrients<\/strong> from soil to plants<\/span><\/li>\n<li style=\"font-weight: 400;\"><span style=\"font-weight: 400;\">Improves the plant <strong>more efficient use of water<\/strong><\/span><\/li>\n<li style=\"font-weight: 400;\"><span style=\"font-weight: 400;\">Strengthens the plants natural <strong>resilience<\/strong><\/span><\/li>\n<li style=\"font-weight: 400;\"><span style=\"font-weight: 400;\">By applying <strong>a more active and healthier soil life<\/strong>creates a<\/span><\/li>\n<li style=\"font-weight: 400;\"><span style=\"font-weight: 400;\">Thanks to the above<strong> improves crop quality and increases yields<\/strong><\/span><\/li>\n<li style=\"font-weight: 400;\"><span style=\"font-weight: 400;\"><strong>The 6 types of fungi<\/strong> can be used in soils with different pH contents (acid, neutral or alkaline)<\/span><\/li>\n<li style=\"font-weight: 400;\"><span style=\"font-weight: 400;\">Not only in the initial period of plants <strong>help the plant, but throughout its life<\/strong> e.g. in vineyards for up to 50 years.<\/span><\/li>\n<\/ol>\n<p>&nbsp;<\/p>\n<p><strong>Scroll down and read more \u2b07\ufe0f<\/strong><\/p>","protected":false},"featured_media":12993,"template":"","meta":[],"product_brand":[],"product_cat":[26],"product_tag":[45,69,43],"stickerek-es-engedelyek":[635,634],"termek-besorolas":[528],"problema":[83,82,86],"class_list":{"0":"post-1282","1":"product","2":"type-product","3":"status-publish","4":"has-post-thumbnail","6":"product_cat-mikorrhiza-gomba","7":"product_tag-100-organikus","8":"product_tag-gyokeresedes-kezdeti-novekedes","9":"product_tag-vegyszermentes","10":"pa_tomeg-10-kg","11":"stickerek-es-engedelyek-certrust","12":"stickerek-es-engedelyek-biocert","13":"termek-besorolas-profi","14":"problema-intenziv-novekedes-tamogatasa","15":"problema-maximalis-gyokeresites","16":"problema-talaj-vitalitas-novelese","17":"member-discount","18":"discount-restricted","20":"first","21":"instock","22":"taxable","23":"shipping-taxable","24":"purchasable","25":"product-type-simple"},"bundled_by":[],"bundle_stock_status":"instock","bundle_stock_quantity":199,"bundle_virtual":false,"bundle_layout":"","bundle_add_to_cart_form_location":"","bundle_editable_in_cart":false,"bundle_sold_individually_context":"","bundle_item_grouping":"","bundle_min_size":"","bundle_max_size":"","bundle_price":[],"bundled_items":[],"bundle_sell_ids":[],"yoast_head":"<!-- This site is optimized with the Yoast SEO Premium plugin v26.9 (Yoast SEO v26.9) - https:\/\/yoast.com\/product\/yoast-seo-premium-wordpress\/ -->\n<title>MikoMax Garden 10kg - DanubaGarden<\/title>\n<meta name=\"description\" content=\"Mikorrhiza gomba: Fokozza a t\u00e1panyagok felv\u00e9tel\u00e9t, jav\u00edtja a n\u00f6v\u00e9ny hat\u00e9konyabb v\u00edzfelhaszn\u00e1l\u00e1s\u00e1t, er\u0151s\u00edti a n\u00f6v\u00e9nyek ellen\u00e1ll\u00f3k\u00e9pess\u00e9g\u00e9t\" \/>\n<meta name=\"robots\" content=\"index, follow, max-snippet:-1, max-image-preview:large, max-video-preview:-1\" \/>\n<link rel=\"canonical\" href=\"https:\/\/danubagarden.hu\/en\/product\/mikomax\/\" \/>\n<meta property=\"og:locale\" content=\"en_GB\" \/>\n<meta property=\"og:type\" content=\"article\" \/>\n<meta property=\"og:title\" content=\"MikoMax Garden 10kg\" \/>\n<meta property=\"og:description\" content=\"Mikorrhiza gomba: Fokozza a t\u00e1panyagok felv\u00e9tel\u00e9t, jav\u00edtja a n\u00f6v\u00e9ny hat\u00e9konyabb v\u00edzfelhaszn\u00e1l\u00e1s\u00e1t, er\u0151s\u00edti a n\u00f6v\u00e9nyek ellen\u00e1ll\u00f3k\u00e9pess\u00e9g\u00e9t\" \/>\n<meta property=\"og:url\" content=\"https:\/\/danubagarden.hu\/en\/product\/mikomax\/\" \/>\n<meta property=\"og:site_name\" content=\"DanubaGarden\" \/>\n<meta property=\"article:modified_time\" content=\"2026-04-21T09:47:39+00:00\" \/>\n<meta property=\"og:image\" content=\"https:\/\/danubagarden.hu\/wp-content\/uploads\/MikoMax_10kg_zsak.png\" \/>\n\t<meta property=\"og:image:width\" content=\"1542\" \/>\n\t<meta property=\"og:image:height\" content=\"2048\" \/>\n\t<meta property=\"og:image:type\" content=\"image\/png\" \/>\n<meta name=\"twitter:card\" content=\"summary_large_image\" \/>\n<meta name=\"twitter:label1\" content=\"Price\" \/>\n\t<meta name=\"twitter:data1\" content=\"36.830&nbsp;&#070;&#116;\" \/>\n\t<meta name=\"twitter:label2\" content=\"Availability\" \/>\n\t<meta name=\"twitter:data2\" content=\"In stock\" \/>\n<script type=\"application\/ld+json\" class=\"yoast-schema-graph\">{\"@context\":\"https:\/\/schema.org\",\"@graph\":[{\"@type\":\"WebPage\",\"@id\":\"https:\/\/danubagarden.hu\/termek\/mikomax\/\",\"url\":\"https:\/\/danubagarden.hu\/termek\/mikomax\/\",\"name\":\"MikoMax Garden 10kg - DanubaGarden\",\"isPartOf\":{\"@id\":\"https:\/\/danubagarden.hu\/#website\"},\"primaryImageOfPage\":{\"@id\":\"https:\/\/danubagarden.hu\/termek\/mikomax\/#primaryimage\"},\"image\":{\"@id\":\"https:\/\/danubagarden.hu\/termek\/mikomax\/#primaryimage\"},\"thumbnailUrl\":\"https:\/\/danubagarden.hu\/wp-content\/uploads\/MikoMax_10kg_zsak.png\",\"datePublished\":\"2023-02-26T21:32:20+00:00\",\"dateModified\":\"2026-04-21T09:47:39+00:00\",\"description\":\"Mikorrhiza gomba: Fokozza a t\u00e1panyagok felv\u00e9tel\u00e9t, jav\u00edtja a n\u00f6v\u00e9ny hat\u00e9konyabb v\u00edzfelhaszn\u00e1l\u00e1s\u00e1t, er\u0151s\u00edti a n\u00f6v\u00e9nyek ellen\u00e1ll\u00f3k\u00e9pess\u00e9g\u00e9t\",\"breadcrumb\":{\"@id\":\"https:\/\/danubagarden.hu\/termek\/mikomax\/#breadcrumb\"},\"inLanguage\":\"en-GB\",\"potentialAction\":[{\"@type\":\"ReadAction\",\"target\":[\"https:\/\/danubagarden.hu\/termek\/mikomax\/\"]}]},{\"@type\":\"ImageObject\",\"inLanguage\":\"en-GB\",\"@id\":\"https:\/\/danubagarden.hu\/termek\/mikomax\/#primaryimage\",\"url\":\"https:\/\/danubagarden.hu\/wp-content\/uploads\/MikoMax_10kg_zsak.png\",\"contentUrl\":\"https:\/\/danubagarden.hu\/wp-content\/uploads\/MikoMax_10kg_zsak.png\",\"width\":1542,\"height\":2048,\"caption\":\"MikoMax 10kg zs\u00e1k\"},{\"@type\":\"BreadcrumbList\",\"@id\":\"https:\/\/danubagarden.hu\/termek\/mikomax\/#breadcrumb\",\"itemListElement\":[{\"@type\":\"ListItem\",\"position\":1,\"name\":\"Home\",\"item\":\"https:\/\/danubagarden.hu\/\"},{\"@type\":\"ListItem\",\"position\":2,\"name\":\"Webshop\",\"item\":\"https:\/\/danubagarden.hu\/webshop\/\"},{\"@type\":\"ListItem\",\"position\":3,\"name\":\"MikoMax Garden 10kg\"}]},{\"@type\":\"WebSite\",\"@id\":\"https:\/\/danubagarden.hu\/#website\",\"url\":\"https:\/\/danubagarden.hu\/\",\"name\":\"DanubaGarden\",\"description\":\"\",\"publisher\":{\"@id\":\"https:\/\/danubagarden.hu\/#organization\"},\"potentialAction\":[{\"@type\":\"SearchAction\",\"target\":{\"@type\":\"EntryPoint\",\"urlTemplate\":\"https:\/\/danubagarden.hu\/?s={search_term_string}\"},\"query-input\":{\"@type\":\"PropertyValueSpecification\",\"valueRequired\":true,\"valueName\":\"search_term_string\"}}],\"inLanguage\":\"en-GB\"},{\"@type\":\"Organization\",\"@id\":\"https:\/\/danubagarden.hu\/#organization\",\"name\":\"DanubaGarden\",\"url\":\"https:\/\/danubagarden.hu\/\",\"logo\":{\"@type\":\"ImageObject\",\"inLanguage\":\"en-GB\",\"@id\":\"https:\/\/danubagarden.hu\/#\/schema\/logo\/image\/\",\"url\":\"https:\/\/danubagarden.hu\/wp-content\/uploads\/logo.png\",\"contentUrl\":\"https:\/\/danubagarden.hu\/wp-content\/uploads\/logo.png\",\"width\":512,\"height\":264,\"caption\":\"DanubaGarden\"},\"image\":{\"@id\":\"https:\/\/danubagarden.hu\/#\/schema\/logo\/image\/\"}}]}<\/script>\n<meta property=\"product:price:amount\" content=\"36830\" \/>\n<meta property=\"product:price:currency\" content=\"HUF\" \/>\n<meta property=\"og:availability\" content=\"instock\" \/>\n<meta property=\"product:availability\" content=\"instock\" \/>\n<meta property=\"product:retailer_item_id\" content=\"00263\" \/>\n<meta property=\"product:condition\" content=\"new\" \/>\n<!-- \/ Yoast SEO Premium plugin. -->","yoast_head_json":{"title":"MikoMax Garden 10kg - DanubaGarden","description":"Mycorrhizal fungi: Increases nutrient uptake, improves more efficient water use by the plant, strengthens plant resistance","robots":{"index":"index","follow":"follow","max-snippet":"max-snippet:-1","max-image-preview":"max-image-preview:large","max-video-preview":"max-video-preview:-1"},"canonical":"https:\/\/danubagarden.hu\/en\/product\/mikomax\/","og_locale":"en_GB","og_type":"article","og_title":"MikoMax Garden 10kg","og_description":"Mikorrhiza gomba: Fokozza a t\u00e1panyagok felv\u00e9tel\u00e9t, jav\u00edtja a n\u00f6v\u00e9ny hat\u00e9konyabb v\u00edzfelhaszn\u00e1l\u00e1s\u00e1t, er\u0151s\u00edti a n\u00f6v\u00e9nyek ellen\u00e1ll\u00f3k\u00e9pess\u00e9g\u00e9t","og_url":"https:\/\/danubagarden.hu\/en\/product\/mikomax\/","og_site_name":"DanubaGarden","article_modified_time":"2026-04-21T09:47:39+00:00","og_image":[{"width":1542,"height":2048,"url":"https:\/\/danubagarden.hu\/wp-content\/uploads\/MikoMax_10kg_zsak.png","type":"image\/png"}],"twitter_card":"summary_large_image","twitter_misc":{"Price":"36.830&nbsp;&#70;&#116;","Availability":"In stock"},"schema":{"@context":"https:\/\/schema.org","@graph":[{"@type":"WebPage","@id":"https:\/\/danubagarden.hu\/termek\/mikomax\/","url":"https:\/\/danubagarden.hu\/termek\/mikomax\/","name":"MikoMax Garden 10kg - DanubaGarden","isPartOf":{"@id":"https:\/\/danubagarden.hu\/#website"},"primaryImageOfPage":{"@id":"https:\/\/danubagarden.hu\/termek\/mikomax\/#primaryimage"},"image":{"@id":"https:\/\/danubagarden.hu\/termek\/mikomax\/#primaryimage"},"thumbnailUrl":"https:\/\/danubagarden.hu\/wp-content\/uploads\/MikoMax_10kg_zsak.png","datePublished":"2023-02-26T21:32:20+00:00","dateModified":"2026-04-21T09:47:39+00:00","description":"Mycorrhizal fungi: Increases nutrient uptake, improves more efficient water use by the plant, strengthens plant resistance","breadcrumb":{"@id":"https:\/\/danubagarden.hu\/termek\/mikomax\/#breadcrumb"},"inLanguage":"en-GB","potentialAction":[{"@type":"ReadAction","target":["https:\/\/danubagarden.hu\/termek\/mikomax\/"]}]},{"@type":"ImageObject","inLanguage":"en-GB","@id":"https:\/\/danubagarden.hu\/termek\/mikomax\/#primaryimage","url":"https:\/\/danubagarden.hu\/wp-content\/uploads\/MikoMax_10kg_zsak.png","contentUrl":"https:\/\/danubagarden.hu\/wp-content\/uploads\/MikoMax_10kg_zsak.png","width":1542,"height":2048,"caption":"MikoMax 10kg zs\u00e1k"},{"@type":"BreadcrumbList","@id":"https:\/\/danubagarden.hu\/termek\/mikomax\/#breadcrumb","itemListElement":[{"@type":"ListItem","position":1,"name":"Home","item":"https:\/\/danubagarden.hu\/"},{"@type":"ListItem","position":2,"name":"Webshop","item":"https:\/\/danubagarden.hu\/webshop\/"},{"@type":"ListItem","position":3,"name":"MikoMax Garden 10kg"}]},{"@type":"WebSite","@id":"https:\/\/danubagarden.hu\/#website","url":"https:\/\/danubagarden.hu\/","name":"DanubaGarden","description":"","publisher":{"@id":"https:\/\/danubagarden.hu\/#organization"},"potentialAction":[{"@type":"SearchAction","target":{"@type":"EntryPoint","urlTemplate":"https:\/\/danubagarden.hu\/?s={search_term_string}"},"query-input":{"@type":"PropertyValueSpecification","valueRequired":true,"valueName":"search_term_string"}}],"inLanguage":"en-GB"},{"@type":"Organization","@id":"https:\/\/danubagarden.hu\/#organization","name":"DanubaGarden","url":"https:\/\/danubagarden.hu\/","logo":{"@type":"ImageObject","inLanguage":"en-GB","@id":"https:\/\/danubagarden.hu\/#\/schema\/logo\/image\/","url":"https:\/\/danubagarden.hu\/wp-content\/uploads\/logo.png","contentUrl":"https:\/\/danubagarden.hu\/wp-content\/uploads\/logo.png","width":512,"height":264,"caption":"DanubaGarden"},"image":{"@id":"https:\/\/danubagarden.hu\/#\/schema\/logo\/image\/"}}]},"product_price_amount":"36830","product_price_currency":"HUF","og_availability":"instock","product_availability":"instock","product_retailer_item_id":"00263","product_condition":"new"},"_links":{"self":[{"href":"https:\/\/danubagarden.hu\/en\/wp-json\/wp\/v2\/product\/1282","targetHints":{"allow":["GET"]}}],"collection":[{"href":"https:\/\/danubagarden.hu\/en\/wp-json\/wp\/v2\/product"}],"about":[{"href":"https:\/\/danubagarden.hu\/en\/wp-json\/wp\/v2\/types\/product"}],"wp:featuredmedia":[{"embeddable":true,"href":"https:\/\/danubagarden.hu\/en\/wp-json\/wp\/v2\/media\/12993"}],"wp:attachment":[{"href":"https:\/\/danubagarden.hu\/en\/wp-json\/wp\/v2\/media?parent=1282"}],"wp:term":[{"taxonomy":"product_brand","embeddable":true,"href":"https:\/\/danubagarden.hu\/en\/wp-json\/wp\/v2\/product_brand?post=1282"},{"taxonomy":"product_cat","embeddable":true,"href":"https:\/\/danubagarden.hu\/en\/wp-json\/wp\/v2\/product_cat?post=1282"},{"taxonomy":"product_tag","embeddable":true,"href":"https:\/\/danubagarden.hu\/en\/wp-json\/wp\/v2\/product_tag?post=1282"},{"taxonomy":"stickerek-es-engedelyek","embeddable":true,"href":"https:\/\/danubagarden.hu\/en\/wp-json\/wp\/v2\/stickerek-es-engedelyek?post=1282"},{"taxonomy":"termek-besorolas","embeddable":true,"href":"https:\/\/danubagarden.hu\/en\/wp-json\/wp\/v2\/termek-besorolas?post=1282"},{"taxonomy":"problema","embeddable":true,"href":"https:\/\/danubagarden.hu\/en\/wp-json\/wp\/v2\/problema?post=1282"}],"curies":[{"name":"wp","href":"https:\/\/api.w.org\/{rel}","templated":true}]}}