{"id":15017,"date":"2026-01-12T14:13:19","date_gmt":"2026-01-12T13:13:19","guid":{"rendered":"https:\/\/danubagarden.hu\/?post_type=product&#038;p=15017"},"modified":"2026-04-27T15:27:14","modified_gmt":"2026-04-27T14:27:14","slug":"vitanova","status":"publish","type":"product","link":"https:\/\/danubagarden.hu\/en\/product\/vitanova\/","title":{"rendered":"VitaNova"},"content":{"rendered":"","protected":false},"excerpt":{"rendered":"<p><strong>Dispensing: <\/strong>2 dl<\/p>\n<p>&nbsp;<\/p>\n<p><b>What is VitaNova good for? <\/b><strong>What are these important microelements?<\/strong><\/p>\n<ul>\n<li style=\"font-weight: 400;\"><strong>Iron:<\/strong> In the absence of this, the leaves turn yellow and chlorosis develops. This deficiency is mainly seen again on fresh, new leaves. Iron plays an important role in the biosynthesis of chlorophyll and in the functioning of several enzymes, thus indirectly contributing to the process of photosynthesis, during which the plant produces sugars from water and carbon dioxide. In alkaline soils with a pH above 7, iron uptake is significantly reduced and is often replaced by foliar fertilisation. Blueberries, rhododendrons, hydrangeas, grapes, peppers and tomatoes are particularly susceptible to iron deficiency.<\/li>\n<li style=\"font-weight: 400;\"><strong>Copper:<\/strong> the leaf tips will turn white. It has an important role in enzymatic and hormonal processes.<\/li>\n<li style=\"font-weight: 400;\"><strong>Zinc<\/strong>: in its absence, the leaves will turn white and remain small. It has an important role in protein and carbohydrate metabolism.<\/li>\n<li style=\"font-weight: 400;\"><strong>Manganese<\/strong>: in its absence, the plant will be poorly developed. It plays an important role in, for example, photosynthesis and the formation of the plant hormone auxin.<\/li>\n<li style=\"font-weight: 400;\"><strong>Molybdenum<\/strong>: in its absence, leaves turn yellow and growth may be stunted. It plays a key role in the processing of nitrogen nutrients. Especially in butterfly crops such as beans, peas and brassica, its absence can be fatal.<\/li>\n<li style=\"font-weight: 400;\"><strong>Boron<\/strong>: in its absence, the growth of the plant will be distorted. It plays an extremely important role in cell wall formation and flowering.<\/li>\n<\/ul>\n<div class=\"page\" title=\"Page 5\">\n<div class=\"section\">\n<div class=\"layoutArea\">\n<div class=\"column\">\n<p>&nbsp;<\/p>\n<p><strong>Dose<\/strong><\/p>\n<p>As foliar fertiliser, 50 ml \/ 10 litres of water<\/p>\n<\/div>\n<\/div>\n<\/div>\n<\/div>\n<p>&nbsp;<\/p>\n<p><strong>Scroll down and read more \u2b07\ufe0f<\/strong><\/p>","protected":false},"featured_media":15051,"template":"","meta":{"footnotes":""},"product_brand":[],"product_cat":[92],"product_tag":[],"stickerek-es-engedelyek":[714],"termek-besorolas":[529],"problema":[94],"class_list":{"0":"post-15017","1":"product","2":"type-product","3":"status-publish","4":"has-post-thumbnail","6":"product_cat-lombtragya","7":"pa_urtartalom-02-l","8":"stickerek-es-engedelyek-fibl","9":"termek-besorolas-alap","10":"problema-egyedi-tapelem-problemak","11":"member-discount","12":"discount-restricted","14":"first","15":"instock","16":"featured","17":"taxable","18":"shipping-taxable","19":"purchasable","20":"product-type-simple"},"bundled_by":[],"bundle_stock_status":"instock","bundle_stock_quantity":169,"bundle_virtual":false,"bundle_layout":"","bundle_add_to_cart_form_location":"","bundle_editable_in_cart":false,"bundle_sold_individually_context":"","bundle_item_grouping":"","bundle_min_size":"","bundle_max_size":"","bundle_price":[],"bundled_items":[],"bundle_sell_ids":[],"yoast_head":"<!-- This site is optimized with the Yoast SEO Premium plugin v26.9 (Yoast SEO v26.9) - https:\/\/yoast.com\/product\/yoast-seo-premium-wordpress\/ -->\n<title>VitaNova - DanubaGarden<\/title>\n<meta name=\"robots\" content=\"index, follow, max-snippet:-1, max-image-preview:large, max-video-preview:-1\" \/>\n<link rel=\"canonical\" href=\"https:\/\/danubagarden.hu\/en\/product\/vitanova\/\" \/>\n<meta property=\"og:locale\" content=\"en_GB\" \/>\n<meta property=\"og:type\" content=\"article\" \/>\n<meta property=\"og:title\" content=\"VitaNova\" \/>\n<meta property=\"og:description\" content=\"Kiszerel\u00e9s: 2 dl  &nbsp;  Mire j\u00f3 a VitaNova? Mik is ezek a fontos mikroelemek?   Vas: hi\u00e1ny\u00e1ban a levelek kis\u00e1rgulnak, klor\u00f3zis alakul ki. Ezt a hi\u00e1nyt\u00fcnetet els\u0151sorban a friss, \u00faj leveleken l\u00e1thatjuk \u00fajra. A vas fontos szerepet j\u00e1tszik a klorofill bioszint\u00e9zis\u00e9ben \u00e9s t\u00f6bb enzim m\u0171k\u00f6d\u00e9s\u00e9ben, \u00edgy k\u00f6zvetve hozz\u00e1j\u00e1rul a fotoszint\u00e9zis folyamat\u00e1hoz, amely sor\u00e1n a n\u00f6v\u00e9ny v\u00edzb\u0151l \u00e9s sz\u00e9n-dioxidb\u00f3l cukrokat \u00e1ll\u00edt el\u0151. L\u00fagos, 7 feletti pH-j\u00fa talajban a vas felvehet\u0151s\u00e9ge jelent\u0151sen cs\u00f6kken, ez\u00e9rt ilyenkor gyakran lev\u00e9ltr\u00e1gy\u00e1z\u00e1ssal p\u00f3tolj\u00e1k. A vashi\u00e1nyra k\u00fcl\u00f6n\u00f6sen \u00e9rz\u00e9kenyek az \u00e1fonyaf\u00e9l\u00e9k, a rododendron, a hortenzia, valamint a sz\u0151l\u0151, a paprika \u00e9s a paradicsom.  R\u00e9z: hi\u00e1ny\u00e1ban a lev\u00e9lcs\u00facsok kifeh\u00e9rednek. Fontos szerepe van az enzimatikus \u00e9s hormon\u00e1lis folyamatokban.  Cink: hi\u00e1ny\u00e1ban a levelek kifeh\u00e9rednek \u00e9s kicsik maradnak. Fontos szerepe van a feh\u00e9rje \u00e9s sz\u00e9nhidr\u00e1t anyagcser\u00e9ben..  Mang\u00e1n: hi\u00e1ny\u00e1ban gyeng\u00e9n fejlett lesz a n\u00f6v\u00e9ny. Fontos szerepe van pl. a fotoszint\u00e9zisben \u00e9s az auxin n\u00f6v\u00e9nyi hormon kialakul\u00e1s\u00e1ban.  Molibd\u00e9n: hi\u00e1nya eset\u00e9n a levelek s\u00e1rgulnak \u00e9s t\u00f6rpe lehet a n\u00f6veked\u00e9s. Kulcsszerepe van a nitrog\u00e9n t\u00e1pelem feldolgoz\u00e1s\u00e1ban. K\u00fcl\u00f6n\u00f6sen pillang\u00f3s n\u00f6v\u00e9nyek pl. bab, bors\u00f3 \u00e9s a k\u00e1posztaf\u00e9l\u00e9k eset\u00e9n lehet v\u00e9gzetes a hi\u00e1nya.  B\u00f3r: hi\u00e1nya eset\u00e9n torz lesz a n\u00f6v\u00e9ny n\u00f6veked\u00e9se. Rendk\u00edv\u00fcl fontos szerepe van a sejtfal fel\u00e9p\u00edt\u00e9s\u00e9ben \u00e9s a vir\u00e1gz\u00e1sban.       &nbsp;  D\u00f3zis  Lombtr\u00e1gyak\u00e9nt, 50 ml \/ 10 liter v\u00edz      &nbsp;  G\u00f6rgess \u00e9s olvasss tov\u00e1bb \u2b07\ufe0f\" \/>\n<meta property=\"og:url\" content=\"https:\/\/danubagarden.hu\/en\/product\/vitanova\/\" \/>\n<meta property=\"og:site_name\" content=\"DanubaGarden\" \/>\n<meta property=\"article:modified_time\" content=\"2026-04-27T14:27:14+00:00\" \/>\n<meta property=\"og:image\" content=\"https:\/\/danubagarden.hu\/wp-content\/uploads\/IMG_6668.png\" \/>\n\t<meta property=\"og:image:width\" content=\"279\" \/>\n\t<meta property=\"og:image:height\" content=\"773\" \/>\n\t<meta property=\"og:image:type\" content=\"image\/png\" \/>\n<meta name=\"twitter:card\" content=\"summary_large_image\" \/>\n<meta name=\"twitter:label1\" content=\"Price\" \/>\n\t<meta name=\"twitter:data1\" content=\"3.747&nbsp;&#070;&#116;\" \/>\n\t<meta name=\"twitter:label2\" content=\"Availability\" \/>\n\t<meta name=\"twitter:data2\" content=\"In stock\" \/>\n<script type=\"application\/ld+json\" class=\"yoast-schema-graph\">{\"@context\":\"https:\/\/schema.org\",\"@graph\":[{\"@type\":\"WebPage\",\"@id\":\"https:\/\/danubagarden.hu\/termek\/vitanova\/\",\"url\":\"https:\/\/danubagarden.hu\/termek\/vitanova\/\",\"name\":\"VitaNova - DanubaGarden\",\"isPartOf\":{\"@id\":\"https:\/\/danubagarden.hu\/#website\"},\"primaryImageOfPage\":{\"@id\":\"https:\/\/danubagarden.hu\/termek\/vitanova\/#primaryimage\"},\"image\":{\"@id\":\"https:\/\/danubagarden.hu\/termek\/vitanova\/#primaryimage\"},\"thumbnailUrl\":\"https:\/\/danubagarden.hu\/wp-content\/uploads\/IMG_6668.png\",\"datePublished\":\"2026-01-12T13:13:19+00:00\",\"dateModified\":\"2026-04-27T14:27:14+00:00\",\"breadcrumb\":{\"@id\":\"https:\/\/danubagarden.hu\/termek\/vitanova\/#breadcrumb\"},\"inLanguage\":\"en-GB\",\"potentialAction\":[{\"@type\":\"ReadAction\",\"target\":[\"https:\/\/danubagarden.hu\/termek\/vitanova\/\"]}]},{\"@type\":\"ImageObject\",\"inLanguage\":\"en-GB\",\"@id\":\"https:\/\/danubagarden.hu\/termek\/vitanova\/#primaryimage\",\"url\":\"https:\/\/danubagarden.hu\/wp-content\/uploads\/IMG_6668.png\",\"contentUrl\":\"https:\/\/danubagarden.hu\/wp-content\/uploads\/IMG_6668.png\",\"width\":279,\"height\":773,\"caption\":\"VitaNova 2 dl\"},{\"@type\":\"BreadcrumbList\",\"@id\":\"https:\/\/danubagarden.hu\/termek\/vitanova\/#breadcrumb\",\"itemListElement\":[{\"@type\":\"ListItem\",\"position\":1,\"name\":\"Home\",\"item\":\"https:\/\/danubagarden.hu\/\"},{\"@type\":\"ListItem\",\"position\":2,\"name\":\"Webshop\",\"item\":\"https:\/\/danubagarden.hu\/webshop\/\"},{\"@type\":\"ListItem\",\"position\":3,\"name\":\"VitaNova\"}]},{\"@type\":\"WebSite\",\"@id\":\"https:\/\/danubagarden.hu\/#website\",\"url\":\"https:\/\/danubagarden.hu\/\",\"name\":\"DanubaGarden\",\"description\":\"\",\"publisher\":{\"@id\":\"https:\/\/danubagarden.hu\/#organization\"},\"potentialAction\":[{\"@type\":\"SearchAction\",\"target\":{\"@type\":\"EntryPoint\",\"urlTemplate\":\"https:\/\/danubagarden.hu\/?s={search_term_string}\"},\"query-input\":{\"@type\":\"PropertyValueSpecification\",\"valueRequired\":true,\"valueName\":\"search_term_string\"}}],\"inLanguage\":\"en-GB\"},{\"@type\":\"Organization\",\"@id\":\"https:\/\/danubagarden.hu\/#organization\",\"name\":\"DanubaGarden\",\"url\":\"https:\/\/danubagarden.hu\/\",\"logo\":{\"@type\":\"ImageObject\",\"inLanguage\":\"en-GB\",\"@id\":\"https:\/\/danubagarden.hu\/#\/schema\/logo\/image\/\",\"url\":\"https:\/\/danubagarden.hu\/wp-content\/uploads\/logo.png\",\"contentUrl\":\"https:\/\/danubagarden.hu\/wp-content\/uploads\/logo.png\",\"width\":512,\"height\":264,\"caption\":\"DanubaGarden\"},\"image\":{\"@id\":\"https:\/\/danubagarden.hu\/#\/schema\/logo\/image\/\"}}]}<\/script>\n<meta property=\"product:price:amount\" content=\"3747\" \/>\n<meta property=\"product:price:currency\" content=\"HUF\" \/>\n<meta property=\"og:availability\" content=\"instock\" \/>\n<meta property=\"product:availability\" content=\"instock\" \/>\n<meta property=\"product:retailer_item_id\" content=\"00342\" \/>\n<meta property=\"product:condition\" content=\"new\" \/>\n<!-- \/ Yoast SEO Premium plugin. -->","yoast_head_json":{"title":"VitaNova - DanubaGarden","robots":{"index":"index","follow":"follow","max-snippet":"max-snippet:-1","max-image-preview":"max-image-preview:large","max-video-preview":"max-video-preview:-1"},"canonical":"https:\/\/danubagarden.hu\/en\/product\/vitanova\/","og_locale":"en_GB","og_type":"article","og_title":"VitaNova","og_description":"Kiszerel\u00e9s: 2 dl  &nbsp;  Mire j\u00f3 a VitaNova? Mik is ezek a fontos mikroelemek?   Vas: hi\u00e1ny\u00e1ban a levelek kis\u00e1rgulnak, klor\u00f3zis alakul ki. Ezt a hi\u00e1nyt\u00fcnetet els\u0151sorban a friss, \u00faj leveleken l\u00e1thatjuk \u00fajra. A vas fontos szerepet j\u00e1tszik a klorofill bioszint\u00e9zis\u00e9ben \u00e9s t\u00f6bb enzim m\u0171k\u00f6d\u00e9s\u00e9ben, \u00edgy k\u00f6zvetve hozz\u00e1j\u00e1rul a fotoszint\u00e9zis folyamat\u00e1hoz, amely sor\u00e1n a n\u00f6v\u00e9ny v\u00edzb\u0151l \u00e9s sz\u00e9n-dioxidb\u00f3l cukrokat \u00e1ll\u00edt el\u0151. L\u00fagos, 7 feletti pH-j\u00fa talajban a vas felvehet\u0151s\u00e9ge jelent\u0151sen cs\u00f6kken, ez\u00e9rt ilyenkor gyakran lev\u00e9ltr\u00e1gy\u00e1z\u00e1ssal p\u00f3tolj\u00e1k. A vashi\u00e1nyra k\u00fcl\u00f6n\u00f6sen \u00e9rz\u00e9kenyek az \u00e1fonyaf\u00e9l\u00e9k, a rododendron, a hortenzia, valamint a sz\u0151l\u0151, a paprika \u00e9s a paradicsom.  R\u00e9z: hi\u00e1ny\u00e1ban a lev\u00e9lcs\u00facsok kifeh\u00e9rednek. Fontos szerepe van az enzimatikus \u00e9s hormon\u00e1lis folyamatokban.  Cink: hi\u00e1ny\u00e1ban a levelek kifeh\u00e9rednek \u00e9s kicsik maradnak. Fontos szerepe van a feh\u00e9rje \u00e9s sz\u00e9nhidr\u00e1t anyagcser\u00e9ben..  Mang\u00e1n: hi\u00e1ny\u00e1ban gyeng\u00e9n fejlett lesz a n\u00f6v\u00e9ny. Fontos szerepe van pl. a fotoszint\u00e9zisben \u00e9s az auxin n\u00f6v\u00e9nyi hormon kialakul\u00e1s\u00e1ban.  Molibd\u00e9n: hi\u00e1nya eset\u00e9n a levelek s\u00e1rgulnak \u00e9s t\u00f6rpe lehet a n\u00f6veked\u00e9s. Kulcsszerepe van a nitrog\u00e9n t\u00e1pelem feldolgoz\u00e1s\u00e1ban. K\u00fcl\u00f6n\u00f6sen pillang\u00f3s n\u00f6v\u00e9nyek pl. bab, bors\u00f3 \u00e9s a k\u00e1posztaf\u00e9l\u00e9k eset\u00e9n lehet v\u00e9gzetes a hi\u00e1nya.  B\u00f3r: hi\u00e1nya eset\u00e9n torz lesz a n\u00f6v\u00e9ny n\u00f6veked\u00e9se. Rendk\u00edv\u00fcl fontos szerepe van a sejtfal fel\u00e9p\u00edt\u00e9s\u00e9ben \u00e9s a vir\u00e1gz\u00e1sban.       &nbsp;  D\u00f3zis  Lombtr\u00e1gyak\u00e9nt, 50 ml \/ 10 liter v\u00edz      &nbsp;  G\u00f6rgess \u00e9s olvasss tov\u00e1bb \u2b07\ufe0f","og_url":"https:\/\/danubagarden.hu\/en\/product\/vitanova\/","og_site_name":"DanubaGarden","article_modified_time":"2026-04-27T14:27:14+00:00","og_image":[{"width":279,"height":773,"url":"https:\/\/danubagarden.hu\/wp-content\/uploads\/IMG_6668.png","type":"image\/png"}],"twitter_card":"summary_large_image","twitter_misc":{"Price":"3.747&nbsp;&#70;&#116;","Availability":"In stock"},"schema":{"@context":"https:\/\/schema.org","@graph":[{"@type":"WebPage","@id":"https:\/\/danubagarden.hu\/termek\/vitanova\/","url":"https:\/\/danubagarden.hu\/termek\/vitanova\/","name":"VitaNova - DanubaGarden","isPartOf":{"@id":"https:\/\/danubagarden.hu\/#website"},"primaryImageOfPage":{"@id":"https:\/\/danubagarden.hu\/termek\/vitanova\/#primaryimage"},"image":{"@id":"https:\/\/danubagarden.hu\/termek\/vitanova\/#primaryimage"},"thumbnailUrl":"https:\/\/danubagarden.hu\/wp-content\/uploads\/IMG_6668.png","datePublished":"2026-01-12T13:13:19+00:00","dateModified":"2026-04-27T14:27:14+00:00","breadcrumb":{"@id":"https:\/\/danubagarden.hu\/termek\/vitanova\/#breadcrumb"},"inLanguage":"en-GB","potentialAction":[{"@type":"ReadAction","target":["https:\/\/danubagarden.hu\/termek\/vitanova\/"]}]},{"@type":"ImageObject","inLanguage":"en-GB","@id":"https:\/\/danubagarden.hu\/termek\/vitanova\/#primaryimage","url":"https:\/\/danubagarden.hu\/wp-content\/uploads\/IMG_6668.png","contentUrl":"https:\/\/danubagarden.hu\/wp-content\/uploads\/IMG_6668.png","width":279,"height":773,"caption":"VitaNova 2 dl"},{"@type":"BreadcrumbList","@id":"https:\/\/danubagarden.hu\/termek\/vitanova\/#breadcrumb","itemListElement":[{"@type":"ListItem","position":1,"name":"Home","item":"https:\/\/danubagarden.hu\/"},{"@type":"ListItem","position":2,"name":"Webshop","item":"https:\/\/danubagarden.hu\/webshop\/"},{"@type":"ListItem","position":3,"name":"VitaNova"}]},{"@type":"WebSite","@id":"https:\/\/danubagarden.hu\/#website","url":"https:\/\/danubagarden.hu\/","name":"DanubaGarden","description":"","publisher":{"@id":"https:\/\/danubagarden.hu\/#organization"},"potentialAction":[{"@type":"SearchAction","target":{"@type":"EntryPoint","urlTemplate":"https:\/\/danubagarden.hu\/?s={search_term_string}"},"query-input":{"@type":"PropertyValueSpecification","valueRequired":true,"valueName":"search_term_string"}}],"inLanguage":"en-GB"},{"@type":"Organization","@id":"https:\/\/danubagarden.hu\/#organization","name":"DanubaGarden","url":"https:\/\/danubagarden.hu\/","logo":{"@type":"ImageObject","inLanguage":"en-GB","@id":"https:\/\/danubagarden.hu\/#\/schema\/logo\/image\/","url":"https:\/\/danubagarden.hu\/wp-content\/uploads\/logo.png","contentUrl":"https:\/\/danubagarden.hu\/wp-content\/uploads\/logo.png","width":512,"height":264,"caption":"DanubaGarden"},"image":{"@id":"https:\/\/danubagarden.hu\/#\/schema\/logo\/image\/"}}]},"product_price_amount":"3747","product_price_currency":"HUF","og_availability":"instock","product_availability":"instock","product_retailer_item_id":"00342","product_condition":"new"},"_links":{"self":[{"href":"https:\/\/danubagarden.hu\/en\/wp-json\/wp\/v2\/product\/15017","targetHints":{"allow":["GET"]}}],"collection":[{"href":"https:\/\/danubagarden.hu\/en\/wp-json\/wp\/v2\/product"}],"about":[{"href":"https:\/\/danubagarden.hu\/en\/wp-json\/wp\/v2\/types\/product"}],"version-history":[{"count":6,"href":"https:\/\/danubagarden.hu\/en\/wp-json\/wp\/v2\/product\/15017\/revisions"}],"predecessor-version":[{"id":15099,"href":"https:\/\/danubagarden.hu\/en\/wp-json\/wp\/v2\/product\/15017\/revisions\/15099"}],"wp:featuredmedia":[{"embeddable":true,"href":"https:\/\/danubagarden.hu\/en\/wp-json\/wp\/v2\/media\/15051"}],"wp:attachment":[{"href":"https:\/\/danubagarden.hu\/en\/wp-json\/wp\/v2\/media?parent=15017"}],"wp:term":[{"taxonomy":"product_brand","embeddable":true,"href":"https:\/\/danubagarden.hu\/en\/wp-json\/wp\/v2\/product_brand?post=15017"},{"taxonomy":"product_cat","embeddable":true,"href":"https:\/\/danubagarden.hu\/en\/wp-json\/wp\/v2\/product_cat?post=15017"},{"taxonomy":"product_tag","embeddable":true,"href":"https:\/\/danubagarden.hu\/en\/wp-json\/wp\/v2\/product_tag?post=15017"},{"taxonomy":"stickerek-es-engedelyek","embeddable":true,"href":"https:\/\/danubagarden.hu\/en\/wp-json\/wp\/v2\/stickerek-es-engedelyek?post=15017"},{"taxonomy":"termek-besorolas","embeddable":true,"href":"https:\/\/danubagarden.hu\/en\/wp-json\/wp\/v2\/termek-besorolas?post=15017"},{"taxonomy":"problema","embeddable":true,"href":"https:\/\/danubagarden.hu\/en\/wp-json\/wp\/v2\/problema?post=15017"}],"curies":[{"name":"wp","href":"https:\/\/api.w.org\/{rel}","templated":true}]}}