{"id":15019,"date":"2026-01-12T14:17:39","date_gmt":"2026-01-12T13:17:39","guid":{"rendered":"https:\/\/danubagarden.hu\/?post_type=product&#038;p=15019"},"modified":"2026-04-15T09:42:14","modified_gmt":"2026-04-15T08:42:14","slug":"mikomax-garden-1-kg","status":"publish","type":"product","link":"https:\/\/danubagarden.hu\/en\/product\/mikomax-garden-1-kg\/","title":{"rendered":"MikoMax Garden 1 kg"},"content":{"rendered":"","protected":false},"excerpt":{"rendered":"<p><b>What is the mycorrhizal fungus and biostimulant MikoMax Garden good for?<\/b><\/p>\n<ol>\n<li style=\"font-weight: 400;\"><span style=\"font-weight: 400;\">Increases the uptake of nutrients from the soil by plants<\/span><\/li>\n<li style=\"font-weight: 400;\"><span style=\"font-weight: 400;\">Improves the plant's more efficient use of water<\/span><\/li>\n<li style=\"font-weight: 400;\"><span style=\"font-weight: 400;\">Strengthens the natural resistance of plants<\/span><\/li>\n<li style=\"font-weight: 400;\"><span style=\"font-weight: 400;\">Creating a more active and healthy soil life<\/span><\/li>\n<li style=\"font-weight: 400;\"><span style=\"font-weight: 400;\">Thanks to the above, it improves crop quality and increases yields<\/span><\/li>\n<li style=\"font-weight: 400;\"><span style=\"font-weight: 400;\">Due to its 6 types of nodules, it can be used in soils with different pH contents (acid, neutral or alkaline)<\/span><\/li>\n<li style=\"font-weight: 400;\"><span style=\"font-weight: 400;\">They help the plant not only in the early stages of its life, but throughout its life, e.g. in grapes for up to 50 years.<\/span><\/li>\n<\/ol>\n<p>&nbsp;<\/p>\n<div class=\"page\" title=\"Page 5\">\n<div class=\"section\">\n<div class=\"layoutArea\">\n<div class=\"column\">\n<p><strong>How to apply?<\/strong><\/p>\n<p>The MikoMax Garden should be sprayed into the planting hole so that it is close to the roots of the plant. You don't need to sprinkle much (about a teaspoonful) because, in theory, only the hyphae thread of a single spore, if it gets into the root of the plant, will then entangle the plant.<\/p>\n<\/div>\n<\/div>\n<\/div>\n<\/div>\n<p>&nbsp;<\/p>\n<p><strong>Scroll down and read more \u2b07\ufe0f<\/strong><\/p>","protected":false},"featured_media":15048,"template":"","meta":[],"product_brand":[],"product_cat":[26],"product_tag":[],"stickerek-es-engedelyek":[635,634],"termek-besorolas":[529],"problema":[82,86],"class_list":{"0":"post-15019","1":"product","2":"type-product","3":"status-publish","4":"has-post-thumbnail","6":"product_cat-mikorrhiza-gomba","7":"pa_tomeg-1-kg","8":"stickerek-es-engedelyek-certrust","9":"stickerek-es-engedelyek-biocert","10":"termek-besorolas-alap","11":"problema-maximalis-gyokeresites","12":"problema-talaj-vitalitas-novelese","13":"member-discount","14":"discount-restricted","16":"first","17":"outofstock","18":"taxable","19":"shipping-taxable","20":"purchasable","21":"product-type-simple"},"bundled_by":["17306"],"bundle_stock_status":"outofstock","bundle_stock_quantity":0,"bundle_virtual":false,"bundle_layout":"","bundle_add_to_cart_form_location":"","bundle_editable_in_cart":false,"bundle_sold_individually_context":"","bundle_item_grouping":"","bundle_min_size":"","bundle_max_size":"","bundle_price":[],"bundled_items":[],"bundle_sell_ids":[],"yoast_head":"<!-- This site is optimized with the Yoast SEO Premium plugin v26.9 (Yoast SEO v26.9) - https:\/\/yoast.com\/product\/yoast-seo-premium-wordpress\/ -->\n<title>MikoMax Garden 1 kg - DanubaGarden<\/title>\n<meta name=\"robots\" content=\"index, follow, max-snippet:-1, max-image-preview:large, max-video-preview:-1\" \/>\n<link rel=\"canonical\" href=\"https:\/\/danubagarden.hu\/en\/product\/mikomax-garden-1-kg\/\" \/>\n<meta property=\"og:locale\" content=\"en_GB\" \/>\n<meta property=\"og:type\" content=\"article\" \/>\n<meta property=\"og:title\" content=\"MikoMax Garden 1 kg\" \/>\n<meta property=\"og:description\" content=\"Mire j\u00f3 a mikorrhiza gomba \u00e9s biostimul\u00e1ns tartalm\u00fa MikoMax Garden?   Fokozza a t\u00e1panyagok felv\u00e9tel\u00e9t a talajb\u00f3l a n\u00f6v\u00e9nyek sz\u00e1m\u00e1ra  Jav\u00edtja a n\u00f6v\u00e9ny hat\u00e9konyabb v\u00edzfelhaszn\u00e1l\u00e1s\u00e1t  Er\u0151s\u00edti a n\u00f6v\u00e9nyek term\u00e9szetes ellen\u00e1ll\u00f3k\u00e9pess\u00e9g\u00e9t  Alkalmaz\u00e1s\u00e1val akt\u00edvabb \u00e9s eg\u00e9szs\u00e9gesebb talaj\u00e9letet hoz l\u00e9tre  A fentieknek k\u00f6sz\u00f6nhet\u0151en jav\u00edtja a term\u00e9smin\u0151s\u00e9g\u00e9t \u00e9s n\u00f6veli a term\u00e9smennyis\u00e9get  A 6 f\u00e9le gombanemzets\u00e9g tartalma miatt k\u00fcl\u00f6nb\u00f6z\u0151 pH tartalm\u00fa (savany\u00fa, semleges vagy l\u00fagos) talajokban is alkalmazhat\u00f3  Nem csak a n\u00f6v\u00e9nyek kezdeti id\u0151szak\u00e1ban seg\u00edtik a n\u00f6v\u00e9nyt, hanem v\u00e9gig az \u00e9lete sor\u00e1n pl. sz\u0151l\u0151ben ak\u00e1r 50 \u00e9vig.  &nbsp;      Hogyan kell kijuttatni?  A MikoMax Gardent az u\u0308lteto\u030bgo\u0308do\u0308rbe kell szo\u0301rni, hogy a no\u0308ve\u0301ny gyo\u0308kere\u0301hez ko\u0308zel helyezkedjen el. Nem kell sokat beleszo\u0301rni (kb. ka\u0301ve\u0301skana\u0301lnyi), mert elme\u0301letileg, csak egyetlen spo\u0301ra hifa fonala ha beleno\u030b a no\u0308ve\u0301ny gyo\u0308kere\u0301be, az ma\u0301r uta\u0301na beha\u0301lo\u0301zza a no\u0308ve\u0301nyt.      &nbsp;  G\u00f6rgess \u00e9s olvasss tov\u00e1bb \u2b07\ufe0f\" \/>\n<meta property=\"og:url\" content=\"https:\/\/danubagarden.hu\/en\/product\/mikomax-garden-1-kg\/\" \/>\n<meta property=\"og:site_name\" content=\"DanubaGarden\" \/>\n<meta property=\"article:modified_time\" content=\"2026-04-15T08:42:14+00:00\" \/>\n<meta property=\"og:image\" content=\"https:\/\/danubagarden.hu\/wp-content\/uploads\/IMG_6666.png\" \/>\n\t<meta property=\"og:image:width\" content=\"728\" \/>\n\t<meta property=\"og:image:height\" content=\"932\" \/>\n\t<meta property=\"og:image:type\" content=\"image\/png\" \/>\n<meta name=\"twitter:card\" content=\"summary_large_image\" \/>\n<meta name=\"twitter:label1\" content=\"Price\" \/>\n\t<meta name=\"twitter:data1\" content=\"11.430&nbsp;&#070;&#116;\" \/>\n\t<meta name=\"twitter:label2\" content=\"Availability\" \/>\n\t<meta name=\"twitter:data2\" content=\"Out of stock\" \/>\n<script type=\"application\/ld+json\" class=\"yoast-schema-graph\">{\"@context\":\"https:\/\/schema.org\",\"@graph\":[{\"@type\":\"WebPage\",\"@id\":\"https:\/\/danubagarden.hu\/termek\/mikomax-garden-1-kg\/\",\"url\":\"https:\/\/danubagarden.hu\/termek\/mikomax-garden-1-kg\/\",\"name\":\"MikoMax Garden 1 kg - DanubaGarden\",\"isPartOf\":{\"@id\":\"https:\/\/danubagarden.hu\/#website\"},\"primaryImageOfPage\":{\"@id\":\"https:\/\/danubagarden.hu\/termek\/mikomax-garden-1-kg\/#primaryimage\"},\"image\":{\"@id\":\"https:\/\/danubagarden.hu\/termek\/mikomax-garden-1-kg\/#primaryimage\"},\"thumbnailUrl\":\"https:\/\/danubagarden.hu\/wp-content\/uploads\/IMG_6666.png\",\"datePublished\":\"2026-01-12T13:17:39+00:00\",\"dateModified\":\"2026-04-15T08:42:14+00:00\",\"breadcrumb\":{\"@id\":\"https:\/\/danubagarden.hu\/termek\/mikomax-garden-1-kg\/#breadcrumb\"},\"inLanguage\":\"en-GB\",\"potentialAction\":[{\"@type\":\"ReadAction\",\"target\":[\"https:\/\/danubagarden.hu\/termek\/mikomax-garden-1-kg\/\"]}]},{\"@type\":\"ImageObject\",\"inLanguage\":\"en-GB\",\"@id\":\"https:\/\/danubagarden.hu\/termek\/mikomax-garden-1-kg\/#primaryimage\",\"url\":\"https:\/\/danubagarden.hu\/wp-content\/uploads\/IMG_6666.png\",\"contentUrl\":\"https:\/\/danubagarden.hu\/wp-content\/uploads\/IMG_6666.png\",\"width\":728,\"height\":932,\"caption\":\"MikoMax 1 kg\"},{\"@type\":\"BreadcrumbList\",\"@id\":\"https:\/\/danubagarden.hu\/termek\/mikomax-garden-1-kg\/#breadcrumb\",\"itemListElement\":[{\"@type\":\"ListItem\",\"position\":1,\"name\":\"Home\",\"item\":\"https:\/\/danubagarden.hu\/\"},{\"@type\":\"ListItem\",\"position\":2,\"name\":\"Webshop\",\"item\":\"https:\/\/danubagarden.hu\/webshop\/\"},{\"@type\":\"ListItem\",\"position\":3,\"name\":\"MikoMax Garden 1 kg\"}]},{\"@type\":\"WebSite\",\"@id\":\"https:\/\/danubagarden.hu\/#website\",\"url\":\"https:\/\/danubagarden.hu\/\",\"name\":\"DanubaGarden\",\"description\":\"\",\"publisher\":{\"@id\":\"https:\/\/danubagarden.hu\/#organization\"},\"potentialAction\":[{\"@type\":\"SearchAction\",\"target\":{\"@type\":\"EntryPoint\",\"urlTemplate\":\"https:\/\/danubagarden.hu\/?s={search_term_string}\"},\"query-input\":{\"@type\":\"PropertyValueSpecification\",\"valueRequired\":true,\"valueName\":\"search_term_string\"}}],\"inLanguage\":\"en-GB\"},{\"@type\":\"Organization\",\"@id\":\"https:\/\/danubagarden.hu\/#organization\",\"name\":\"DanubaGarden\",\"url\":\"https:\/\/danubagarden.hu\/\",\"logo\":{\"@type\":\"ImageObject\",\"inLanguage\":\"en-GB\",\"@id\":\"https:\/\/danubagarden.hu\/#\/schema\/logo\/image\/\",\"url\":\"https:\/\/danubagarden.hu\/wp-content\/uploads\/logo.png\",\"contentUrl\":\"https:\/\/danubagarden.hu\/wp-content\/uploads\/logo.png\",\"width\":512,\"height\":264,\"caption\":\"DanubaGarden\"},\"image\":{\"@id\":\"https:\/\/danubagarden.hu\/#\/schema\/logo\/image\/\"}}]}<\/script>\n<meta property=\"product:price:amount\" content=\"11430\" \/>\n<meta property=\"product:price:currency\" content=\"HUF\" \/>\n<meta property=\"og:availability\" content=\"out of stock\" \/>\n<meta property=\"product:availability\" content=\"out of stock\" \/>\n<meta property=\"product:retailer_item_id\" content=\"00264\" \/>\n<meta property=\"product:condition\" content=\"new\" \/>\n<!-- \/ Yoast SEO Premium plugin. -->","yoast_head_json":{"title":"MikoMax Garden 1 kg - DanubaGarden","robots":{"index":"index","follow":"follow","max-snippet":"max-snippet:-1","max-image-preview":"max-image-preview:large","max-video-preview":"max-video-preview:-1"},"canonical":"https:\/\/danubagarden.hu\/en\/product\/mikomax-garden-1-kg\/","og_locale":"en_GB","og_type":"article","og_title":"MikoMax Garden 1 kg","og_description":"Mire j\u00f3 a mikorrhiza gomba \u00e9s biostimul\u00e1ns tartalm\u00fa MikoMax Garden?   Fokozza a t\u00e1panyagok felv\u00e9tel\u00e9t a talajb\u00f3l a n\u00f6v\u00e9nyek sz\u00e1m\u00e1ra  Jav\u00edtja a n\u00f6v\u00e9ny hat\u00e9konyabb v\u00edzfelhaszn\u00e1l\u00e1s\u00e1t  Er\u0151s\u00edti a n\u00f6v\u00e9nyek term\u00e9szetes ellen\u00e1ll\u00f3k\u00e9pess\u00e9g\u00e9t  Alkalmaz\u00e1s\u00e1val akt\u00edvabb \u00e9s eg\u00e9szs\u00e9gesebb talaj\u00e9letet hoz l\u00e9tre  A fentieknek k\u00f6sz\u00f6nhet\u0151en jav\u00edtja a term\u00e9smin\u0151s\u00e9g\u00e9t \u00e9s n\u00f6veli a term\u00e9smennyis\u00e9get  A 6 f\u00e9le gombanemzets\u00e9g tartalma miatt k\u00fcl\u00f6nb\u00f6z\u0151 pH tartalm\u00fa (savany\u00fa, semleges vagy l\u00fagos) talajokban is alkalmazhat\u00f3  Nem csak a n\u00f6v\u00e9nyek kezdeti id\u0151szak\u00e1ban seg\u00edtik a n\u00f6v\u00e9nyt, hanem v\u00e9gig az \u00e9lete sor\u00e1n pl. sz\u0151l\u0151ben ak\u00e1r 50 \u00e9vig.  &nbsp;      Hogyan kell kijuttatni?  A MikoMax Gardent az u\u0308lteto\u030bgo\u0308do\u0308rbe kell szo\u0301rni, hogy a no\u0308ve\u0301ny gyo\u0308kere\u0301hez ko\u0308zel helyezkedjen el. Nem kell sokat beleszo\u0301rni (kb. ka\u0301ve\u0301skana\u0301lnyi), mert elme\u0301letileg, csak egyetlen spo\u0301ra hifa fonala ha beleno\u030b a no\u0308ve\u0301ny gyo\u0308kere\u0301be, az ma\u0301r uta\u0301na beha\u0301lo\u0301zza a no\u0308ve\u0301nyt.      &nbsp;  G\u00f6rgess \u00e9s olvasss tov\u00e1bb \u2b07\ufe0f","og_url":"https:\/\/danubagarden.hu\/en\/product\/mikomax-garden-1-kg\/","og_site_name":"DanubaGarden","article_modified_time":"2026-04-15T08:42:14+00:00","og_image":[{"width":728,"height":932,"url":"https:\/\/danubagarden.hu\/wp-content\/uploads\/IMG_6666.png","type":"image\/png"}],"twitter_card":"summary_large_image","twitter_misc":{"Price":"11.430&nbsp;&#70;&#116;","Availability":"Out of stock"},"schema":{"@context":"https:\/\/schema.org","@graph":[{"@type":"WebPage","@id":"https:\/\/danubagarden.hu\/termek\/mikomax-garden-1-kg\/","url":"https:\/\/danubagarden.hu\/termek\/mikomax-garden-1-kg\/","name":"MikoMax Garden 1 kg - DanubaGarden","isPartOf":{"@id":"https:\/\/danubagarden.hu\/#website"},"primaryImageOfPage":{"@id":"https:\/\/danubagarden.hu\/termek\/mikomax-garden-1-kg\/#primaryimage"},"image":{"@id":"https:\/\/danubagarden.hu\/termek\/mikomax-garden-1-kg\/#primaryimage"},"thumbnailUrl":"https:\/\/danubagarden.hu\/wp-content\/uploads\/IMG_6666.png","datePublished":"2026-01-12T13:17:39+00:00","dateModified":"2026-04-15T08:42:14+00:00","breadcrumb":{"@id":"https:\/\/danubagarden.hu\/termek\/mikomax-garden-1-kg\/#breadcrumb"},"inLanguage":"en-GB","potentialAction":[{"@type":"ReadAction","target":["https:\/\/danubagarden.hu\/termek\/mikomax-garden-1-kg\/"]}]},{"@type":"ImageObject","inLanguage":"en-GB","@id":"https:\/\/danubagarden.hu\/termek\/mikomax-garden-1-kg\/#primaryimage","url":"https:\/\/danubagarden.hu\/wp-content\/uploads\/IMG_6666.png","contentUrl":"https:\/\/danubagarden.hu\/wp-content\/uploads\/IMG_6666.png","width":728,"height":932,"caption":"MikoMax 1 kg"},{"@type":"BreadcrumbList","@id":"https:\/\/danubagarden.hu\/termek\/mikomax-garden-1-kg\/#breadcrumb","itemListElement":[{"@type":"ListItem","position":1,"name":"Home","item":"https:\/\/danubagarden.hu\/"},{"@type":"ListItem","position":2,"name":"Webshop","item":"https:\/\/danubagarden.hu\/webshop\/"},{"@type":"ListItem","position":3,"name":"MikoMax Garden 1 kg"}]},{"@type":"WebSite","@id":"https:\/\/danubagarden.hu\/#website","url":"https:\/\/danubagarden.hu\/","name":"DanubaGarden","description":"","publisher":{"@id":"https:\/\/danubagarden.hu\/#organization"},"potentialAction":[{"@type":"SearchAction","target":{"@type":"EntryPoint","urlTemplate":"https:\/\/danubagarden.hu\/?s={search_term_string}"},"query-input":{"@type":"PropertyValueSpecification","valueRequired":true,"valueName":"search_term_string"}}],"inLanguage":"en-GB"},{"@type":"Organization","@id":"https:\/\/danubagarden.hu\/#organization","name":"DanubaGarden","url":"https:\/\/danubagarden.hu\/","logo":{"@type":"ImageObject","inLanguage":"en-GB","@id":"https:\/\/danubagarden.hu\/#\/schema\/logo\/image\/","url":"https:\/\/danubagarden.hu\/wp-content\/uploads\/logo.png","contentUrl":"https:\/\/danubagarden.hu\/wp-content\/uploads\/logo.png","width":512,"height":264,"caption":"DanubaGarden"},"image":{"@id":"https:\/\/danubagarden.hu\/#\/schema\/logo\/image\/"}}]},"product_price_amount":"11430","product_price_currency":"HUF","og_availability":"out of stock","product_availability":"out of stock","product_retailer_item_id":"00264","product_condition":"new"},"_links":{"self":[{"href":"https:\/\/danubagarden.hu\/en\/wp-json\/wp\/v2\/product\/15019","targetHints":{"allow":["GET"]}}],"collection":[{"href":"https:\/\/danubagarden.hu\/en\/wp-json\/wp\/v2\/product"}],"about":[{"href":"https:\/\/danubagarden.hu\/en\/wp-json\/wp\/v2\/types\/product"}],"wp:featuredmedia":[{"embeddable":true,"href":"https:\/\/danubagarden.hu\/en\/wp-json\/wp\/v2\/media\/15048"}],"wp:attachment":[{"href":"https:\/\/danubagarden.hu\/en\/wp-json\/wp\/v2\/media?parent=15019"}],"wp:term":[{"taxonomy":"product_brand","embeddable":true,"href":"https:\/\/danubagarden.hu\/en\/wp-json\/wp\/v2\/product_brand?post=15019"},{"taxonomy":"product_cat","embeddable":true,"href":"https:\/\/danubagarden.hu\/en\/wp-json\/wp\/v2\/product_cat?post=15019"},{"taxonomy":"product_tag","embeddable":true,"href":"https:\/\/danubagarden.hu\/en\/wp-json\/wp\/v2\/product_tag?post=15019"},{"taxonomy":"stickerek-es-engedelyek","embeddable":true,"href":"https:\/\/danubagarden.hu\/en\/wp-json\/wp\/v2\/stickerek-es-engedelyek?post=15019"},{"taxonomy":"termek-besorolas","embeddable":true,"href":"https:\/\/danubagarden.hu\/en\/wp-json\/wp\/v2\/termek-besorolas?post=15019"},{"taxonomy":"problema","embeddable":true,"href":"https:\/\/danubagarden.hu\/en\/wp-json\/wp\/v2\/problema?post=15019"}],"curies":[{"name":"wp","href":"https:\/\/api.w.org\/{rel}","templated":true}]}}