{"id":16223,"date":"2026-02-24T22:22:33","date_gmt":"2026-02-24T21:22:33","guid":{"rendered":"https:\/\/danubagarden.hu\/?post_type=product&#038;p=16223"},"modified":"2026-04-15T15:46:46","modified_gmt":"2026-04-15T14:46:46","slug":"evkezdo-package","status":"publish","type":"product","link":"https:\/\/danubagarden.hu\/en\/product\/evkezdo-package\/","title":{"rendered":"Starter package: BIO 1\u00d71"},"content":{"rendered":"","protected":false},"excerpt":{"rendered":"<h2><b>Tricho Immune 100g + Blackjak 0,2L + MikoMax 60g <\/b><b><i>+ <span style=\"color: #77bb85;\">gift flower seeds<\/span><\/i><\/b><b><i><\/i><\/b><\/h2>\n<p>&nbsp;<\/p>\n<p><strong>Why choose this package?<\/strong><\/p>\n<p>1. If you're just getting to know your bio urges<\/p>\n<p>2. If you are a beginner gardener<\/p>\n<p>3. If you have a balcony garden or a loft<\/p>\n<p>The products in the package can be used to improve your soil (Blackjak), support rooting (Mikomax) + a combination of these to support the plant's uptake of water and nutrients. And with Tricho Immun you can fortify your plant against pathogenic fungi.<\/p>","protected":false},"featured_media":16637,"template":"","meta":[],"product_brand":[],"product_cat":[26,25,28],"product_tag":[],"stickerek-es-engedelyek":[],"termek-besorolas":[],"problema":[],"class_list":{"0":"post-16223","1":"product","2":"type-product","3":"status-publish","4":"has-post-thumbnail","6":"product_cat-mikorrhiza-gomba","7":"product_cat-trichoderma-gomba","8":"product_cat-humusz","9":"member-discount","10":"discount-restricted","12":"first","13":"instock","14":"featured","15":"virtual","16":"taxable","17":"purchasable","18":"product-type-bundle"},"bundled_by":[],"bundle_stock_status":"instock","bundle_stock_quantity":1316,"bundle_virtual":false,"bundle_layout":"default","bundle_add_to_cart_form_location":"default","bundle_editable_in_cart":false,"bundle_sold_individually_context":"product","bundle_item_grouping":"parent","bundle_min_size":"","bundle_max_size":"","bundle_price":{"price":{"min":{"incl_tax":"11303","excl_tax":"8900"},"max":{"incl_tax":"11303","excl_tax":"8900"}},"regular_price":{"min":{"incl_tax":"11303","excl_tax":"8900"},"max":{"incl_tax":"11303","excl_tax":"8900"}}},"bundled_items":[{"bundled_item_id":6,"product_id":7421,"menu_order":0,"quantity_min":1,"quantity_max":1,"quantity_default":1,"priced_individually":true,"shipped_individually":false,"override_title":false,"title":"MikoMax Garden 60 g","override_description":false,"description":"","optional":false,"hide_thumbnail":false,"discount":"","override_variations":false,"allowed_variations":[],"override_default_variation_attributes":false,"default_variation_attributes":[],"single_product_visibility":"hidden","cart_visibility":"visible","order_visibility":"visible","single_product_price_visibility":"visible","cart_price_visibility":"visible","order_price_visibility":"visible","stock_status":"in_stock"},{"bundled_item_id":7,"product_id":368,"menu_order":1,"quantity_min":1,"quantity_max":1,"quantity_default":1,"priced_individually":true,"shipped_individually":false,"override_title":false,"title":"Blackjak","override_description":true,"description":"","optional":false,"hide_thumbnail":false,"discount":"","override_variations":true,"allowed_variations":[9428],"override_default_variation_attributes":true,"default_variation_attributes":[{"id":1,"name":"Volume","option":"02-l"}],"single_product_visibility":"hidden","cart_visibility":"visible","order_visibility":"visible","single_product_price_visibility":"visible","cart_price_visibility":"visible","order_price_visibility":"visible","stock_status":"in_stock"},{"bundled_item_id":8,"product_id":364,"menu_order":2,"quantity_min":1,"quantity_max":1,"quantity_default":1,"priced_individually":true,"shipped_individually":false,"override_title":false,"title":"Tricho Immun","override_description":false,"description":"","optional":false,"hide_thumbnail":false,"discount":"","override_variations":true,"allowed_variations":[1128],"override_default_variation_attributes":true,"default_variation_attributes":[{"id":2,"name":"Mass","option":"01-kg"}],"single_product_visibility":"hidden","cart_visibility":"visible","order_visibility":"visible","single_product_price_visibility":"visible","cart_price_visibility":"visible","order_price_visibility":"visible","stock_status":"in_stock"},{"bundled_item_id":9,"product_id":16220,"menu_order":3,"quantity_min":1,"quantity_max":1,"quantity_default":1,"priced_individually":false,"shipped_individually":false,"override_title":false,"title":"Seed mix","override_description":false,"description":"","optional":false,"hide_thumbnail":false,"discount":"","override_variations":false,"allowed_variations":[],"override_default_variation_attributes":false,"default_variation_attributes":[],"single_product_visibility":"hidden","cart_visibility":"visible","order_visibility":"visible","single_product_price_visibility":"visible","cart_price_visibility":"visible","order_price_visibility":"visible","stock_status":"in_stock"}],"bundle_sell_ids":[],"yoast_head":"<!-- This site is optimized with the Yoast SEO Premium plugin v26.9 (Yoast SEO v26.9) - https:\/\/yoast.com\/product\/yoast-seo-premium-wordpress\/ -->\n<title>Kezd\u0151 csomag: BIO 1x1 - DanubaGarden<\/title>\n<meta name=\"robots\" content=\"index, follow, max-snippet:-1, max-image-preview:large, max-video-preview:-1\" \/>\n<link rel=\"canonical\" href=\"https:\/\/danubagarden.hu\/en\/product\/evkezdo-package\/\" \/>\n<meta property=\"og:locale\" content=\"en_GB\" \/>\n<meta property=\"og:type\" content=\"article\" \/>\n<meta property=\"og:title\" content=\"Kezd\u0151 csomag: BIO 1x1\" \/>\n<meta property=\"og:description\" content=\"Tricho Immun 100g + Blackjak 0,2L + MikoMax 60g + aj\u00e1nd\u00e9k vir\u00e1gmag &nbsp;  Mi\u00e9rt v\u00e1laszd ezt a csomagot?  1. Ha most ismerkedsz a bio k\u00e9sztm\u00e9nyekkel  2. Ha kezd\u0151 kert\u00e9sz vagy  3. Ha balkon kerted vagy maga\u00e1gy\u00e1sod van  A csomagban tal\u00e1lhat\u00f3 k\u00e9sz\u00edtm\u00e9nyekkel jav\u00edthatod talajodat (Blackjak), t\u00e1mogathatod a gy\u00f6keres\u00edt\u00e9st (Mikomax) + ezek kombin\u00e1ci\u00f3ja t\u00e1mogatja a a n\u00f6v\u00e9ny v\u00edz- \u00e9s t\u00e1panyagfelv\u00e9tel\u00e9t. Tricho Immunnal meg felv\u00e9rtezheted a n\u00f6v\u00e9nyt a k\u00f3rokoz\u00f3 gomb\u00e1k ellen.\" \/>\n<meta property=\"og:url\" content=\"https:\/\/danubagarden.hu\/en\/product\/evkezdo-package\/\" \/>\n<meta property=\"og:site_name\" content=\"DanubaGarden\" \/>\n<meta property=\"article:modified_time\" content=\"2026-04-15T14:46:46+00:00\" \/>\n<meta property=\"og:image\" content=\"https:\/\/danubagarden.hu\/wp-content\/uploads\/IMG_7301.png\" \/>\n\t<meta property=\"og:image:width\" content=\"981\" \/>\n\t<meta property=\"og:image:height\" content=\"594\" \/>\n\t<meta property=\"og:image:type\" content=\"image\/png\" \/>\n<meta name=\"twitter:card\" content=\"summary_large_image\" \/>\n<meta name=\"twitter:label1\" content=\"Price\" \/>\n\t<meta name=\"twitter:data1\" content=\"0&nbsp;&#070;&#116;\" \/>\n\t<meta name=\"twitter:label2\" content=\"Availability\" \/>\n\t<meta name=\"twitter:data2\" content=\"In stock\" \/>\n<script type=\"application\/ld+json\" class=\"yoast-schema-graph\">{\"@context\":\"https:\/\/schema.org\",\"@graph\":[{\"@type\":\"WebPage\",\"@id\":\"https:\/\/danubagarden.hu\/termek\/evkezdo-csomag\/\",\"url\":\"https:\/\/danubagarden.hu\/termek\/evkezdo-csomag\/\",\"name\":\"Kezd\u0151 csomag: BIO 1x1 - DanubaGarden\",\"isPartOf\":{\"@id\":\"https:\/\/danubagarden.hu\/#website\"},\"primaryImageOfPage\":{\"@id\":\"https:\/\/danubagarden.hu\/termek\/evkezdo-csomag\/#primaryimage\"},\"image\":{\"@id\":\"https:\/\/danubagarden.hu\/termek\/evkezdo-csomag\/#primaryimage\"},\"thumbnailUrl\":\"https:\/\/danubagarden.hu\/wp-content\/uploads\/IMG_7301.png\",\"datePublished\":\"2026-02-24T21:22:33+00:00\",\"dateModified\":\"2026-04-15T14:46:46+00:00\",\"breadcrumb\":{\"@id\":\"https:\/\/danubagarden.hu\/termek\/evkezdo-csomag\/#breadcrumb\"},\"inLanguage\":\"en-GB\",\"potentialAction\":[{\"@type\":\"ReadAction\",\"target\":[\"https:\/\/danubagarden.hu\/termek\/evkezdo-csomag\/\"]}]},{\"@type\":\"ImageObject\",\"inLanguage\":\"en-GB\",\"@id\":\"https:\/\/danubagarden.hu\/termek\/evkezdo-csomag\/#primaryimage\",\"url\":\"https:\/\/danubagarden.hu\/wp-content\/uploads\/IMG_7301.png\",\"contentUrl\":\"https:\/\/danubagarden.hu\/wp-content\/uploads\/IMG_7301.png\",\"width\":981,\"height\":594,\"caption\":\"Kezd\u0151 csomag\"},{\"@type\":\"BreadcrumbList\",\"@id\":\"https:\/\/danubagarden.hu\/termek\/evkezdo-csomag\/#breadcrumb\",\"itemListElement\":[{\"@type\":\"ListItem\",\"position\":1,\"name\":\"Home\",\"item\":\"https:\/\/danubagarden.hu\/\"},{\"@type\":\"ListItem\",\"position\":2,\"name\":\"Webshop\",\"item\":\"https:\/\/danubagarden.hu\/webshop\/\"},{\"@type\":\"ListItem\",\"position\":3,\"name\":\"Kezd\u0151 csomag: BIO 1&#215;1\"}]},{\"@type\":\"WebSite\",\"@id\":\"https:\/\/danubagarden.hu\/#website\",\"url\":\"https:\/\/danubagarden.hu\/\",\"name\":\"DanubaGarden\",\"description\":\"\",\"publisher\":{\"@id\":\"https:\/\/danubagarden.hu\/#organization\"},\"potentialAction\":[{\"@type\":\"SearchAction\",\"target\":{\"@type\":\"EntryPoint\",\"urlTemplate\":\"https:\/\/danubagarden.hu\/?s={search_term_string}\"},\"query-input\":{\"@type\":\"PropertyValueSpecification\",\"valueRequired\":true,\"valueName\":\"search_term_string\"}}],\"inLanguage\":\"en-GB\"},{\"@type\":\"Organization\",\"@id\":\"https:\/\/danubagarden.hu\/#organization\",\"name\":\"DanubaGarden\",\"url\":\"https:\/\/danubagarden.hu\/\",\"logo\":{\"@type\":\"ImageObject\",\"inLanguage\":\"en-GB\",\"@id\":\"https:\/\/danubagarden.hu\/#\/schema\/logo\/image\/\",\"url\":\"https:\/\/danubagarden.hu\/wp-content\/uploads\/logo.png\",\"contentUrl\":\"https:\/\/danubagarden.hu\/wp-content\/uploads\/logo.png\",\"width\":512,\"height\":264,\"caption\":\"DanubaGarden\"},\"image\":{\"@id\":\"https:\/\/danubagarden.hu\/#\/schema\/logo\/image\/\"}}]}<\/script>\n<meta property=\"product:price:amount\" content=\"0\" \/>\n<meta property=\"product:price:currency\" content=\"HUF\" \/>\n<meta property=\"og:availability\" content=\"instock\" \/>\n<meta property=\"product:availability\" content=\"instock\" \/>\n<meta property=\"product:condition\" content=\"new\" \/>\n<!-- \/ Yoast SEO Premium plugin. -->","yoast_head_json":{"title":"Starter package: BIO 1x1 - DanubaGarden","robots":{"index":"index","follow":"follow","max-snippet":"max-snippet:-1","max-image-preview":"max-image-preview:large","max-video-preview":"max-video-preview:-1"},"canonical":"https:\/\/danubagarden.hu\/en\/product\/evkezdo-package\/","og_locale":"en_GB","og_type":"article","og_title":"Kezd\u0151 csomag: BIO 1x1","og_description":"Tricho Immun 100g + Blackjak 0,2L + MikoMax 60g + aj\u00e1nd\u00e9k vir\u00e1gmag &nbsp;  Mi\u00e9rt v\u00e1laszd ezt a csomagot?  1. Ha most ismerkedsz a bio k\u00e9sztm\u00e9nyekkel  2. Ha kezd\u0151 kert\u00e9sz vagy  3. Ha balkon kerted vagy maga\u00e1gy\u00e1sod van  A csomagban tal\u00e1lhat\u00f3 k\u00e9sz\u00edtm\u00e9nyekkel jav\u00edthatod talajodat (Blackjak), t\u00e1mogathatod a gy\u00f6keres\u00edt\u00e9st (Mikomax) + ezek kombin\u00e1ci\u00f3ja t\u00e1mogatja a a n\u00f6v\u00e9ny v\u00edz- \u00e9s t\u00e1panyagfelv\u00e9tel\u00e9t. Tricho Immunnal meg felv\u00e9rtezheted a n\u00f6v\u00e9nyt a k\u00f3rokoz\u00f3 gomb\u00e1k ellen.","og_url":"https:\/\/danubagarden.hu\/en\/product\/evkezdo-package\/","og_site_name":"DanubaGarden","article_modified_time":"2026-04-15T14:46:46+00:00","og_image":[{"width":981,"height":594,"url":"https:\/\/danubagarden.hu\/wp-content\/uploads\/IMG_7301.png","type":"image\/png"}],"twitter_card":"summary_large_image","twitter_misc":{"Price":"0&nbsp;&#70;&#116;","Availability":"In stock"},"schema":{"@context":"https:\/\/schema.org","@graph":[{"@type":"WebPage","@id":"https:\/\/danubagarden.hu\/termek\/evkezdo-csomag\/","url":"https:\/\/danubagarden.hu\/termek\/evkezdo-csomag\/","name":"Starter package: BIO 1x1 - DanubaGarden","isPartOf":{"@id":"https:\/\/danubagarden.hu\/#website"},"primaryImageOfPage":{"@id":"https:\/\/danubagarden.hu\/termek\/evkezdo-csomag\/#primaryimage"},"image":{"@id":"https:\/\/danubagarden.hu\/termek\/evkezdo-csomag\/#primaryimage"},"thumbnailUrl":"https:\/\/danubagarden.hu\/wp-content\/uploads\/IMG_7301.png","datePublished":"2026-02-24T21:22:33+00:00","dateModified":"2026-04-15T14:46:46+00:00","breadcrumb":{"@id":"https:\/\/danubagarden.hu\/termek\/evkezdo-csomag\/#breadcrumb"},"inLanguage":"en-GB","potentialAction":[{"@type":"ReadAction","target":["https:\/\/danubagarden.hu\/termek\/evkezdo-csomag\/"]}]},{"@type":"ImageObject","inLanguage":"en-GB","@id":"https:\/\/danubagarden.hu\/termek\/evkezdo-csomag\/#primaryimage","url":"https:\/\/danubagarden.hu\/wp-content\/uploads\/IMG_7301.png","contentUrl":"https:\/\/danubagarden.hu\/wp-content\/uploads\/IMG_7301.png","width":981,"height":594,"caption":"Kezd\u0151 csomag"},{"@type":"BreadcrumbList","@id":"https:\/\/danubagarden.hu\/termek\/evkezdo-csomag\/#breadcrumb","itemListElement":[{"@type":"ListItem","position":1,"name":"Home","item":"https:\/\/danubagarden.hu\/"},{"@type":"ListItem","position":2,"name":"Webshop","item":"https:\/\/danubagarden.hu\/webshop\/"},{"@type":"ListItem","position":3,"name":"Kezd\u0151 csomag: BIO 1&#215;1"}]},{"@type":"WebSite","@id":"https:\/\/danubagarden.hu\/#website","url":"https:\/\/danubagarden.hu\/","name":"DanubaGarden","description":"","publisher":{"@id":"https:\/\/danubagarden.hu\/#organization"},"potentialAction":[{"@type":"SearchAction","target":{"@type":"EntryPoint","urlTemplate":"https:\/\/danubagarden.hu\/?s={search_term_string}"},"query-input":{"@type":"PropertyValueSpecification","valueRequired":true,"valueName":"search_term_string"}}],"inLanguage":"en-GB"},{"@type":"Organization","@id":"https:\/\/danubagarden.hu\/#organization","name":"DanubaGarden","url":"https:\/\/danubagarden.hu\/","logo":{"@type":"ImageObject","inLanguage":"en-GB","@id":"https:\/\/danubagarden.hu\/#\/schema\/logo\/image\/","url":"https:\/\/danubagarden.hu\/wp-content\/uploads\/logo.png","contentUrl":"https:\/\/danubagarden.hu\/wp-content\/uploads\/logo.png","width":512,"height":264,"caption":"DanubaGarden"},"image":{"@id":"https:\/\/danubagarden.hu\/#\/schema\/logo\/image\/"}}]},"product_price_currency":"HUF","og_availability":"instock","product_availability":"instock","product_condition":"new"},"_links":{"self":[{"href":"https:\/\/danubagarden.hu\/en\/wp-json\/wp\/v2\/product\/16223","targetHints":{"allow":["GET"]}}],"collection":[{"href":"https:\/\/danubagarden.hu\/en\/wp-json\/wp\/v2\/product"}],"about":[{"href":"https:\/\/danubagarden.hu\/en\/wp-json\/wp\/v2\/types\/product"}],"wp:featuredmedia":[{"embeddable":true,"href":"https:\/\/danubagarden.hu\/en\/wp-json\/wp\/v2\/media\/16637"}],"wp:attachment":[{"href":"https:\/\/danubagarden.hu\/en\/wp-json\/wp\/v2\/media?parent=16223"}],"wp:term":[{"taxonomy":"product_brand","embeddable":true,"href":"https:\/\/danubagarden.hu\/en\/wp-json\/wp\/v2\/product_brand?post=16223"},{"taxonomy":"product_cat","embeddable":true,"href":"https:\/\/danubagarden.hu\/en\/wp-json\/wp\/v2\/product_cat?post=16223"},{"taxonomy":"product_tag","embeddable":true,"href":"https:\/\/danubagarden.hu\/en\/wp-json\/wp\/v2\/product_tag?post=16223"},{"taxonomy":"stickerek-es-engedelyek","embeddable":true,"href":"https:\/\/danubagarden.hu\/en\/wp-json\/wp\/v2\/stickerek-es-engedelyek?post=16223"},{"taxonomy":"termek-besorolas","embeddable":true,"href":"https:\/\/danubagarden.hu\/en\/wp-json\/wp\/v2\/termek-besorolas?post=16223"},{"taxonomy":"problema","embeddable":true,"href":"https:\/\/danubagarden.hu\/en\/wp-json\/wp\/v2\/problema?post=16223"}],"curies":[{"name":"wp","href":"https:\/\/api.w.org\/{rel}","templated":true}]}}