{"id":16633,"date":"2026-03-05T08:44:55","date_gmt":"2026-03-05T07:44:55","guid":{"rendered":"https:\/\/danubagarden.hu\/?post_type=product&#038;p=16633"},"modified":"2026-04-15T15:44:39","modified_gmt":"2026-04-15T14:44:39","slug":"spring-water","status":"publish","type":"product","link":"https:\/\/danubagarden.hu\/en\/product\/spring-water\/","title":{"rendered":"Spring protection package"},"content":{"rendered":"","protected":false},"excerpt":{"rendered":"<h2><b>Tricho Immune 100g + MicrOil 0,2L <\/b><b><i>+ <span style=\"color: #77bb85;\">gift flower seeds<\/span><\/i><\/b><\/h2>\n<p>&nbsp;<\/p>\n<p><strong>Why choose this package?<\/strong><\/p>\n<p>1. Microil: because it goes beyond the traditional <strong>detergent<\/strong>eken: <strong>its advanced microemulsion formulation provides targeted protection against t<\/strong>against slugs, mites and thrips, gently yet effectively<\/p>\n<p>2. <strong>Combined protection:<\/strong> internal protection against pathogenic fungi (Trihco Immune) + external protection against overwintering insects (Microil)<\/p>\n<p>3. The two products should be used separately, 1 week after each other. In the case of fruit trees, vines and vegetables, it is best to apply Tricho Immun 50 g\/10 litres of water first to give the fungus time to grow, followed after two weeks by MicrOil 30 ml\/10 litres of water. The treatment can also be carried out in reverse order. For ornamental plants after pruning e.g. roses, laurel, evergreens.<\/p>\n<p><strong>Important<\/strong>: Tricho Immune fungal strains in plants are not harmed, but do not apply them all at once, but a week apart. In any order.<\/p>","protected":false},"featured_media":16634,"template":"","meta":[],"product_brand":[],"product_cat":[691,25],"product_tag":[],"stickerek-es-engedelyek":[],"termek-besorolas":[],"problema":[85],"class_list":{"0":"post-16633","1":"product","2":"type-product","3":"status-publish","4":"has-post-thumbnail","6":"product_cat-olaj","7":"product_cat-trichoderma-gomba","8":"problema-biologiai-novenyvedelem","9":"member-discount","10":"discount-restricted","12":"first","13":"instock","14":"featured","15":"virtual","16":"taxable","17":"purchasable","18":"product-type-bundle"},"bundled_by":[],"bundle_stock_status":"instock","bundle_stock_quantity":1141,"bundle_virtual":false,"bundle_layout":"default","bundle_add_to_cart_form_location":"default","bundle_editable_in_cart":false,"bundle_sold_individually_context":"product","bundle_item_grouping":"parent","bundle_min_size":"","bundle_max_size":"","bundle_price":{"price":{"min":{"incl_tax":"10795","excl_tax":"8500"},"max":{"incl_tax":"10795","excl_tax":"8500"}},"regular_price":{"min":{"incl_tax":"10795","excl_tax":"8500"},"max":{"incl_tax":"10795","excl_tax":"8500"}}},"bundled_items":[{"bundled_item_id":10,"product_id":15021,"menu_order":0,"quantity_min":1,"quantity_max":1,"quantity_default":1,"priced_individually":true,"shipped_individually":false,"override_title":false,"title":"MicrOil","override_description":false,"description":"","optional":false,"hide_thumbnail":false,"discount":"","override_variations":false,"allowed_variations":[],"override_default_variation_attributes":false,"default_variation_attributes":[],"single_product_visibility":"hidden","cart_visibility":"visible","order_visibility":"visible","single_product_price_visibility":"visible","cart_price_visibility":"visible","order_price_visibility":"visible","stock_status":"in_stock"},{"bundled_item_id":11,"product_id":364,"menu_order":1,"quantity_min":1,"quantity_max":1,"quantity_default":1,"priced_individually":true,"shipped_individually":false,"override_title":false,"title":"Tricho Immun","override_description":false,"description":"","optional":false,"hide_thumbnail":false,"discount":"","override_variations":true,"allowed_variations":[1128],"override_default_variation_attributes":true,"default_variation_attributes":[{"id":2,"name":"Mass","option":"01-kg"}],"single_product_visibility":"hidden","cart_visibility":"visible","order_visibility":"visible","single_product_price_visibility":"visible","cart_price_visibility":"visible","order_price_visibility":"visible","stock_status":"in_stock"},{"bundled_item_id":16,"product_id":16220,"menu_order":2,"quantity_min":1,"quantity_max":1,"quantity_default":1,"priced_individually":false,"shipped_individually":false,"override_title":false,"title":"Seed mix","override_description":false,"description":"","optional":false,"hide_thumbnail":false,"discount":"","override_variations":false,"allowed_variations":[],"override_default_variation_attributes":false,"default_variation_attributes":[],"single_product_visibility":"hidden","cart_visibility":"visible","order_visibility":"visible","single_product_price_visibility":"visible","cart_price_visibility":"visible","order_price_visibility":"visible","stock_status":"in_stock"}],"bundle_sell_ids":[],"yoast_head":"<!-- This site is optimized with the Yoast SEO Premium plugin v26.9 (Yoast SEO v26.9) - https:\/\/yoast.com\/product\/yoast-seo-premium-wordpress\/ -->\n<title>Tavaszi v\u00e9delmi csomag - DanubaGarden<\/title>\n<meta name=\"robots\" content=\"index, follow, max-snippet:-1, max-image-preview:large, max-video-preview:-1\" \/>\n<link rel=\"canonical\" href=\"https:\/\/danubagarden.hu\/en\/product\/spring-water\/\" \/>\n<meta property=\"og:locale\" content=\"en_GB\" \/>\n<meta property=\"og:type\" content=\"article\" \/>\n<meta property=\"og:title\" content=\"Tavaszi v\u00e9delmi csomag\" \/>\n<meta property=\"og:description\" content=\"Tricho Immun 100g + MicrOil 0,2L + aj\u00e1nd\u00e9k vir\u00e1gmag &nbsp;  Mi\u00e9rt v\u00e1laszd ezt a csomagot?  1. Microil: mert t\u00falmutat a hagyom\u00e1nyos lemos\u00f3szereken: modern mikroemulzi\u00f3s formul\u00e1ja c\u00e9lzott v\u00e9delmet ny\u00fajt tetvek, atk\u00e1k \u00e9s tripszek ellen, k\u00edm\u00e9letesen, m\u00e9gis hat\u00e9konyan  2. Kombin\u00e1lt v\u00e9delem: bels\u0151 v\u00e9delem k\u00f3rokoz\u00f3 gomb\u00e1k ellen (Trihco Immun) + k\u00fcls\u0151 v\u00e9delem \u00e1ttelel\u0151 rovarok gy\u00e9r\u00edt\u00e9s\u00e9re (Microil)  3. A k\u00e9t term\u00e9k haszn\u00e1lata k\u00fcl\u00f6n, egym\u00e1s ut\u00e1n 1 h\u00e9ttel javasolt. Legjobb, ha gy\u00fcm\u00f6lcsf\u00e1k, sz\u0151l\u0151, z\u00f6lds\u00e9g eset\u00e9n el\u0151sz\u00f6r Tricho Immun 50 g\/ 10 liter v\u00edzzel kijutathatva, hogy legyen ideje a gomb\u00e1nak felszaporodni, majd k\u00e9t h\u00e9t m\u00falva MicrOil 30 ml\/ 10 l v\u00edz. A kezel\u00e9s ford\u00edtott sorrendben is elv\u00e9gezhet\u0151. D\u00edszn\u00f6v\u00e9nyek eset\u00e9n metsz\u00e9s ut\u00e1n pl. r\u00f3zsa, bab\u00e9rmeggy, \u00f6r\u00f6kz\u00f6ldek.  Fontos: a n\u00f6v\u00e9nyekben \u00e9l\u0151 Tricho Immun gombat\u00f6rzseket nem b\u00e1ntja, viszont ne egyszerre, hanem egy h\u00e9t k\u00fcl\u00f6nbs\u00e9ggel juttassuk ki azokat. B\u00e1rmilyen sorrendben.\" \/>\n<meta property=\"og:url\" content=\"https:\/\/danubagarden.hu\/en\/product\/spring-water\/\" \/>\n<meta property=\"og:site_name\" content=\"DanubaGarden\" \/>\n<meta property=\"article:modified_time\" content=\"2026-04-15T14:44:39+00:00\" \/>\n<meta property=\"og:image\" content=\"https:\/\/danubagarden.hu\/wp-content\/uploads\/IMG_7300.png\" \/>\n\t<meta property=\"og:image:width\" content=\"714\" \/>\n\t<meta property=\"og:image:height\" content=\"606\" \/>\n\t<meta property=\"og:image:type\" content=\"image\/png\" \/>\n<meta name=\"twitter:card\" content=\"summary_large_image\" \/>\n<meta name=\"twitter:label1\" content=\"Price\" \/>\n\t<meta name=\"twitter:data1\" content=\"0&nbsp;&#070;&#116;\" \/>\n\t<meta name=\"twitter:label2\" content=\"Availability\" \/>\n\t<meta name=\"twitter:data2\" content=\"In stock\" \/>\n<script type=\"application\/ld+json\" class=\"yoast-schema-graph\">{\"@context\":\"https:\/\/schema.org\",\"@graph\":[{\"@type\":\"WebPage\",\"@id\":\"https:\/\/danubagarden.hu\/termek\/tavaszi-vedelem\/\",\"url\":\"https:\/\/danubagarden.hu\/termek\/tavaszi-vedelem\/\",\"name\":\"Tavaszi v\u00e9delmi csomag - DanubaGarden\",\"isPartOf\":{\"@id\":\"https:\/\/danubagarden.hu\/#website\"},\"primaryImageOfPage\":{\"@id\":\"https:\/\/danubagarden.hu\/termek\/tavaszi-vedelem\/#primaryimage\"},\"image\":{\"@id\":\"https:\/\/danubagarden.hu\/termek\/tavaszi-vedelem\/#primaryimage\"},\"thumbnailUrl\":\"https:\/\/danubagarden.hu\/wp-content\/uploads\/IMG_7300.png\",\"datePublished\":\"2026-03-05T07:44:55+00:00\",\"dateModified\":\"2026-04-15T14:44:39+00:00\",\"breadcrumb\":{\"@id\":\"https:\/\/danubagarden.hu\/termek\/tavaszi-vedelem\/#breadcrumb\"},\"inLanguage\":\"en-GB\",\"potentialAction\":[{\"@type\":\"ReadAction\",\"target\":[\"https:\/\/danubagarden.hu\/termek\/tavaszi-vedelem\/\"]}]},{\"@type\":\"ImageObject\",\"inLanguage\":\"en-GB\",\"@id\":\"https:\/\/danubagarden.hu\/termek\/tavaszi-vedelem\/#primaryimage\",\"url\":\"https:\/\/danubagarden.hu\/wp-content\/uploads\/IMG_7300.png\",\"contentUrl\":\"https:\/\/danubagarden.hu\/wp-content\/uploads\/IMG_7300.png\",\"width\":714,\"height\":606,\"caption\":\"Lemos\u00f3 csomag\"},{\"@type\":\"BreadcrumbList\",\"@id\":\"https:\/\/danubagarden.hu\/termek\/tavaszi-vedelem\/#breadcrumb\",\"itemListElement\":[{\"@type\":\"ListItem\",\"position\":1,\"name\":\"Home\",\"item\":\"https:\/\/danubagarden.hu\/\"},{\"@type\":\"ListItem\",\"position\":2,\"name\":\"Webshop\",\"item\":\"https:\/\/danubagarden.hu\/webshop\/\"},{\"@type\":\"ListItem\",\"position\":3,\"name\":\"Tavaszi v\u00e9delmi csomag\"}]},{\"@type\":\"WebSite\",\"@id\":\"https:\/\/danubagarden.hu\/#website\",\"url\":\"https:\/\/danubagarden.hu\/\",\"name\":\"DanubaGarden\",\"description\":\"\",\"publisher\":{\"@id\":\"https:\/\/danubagarden.hu\/#organization\"},\"potentialAction\":[{\"@type\":\"SearchAction\",\"target\":{\"@type\":\"EntryPoint\",\"urlTemplate\":\"https:\/\/danubagarden.hu\/?s={search_term_string}\"},\"query-input\":{\"@type\":\"PropertyValueSpecification\",\"valueRequired\":true,\"valueName\":\"search_term_string\"}}],\"inLanguage\":\"en-GB\"},{\"@type\":\"Organization\",\"@id\":\"https:\/\/danubagarden.hu\/#organization\",\"name\":\"DanubaGarden\",\"url\":\"https:\/\/danubagarden.hu\/\",\"logo\":{\"@type\":\"ImageObject\",\"inLanguage\":\"en-GB\",\"@id\":\"https:\/\/danubagarden.hu\/#\/schema\/logo\/image\/\",\"url\":\"https:\/\/danubagarden.hu\/wp-content\/uploads\/logo.png\",\"contentUrl\":\"https:\/\/danubagarden.hu\/wp-content\/uploads\/logo.png\",\"width\":512,\"height\":264,\"caption\":\"DanubaGarden\"},\"image\":{\"@id\":\"https:\/\/danubagarden.hu\/#\/schema\/logo\/image\/\"}}]}<\/script>\n<meta property=\"product:price:amount\" content=\"0\" \/>\n<meta property=\"product:price:currency\" content=\"HUF\" \/>\n<meta property=\"og:availability\" content=\"instock\" \/>\n<meta property=\"product:availability\" content=\"instock\" \/>\n<meta property=\"product:condition\" content=\"new\" \/>\n<!-- \/ Yoast SEO Premium plugin. -->","yoast_head_json":{"title":"Spring protection package - DanubaGarden","robots":{"index":"index","follow":"follow","max-snippet":"max-snippet:-1","max-image-preview":"max-image-preview:large","max-video-preview":"max-video-preview:-1"},"canonical":"https:\/\/danubagarden.hu\/en\/product\/spring-water\/","og_locale":"en_GB","og_type":"article","og_title":"Tavaszi v\u00e9delmi csomag","og_description":"Tricho Immun 100g + MicrOil 0,2L + aj\u00e1nd\u00e9k vir\u00e1gmag &nbsp;  Mi\u00e9rt v\u00e1laszd ezt a csomagot?  1. Microil: mert t\u00falmutat a hagyom\u00e1nyos lemos\u00f3szereken: modern mikroemulzi\u00f3s formul\u00e1ja c\u00e9lzott v\u00e9delmet ny\u00fajt tetvek, atk\u00e1k \u00e9s tripszek ellen, k\u00edm\u00e9letesen, m\u00e9gis hat\u00e9konyan  2. Kombin\u00e1lt v\u00e9delem: bels\u0151 v\u00e9delem k\u00f3rokoz\u00f3 gomb\u00e1k ellen (Trihco Immun) + k\u00fcls\u0151 v\u00e9delem \u00e1ttelel\u0151 rovarok gy\u00e9r\u00edt\u00e9s\u00e9re (Microil)  3. A k\u00e9t term\u00e9k haszn\u00e1lata k\u00fcl\u00f6n, egym\u00e1s ut\u00e1n 1 h\u00e9ttel javasolt. Legjobb, ha gy\u00fcm\u00f6lcsf\u00e1k, sz\u0151l\u0151, z\u00f6lds\u00e9g eset\u00e9n el\u0151sz\u00f6r Tricho Immun 50 g\/ 10 liter v\u00edzzel kijutathatva, hogy legyen ideje a gomb\u00e1nak felszaporodni, majd k\u00e9t h\u00e9t m\u00falva MicrOil 30 ml\/ 10 l v\u00edz. A kezel\u00e9s ford\u00edtott sorrendben is elv\u00e9gezhet\u0151. D\u00edszn\u00f6v\u00e9nyek eset\u00e9n metsz\u00e9s ut\u00e1n pl. r\u00f3zsa, bab\u00e9rmeggy, \u00f6r\u00f6kz\u00f6ldek.  Fontos: a n\u00f6v\u00e9nyekben \u00e9l\u0151 Tricho Immun gombat\u00f6rzseket nem b\u00e1ntja, viszont ne egyszerre, hanem egy h\u00e9t k\u00fcl\u00f6nbs\u00e9ggel juttassuk ki azokat. B\u00e1rmilyen sorrendben.","og_url":"https:\/\/danubagarden.hu\/en\/product\/spring-water\/","og_site_name":"DanubaGarden","article_modified_time":"2026-04-15T14:44:39+00:00","og_image":[{"width":714,"height":606,"url":"https:\/\/danubagarden.hu\/wp-content\/uploads\/IMG_7300.png","type":"image\/png"}],"twitter_card":"summary_large_image","twitter_misc":{"Price":"0&nbsp;&#70;&#116;","Availability":"In stock"},"schema":{"@context":"https:\/\/schema.org","@graph":[{"@type":"WebPage","@id":"https:\/\/danubagarden.hu\/termek\/tavaszi-vedelem\/","url":"https:\/\/danubagarden.hu\/termek\/tavaszi-vedelem\/","name":"Spring protection package - DanubaGarden","isPartOf":{"@id":"https:\/\/danubagarden.hu\/#website"},"primaryImageOfPage":{"@id":"https:\/\/danubagarden.hu\/termek\/tavaszi-vedelem\/#primaryimage"},"image":{"@id":"https:\/\/danubagarden.hu\/termek\/tavaszi-vedelem\/#primaryimage"},"thumbnailUrl":"https:\/\/danubagarden.hu\/wp-content\/uploads\/IMG_7300.png","datePublished":"2026-03-05T07:44:55+00:00","dateModified":"2026-04-15T14:44:39+00:00","breadcrumb":{"@id":"https:\/\/danubagarden.hu\/termek\/tavaszi-vedelem\/#breadcrumb"},"inLanguage":"en-GB","potentialAction":[{"@type":"ReadAction","target":["https:\/\/danubagarden.hu\/termek\/tavaszi-vedelem\/"]}]},{"@type":"ImageObject","inLanguage":"en-GB","@id":"https:\/\/danubagarden.hu\/termek\/tavaszi-vedelem\/#primaryimage","url":"https:\/\/danubagarden.hu\/wp-content\/uploads\/IMG_7300.png","contentUrl":"https:\/\/danubagarden.hu\/wp-content\/uploads\/IMG_7300.png","width":714,"height":606,"caption":"Lemos\u00f3 csomag"},{"@type":"BreadcrumbList","@id":"https:\/\/danubagarden.hu\/termek\/tavaszi-vedelem\/#breadcrumb","itemListElement":[{"@type":"ListItem","position":1,"name":"Home","item":"https:\/\/danubagarden.hu\/"},{"@type":"ListItem","position":2,"name":"Webshop","item":"https:\/\/danubagarden.hu\/webshop\/"},{"@type":"ListItem","position":3,"name":"Tavaszi v\u00e9delmi csomag"}]},{"@type":"WebSite","@id":"https:\/\/danubagarden.hu\/#website","url":"https:\/\/danubagarden.hu\/","name":"DanubaGarden","description":"","publisher":{"@id":"https:\/\/danubagarden.hu\/#organization"},"potentialAction":[{"@type":"SearchAction","target":{"@type":"EntryPoint","urlTemplate":"https:\/\/danubagarden.hu\/?s={search_term_string}"},"query-input":{"@type":"PropertyValueSpecification","valueRequired":true,"valueName":"search_term_string"}}],"inLanguage":"en-GB"},{"@type":"Organization","@id":"https:\/\/danubagarden.hu\/#organization","name":"DanubaGarden","url":"https:\/\/danubagarden.hu\/","logo":{"@type":"ImageObject","inLanguage":"en-GB","@id":"https:\/\/danubagarden.hu\/#\/schema\/logo\/image\/","url":"https:\/\/danubagarden.hu\/wp-content\/uploads\/logo.png","contentUrl":"https:\/\/danubagarden.hu\/wp-content\/uploads\/logo.png","width":512,"height":264,"caption":"DanubaGarden"},"image":{"@id":"https:\/\/danubagarden.hu\/#\/schema\/logo\/image\/"}}]},"product_price_currency":"HUF","og_availability":"instock","product_availability":"instock","product_condition":"new"},"_links":{"self":[{"href":"https:\/\/danubagarden.hu\/en\/wp-json\/wp\/v2\/product\/16633","targetHints":{"allow":["GET"]}}],"collection":[{"href":"https:\/\/danubagarden.hu\/en\/wp-json\/wp\/v2\/product"}],"about":[{"href":"https:\/\/danubagarden.hu\/en\/wp-json\/wp\/v2\/types\/product"}],"wp:featuredmedia":[{"embeddable":true,"href":"https:\/\/danubagarden.hu\/en\/wp-json\/wp\/v2\/media\/16634"}],"wp:attachment":[{"href":"https:\/\/danubagarden.hu\/en\/wp-json\/wp\/v2\/media?parent=16633"}],"wp:term":[{"taxonomy":"product_brand","embeddable":true,"href":"https:\/\/danubagarden.hu\/en\/wp-json\/wp\/v2\/product_brand?post=16633"},{"taxonomy":"product_cat","embeddable":true,"href":"https:\/\/danubagarden.hu\/en\/wp-json\/wp\/v2\/product_cat?post=16633"},{"taxonomy":"product_tag","embeddable":true,"href":"https:\/\/danubagarden.hu\/en\/wp-json\/wp\/v2\/product_tag?post=16633"},{"taxonomy":"stickerek-es-engedelyek","embeddable":true,"href":"https:\/\/danubagarden.hu\/en\/wp-json\/wp\/v2\/stickerek-es-engedelyek?post=16633"},{"taxonomy":"termek-besorolas","embeddable":true,"href":"https:\/\/danubagarden.hu\/en\/wp-json\/wp\/v2\/termek-besorolas?post=16633"},{"taxonomy":"problema","embeddable":true,"href":"https:\/\/danubagarden.hu\/en\/wp-json\/wp\/v2\/problema?post=16633"}],"curies":[{"name":"wp","href":"https:\/\/api.w.org\/{rel}","templated":true}]}}