{"id":16639,"date":"2026-03-05T09:09:06","date_gmt":"2026-03-05T08:09:06","guid":{"rendered":"https:\/\/danubagarden.hu\/?post_type=product&#038;p=16639"},"modified":"2026-04-15T15:45:10","modified_gmt":"2026-04-15T14:45:10","slug":"gyokeresito-package","status":"publish","type":"product","link":"https:\/\/danubagarden.hu\/en\/product\/gyokeresito-package\/","title":{"rendered":"Rooting package"},"content":{"rendered":"","protected":false},"excerpt":{"rendered":"<h2><b>Kelpak 1L + MikoMax 360g<span class=\"Apple-converted-space\">\u00a0 <\/span><\/b><b><i>+ <span style=\"color: #77bb85;\">gift flower seeds<\/span><\/i><\/b><b><i><\/i><\/b><\/h2>\n<h3><\/h3>\n<p><strong>Why choose this package?<\/strong><\/p>\n<p>1. The perfect start for your plants<\/p>\n<p>2. Mikomax roots, provides extra water and nutrients to plants<span class=\"Apple-converted-space\">\u00a0<\/span><\/p>\n<p>3. Kelpak supports germination and rooting through the action of auxin hormone<\/p>","protected":false},"featured_media":16644,"template":"","meta":[],"product_brand":[],"product_cat":[29,26],"product_tag":[],"stickerek-es-engedelyek":[],"termek-besorolas":[],"problema":[82],"class_list":{"0":"post-16639","1":"product","2":"type-product","3":"status-publish","4":"has-post-thumbnail","6":"product_cat-alga","7":"product_cat-mikorrhiza-gomba","8":"problema-maximalis-gyokeresites","9":"member-discount","10":"discount-restricted","12":"first","13":"instock","14":"featured","15":"virtual","16":"taxable","17":"purchasable","18":"product-type-bundle"},"bundled_by":[],"bundle_stock_status":"instock","bundle_stock_quantity":2048,"bundle_virtual":false,"bundle_layout":"default","bundle_add_to_cart_form_location":"default","bundle_editable_in_cart":false,"bundle_sold_individually_context":"product","bundle_item_grouping":"parent","bundle_min_size":"","bundle_max_size":"","bundle_price":{"price":{"min":{"incl_tax":"13208","excl_tax":"10400"},"max":{"incl_tax":"13208","excl_tax":"10400"}},"regular_price":{"min":{"incl_tax":"13208","excl_tax":"10400"},"max":{"incl_tax":"13208","excl_tax":"10400"}}},"bundled_items":[{"bundled_item_id":12,"product_id":1133,"menu_order":0,"quantity_min":1,"quantity_max":1,"quantity_default":1,"priced_individually":true,"shipped_individually":false,"override_title":false,"title":"Kelpak","override_description":false,"description":"","optional":false,"hide_thumbnail":false,"discount":"","override_variations":true,"allowed_variations":[3884],"override_default_variation_attributes":true,"default_variation_attributes":[{"id":1,"name":"Volume","option":"1-l"}],"single_product_visibility":"hidden","cart_visibility":"visible","order_visibility":"visible","single_product_price_visibility":"visible","cart_price_visibility":"visible","order_price_visibility":"visible","stock_status":"in_stock"},{"bundled_item_id":13,"product_id":360,"menu_order":1,"quantity_min":1,"quantity_max":1,"quantity_default":1,"priced_individually":true,"shipped_individually":false,"override_title":false,"title":"MikoMax Garden 360g","override_description":false,"description":"","optional":false,"hide_thumbnail":false,"discount":"","override_variations":false,"allowed_variations":[],"override_default_variation_attributes":false,"default_variation_attributes":[],"single_product_visibility":"hidden","cart_visibility":"visible","order_visibility":"visible","single_product_price_visibility":"visible","cart_price_visibility":"visible","order_price_visibility":"visible","stock_status":"in_stock"},{"bundled_item_id":18,"product_id":16220,"menu_order":2,"quantity_min":1,"quantity_max":1,"quantity_default":1,"priced_individually":false,"shipped_individually":false,"override_title":false,"title":"Seed mix","override_description":false,"description":"","optional":false,"hide_thumbnail":false,"discount":"","override_variations":false,"allowed_variations":[],"override_default_variation_attributes":false,"default_variation_attributes":[],"single_product_visibility":"hidden","cart_visibility":"visible","order_visibility":"visible","single_product_price_visibility":"visible","cart_price_visibility":"visible","order_price_visibility":"visible","stock_status":"in_stock"}],"bundle_sell_ids":[],"yoast_head":"<!-- This site is optimized with the Yoast SEO Premium plugin v26.9 (Yoast SEO v26.9) - https:\/\/yoast.com\/product\/yoast-seo-premium-wordpress\/ -->\n<title>Gy\u00f6keres\u00edt\u0151 csomag - DanubaGarden<\/title>\n<meta name=\"robots\" content=\"index, follow, max-snippet:-1, max-image-preview:large, max-video-preview:-1\" \/>\n<link rel=\"canonical\" href=\"https:\/\/danubagarden.hu\/en\/product\/gyokeresito-package\/\" \/>\n<meta property=\"og:locale\" content=\"en_GB\" \/>\n<meta property=\"og:type\" content=\"article\" \/>\n<meta property=\"og:title\" content=\"Gy\u00f6keres\u00edt\u0151 csomag\" \/>\n<meta property=\"og:description\" content=\"Kelpak 1L + MikoMax 360g\u00a0 + aj\u00e1nd\u00e9k vir\u00e1gmag  Mi\u00e9rt ezt a csomagot v\u00e1laszd?  1. T\u00f6k\u00e9letes indul\u00e1s n\u00f6v\u00e9nyeidnek  2. Mikomax gy\u00f6keres\u00edt, extra vizet \u00e9s t\u00e1panyagot sz\u00e1ll\u00edt a n\u00f6v\u00e9nyeknek\u00a0  3. Kelpak auxin hormon hat\u00e1sa r\u00e9v\u00e9n t\u00e1mogatja a cs\u00edr\u00e1z\u00e1st, gy\u00f6keresed\u00e9st\" \/>\n<meta property=\"og:url\" content=\"https:\/\/danubagarden.hu\/en\/product\/gyokeresito-package\/\" \/>\n<meta property=\"og:site_name\" content=\"DanubaGarden\" \/>\n<meta property=\"article:modified_time\" content=\"2026-04-15T14:45:10+00:00\" \/>\n<meta property=\"og:image\" content=\"https:\/\/danubagarden.hu\/wp-content\/uploads\/IMG_7304.png\" \/>\n\t<meta property=\"og:image:width\" content=\"667\" \/>\n\t<meta property=\"og:image:height\" content=\"591\" \/>\n\t<meta property=\"og:image:type\" content=\"image\/png\" \/>\n<meta name=\"twitter:card\" content=\"summary_large_image\" \/>\n<meta name=\"twitter:label1\" content=\"Price\" \/>\n\t<meta name=\"twitter:data1\" content=\"0&nbsp;&#070;&#116;\" \/>\n\t<meta name=\"twitter:label2\" content=\"Availability\" \/>\n\t<meta name=\"twitter:data2\" content=\"In stock\" \/>\n<script type=\"application\/ld+json\" class=\"yoast-schema-graph\">{\"@context\":\"https:\/\/schema.org\",\"@graph\":[{\"@type\":\"WebPage\",\"@id\":\"https:\/\/danubagarden.hu\/termek\/gyokeresito-csomag\/\",\"url\":\"https:\/\/danubagarden.hu\/termek\/gyokeresito-csomag\/\",\"name\":\"Gy\u00f6keres\u00edt\u0151 csomag - DanubaGarden\",\"isPartOf\":{\"@id\":\"https:\/\/danubagarden.hu\/#website\"},\"primaryImageOfPage\":{\"@id\":\"https:\/\/danubagarden.hu\/termek\/gyokeresito-csomag\/#primaryimage\"},\"image\":{\"@id\":\"https:\/\/danubagarden.hu\/termek\/gyokeresito-csomag\/#primaryimage\"},\"thumbnailUrl\":\"https:\/\/danubagarden.hu\/wp-content\/uploads\/IMG_7304.png\",\"datePublished\":\"2026-03-05T08:09:06+00:00\",\"dateModified\":\"2026-04-15T14:45:10+00:00\",\"breadcrumb\":{\"@id\":\"https:\/\/danubagarden.hu\/termek\/gyokeresito-csomag\/#breadcrumb\"},\"inLanguage\":\"en-GB\",\"potentialAction\":[{\"@type\":\"ReadAction\",\"target\":[\"https:\/\/danubagarden.hu\/termek\/gyokeresito-csomag\/\"]}]},{\"@type\":\"ImageObject\",\"inLanguage\":\"en-GB\",\"@id\":\"https:\/\/danubagarden.hu\/termek\/gyokeresito-csomag\/#primaryimage\",\"url\":\"https:\/\/danubagarden.hu\/wp-content\/uploads\/IMG_7304.png\",\"contentUrl\":\"https:\/\/danubagarden.hu\/wp-content\/uploads\/IMG_7304.png\",\"width\":667,\"height\":591,\"caption\":\"Gy\u00f6keres\u00edt\u0151 csomag\"},{\"@type\":\"BreadcrumbList\",\"@id\":\"https:\/\/danubagarden.hu\/termek\/gyokeresito-csomag\/#breadcrumb\",\"itemListElement\":[{\"@type\":\"ListItem\",\"position\":1,\"name\":\"Home\",\"item\":\"https:\/\/danubagarden.hu\/\"},{\"@type\":\"ListItem\",\"position\":2,\"name\":\"Webshop\",\"item\":\"https:\/\/danubagarden.hu\/webshop\/\"},{\"@type\":\"ListItem\",\"position\":3,\"name\":\"Gy\u00f6keres\u00edt\u0151 csomag\"}]},{\"@type\":\"WebSite\",\"@id\":\"https:\/\/danubagarden.hu\/#website\",\"url\":\"https:\/\/danubagarden.hu\/\",\"name\":\"DanubaGarden\",\"description\":\"\",\"publisher\":{\"@id\":\"https:\/\/danubagarden.hu\/#organization\"},\"potentialAction\":[{\"@type\":\"SearchAction\",\"target\":{\"@type\":\"EntryPoint\",\"urlTemplate\":\"https:\/\/danubagarden.hu\/?s={search_term_string}\"},\"query-input\":{\"@type\":\"PropertyValueSpecification\",\"valueRequired\":true,\"valueName\":\"search_term_string\"}}],\"inLanguage\":\"en-GB\"},{\"@type\":\"Organization\",\"@id\":\"https:\/\/danubagarden.hu\/#organization\",\"name\":\"DanubaGarden\",\"url\":\"https:\/\/danubagarden.hu\/\",\"logo\":{\"@type\":\"ImageObject\",\"inLanguage\":\"en-GB\",\"@id\":\"https:\/\/danubagarden.hu\/#\/schema\/logo\/image\/\",\"url\":\"https:\/\/danubagarden.hu\/wp-content\/uploads\/logo.png\",\"contentUrl\":\"https:\/\/danubagarden.hu\/wp-content\/uploads\/logo.png\",\"width\":512,\"height\":264,\"caption\":\"DanubaGarden\"},\"image\":{\"@id\":\"https:\/\/danubagarden.hu\/#\/schema\/logo\/image\/\"}}]}<\/script>\n<meta property=\"product:price:amount\" content=\"0\" \/>\n<meta property=\"product:price:currency\" content=\"HUF\" \/>\n<meta property=\"og:availability\" content=\"instock\" \/>\n<meta property=\"product:availability\" content=\"instock\" \/>\n<meta property=\"product:condition\" content=\"new\" \/>\n<!-- \/ Yoast SEO Premium plugin. -->","yoast_head_json":{"title":"Rooting package - DanubaGarden","robots":{"index":"index","follow":"follow","max-snippet":"max-snippet:-1","max-image-preview":"max-image-preview:large","max-video-preview":"max-video-preview:-1"},"canonical":"https:\/\/danubagarden.hu\/en\/product\/gyokeresito-package\/","og_locale":"en_GB","og_type":"article","og_title":"Gy\u00f6keres\u00edt\u0151 csomag","og_description":"Kelpak 1L + MikoMax 360g\u00a0 + aj\u00e1nd\u00e9k vir\u00e1gmag  Mi\u00e9rt ezt a csomagot v\u00e1laszd?  1. T\u00f6k\u00e9letes indul\u00e1s n\u00f6v\u00e9nyeidnek  2. Mikomax gy\u00f6keres\u00edt, extra vizet \u00e9s t\u00e1panyagot sz\u00e1ll\u00edt a n\u00f6v\u00e9nyeknek\u00a0  3. Kelpak auxin hormon hat\u00e1sa r\u00e9v\u00e9n t\u00e1mogatja a cs\u00edr\u00e1z\u00e1st, gy\u00f6keresed\u00e9st","og_url":"https:\/\/danubagarden.hu\/en\/product\/gyokeresito-package\/","og_site_name":"DanubaGarden","article_modified_time":"2026-04-15T14:45:10+00:00","og_image":[{"width":667,"height":591,"url":"https:\/\/danubagarden.hu\/wp-content\/uploads\/IMG_7304.png","type":"image\/png"}],"twitter_card":"summary_large_image","twitter_misc":{"Price":"0&nbsp;&#70;&#116;","Availability":"In stock"},"schema":{"@context":"https:\/\/schema.org","@graph":[{"@type":"WebPage","@id":"https:\/\/danubagarden.hu\/termek\/gyokeresito-csomag\/","url":"https:\/\/danubagarden.hu\/termek\/gyokeresito-csomag\/","name":"Rooting package - DanubaGarden","isPartOf":{"@id":"https:\/\/danubagarden.hu\/#website"},"primaryImageOfPage":{"@id":"https:\/\/danubagarden.hu\/termek\/gyokeresito-csomag\/#primaryimage"},"image":{"@id":"https:\/\/danubagarden.hu\/termek\/gyokeresito-csomag\/#primaryimage"},"thumbnailUrl":"https:\/\/danubagarden.hu\/wp-content\/uploads\/IMG_7304.png","datePublished":"2026-03-05T08:09:06+00:00","dateModified":"2026-04-15T14:45:10+00:00","breadcrumb":{"@id":"https:\/\/danubagarden.hu\/termek\/gyokeresito-csomag\/#breadcrumb"},"inLanguage":"en-GB","potentialAction":[{"@type":"ReadAction","target":["https:\/\/danubagarden.hu\/termek\/gyokeresito-csomag\/"]}]},{"@type":"ImageObject","inLanguage":"en-GB","@id":"https:\/\/danubagarden.hu\/termek\/gyokeresito-csomag\/#primaryimage","url":"https:\/\/danubagarden.hu\/wp-content\/uploads\/IMG_7304.png","contentUrl":"https:\/\/danubagarden.hu\/wp-content\/uploads\/IMG_7304.png","width":667,"height":591,"caption":"Gy\u00f6keres\u00edt\u0151 csomag"},{"@type":"BreadcrumbList","@id":"https:\/\/danubagarden.hu\/termek\/gyokeresito-csomag\/#breadcrumb","itemListElement":[{"@type":"ListItem","position":1,"name":"Home","item":"https:\/\/danubagarden.hu\/"},{"@type":"ListItem","position":2,"name":"Webshop","item":"https:\/\/danubagarden.hu\/webshop\/"},{"@type":"ListItem","position":3,"name":"Gy\u00f6keres\u00edt\u0151 csomag"}]},{"@type":"WebSite","@id":"https:\/\/danubagarden.hu\/#website","url":"https:\/\/danubagarden.hu\/","name":"DanubaGarden","description":"","publisher":{"@id":"https:\/\/danubagarden.hu\/#organization"},"potentialAction":[{"@type":"SearchAction","target":{"@type":"EntryPoint","urlTemplate":"https:\/\/danubagarden.hu\/?s={search_term_string}"},"query-input":{"@type":"PropertyValueSpecification","valueRequired":true,"valueName":"search_term_string"}}],"inLanguage":"en-GB"},{"@type":"Organization","@id":"https:\/\/danubagarden.hu\/#organization","name":"DanubaGarden","url":"https:\/\/danubagarden.hu\/","logo":{"@type":"ImageObject","inLanguage":"en-GB","@id":"https:\/\/danubagarden.hu\/#\/schema\/logo\/image\/","url":"https:\/\/danubagarden.hu\/wp-content\/uploads\/logo.png","contentUrl":"https:\/\/danubagarden.hu\/wp-content\/uploads\/logo.png","width":512,"height":264,"caption":"DanubaGarden"},"image":{"@id":"https:\/\/danubagarden.hu\/#\/schema\/logo\/image\/"}}]},"product_price_currency":"HUF","og_availability":"instock","product_availability":"instock","product_condition":"new"},"_links":{"self":[{"href":"https:\/\/danubagarden.hu\/en\/wp-json\/wp\/v2\/product\/16639","targetHints":{"allow":["GET"]}}],"collection":[{"href":"https:\/\/danubagarden.hu\/en\/wp-json\/wp\/v2\/product"}],"about":[{"href":"https:\/\/danubagarden.hu\/en\/wp-json\/wp\/v2\/types\/product"}],"wp:featuredmedia":[{"embeddable":true,"href":"https:\/\/danubagarden.hu\/en\/wp-json\/wp\/v2\/media\/16644"}],"wp:attachment":[{"href":"https:\/\/danubagarden.hu\/en\/wp-json\/wp\/v2\/media?parent=16639"}],"wp:term":[{"taxonomy":"product_brand","embeddable":true,"href":"https:\/\/danubagarden.hu\/en\/wp-json\/wp\/v2\/product_brand?post=16639"},{"taxonomy":"product_cat","embeddable":true,"href":"https:\/\/danubagarden.hu\/en\/wp-json\/wp\/v2\/product_cat?post=16639"},{"taxonomy":"product_tag","embeddable":true,"href":"https:\/\/danubagarden.hu\/en\/wp-json\/wp\/v2\/product_tag?post=16639"},{"taxonomy":"stickerek-es-engedelyek","embeddable":true,"href":"https:\/\/danubagarden.hu\/en\/wp-json\/wp\/v2\/stickerek-es-engedelyek?post=16639"},{"taxonomy":"termek-besorolas","embeddable":true,"href":"https:\/\/danubagarden.hu\/en\/wp-json\/wp\/v2\/termek-besorolas?post=16639"},{"taxonomy":"problema","embeddable":true,"href":"https:\/\/danubagarden.hu\/en\/wp-json\/wp\/v2\/problema?post=16639"}],"curies":[{"name":"wp","href":"https:\/\/api.w.org\/{rel}","templated":true}]}}