{"id":18346,"date":"2026-04-09T12:39:59","date_gmt":"2026-04-09T11:39:59","guid":{"rendered":"https:\/\/danubagarden.hu\/?post_type=product&#038;p=18346"},"modified":"2026-04-24T09:22:41","modified_gmt":"2026-04-24T08:22:41","slug":"sica-rio","status":"publish","type":"product","link":"https:\/\/danubagarden.hu\/en\/product\/sica-rio\/","title":{"rendered":"SiCa-Rio"},"content":{"rendered":"","protected":false},"excerpt":{"rendered":"<h3><span style=\"color: #ff6600;\"><strong>Coming soon \ud83d\udc9a<\/strong><\/span><\/h3>\n<p>&nbsp;<\/p>\n<p><strong>Dispensing: <\/strong>0,5 L<\/p>\n<p>&nbsp;<\/p>\n<p style=\"font-weight: 400;\"><strong>How does it work?<\/strong><\/p>\n<ul>\n<li style=\"font-weight: 400;\">A kind of <strong>functions as a herbal sunscreen<\/strong>, so it reflects some of the sun's rays and UV radiation, reducing the heating of the plant. The amino acid in the formulation protects the plant against stress caused by drought and heat. It does this by helping the cells to store more water and by protecting protein molecules so that they do not \u201ecook\u201d in the heat.<\/li>\n<li style=\"font-weight: 400;\">Helps to optimise the functioning of the leaf air sacs, thereby <strong>the plant makes better use of water<\/strong>.<\/li>\n<li style=\"font-weight: 400;\">The product contains <strong>calcium and silicon below 10 microns<\/strong>, which means it can easily penetrate the plant and exert its positive effects.<\/li>\n<li>\n<p class=\"p1\">The product can also be used for foliar calcium supplementation.<\/p>\n<\/li>\n<\/ul>\n<p>&nbsp;<\/p>\n<p style=\"font-weight: 400;\"><strong>How to apply?<\/strong><\/p>\n<p style=\"font-weight: 400;\">Spray 1-2 dl in 10 litres of water at a temperature of 10-25\u00b0C, preferably in the morning or late afternoon. Aim for perfect coverage, also on the back of the leaves. It is recommended to repeat the treatment 2-3 times. This way, the 5 dl (0,5 L) spray can be used for 3-5 sprays (in a 10 litre backpack sprayer).<\/p>","protected":false},"featured_media":18855,"template":"","meta":{"footnotes":""},"product_brand":[],"product_cat":[725],"product_tag":[],"stickerek-es-engedelyek":[],"termek-besorolas":[],"problema":[],"class_list":{"0":"post-18346","1":"product","2":"type-product","3":"status-publish","4":"has-post-thumbnail","6":"product_cat-szilicium-kalcium","7":"member-discount","8":"discount-restricted","10":"first","11":"outofstock","12":"taxable","13":"shipping-taxable","14":"purchasable","15":"product-type-simple"},"bundled_by":[],"bundle_stock_status":"outofstock","bundle_stock_quantity":null,"bundle_virtual":false,"bundle_layout":"","bundle_add_to_cart_form_location":"","bundle_editable_in_cart":false,"bundle_sold_individually_context":"","bundle_item_grouping":"","bundle_min_size":"","bundle_max_size":"","bundle_price":[],"bundled_items":[],"bundle_sell_ids":[],"yoast_head":"<!-- This site is optimized with the Yoast SEO Premium plugin v26.9 (Yoast SEO v26.9) - https:\/\/yoast.com\/product\/yoast-seo-premium-wordpress\/ -->\n<title>SiCa-Rio - DanubaGarden<\/title>\n<meta name=\"robots\" content=\"index, follow, max-snippet:-1, max-image-preview:large, max-video-preview:-1\" \/>\n<link rel=\"canonical\" href=\"https:\/\/danubagarden.hu\/en\/product\/sica-rio\/\" \/>\n<meta property=\"og:locale\" content=\"en_GB\" \/>\n<meta property=\"og:type\" content=\"article\" \/>\n<meta property=\"og:title\" content=\"SiCa-Rio\" \/>\n<meta property=\"og:description\" content=\"Hamarosan \u00e9rkezik \ud83d\udc9a &nbsp;  Kiszerel\u00e9s: 0,5 L  &nbsp; Hogyan hat?    Egyfajta n\u00f6v\u00e9nyi naptejk\u00e9nt funkcion\u00e1l, \u00edgy visszaveri a napsugarak \u00e9s az UV-sug\u00e1rz\u00e1s egy r\u00e9sz\u00e9t, cs\u00f6kkentve ezzel a n\u00f6v\u00e9ny felmeleged\u00e9s\u00e9t. A k\u00e9sz\u00edtm\u00e9nyben l\u00e9v\u0151 amin\u00f3sav v\u00e9di a n\u00f6v\u00e9nyt a sz\u00e1razs\u00e1g \u00e9s a h\u0151s\u00e9g miatt kialakul\u00f3 stressz ellen. Ezt \u00fagy \u00e9ri el, hogy seg\u00edt a sejtekben t\u00f6bb vizet rakt\u00e1rozni, valamint v\u00e9di a feh\u00e9rjemolekul\u00e1kat, hogy a nagy melegben ne \u201ef\u0151jenek meg\u201d.  Seg\u00edti a levelek l\u00e9gcsereny\u00edl\u00e1sainak m\u0171k\u00f6d\u00e9s\u00e9t optimaliz\u00e1lni, ez\u00e1ltal a n\u00f6v\u00e9ny jobban hasznos\u00edtja a vizet.  A term\u00e9kben l\u00e9v\u0151 kalcium- \u00e9s szil\u00edcium m\u00e9rete 10 mikron alatti, vagyis k\u00e9pes k\u00f6nnyen bejutni a n\u00f6v\u00e9nybe, majd ott a pozit\u00edv hat\u00e1st kifejteni.   A term\u00e9k lombon felsz\u00edv\u00f3d\u00f3 kalcium-ut\u00e1np\u00f3tl\u00e1sra is haszn\u00e1lhat\u00f3.   &nbsp; Hogyan kell kijuttatni? 1-2 dl 10 liter v\u00edzben elkeverve 10-25 fok k\u00f6z\u00f6tti h\u0151m\u00e9rs\u00e9kleten, lehet\u0151s\u00e9g szerint a reggeli vagy a k\u00e9s\u0151 d\u00e9lut\u00e1ni id\u0151szakban permetezz\u00fck a n\u00f6v\u00e9nyre. T\u00f6rekedj\u00fcnk t\u00f6k\u00e9letes fed\u00e9sre, a levelek h\u00e1toldal\u00e1n is. Javasolt a kezel\u00e9st 2-3 alkalommal megism\u00e9telni. \u00cdgy az 5 dl-es (0,5 L) kiszerel\u00e9s 3-5 permetez\u00e9shez is elegend\u0151 (10 literes h\u00e1tipermetez\u0151be).\" \/>\n<meta property=\"og:url\" content=\"https:\/\/danubagarden.hu\/en\/product\/sica-rio\/\" \/>\n<meta property=\"og:site_name\" content=\"DanubaGarden\" \/>\n<meta property=\"article:modified_time\" content=\"2026-04-24T08:22:41+00:00\" \/>\n<meta property=\"og:image\" content=\"https:\/\/danubagarden.hu\/wp-content\/uploads\/Order-received-webshop-\u2193-1.-Delivery-sheet-printing-\u2193-2.-Label-printing-verification-\u2193-3.-Box-folding-\u2193-4.-Product-loading-packing-\u2193-5.-Sealing-the-box-\u2193-6.-Transport-to-loading-site-\u2193-7.-Lo-11.png\" \/>\n\t<meta property=\"og:image:width\" content=\"2080\" \/>\n\t<meta property=\"og:image:height\" content=\"2560\" \/>\n\t<meta property=\"og:image:type\" content=\"image\/png\" \/>\n<meta name=\"twitter:card\" content=\"summary_large_image\" \/>\n<meta name=\"twitter:label1\" content=\"Price\" \/>\n\t<meta name=\"twitter:data1\" content=\"4.572&nbsp;&#070;&#116;\" \/>\n\t<meta name=\"twitter:label2\" content=\"Availability\" \/>\n\t<meta name=\"twitter:data2\" content=\"Out of stock\" \/>\n<script type=\"application\/ld+json\" class=\"yoast-schema-graph\">{\"@context\":\"https:\/\/schema.org\",\"@graph\":[{\"@type\":\"WebPage\",\"@id\":\"https:\/\/danubagarden.hu\/termek\/sica-rio\/\",\"url\":\"https:\/\/danubagarden.hu\/termek\/sica-rio\/\",\"name\":\"SiCa-Rio - DanubaGarden\",\"isPartOf\":{\"@id\":\"https:\/\/danubagarden.hu\/#website\"},\"primaryImageOfPage\":{\"@id\":\"https:\/\/danubagarden.hu\/termek\/sica-rio\/#primaryimage\"},\"image\":{\"@id\":\"https:\/\/danubagarden.hu\/termek\/sica-rio\/#primaryimage\"},\"thumbnailUrl\":\"https:\/\/danubagarden.hu\/wp-content\/uploads\/Order-received-webshop-\u2193-1.-Delivery-sheet-printing-\u2193-2.-Label-printing-verification-\u2193-3.-Box-folding-\u2193-4.-Product-loading-packing-\u2193-5.-Sealing-the-box-\u2193-6.-Transport-to-loading-site-\u2193-7.-Lo-11.png\",\"datePublished\":\"2026-04-09T11:39:59+00:00\",\"dateModified\":\"2026-04-24T08:22:41+00:00\",\"breadcrumb\":{\"@id\":\"https:\/\/danubagarden.hu\/termek\/sica-rio\/#breadcrumb\"},\"inLanguage\":\"en-GB\",\"potentialAction\":[{\"@type\":\"ReadAction\",\"target\":[\"https:\/\/danubagarden.hu\/termek\/sica-rio\/\"]}]},{\"@type\":\"ImageObject\",\"inLanguage\":\"en-GB\",\"@id\":\"https:\/\/danubagarden.hu\/termek\/sica-rio\/#primaryimage\",\"url\":\"https:\/\/danubagarden.hu\/wp-content\/uploads\/Order-received-webshop-\u2193-1.-Delivery-sheet-printing-\u2193-2.-Label-printing-verification-\u2193-3.-Box-folding-\u2193-4.-Product-loading-packing-\u2193-5.-Sealing-the-box-\u2193-6.-Transport-to-loading-site-\u2193-7.-Lo-11.png\",\"contentUrl\":\"https:\/\/danubagarden.hu\/wp-content\/uploads\/Order-received-webshop-\u2193-1.-Delivery-sheet-printing-\u2193-2.-Label-printing-verification-\u2193-3.-Box-folding-\u2193-4.-Product-loading-packing-\u2193-5.-Sealing-the-box-\u2193-6.-Transport-to-loading-site-\u2193-7.-Lo-11.png\",\"width\":2080,\"height\":2560,\"caption\":\"SiCa-Rio\"},{\"@type\":\"BreadcrumbList\",\"@id\":\"https:\/\/danubagarden.hu\/termek\/sica-rio\/#breadcrumb\",\"itemListElement\":[{\"@type\":\"ListItem\",\"position\":1,\"name\":\"Home\",\"item\":\"https:\/\/danubagarden.hu\/\"},{\"@type\":\"ListItem\",\"position\":2,\"name\":\"Webshop\",\"item\":\"https:\/\/danubagarden.hu\/webshop\/\"},{\"@type\":\"ListItem\",\"position\":3,\"name\":\"SiCa-Rio\"}]},{\"@type\":\"WebSite\",\"@id\":\"https:\/\/danubagarden.hu\/#website\",\"url\":\"https:\/\/danubagarden.hu\/\",\"name\":\"DanubaGarden\",\"description\":\"\",\"publisher\":{\"@id\":\"https:\/\/danubagarden.hu\/#organization\"},\"potentialAction\":[{\"@type\":\"SearchAction\",\"target\":{\"@type\":\"EntryPoint\",\"urlTemplate\":\"https:\/\/danubagarden.hu\/?s={search_term_string}\"},\"query-input\":{\"@type\":\"PropertyValueSpecification\",\"valueRequired\":true,\"valueName\":\"search_term_string\"}}],\"inLanguage\":\"en-GB\"},{\"@type\":\"Organization\",\"@id\":\"https:\/\/danubagarden.hu\/#organization\",\"name\":\"DanubaGarden\",\"url\":\"https:\/\/danubagarden.hu\/\",\"logo\":{\"@type\":\"ImageObject\",\"inLanguage\":\"en-GB\",\"@id\":\"https:\/\/danubagarden.hu\/#\/schema\/logo\/image\/\",\"url\":\"https:\/\/danubagarden.hu\/wp-content\/uploads\/logo.png\",\"contentUrl\":\"https:\/\/danubagarden.hu\/wp-content\/uploads\/logo.png\",\"width\":512,\"height\":264,\"caption\":\"DanubaGarden\"},\"image\":{\"@id\":\"https:\/\/danubagarden.hu\/#\/schema\/logo\/image\/\"}}]}<\/script>\n<meta property=\"product:price:amount\" content=\"4572\" \/>\n<meta property=\"product:price:currency\" content=\"HUF\" \/>\n<meta property=\"og:availability\" content=\"out of stock\" \/>\n<meta property=\"product:availability\" content=\"out of stock\" \/>\n<meta property=\"product:retailer_item_id\" content=\"SICA00005\" \/>\n<meta property=\"product:condition\" content=\"new\" \/>\n<!-- \/ Yoast SEO Premium plugin. -->","yoast_head_json":{"title":"SiCa-Rio - DanubaGarden","robots":{"index":"index","follow":"follow","max-snippet":"max-snippet:-1","max-image-preview":"max-image-preview:large","max-video-preview":"max-video-preview:-1"},"canonical":"https:\/\/danubagarden.hu\/en\/product\/sica-rio\/","og_locale":"en_GB","og_type":"article","og_title":"SiCa-Rio","og_description":"Hamarosan \u00e9rkezik \ud83d\udc9a &nbsp;  Kiszerel\u00e9s: 0,5 L  &nbsp; Hogyan hat?    Egyfajta n\u00f6v\u00e9nyi naptejk\u00e9nt funkcion\u00e1l, \u00edgy visszaveri a napsugarak \u00e9s az UV-sug\u00e1rz\u00e1s egy r\u00e9sz\u00e9t, cs\u00f6kkentve ezzel a n\u00f6v\u00e9ny felmeleged\u00e9s\u00e9t. A k\u00e9sz\u00edtm\u00e9nyben l\u00e9v\u0151 amin\u00f3sav v\u00e9di a n\u00f6v\u00e9nyt a sz\u00e1razs\u00e1g \u00e9s a h\u0151s\u00e9g miatt kialakul\u00f3 stressz ellen. Ezt \u00fagy \u00e9ri el, hogy seg\u00edt a sejtekben t\u00f6bb vizet rakt\u00e1rozni, valamint v\u00e9di a feh\u00e9rjemolekul\u00e1kat, hogy a nagy melegben ne \u201ef\u0151jenek meg\u201d.  Seg\u00edti a levelek l\u00e9gcsereny\u00edl\u00e1sainak m\u0171k\u00f6d\u00e9s\u00e9t optimaliz\u00e1lni, ez\u00e1ltal a n\u00f6v\u00e9ny jobban hasznos\u00edtja a vizet.  A term\u00e9kben l\u00e9v\u0151 kalcium- \u00e9s szil\u00edcium m\u00e9rete 10 mikron alatti, vagyis k\u00e9pes k\u00f6nnyen bejutni a n\u00f6v\u00e9nybe, majd ott a pozit\u00edv hat\u00e1st kifejteni.   A term\u00e9k lombon felsz\u00edv\u00f3d\u00f3 kalcium-ut\u00e1np\u00f3tl\u00e1sra is haszn\u00e1lhat\u00f3.   &nbsp; Hogyan kell kijuttatni? 1-2 dl 10 liter v\u00edzben elkeverve 10-25 fok k\u00f6z\u00f6tti h\u0151m\u00e9rs\u00e9kleten, lehet\u0151s\u00e9g szerint a reggeli vagy a k\u00e9s\u0151 d\u00e9lut\u00e1ni id\u0151szakban permetezz\u00fck a n\u00f6v\u00e9nyre. T\u00f6rekedj\u00fcnk t\u00f6k\u00e9letes fed\u00e9sre, a levelek h\u00e1toldal\u00e1n is. Javasolt a kezel\u00e9st 2-3 alkalommal megism\u00e9telni. \u00cdgy az 5 dl-es (0,5 L) kiszerel\u00e9s 3-5 permetez\u00e9shez is elegend\u0151 (10 literes h\u00e1tipermetez\u0151be).","og_url":"https:\/\/danubagarden.hu\/en\/product\/sica-rio\/","og_site_name":"DanubaGarden","article_modified_time":"2026-04-24T08:22:41+00:00","og_image":[{"width":2080,"height":2560,"url":"https:\/\/danubagarden.hu\/wp-content\/uploads\/Order-received-webshop-\u2193-1.-Delivery-sheet-printing-\u2193-2.-Label-printing-verification-\u2193-3.-Box-folding-\u2193-4.-Product-loading-packing-\u2193-5.-Sealing-the-box-\u2193-6.-Transport-to-loading-site-\u2193-7.-Lo-11.png","type":"image\/png"}],"twitter_card":"summary_large_image","twitter_misc":{"Price":"4.572&nbsp;&#70;&#116;","Availability":"Out of stock"},"schema":{"@context":"https:\/\/schema.org","@graph":[{"@type":"WebPage","@id":"https:\/\/danubagarden.hu\/termek\/sica-rio\/","url":"https:\/\/danubagarden.hu\/termek\/sica-rio\/","name":"SiCa-Rio - DanubaGarden","isPartOf":{"@id":"https:\/\/danubagarden.hu\/#website"},"primaryImageOfPage":{"@id":"https:\/\/danubagarden.hu\/termek\/sica-rio\/#primaryimage"},"image":{"@id":"https:\/\/danubagarden.hu\/termek\/sica-rio\/#primaryimage"},"thumbnailUrl":"https:\/\/danubagarden.hu\/wp-content\/uploads\/Order-received-webshop-\u2193-1.-Delivery-sheet-printing-\u2193-2.-Label-printing-verification-\u2193-3.-Box-folding-\u2193-4.-Product-loading-packing-\u2193-5.-Sealing-the-box-\u2193-6.-Transport-to-loading-site-\u2193-7.-Lo-11.png","datePublished":"2026-04-09T11:39:59+00:00","dateModified":"2026-04-24T08:22:41+00:00","breadcrumb":{"@id":"https:\/\/danubagarden.hu\/termek\/sica-rio\/#breadcrumb"},"inLanguage":"en-GB","potentialAction":[{"@type":"ReadAction","target":["https:\/\/danubagarden.hu\/termek\/sica-rio\/"]}]},{"@type":"ImageObject","inLanguage":"en-GB","@id":"https:\/\/danubagarden.hu\/termek\/sica-rio\/#primaryimage","url":"https:\/\/danubagarden.hu\/wp-content\/uploads\/Order-received-webshop-\u2193-1.-Delivery-sheet-printing-\u2193-2.-Label-printing-verification-\u2193-3.-Box-folding-\u2193-4.-Product-loading-packing-\u2193-5.-Sealing-the-box-\u2193-6.-Transport-to-loading-site-\u2193-7.-Lo-11.png","contentUrl":"https:\/\/danubagarden.hu\/wp-content\/uploads\/Order-received-webshop-\u2193-1.-Delivery-sheet-printing-\u2193-2.-Label-printing-verification-\u2193-3.-Box-folding-\u2193-4.-Product-loading-packing-\u2193-5.-Sealing-the-box-\u2193-6.-Transport-to-loading-site-\u2193-7.-Lo-11.png","width":2080,"height":2560,"caption":"SiCa-Rio"},{"@type":"BreadcrumbList","@id":"https:\/\/danubagarden.hu\/termek\/sica-rio\/#breadcrumb","itemListElement":[{"@type":"ListItem","position":1,"name":"Home","item":"https:\/\/danubagarden.hu\/"},{"@type":"ListItem","position":2,"name":"Webshop","item":"https:\/\/danubagarden.hu\/webshop\/"},{"@type":"ListItem","position":3,"name":"SiCa-Rio"}]},{"@type":"WebSite","@id":"https:\/\/danubagarden.hu\/#website","url":"https:\/\/danubagarden.hu\/","name":"DanubaGarden","description":"","publisher":{"@id":"https:\/\/danubagarden.hu\/#organization"},"potentialAction":[{"@type":"SearchAction","target":{"@type":"EntryPoint","urlTemplate":"https:\/\/danubagarden.hu\/?s={search_term_string}"},"query-input":{"@type":"PropertyValueSpecification","valueRequired":true,"valueName":"search_term_string"}}],"inLanguage":"en-GB"},{"@type":"Organization","@id":"https:\/\/danubagarden.hu\/#organization","name":"DanubaGarden","url":"https:\/\/danubagarden.hu\/","logo":{"@type":"ImageObject","inLanguage":"en-GB","@id":"https:\/\/danubagarden.hu\/#\/schema\/logo\/image\/","url":"https:\/\/danubagarden.hu\/wp-content\/uploads\/logo.png","contentUrl":"https:\/\/danubagarden.hu\/wp-content\/uploads\/logo.png","width":512,"height":264,"caption":"DanubaGarden"},"image":{"@id":"https:\/\/danubagarden.hu\/#\/schema\/logo\/image\/"}}]},"product_price_amount":"4572","product_price_currency":"HUF","og_availability":"out of stock","product_availability":"out of stock","product_retailer_item_id":"SICA00005","product_condition":"new"},"_links":{"self":[{"href":"https:\/\/danubagarden.hu\/en\/wp-json\/wp\/v2\/product\/18346","targetHints":{"allow":["GET"]}}],"collection":[{"href":"https:\/\/danubagarden.hu\/en\/wp-json\/wp\/v2\/product"}],"about":[{"href":"https:\/\/danubagarden.hu\/en\/wp-json\/wp\/v2\/types\/product"}],"version-history":[{"count":2,"href":"https:\/\/danubagarden.hu\/en\/wp-json\/wp\/v2\/product\/18346\/revisions"}],"predecessor-version":[{"id":18857,"href":"https:\/\/danubagarden.hu\/en\/wp-json\/wp\/v2\/product\/18346\/revisions\/18857"}],"wp:featuredmedia":[{"embeddable":true,"href":"https:\/\/danubagarden.hu\/en\/wp-json\/wp\/v2\/media\/18855"}],"wp:attachment":[{"href":"https:\/\/danubagarden.hu\/en\/wp-json\/wp\/v2\/media?parent=18346"}],"wp:term":[{"taxonomy":"product_brand","embeddable":true,"href":"https:\/\/danubagarden.hu\/en\/wp-json\/wp\/v2\/product_brand?post=18346"},{"taxonomy":"product_cat","embeddable":true,"href":"https:\/\/danubagarden.hu\/en\/wp-json\/wp\/v2\/product_cat?post=18346"},{"taxonomy":"product_tag","embeddable":true,"href":"https:\/\/danubagarden.hu\/en\/wp-json\/wp\/v2\/product_tag?post=18346"},{"taxonomy":"stickerek-es-engedelyek","embeddable":true,"href":"https:\/\/danubagarden.hu\/en\/wp-json\/wp\/v2\/stickerek-es-engedelyek?post=18346"},{"taxonomy":"termek-besorolas","embeddable":true,"href":"https:\/\/danubagarden.hu\/en\/wp-json\/wp\/v2\/termek-besorolas?post=18346"},{"taxonomy":"problema","embeddable":true,"href":"https:\/\/danubagarden.hu\/en\/wp-json\/wp\/v2\/problema?post=18346"}],"curies":[{"name":"wp","href":"https:\/\/api.w.org\/{rel}","templated":true}]}}