{"id":18561,"date":"2026-04-15T14:04:42","date_gmt":"2026-04-15T13:04:42","guid":{"rendered":"https:\/\/danubagarden.hu\/?post_type=product&#038;p=18561"},"modified":"2026-04-27T10:27:53","modified_gmt":"2026-04-27T09:27:53","slug":"mothers-day-gift-pack","status":"publish","type":"product","link":"https:\/\/danubagarden.hu\/en\/product\/mothers-day-gift-pack\/","title":{"rendered":"Mother's Day gift pack"},"content":{"rendered":"","protected":false},"excerpt":{"rendered":"<h2><b>Tricho Immune 100g + MikoMax 60g + Kelpak 1L\u00a0<\/b><\/h2>\n<p><b><i><span style=\"color: #77bb85;\">(+ free wildflower seed mix and Danuba Garden canvas bag)<\/span><\/i><\/b><\/p>\n<p>&nbsp;<\/p>\n<p><strong>Why choose this package?<\/strong><\/p>\n<p>\ud83d\udc90 <strong data-start=\"672\" data-end=\"702\">Mother's day gift from the heart<\/strong> - a package to give back a little care!<\/p>\n<p>&nbsp;<\/p>\n<ul>\n<li data-section-id=\"essmt9\" data-start=\"814\" data-end=\"875\"><strong data-start=\"819\" data-end=\"834\">Strong foundations \ud83e\udef6<\/strong> - MikoMax, as he gave you a solid basis<\/li>\n<li data-section-id=\"1xxb5ie\" data-start=\"876\" data-end=\"946\"><strong data-start=\"881\" data-end=\"900\">Nourishing care \ud83c\udf31<\/strong> - Cups, like the care you've always received<\/li>\n<li data-section-id=\"1dvowy9\" data-start=\"947\" data-end=\"1009\"><strong data-start=\"953\" data-end=\"964\">Protection \ud83d\udee1\ufe0f<\/strong> - Tricho Immune, the protective attention that always surrounded me<\/li>\n<\/ul>\n<p>&nbsp;<\/p>\n<p>&nbsp;<\/p>","protected":false},"featured_media":18567,"template":"","meta":{"footnotes":""},"product_brand":[],"product_cat":[26,25,29],"product_tag":[],"stickerek-es-engedelyek":[],"termek-besorolas":[],"problema":[85,83,82],"class_list":{"0":"post-18561","1":"product","2":"type-product","3":"status-publish","4":"has-post-thumbnail","6":"product_cat-mikorrhiza-gomba","7":"product_cat-trichoderma-gomba","8":"product_cat-alga","9":"problema-biologiai-novenyvedelem","10":"problema-intenziv-novekedes-tamogatasa","11":"problema-maximalis-gyokeresites","12":"member-discount","13":"discount-restricted","15":"first","16":"instock","17":"virtual","18":"taxable","19":"purchasable","20":"product-type-bundle"},"bundled_by":[],"bundle_stock_status":"instock","bundle_stock_quantity":1007,"bundle_virtual":false,"bundle_layout":"default","bundle_add_to_cart_form_location":"default","bundle_editable_in_cart":false,"bundle_sold_individually_context":"product","bundle_item_grouping":"parent","bundle_min_size":"","bundle_max_size":"","bundle_price":{"price":{"min":{"incl_tax":"14351","excl_tax":"11300"},"max":{"incl_tax":"14351","excl_tax":"11300"}},"regular_price":{"min":{"incl_tax":"14351","excl_tax":"11300"},"max":{"incl_tax":"14351","excl_tax":"11300"}}},"bundled_items":[{"bundled_item_id":19,"product_id":1133,"menu_order":0,"quantity_min":1,"quantity_max":1,"quantity_default":1,"priced_individually":true,"shipped_individually":false,"override_title":false,"title":"Kelpak","override_description":false,"description":"","optional":false,"hide_thumbnail":false,"discount":"","override_variations":true,"allowed_variations":[3884],"override_default_variation_attributes":true,"default_variation_attributes":[{"id":1,"name":"Volume","option":"1-l"}],"single_product_visibility":"hidden","cart_visibility":"visible","order_visibility":"visible","single_product_price_visibility":"visible","cart_price_visibility":"visible","order_price_visibility":"visible","stock_status":"in_stock"},{"bundled_item_id":21,"product_id":364,"menu_order":1,"quantity_min":1,"quantity_max":1,"quantity_default":1,"priced_individually":true,"shipped_individually":false,"override_title":false,"title":"Tricho Immun","override_description":false,"description":"","optional":false,"hide_thumbnail":false,"discount":"","override_variations":true,"allowed_variations":[1128],"override_default_variation_attributes":true,"default_variation_attributes":[{"id":2,"name":"Mass","option":"01-kg"}],"single_product_visibility":"hidden","cart_visibility":"visible","order_visibility":"visible","single_product_price_visibility":"visible","cart_price_visibility":"visible","order_price_visibility":"visible","stock_status":"in_stock"},{"bundled_item_id":24,"product_id":7421,"menu_order":2,"quantity_min":1,"quantity_max":1,"quantity_default":1,"priced_individually":true,"shipped_individually":false,"override_title":false,"title":"MikoMax Garden 60 g","override_description":false,"description":"","optional":false,"hide_thumbnail":false,"discount":"","override_variations":false,"allowed_variations":[],"override_default_variation_attributes":false,"default_variation_attributes":[],"single_product_visibility":"hidden","cart_visibility":"visible","order_visibility":"visible","single_product_price_visibility":"visible","cart_price_visibility":"visible","order_price_visibility":"visible","stock_status":"in_stock"},{"bundled_item_id":22,"product_id":18558,"menu_order":3,"quantity_min":1,"quantity_max":1,"quantity_default":1,"priced_individually":false,"shipped_individually":false,"override_title":false,"title":"Danuba Garden Canvas bag","override_description":false,"description":"","optional":false,"hide_thumbnail":false,"discount":"","override_variations":false,"allowed_variations":[],"override_default_variation_attributes":false,"default_variation_attributes":[],"single_product_visibility":"hidden","cart_visibility":"visible","order_visibility":"visible","single_product_price_visibility":"visible","cart_price_visibility":"visible","order_price_visibility":"visible","stock_status":"in_stock"},{"bundled_item_id":23,"product_id":16220,"menu_order":4,"quantity_min":1,"quantity_max":1,"quantity_default":1,"priced_individually":false,"shipped_individually":false,"override_title":false,"title":"Seed mix","override_description":false,"description":"","optional":false,"hide_thumbnail":false,"discount":"","override_variations":false,"allowed_variations":[],"override_default_variation_attributes":false,"default_variation_attributes":[],"single_product_visibility":"hidden","cart_visibility":"visible","order_visibility":"visible","single_product_price_visibility":"visible","cart_price_visibility":"visible","order_price_visibility":"visible","stock_status":"in_stock"}],"bundle_sell_ids":[],"yoast_head":"<!-- This site is optimized with the Yoast SEO Premium plugin v26.9 (Yoast SEO v26.9) - https:\/\/yoast.com\/product\/yoast-seo-premium-wordpress\/ -->\n<title>Any\u00e1k napi aj\u00e1nd\u00e9kcsomag - DanubaGarden<\/title>\n<meta name=\"robots\" content=\"index, follow, max-snippet:-1, max-image-preview:large, max-video-preview:-1\" \/>\n<link rel=\"canonical\" href=\"https:\/\/danubagarden.hu\/en\/product\/mothers-day-gift-pack\/\" \/>\n<meta property=\"og:locale\" content=\"en_GB\" \/>\n<meta property=\"og:type\" content=\"article\" \/>\n<meta property=\"og:title\" content=\"Any\u00e1k napi aj\u00e1nd\u00e9kcsomag\" \/>\n<meta property=\"og:description\" content=\"Tricho Immun 100g + MikoMax 60g + Kelpak 1L\u00a0 (+ aj\u00e1nd\u00e9k vadvir\u00e1gmag-kever\u00e9k \u00e9s Danuba Garden v\u00e1szont\u00e1ska)  &nbsp;  Mi\u00e9rt v\u00e1laszd ezt a csomagot?  \ud83d\udc90 Any\u00e1k napi aj\u00e1nd\u00e9k sz\u00edvb\u0151l \u2013 egy csomag, amellyel visszaadhatsz egy kis t\u00f6r\u0151d\u00e9st!  &nbsp;   Er\u0151s alapok \ud83e\udef6 \u2013 MikoMax, ahogy \u0151 is biztos alapot adott neked  T\u00e1pl\u00e1l\u00f3 t\u00f6r\u0151d\u00e9s \ud83c\udf31 \u2013 Kelpak, mint az a gondoskod\u00e1s, amit mindig kapt\u00e1l  V\u00e9delem \ud83d\udee1\ufe0f \u2013 Tricho Immun, az az \u00f3v\u00f3 figyelem, ami mindig k\u00f6r\u00fclvett  &nbsp;  &nbsp;\" \/>\n<meta property=\"og:url\" content=\"https:\/\/danubagarden.hu\/en\/product\/mothers-day-gift-pack\/\" \/>\n<meta property=\"og:site_name\" content=\"DanubaGarden\" \/>\n<meta property=\"article:modified_time\" content=\"2026-04-27T09:27:53+00:00\" \/>\n<meta property=\"og:image\" content=\"https:\/\/danubagarden.hu\/wp-content\/uploads\/Untitled-design-22-1024x771.png\" \/>\n\t<meta property=\"og:image:width\" content=\"1024\" \/>\n\t<meta property=\"og:image:height\" content=\"771\" \/>\n\t<meta property=\"og:image:type\" content=\"image\/png\" \/>\n<meta name=\"twitter:card\" content=\"summary_large_image\" \/>\n<meta name=\"twitter:label1\" content=\"Price\" \/>\n\t<meta name=\"twitter:data1\" content=\"0&nbsp;&#070;&#116;\" \/>\n\t<meta name=\"twitter:label2\" content=\"Availability\" \/>\n\t<meta name=\"twitter:data2\" content=\"In stock\" \/>\n<script type=\"application\/ld+json\" class=\"yoast-schema-graph\">{\"@context\":\"https:\/\/schema.org\",\"@graph\":[{\"@type\":\"WebPage\",\"@id\":\"https:\/\/danubagarden.hu\/termek\/anyak-napi-ajandekcsomag\/\",\"url\":\"https:\/\/danubagarden.hu\/termek\/anyak-napi-ajandekcsomag\/\",\"name\":\"Any\u00e1k napi aj\u00e1nd\u00e9kcsomag - DanubaGarden\",\"isPartOf\":{\"@id\":\"https:\/\/danubagarden.hu\/#website\"},\"primaryImageOfPage\":{\"@id\":\"https:\/\/danubagarden.hu\/termek\/anyak-napi-ajandekcsomag\/#primaryimage\"},\"image\":{\"@id\":\"https:\/\/danubagarden.hu\/termek\/anyak-napi-ajandekcsomag\/#primaryimage\"},\"thumbnailUrl\":\"https:\/\/danubagarden.hu\/wp-content\/uploads\/Untitled-design-22.png\",\"datePublished\":\"2026-04-15T13:04:42+00:00\",\"dateModified\":\"2026-04-27T09:27:53+00:00\",\"breadcrumb\":{\"@id\":\"https:\/\/danubagarden.hu\/termek\/anyak-napi-ajandekcsomag\/#breadcrumb\"},\"inLanguage\":\"en-GB\",\"potentialAction\":[{\"@type\":\"ReadAction\",\"target\":[\"https:\/\/danubagarden.hu\/termek\/anyak-napi-ajandekcsomag\/\"]}]},{\"@type\":\"ImageObject\",\"inLanguage\":\"en-GB\",\"@id\":\"https:\/\/danubagarden.hu\/termek\/anyak-napi-ajandekcsomag\/#primaryimage\",\"url\":\"https:\/\/danubagarden.hu\/wp-content\/uploads\/Untitled-design-22.png\",\"contentUrl\":\"https:\/\/danubagarden.hu\/wp-content\/uploads\/Untitled-design-22.png\",\"width\":2560,\"height\":1927,\"caption\":\"Any\u00e1k napi aj\u00e1nd\u00e9kcsomag\"},{\"@type\":\"BreadcrumbList\",\"@id\":\"https:\/\/danubagarden.hu\/termek\/anyak-napi-ajandekcsomag\/#breadcrumb\",\"itemListElement\":[{\"@type\":\"ListItem\",\"position\":1,\"name\":\"Home\",\"item\":\"https:\/\/danubagarden.hu\/\"},{\"@type\":\"ListItem\",\"position\":2,\"name\":\"Webshop\",\"item\":\"https:\/\/danubagarden.hu\/webshop\/\"},{\"@type\":\"ListItem\",\"position\":3,\"name\":\"Any\u00e1k napi aj\u00e1nd\u00e9kcsomag\"}]},{\"@type\":\"WebSite\",\"@id\":\"https:\/\/danubagarden.hu\/#website\",\"url\":\"https:\/\/danubagarden.hu\/\",\"name\":\"DanubaGarden\",\"description\":\"\",\"publisher\":{\"@id\":\"https:\/\/danubagarden.hu\/#organization\"},\"potentialAction\":[{\"@type\":\"SearchAction\",\"target\":{\"@type\":\"EntryPoint\",\"urlTemplate\":\"https:\/\/danubagarden.hu\/?s={search_term_string}\"},\"query-input\":{\"@type\":\"PropertyValueSpecification\",\"valueRequired\":true,\"valueName\":\"search_term_string\"}}],\"inLanguage\":\"en-GB\"},{\"@type\":\"Organization\",\"@id\":\"https:\/\/danubagarden.hu\/#organization\",\"name\":\"DanubaGarden\",\"url\":\"https:\/\/danubagarden.hu\/\",\"logo\":{\"@type\":\"ImageObject\",\"inLanguage\":\"en-GB\",\"@id\":\"https:\/\/danubagarden.hu\/#\/schema\/logo\/image\/\",\"url\":\"https:\/\/danubagarden.hu\/wp-content\/uploads\/logo.png\",\"contentUrl\":\"https:\/\/danubagarden.hu\/wp-content\/uploads\/logo.png\",\"width\":512,\"height\":264,\"caption\":\"DanubaGarden\"},\"image\":{\"@id\":\"https:\/\/danubagarden.hu\/#\/schema\/logo\/image\/\"}}]}<\/script>\n<meta property=\"product:price:amount\" content=\"0\" \/>\n<meta property=\"product:price:currency\" content=\"HUF\" \/>\n<meta property=\"og:availability\" content=\"instock\" \/>\n<meta property=\"product:availability\" content=\"instock\" \/>\n<meta property=\"product:condition\" content=\"new\" \/>\n<!-- \/ Yoast SEO Premium plugin. -->","yoast_head_json":{"title":"Mother's Day gift package - DanubaGarden","robots":{"index":"index","follow":"follow","max-snippet":"max-snippet:-1","max-image-preview":"max-image-preview:large","max-video-preview":"max-video-preview:-1"},"canonical":"https:\/\/danubagarden.hu\/en\/product\/mothers-day-gift-pack\/","og_locale":"en_GB","og_type":"article","og_title":"Any\u00e1k napi aj\u00e1nd\u00e9kcsomag","og_description":"Tricho Immun 100g + MikoMax 60g + Kelpak 1L\u00a0 (+ aj\u00e1nd\u00e9k vadvir\u00e1gmag-kever\u00e9k \u00e9s Danuba Garden v\u00e1szont\u00e1ska)  &nbsp;  Mi\u00e9rt v\u00e1laszd ezt a csomagot?  \ud83d\udc90 Any\u00e1k napi aj\u00e1nd\u00e9k sz\u00edvb\u0151l \u2013 egy csomag, amellyel visszaadhatsz egy kis t\u00f6r\u0151d\u00e9st!  &nbsp;   Er\u0151s alapok \ud83e\udef6 \u2013 MikoMax, ahogy \u0151 is biztos alapot adott neked  T\u00e1pl\u00e1l\u00f3 t\u00f6r\u0151d\u00e9s \ud83c\udf31 \u2013 Kelpak, mint az a gondoskod\u00e1s, amit mindig kapt\u00e1l  V\u00e9delem \ud83d\udee1\ufe0f \u2013 Tricho Immun, az az \u00f3v\u00f3 figyelem, ami mindig k\u00f6r\u00fclvett  &nbsp;  &nbsp;","og_url":"https:\/\/danubagarden.hu\/en\/product\/mothers-day-gift-pack\/","og_site_name":"DanubaGarden","article_modified_time":"2026-04-27T09:27:53+00:00","og_image":[{"width":1024,"height":771,"url":"https:\/\/danubagarden.hu\/wp-content\/uploads\/Untitled-design-22-1024x771.png","type":"image\/png"}],"twitter_card":"summary_large_image","twitter_misc":{"Price":"0&nbsp;&#70;&#116;","Availability":"In stock"},"schema":{"@context":"https:\/\/schema.org","@graph":[{"@type":"WebPage","@id":"https:\/\/danubagarden.hu\/termek\/anyak-napi-ajandekcsomag\/","url":"https:\/\/danubagarden.hu\/termek\/anyak-napi-ajandekcsomag\/","name":"Mother's Day gift package - DanubaGarden","isPartOf":{"@id":"https:\/\/danubagarden.hu\/#website"},"primaryImageOfPage":{"@id":"https:\/\/danubagarden.hu\/termek\/anyak-napi-ajandekcsomag\/#primaryimage"},"image":{"@id":"https:\/\/danubagarden.hu\/termek\/anyak-napi-ajandekcsomag\/#primaryimage"},"thumbnailUrl":"https:\/\/danubagarden.hu\/wp-content\/uploads\/Untitled-design-22.png","datePublished":"2026-04-15T13:04:42+00:00","dateModified":"2026-04-27T09:27:53+00:00","breadcrumb":{"@id":"https:\/\/danubagarden.hu\/termek\/anyak-napi-ajandekcsomag\/#breadcrumb"},"inLanguage":"en-GB","potentialAction":[{"@type":"ReadAction","target":["https:\/\/danubagarden.hu\/termek\/anyak-napi-ajandekcsomag\/"]}]},{"@type":"ImageObject","inLanguage":"en-GB","@id":"https:\/\/danubagarden.hu\/termek\/anyak-napi-ajandekcsomag\/#primaryimage","url":"https:\/\/danubagarden.hu\/wp-content\/uploads\/Untitled-design-22.png","contentUrl":"https:\/\/danubagarden.hu\/wp-content\/uploads\/Untitled-design-22.png","width":2560,"height":1927,"caption":"Any\u00e1k napi aj\u00e1nd\u00e9kcsomag"},{"@type":"BreadcrumbList","@id":"https:\/\/danubagarden.hu\/termek\/anyak-napi-ajandekcsomag\/#breadcrumb","itemListElement":[{"@type":"ListItem","position":1,"name":"Home","item":"https:\/\/danubagarden.hu\/"},{"@type":"ListItem","position":2,"name":"Webshop","item":"https:\/\/danubagarden.hu\/webshop\/"},{"@type":"ListItem","position":3,"name":"Any\u00e1k napi aj\u00e1nd\u00e9kcsomag"}]},{"@type":"WebSite","@id":"https:\/\/danubagarden.hu\/#website","url":"https:\/\/danubagarden.hu\/","name":"DanubaGarden","description":"","publisher":{"@id":"https:\/\/danubagarden.hu\/#organization"},"potentialAction":[{"@type":"SearchAction","target":{"@type":"EntryPoint","urlTemplate":"https:\/\/danubagarden.hu\/?s={search_term_string}"},"query-input":{"@type":"PropertyValueSpecification","valueRequired":true,"valueName":"search_term_string"}}],"inLanguage":"en-GB"},{"@type":"Organization","@id":"https:\/\/danubagarden.hu\/#organization","name":"DanubaGarden","url":"https:\/\/danubagarden.hu\/","logo":{"@type":"ImageObject","inLanguage":"en-GB","@id":"https:\/\/danubagarden.hu\/#\/schema\/logo\/image\/","url":"https:\/\/danubagarden.hu\/wp-content\/uploads\/logo.png","contentUrl":"https:\/\/danubagarden.hu\/wp-content\/uploads\/logo.png","width":512,"height":264,"caption":"DanubaGarden"},"image":{"@id":"https:\/\/danubagarden.hu\/#\/schema\/logo\/image\/"}}]},"product_price_currency":"HUF","og_availability":"instock","product_availability":"instock","product_condition":"new"},"_links":{"self":[{"href":"https:\/\/danubagarden.hu\/en\/wp-json\/wp\/v2\/product\/18561","targetHints":{"allow":["GET"]}}],"collection":[{"href":"https:\/\/danubagarden.hu\/en\/wp-json\/wp\/v2\/product"}],"about":[{"href":"https:\/\/danubagarden.hu\/en\/wp-json\/wp\/v2\/types\/product"}],"version-history":[{"count":3,"href":"https:\/\/danubagarden.hu\/en\/wp-json\/wp\/v2\/product\/18561\/revisions"}],"predecessor-version":[{"id":18917,"href":"https:\/\/danubagarden.hu\/en\/wp-json\/wp\/v2\/product\/18561\/revisions\/18917"}],"wp:featuredmedia":[{"embeddable":true,"href":"https:\/\/danubagarden.hu\/en\/wp-json\/wp\/v2\/media\/18567"}],"wp:attachment":[{"href":"https:\/\/danubagarden.hu\/en\/wp-json\/wp\/v2\/media?parent=18561"}],"wp:term":[{"taxonomy":"product_brand","embeddable":true,"href":"https:\/\/danubagarden.hu\/en\/wp-json\/wp\/v2\/product_brand?post=18561"},{"taxonomy":"product_cat","embeddable":true,"href":"https:\/\/danubagarden.hu\/en\/wp-json\/wp\/v2\/product_cat?post=18561"},{"taxonomy":"product_tag","embeddable":true,"href":"https:\/\/danubagarden.hu\/en\/wp-json\/wp\/v2\/product_tag?post=18561"},{"taxonomy":"stickerek-es-engedelyek","embeddable":true,"href":"https:\/\/danubagarden.hu\/en\/wp-json\/wp\/v2\/stickerek-es-engedelyek?post=18561"},{"taxonomy":"termek-besorolas","embeddable":true,"href":"https:\/\/danubagarden.hu\/en\/wp-json\/wp\/v2\/termek-besorolas?post=18561"},{"taxonomy":"problema","embeddable":true,"href":"https:\/\/danubagarden.hu\/en\/wp-json\/wp\/v2\/problema?post=18561"}],"curies":[{"name":"wp","href":"https:\/\/api.w.org\/{rel}","templated":true}]}}