{"id":360,"date":"2023-02-22T10:29:27","date_gmt":"2023-02-22T10:29:27","guid":{"rendered":"https:\/\/danubagarden.hu\/?post_type=product&#038;p=360"},"modified":"2026-04-18T17:36:48","modified_gmt":"2026-04-18T16:36:48","slug":"mikomax-garden","status":"publish","type":"product","link":"https:\/\/danubagarden.hu\/en\/product\/mikomax-garden\/","title":{"rendered":"MikoMax Garden 360g"},"content":{"rendered":"<div class=\"page\" title=\"Page 5\">\n<div class=\"section\">\n<div class=\"layoutArea\">\n<div class=\"column\">\n<hr \/>\n<hr \/>\n<p><strong>Storage of the product<\/strong><\/p>\n<p>Between 5 and 30 degrees Celsius in its original packaging, the product will keep its expiry date for at least 18 months. It should be applied as soon as possible after opening but stored tightly resealed and refrigerated for up to 6 months without deterioration.<\/p>\n<\/div>\n<\/div>\n<\/div>\n<\/div>\n<p>&nbsp;<\/p>\n<p><b>\ud83e\uddd0 Did you know?<\/b><\/p>\n<p><span style=\"font-weight: 400;\">Mycorrhizal fungal species form a symbiotic relationship with the host plant, increasing its water and nutrient supply, stress tolerance and resistance to pests.<\/span><\/p>\n<p>&nbsp;<\/p>\n<p><b>\ud83c\udf44 More about Micorrhiza<\/b><\/p>\n<p><span style=\"font-weight: 400;\">It symbiotically interacts with the host plant, supporting it in taking up adequate amounts of water and nutrients during stressful periods such as frost or drought. The mycorrhiza, with a hyphal filament many hundreds of times the size of the host plant's root, can take up water and nutrients from much further away and more efficiently for the host plant. <\/span><\/p>\n<p><span style=\"font-weight: 400;\">Since mycorrhizal fungi need root contact, we need to get them close to the root, max 1-2 cm from the root, when applying. For larger trees, it should be applied around the canopy in several places under the canopy stump. It is recommended to apply to the smaller, thinner roots.<\/span><\/p>\n<p>&nbsp;<\/p>\n<p><a href=\"http:\/\/danubagarden.hu\/wp-content\/uploads\/IMG_0338.jpeg\"><img fetchpriority=\"high\" decoding=\"async\" class=\"aligncenter wp-image-3958\" src=\"http:\/\/danubagarden.hu\/wp-content\/uploads\/IMG_0338.jpeg\" alt=\"\" width=\"453\" height=\"471\" srcset=\"https:\/\/danubagarden.hu\/wp-content\/uploads\/IMG_0338.jpeg 1569w, https:\/\/danubagarden.hu\/wp-content\/uploads\/IMG_0338-288x300.jpeg 288w, https:\/\/danubagarden.hu\/wp-content\/uploads\/IMG_0338-984x1024.jpeg 984w, https:\/\/danubagarden.hu\/wp-content\/uploads\/IMG_0338-768x799.jpeg 768w, https:\/\/danubagarden.hu\/wp-content\/uploads\/IMG_0338-1477x1536.jpeg 1477w, https:\/\/danubagarden.hu\/wp-content\/uploads\/IMG_0338-600x624.jpeg 600w\" sizes=\"(max-width: 453px) 100vw, 453px\" \/><\/a><\/p>\n<p>&nbsp;<\/p>\n<p><span style=\"font-weight: 400;\">The mycorrhizal fungus penetrates the host plant and strengthens its natural immune system, making it more resistant to fungal diseases. Mycorrhizae secrete substances that increase and improve soil aggregates, which are among the most important components of soil.<\/span><\/p>\n<p>&nbsp;<\/p>\n<p><a href=\"http:\/\/danubagarden.hu\/wp-content\/uploads\/IMG_0339.jpeg\"><img decoding=\"async\" class=\"aligncenter wp-image-3959\" src=\"http:\/\/danubagarden.hu\/wp-content\/uploads\/IMG_0339.jpeg\" alt=\"\" width=\"445\" height=\"330\" srcset=\"https:\/\/danubagarden.hu\/wp-content\/uploads\/IMG_0339.jpeg 1500w, https:\/\/danubagarden.hu\/wp-content\/uploads\/IMG_0339-300x222.jpeg 300w, https:\/\/danubagarden.hu\/wp-content\/uploads\/IMG_0339-1024x759.jpeg 1024w, https:\/\/danubagarden.hu\/wp-content\/uploads\/IMG_0339-768x569.jpeg 768w, https:\/\/danubagarden.hu\/wp-content\/uploads\/IMG_0339-600x445.jpeg 600w\" sizes=\"(max-width: 445px) 100vw, 445px\" \/><\/a><\/p>\n<p>&nbsp;<\/p>\n<p>&nbsp;<\/p>\n<p><b>\ud83e\udd1d Why is this cooperation good for the crop and how is it achieved?<\/b><\/p>\n<p><span style=\"font-weight: 400;\">Early in their growing season, plants get natural help from mycorrhizal fungi to take up more water and nutrients. At this time, the plants secrete substances that attract these fungi and encourage them to use part of their hyphal filaments to penetrate the roots of the crop.<\/span><\/p>\n<p>&nbsp;<\/p>\n<p><strong>\ud83c\udf31 Lawn care with Micorrhiza<\/strong><\/p>\n<div>It is an arbuscular, or endo mycorrhizal, organism that forms a symbiotic relationship with 90% in plants, such as <em><strong>our lawns<\/strong> too.<\/em>.<\/div>\n<div><em>It is recommended to apply this product in one of the following ways:<\/em><\/div>\n<div><\/div>\n<div><\/div>\n<div>1. The product should be spread and worked in shallowly before lawn care.<\/div>\n<div>2. Mix with the lawn seeds and apply the mixture all at once.<\/div>\n<div>.<\/div>\n<div><\/div>\n<div><\/div>\n<div>\n<div><a href=\"http:\/\/danubagarden.hu\/wp-content\/uploads\/IMG_0337.jpeg\"><img decoding=\"async\" class=\"aligncenter wp-image-3960\" src=\"http:\/\/danubagarden.hu\/wp-content\/uploads\/IMG_0337.jpeg\" alt=\"\" width=\"314\" height=\"471\" srcset=\"https:\/\/danubagarden.hu\/wp-content\/uploads\/IMG_0337.jpeg 1000w, https:\/\/danubagarden.hu\/wp-content\/uploads\/IMG_0337-200x300.jpeg 200w, https:\/\/danubagarden.hu\/wp-content\/uploads\/IMG_0337-683x1024.jpeg 683w, https:\/\/danubagarden.hu\/wp-content\/uploads\/IMG_0337-768x1152.jpeg 768w, https:\/\/danubagarden.hu\/wp-content\/uploads\/IMG_0337-600x900.jpeg 600w\" sizes=\"(max-width: 314px) 100vw, 314px\" \/><\/a><\/div>\n<\/div>\n<p>&nbsp;<\/p>\n<div>\n<p><strong>Once the grass has been cut, the following options are still available for applying mycorrhiza:<\/strong><\/p>\n<div><\/div>\n<div>1. When aerating the lawn, it should be injected into the top layer of the soil and then well watered in.<\/div>\n<div>2. A more secure method: the <a href=\"https:\/\/danubagarden.hu\/en\/product\/inomyc\/\"><span style=\"color: #4f7a28;\">Ino-Myc<\/span><\/a> application of a liquid mycorrhizal product to the lawn, sprayed or watered with large quantities of water.<\/div>\n<div>.<\/div>\n<div><\/div>\n<\/div>\n<div>\n<p><a href=\"http:\/\/danubagarden.hu\/wp-content\/uploads\/IMG_9679-scaled.jpeg\"><img loading=\"lazy\" decoding=\"async\" class=\"aligncenter wp-image-3488\" src=\"http:\/\/danubagarden.hu\/wp-content\/uploads\/IMG_9679-scaled.jpeg\" alt=\"\" width=\"408\" height=\"272\" \/><\/a><\/p>\n<\/div>\n<p>&nbsp;<\/p>\n<div>\n<p>&nbsp;<\/p>\n<p><b>\ud83e\udd1d Why is this cooperation good for the crop and how is it achieved?<\/b><\/p>\n<\/div>\n<p><span style=\"font-weight: 400;\">Early in their growing season, plants get natural help from mycorrhizal fungi to take up more water and nutrients. At this time, the plants secrete substances that attract these fungi and encourage them to use part of their hyphal filaments to penetrate the roots of the crop.<\/span><\/p>\n<p><span style=\"font-weight: 400;\">\u00a0The plant senses whether it can absorb water and nutrients from the soil on its own or whether it needs nature's help. If it senses that it needs help, it secretes ready-made nutrients, carbohydrates, amino acids and other signalling substances produced by itself into the soil through its roots. The mycorrhizal fungus senses this signal, and it moves towards the root and then penetrates the root.\u00a0<\/span><\/p>\n<p>&nbsp;<\/p>\n<p>&nbsp;<\/p>\n<p>&nbsp;<\/p>\n<p>&nbsp;<\/p>","protected":false},"excerpt":{"rendered":"<p><b>Dose: <\/b><span style=\"font-weight: 400;\">as indicated on the package, 200 nm2 or one dip into the planting hole with the spoon provided in the package<\/span><\/p>\n<p><b>What is the mycorrhizal fungus and biostimulant MikoMax Garden good for?<\/b><\/p>\n<ol>\n<li style=\"font-weight: 400;\"><span style=\"font-weight: 400;\">Increases the uptake of nutrients from the soil by plants<\/span><\/li>\n<li style=\"font-weight: 400;\"><span style=\"font-weight: 400;\">Improves the plant's more efficient use of water<\/span><\/li>\n<li style=\"font-weight: 400;\"><span style=\"font-weight: 400;\">Strengthens the natural resistance of plants<\/span><\/li>\n<li style=\"font-weight: 400;\"><span style=\"font-weight: 400;\">Creating a more active and healthy soil life<\/span><\/li>\n<li style=\"font-weight: 400;\"><span style=\"font-weight: 400;\">Thanks to the above, it improves crop quality and increases yields<\/span><\/li>\n<li style=\"font-weight: 400;\"><span style=\"font-weight: 400;\">Due to its 6 types of nodules, it can be used in soils with different pH contents (acid, neutral or alkaline)<\/span><\/li>\n<li style=\"font-weight: 400;\"><span style=\"font-weight: 400;\">They help the plant not only in the early stages of its life, but throughout its life, e.g. in grapes for up to 50 years.<\/span><\/li>\n<\/ol>\n<p>&nbsp;<\/p>\n<div class=\"page\" title=\"Page 5\">\n<div class=\"section\">\n<div class=\"layoutArea\">\n<div class=\"column\">\n<p><strong>How to apply?<\/strong><\/p>\n<p>The MikoMax Garden should be sprayed into the planting hole so that it is close to the roots of the plant. You don't need to sprinkle much (about a teaspoonful) because, in theory, only the hyphae thread of a single spore, if it gets into the root of the plant, will then entangle the plant.<\/p>\n<p>&nbsp;<\/p>\n<\/div>\n<\/div>\n<\/div>\n<\/div>\n<p><strong>Scroll down and read more \u2b07\ufe0f<\/strong><\/p>","protected":false},"featured_media":9493,"template":"","meta":[],"product_brand":[],"product_cat":[26],"product_tag":[45,69,43],"stickerek-es-engedelyek":[635,634],"termek-besorolas":[529],"problema":[83,82,86],"class_list":{"0":"post-360","1":"product","2":"type-product","3":"status-publish","4":"has-post-thumbnail","6":"product_cat-mikorrhiza-gomba","7":"product_tag-100-organikus","8":"product_tag-gyokeresedes-kezdeti-novekedes","9":"product_tag-vegyszermentes","10":"pa_tomeg-360-g","11":"stickerek-es-engedelyek-certrust","12":"stickerek-es-engedelyek-biocert","13":"termek-besorolas-alap","14":"problema-intenziv-novekedes-tamogatasa","15":"problema-maximalis-gyokeresites","16":"problema-talaj-vitalitas-novelese","17":"member-discount","18":"discount-restricted","20":"first","21":"instock","22":"featured","23":"taxable","24":"shipping-taxable","25":"purchasable","26":"product-type-simple"},"bundled_by":["12765","16639"],"bundle_stock_status":"instock","bundle_stock_quantity":6550,"bundle_virtual":false,"bundle_layout":"","bundle_add_to_cart_form_location":"","bundle_editable_in_cart":false,"bundle_sold_individually_context":"","bundle_item_grouping":"","bundle_min_size":"","bundle_max_size":"","bundle_price":[],"bundled_items":[],"bundle_sell_ids":[],"yoast_head":"<!-- This site is optimized with the Yoast SEO Premium plugin v26.9 (Yoast SEO v26.9) - https:\/\/yoast.com\/product\/yoast-seo-premium-wordpress\/ -->\n<title>MikoMax Garden 360g - DanubaGarden<\/title>\n<meta name=\"description\" content=\"Mikorrhiza gomba: Fokozza a t\u00e1panyagok felv\u00e9tel\u00e9t, jav\u00edtja a n\u00f6v\u00e9ny hat\u00e9konyabb v\u00edzfelhaszn\u00e1l\u00e1s\u00e1t, er\u0151s\u00edti a n\u00f6v\u00e9nyek ellen\u00e1ll\u00f3k\u00e9pess\u00e9g\u00e9t\" \/>\n<meta name=\"robots\" content=\"index, follow, max-snippet:-1, max-image-preview:large, max-video-preview:-1\" \/>\n<link rel=\"canonical\" href=\"https:\/\/danubagarden.hu\/en\/product\/mikomax-garden\/\" \/>\n<meta property=\"og:locale\" content=\"en_GB\" \/>\n<meta property=\"og:type\" content=\"article\" \/>\n<meta property=\"og:title\" content=\"MikoMax Garden 360g\" \/>\n<meta property=\"og:description\" content=\"Mikorrhiza gomba: Fokozza a t\u00e1panyagok felv\u00e9tel\u00e9t, jav\u00edtja a n\u00f6v\u00e9ny hat\u00e9konyabb v\u00edzfelhaszn\u00e1l\u00e1s\u00e1t, er\u0151s\u00edti a n\u00f6v\u00e9nyek ellen\u00e1ll\u00f3k\u00e9pess\u00e9g\u00e9t\" \/>\n<meta property=\"og:url\" content=\"https:\/\/danubagarden.hu\/en\/product\/mikomax-garden\/\" \/>\n<meta property=\"og:site_name\" content=\"DanubaGarden\" \/>\n<meta property=\"article:modified_time\" content=\"2026-04-18T16:36:48+00:00\" \/>\n<meta property=\"og:image\" content=\"https:\/\/danubagarden.hu\/wp-content\/uploads\/MikoMax_360g-e1739554929437.png\" \/>\n\t<meta property=\"og:image:width\" content=\"884\" \/>\n\t<meta property=\"og:image:height\" content=\"1328\" \/>\n\t<meta property=\"og:image:type\" content=\"image\/png\" \/>\n<meta name=\"twitter:card\" content=\"summary_large_image\" \/>\n<meta name=\"twitter:label1\" content=\"Price\" \/>\n\t<meta name=\"twitter:data1\" content=\"5.715&nbsp;&#070;&#116;\" \/>\n\t<meta name=\"twitter:label2\" content=\"Availability\" \/>\n\t<meta name=\"twitter:data2\" content=\"In stock\" \/>\n<script type=\"application\/ld+json\" class=\"yoast-schema-graph\">{\"@context\":\"https:\/\/schema.org\",\"@graph\":[{\"@type\":\"WebPage\",\"@id\":\"https:\/\/danubagarden.hu\/termek\/mikomax-garden\/\",\"url\":\"https:\/\/danubagarden.hu\/termek\/mikomax-garden\/\",\"name\":\"MikoMax Garden 360g - DanubaGarden\",\"isPartOf\":{\"@id\":\"https:\/\/danubagarden.hu\/#website\"},\"primaryImageOfPage\":{\"@id\":\"https:\/\/danubagarden.hu\/termek\/mikomax-garden\/#primaryimage\"},\"image\":{\"@id\":\"https:\/\/danubagarden.hu\/termek\/mikomax-garden\/#primaryimage\"},\"thumbnailUrl\":\"https:\/\/danubagarden.hu\/wp-content\/uploads\/MikoMax_360g-e1739554929437.png\",\"datePublished\":\"2023-02-22T10:29:27+00:00\",\"dateModified\":\"2026-04-18T16:36:48+00:00\",\"description\":\"Mikorrhiza gomba: Fokozza a t\u00e1panyagok felv\u00e9tel\u00e9t, jav\u00edtja a n\u00f6v\u00e9ny hat\u00e9konyabb v\u00edzfelhaszn\u00e1l\u00e1s\u00e1t, er\u0151s\u00edti a n\u00f6v\u00e9nyek ellen\u00e1ll\u00f3k\u00e9pess\u00e9g\u00e9t\",\"breadcrumb\":{\"@id\":\"https:\/\/danubagarden.hu\/termek\/mikomax-garden\/#breadcrumb\"},\"inLanguage\":\"en-GB\",\"potentialAction\":[{\"@type\":\"ReadAction\",\"target\":[\"https:\/\/danubagarden.hu\/termek\/mikomax-garden\/\"]}]},{\"@type\":\"ImageObject\",\"inLanguage\":\"en-GB\",\"@id\":\"https:\/\/danubagarden.hu\/termek\/mikomax-garden\/#primaryimage\",\"url\":\"https:\/\/danubagarden.hu\/wp-content\/uploads\/MikoMax_360g-e1739554929437.png\",\"contentUrl\":\"https:\/\/danubagarden.hu\/wp-content\/uploads\/MikoMax_360g-e1739554929437.png\",\"width\":884,\"height\":1328},{\"@type\":\"BreadcrumbList\",\"@id\":\"https:\/\/danubagarden.hu\/termek\/mikomax-garden\/#breadcrumb\",\"itemListElement\":[{\"@type\":\"ListItem\",\"position\":1,\"name\":\"Home\",\"item\":\"https:\/\/danubagarden.hu\/\"},{\"@type\":\"ListItem\",\"position\":2,\"name\":\"Webshop\",\"item\":\"https:\/\/danubagarden.hu\/webshop\/\"},{\"@type\":\"ListItem\",\"position\":3,\"name\":\"MikoMax Garden 360g\"}]},{\"@type\":\"WebSite\",\"@id\":\"https:\/\/danubagarden.hu\/#website\",\"url\":\"https:\/\/danubagarden.hu\/\",\"name\":\"DanubaGarden\",\"description\":\"\",\"publisher\":{\"@id\":\"https:\/\/danubagarden.hu\/#organization\"},\"potentialAction\":[{\"@type\":\"SearchAction\",\"target\":{\"@type\":\"EntryPoint\",\"urlTemplate\":\"https:\/\/danubagarden.hu\/?s={search_term_string}\"},\"query-input\":{\"@type\":\"PropertyValueSpecification\",\"valueRequired\":true,\"valueName\":\"search_term_string\"}}],\"inLanguage\":\"en-GB\"},{\"@type\":\"Organization\",\"@id\":\"https:\/\/danubagarden.hu\/#organization\",\"name\":\"DanubaGarden\",\"url\":\"https:\/\/danubagarden.hu\/\",\"logo\":{\"@type\":\"ImageObject\",\"inLanguage\":\"en-GB\",\"@id\":\"https:\/\/danubagarden.hu\/#\/schema\/logo\/image\/\",\"url\":\"https:\/\/danubagarden.hu\/wp-content\/uploads\/logo.png\",\"contentUrl\":\"https:\/\/danubagarden.hu\/wp-content\/uploads\/logo.png\",\"width\":512,\"height\":264,\"caption\":\"DanubaGarden\"},\"image\":{\"@id\":\"https:\/\/danubagarden.hu\/#\/schema\/logo\/image\/\"}}]}<\/script>\n<meta property=\"product:price:amount\" content=\"5715\" \/>\n<meta property=\"product:price:currency\" content=\"HUF\" \/>\n<meta property=\"og:availability\" content=\"instock\" \/>\n<meta property=\"product:availability\" content=\"instock\" \/>\n<meta property=\"product:retailer_item_id\" content=\"00270\" \/>\n<meta property=\"product:condition\" content=\"new\" \/>\n<!-- \/ Yoast SEO Premium plugin. -->","yoast_head_json":{"title":"MikoMax Garden 360g - DanubaGarden","description":"Mycorrhizal fungi: Increases nutrient uptake, improves more efficient water use by the plant, strengthens plant resistance","robots":{"index":"index","follow":"follow","max-snippet":"max-snippet:-1","max-image-preview":"max-image-preview:large","max-video-preview":"max-video-preview:-1"},"canonical":"https:\/\/danubagarden.hu\/en\/product\/mikomax-garden\/","og_locale":"en_GB","og_type":"article","og_title":"MikoMax Garden 360g","og_description":"Mikorrhiza gomba: Fokozza a t\u00e1panyagok felv\u00e9tel\u00e9t, jav\u00edtja a n\u00f6v\u00e9ny hat\u00e9konyabb v\u00edzfelhaszn\u00e1l\u00e1s\u00e1t, er\u0151s\u00edti a n\u00f6v\u00e9nyek ellen\u00e1ll\u00f3k\u00e9pess\u00e9g\u00e9t","og_url":"https:\/\/danubagarden.hu\/en\/product\/mikomax-garden\/","og_site_name":"DanubaGarden","article_modified_time":"2026-04-18T16:36:48+00:00","og_image":[{"width":884,"height":1328,"url":"https:\/\/danubagarden.hu\/wp-content\/uploads\/MikoMax_360g-e1739554929437.png","type":"image\/png"}],"twitter_card":"summary_large_image","twitter_misc":{"Price":"5.715&nbsp;&#70;&#116;","Availability":"In stock"},"schema":{"@context":"https:\/\/schema.org","@graph":[{"@type":"WebPage","@id":"https:\/\/danubagarden.hu\/termek\/mikomax-garden\/","url":"https:\/\/danubagarden.hu\/termek\/mikomax-garden\/","name":"MikoMax Garden 360g - DanubaGarden","isPartOf":{"@id":"https:\/\/danubagarden.hu\/#website"},"primaryImageOfPage":{"@id":"https:\/\/danubagarden.hu\/termek\/mikomax-garden\/#primaryimage"},"image":{"@id":"https:\/\/danubagarden.hu\/termek\/mikomax-garden\/#primaryimage"},"thumbnailUrl":"https:\/\/danubagarden.hu\/wp-content\/uploads\/MikoMax_360g-e1739554929437.png","datePublished":"2023-02-22T10:29:27+00:00","dateModified":"2026-04-18T16:36:48+00:00","description":"Mycorrhizal fungi: Increases nutrient uptake, improves more efficient water use by the plant, strengthens plant resistance","breadcrumb":{"@id":"https:\/\/danubagarden.hu\/termek\/mikomax-garden\/#breadcrumb"},"inLanguage":"en-GB","potentialAction":[{"@type":"ReadAction","target":["https:\/\/danubagarden.hu\/termek\/mikomax-garden\/"]}]},{"@type":"ImageObject","inLanguage":"en-GB","@id":"https:\/\/danubagarden.hu\/termek\/mikomax-garden\/#primaryimage","url":"https:\/\/danubagarden.hu\/wp-content\/uploads\/MikoMax_360g-e1739554929437.png","contentUrl":"https:\/\/danubagarden.hu\/wp-content\/uploads\/MikoMax_360g-e1739554929437.png","width":884,"height":1328},{"@type":"BreadcrumbList","@id":"https:\/\/danubagarden.hu\/termek\/mikomax-garden\/#breadcrumb","itemListElement":[{"@type":"ListItem","position":1,"name":"Home","item":"https:\/\/danubagarden.hu\/"},{"@type":"ListItem","position":2,"name":"Webshop","item":"https:\/\/danubagarden.hu\/webshop\/"},{"@type":"ListItem","position":3,"name":"MikoMax Garden 360g"}]},{"@type":"WebSite","@id":"https:\/\/danubagarden.hu\/#website","url":"https:\/\/danubagarden.hu\/","name":"DanubaGarden","description":"","publisher":{"@id":"https:\/\/danubagarden.hu\/#organization"},"potentialAction":[{"@type":"SearchAction","target":{"@type":"EntryPoint","urlTemplate":"https:\/\/danubagarden.hu\/?s={search_term_string}"},"query-input":{"@type":"PropertyValueSpecification","valueRequired":true,"valueName":"search_term_string"}}],"inLanguage":"en-GB"},{"@type":"Organization","@id":"https:\/\/danubagarden.hu\/#organization","name":"DanubaGarden","url":"https:\/\/danubagarden.hu\/","logo":{"@type":"ImageObject","inLanguage":"en-GB","@id":"https:\/\/danubagarden.hu\/#\/schema\/logo\/image\/","url":"https:\/\/danubagarden.hu\/wp-content\/uploads\/logo.png","contentUrl":"https:\/\/danubagarden.hu\/wp-content\/uploads\/logo.png","width":512,"height":264,"caption":"DanubaGarden"},"image":{"@id":"https:\/\/danubagarden.hu\/#\/schema\/logo\/image\/"}}]},"product_price_amount":"5715","product_price_currency":"HUF","og_availability":"instock","product_availability":"instock","product_retailer_item_id":"00270","product_condition":"new"},"_links":{"self":[{"href":"https:\/\/danubagarden.hu\/en\/wp-json\/wp\/v2\/product\/360","targetHints":{"allow":["GET"]}}],"collection":[{"href":"https:\/\/danubagarden.hu\/en\/wp-json\/wp\/v2\/product"}],"about":[{"href":"https:\/\/danubagarden.hu\/en\/wp-json\/wp\/v2\/types\/product"}],"wp:featuredmedia":[{"embeddable":true,"href":"https:\/\/danubagarden.hu\/en\/wp-json\/wp\/v2\/media\/9493"}],"wp:attachment":[{"href":"https:\/\/danubagarden.hu\/en\/wp-json\/wp\/v2\/media?parent=360"}],"wp:term":[{"taxonomy":"product_brand","embeddable":true,"href":"https:\/\/danubagarden.hu\/en\/wp-json\/wp\/v2\/product_brand?post=360"},{"taxonomy":"product_cat","embeddable":true,"href":"https:\/\/danubagarden.hu\/en\/wp-json\/wp\/v2\/product_cat?post=360"},{"taxonomy":"product_tag","embeddable":true,"href":"https:\/\/danubagarden.hu\/en\/wp-json\/wp\/v2\/product_tag?post=360"},{"taxonomy":"stickerek-es-engedelyek","embeddable":true,"href":"https:\/\/danubagarden.hu\/en\/wp-json\/wp\/v2\/stickerek-es-engedelyek?post=360"},{"taxonomy":"termek-besorolas","embeddable":true,"href":"https:\/\/danubagarden.hu\/en\/wp-json\/wp\/v2\/termek-besorolas?post=360"},{"taxonomy":"problema","embeddable":true,"href":"https:\/\/danubagarden.hu\/en\/wp-json\/wp\/v2\/problema?post=360"}],"curies":[{"name":"wp","href":"https:\/\/api.w.org\/{rel}","templated":true}]}}