{"id":367,"date":"2023-02-22T11:00:20","date_gmt":"2023-02-22T11:00:20","guid":{"rendered":"https:\/\/danubagarden.hu\/?post_type=product&#038;p=367"},"modified":"2026-04-16T15:21:05","modified_gmt":"2026-04-16T14:21:05","slug":"softguard","status":"publish","type":"product","link":"https:\/\/danubagarden.hu\/en\/product\/softguard\/","title":{"rendered":"SoftGuard"},"content":{"rendered":"<p>What is chitosan, the active ingredient in SoftGuard? Chitosan is produced from chitin, mainly from the chitinous shells of shellfish and crustaceans. Chitin is the second most abundant organic molecule on earth after cellulose. Cellulose is the skeleton of plants, while chitin is the skeleton of bacteria, fungi and insects. In 2014, the EU approved chitosan as an active substance to enhance plant resistance.<\/p>","protected":false},"excerpt":{"rendered":"<p><b>Dose<\/b><span style=\"font-weight: 400;\">: <\/span><span style=\"font-weight: 400;\">For the 1L and 10L packs 2dl\/10L spray. The 0.5L product is pre-diluted, ready mixed.\u00a0<\/span><\/p>\n<p><b>What is SoftGuard good for?<\/b><\/p>\n<ol>\n<li style=\"font-weight: 400;\"><span style=\"font-weight: 400;\">Strengthens the plant's immune system, making it easier to fight off pathogens<\/span><\/li>\n<li style=\"font-weight: 400;\"><span style=\"font-weight: 400;\">Accelerates the healing of wounds<\/span><\/li>\n<li style=\"font-weight: 400;\"><span style=\"font-weight: 400;\">Enhances colouration<\/span><\/li>\n<li style=\"font-weight: 400;\"><span style=\"font-weight: 400;\">Also a source of nutrients for the plant (complex sugars), thus increasing its yield<\/span><\/li>\n<li style=\"font-weight: 400;\"><span style=\"font-weight: 400;\">Bactericidal, fungicidal, insecticidal, insect repellent<\/span><\/li>\n<li style=\"font-weight: 400;\"><span style=\"font-weight: 400;\">Furthermore, it not only strengthens the plant's immune system, but rather activates it. Because only some of the genes stored in the DNA work as needed. The majority of the defence genes are inactive when there is no trouble.<\/span><\/li>\n<\/ol>\n<div class=\"page\" title=\"Page 10\">\n<div class=\"section\">\n<div class=\"layoutArea\">\n<div class=\"column\">\n<p>&nbsp;<\/p>\n<p><strong>How to apply?<\/strong><\/p>\n<p>The product should be dissolved at a concentration of 1-2%, i.e. 1-2dl of SoftGuard is required in 10L of spray. Treatment should be repeated every 2-3 weeks or alternated with Ino Si (high silicon). To protect houseplants, the pre-mixed 0.5 litre spray bottle can be used easily.<\/p>\n<\/div>\n<\/div>\n<\/div>\n<\/div>\n<p>&nbsp;<\/p>\n<p><strong>Scroll down and read more \u2b07\ufe0f<\/strong><\/p>","protected":false},"featured_media":4626,"template":"","meta":[],"product_brand":[],"product_cat":[27],"product_tag":[45,100,101,98,43],"stickerek-es-engedelyek":[],"termek-besorolas":[529],"problema":[85],"class_list":{"0":"post-367","1":"product","2":"type-product","3":"status-publish","4":"has-post-thumbnail","6":"product_cat-kitozan","7":"product_tag-100-organikus","8":"product_tag-bakterium","9":"product_tag-gomba","10":"product_tag-kitozan-novenyi-immun-erosito","11":"product_tag-vegyszermentes","12":"pa_urtartalom-0-5-l","13":"pa_urtartalom-1-l","14":"pa_urtartalom-10-l","15":"termek-besorolas-alap","16":"problema-biologiai-novenyvedelem","17":"member-discount","18":"discount-restricted","20":"first","21":"instock","22":"taxable","23":"shipping-taxable","24":"purchasable","25":"product-type-variable"},"bundled_by":[],"bundle_stock_status":"instock","bundle_stock_quantity":null,"bundle_virtual":false,"bundle_layout":"","bundle_add_to_cart_form_location":"","bundle_editable_in_cart":false,"bundle_sold_individually_context":"","bundle_item_grouping":"","bundle_min_size":"","bundle_max_size":"","bundle_price":[],"bundled_items":[],"bundle_sell_ids":[],"yoast_head":"<!-- This site is optimized with the Yoast SEO Premium plugin v26.9 (Yoast SEO v26.9) - https:\/\/yoast.com\/product\/yoast-seo-premium-wordpress\/ -->\n<title>SoftGuard - DanubaGarden<\/title>\n<meta name=\"description\" content=\"A kitoz\u00e1n tartalom\u00fa term\u00e9k: er\u0151s\u00edti a n\u00f6v\u00e9ny immunrendszer\u00e9t, bakt\u00e9rium-, gomba-, rovar\u00f6l\u0151, rovariejeszt\u0151 hat\u00e1s\u00fa, \u00e9s gyors\u00edtja a sebek gy\u00f3gyul\u00e1s\u00e1t\" \/>\n<meta name=\"robots\" content=\"index, follow, max-snippet:-1, max-image-preview:large, max-video-preview:-1\" \/>\n<link rel=\"canonical\" href=\"https:\/\/danubagarden.hu\/en\/product\/softguard\/\" \/>\n<meta property=\"og:locale\" content=\"en_GB\" \/>\n<meta property=\"og:type\" content=\"article\" \/>\n<meta property=\"og:title\" content=\"SoftGuard\" \/>\n<meta property=\"og:description\" content=\"A kitoz\u00e1n tartalom\u00fa term\u00e9k: er\u0151s\u00edti a n\u00f6v\u00e9ny immunrendszer\u00e9t, bakt\u00e9rium-, gomba-, rovar\u00f6l\u0151, rovariejeszt\u0151 hat\u00e1s\u00fa, \u00e9s gyors\u00edtja a sebek gy\u00f3gyul\u00e1s\u00e1t\" \/>\n<meta property=\"og:url\" content=\"https:\/\/danubagarden.hu\/en\/product\/softguard\/\" \/>\n<meta property=\"og:site_name\" content=\"DanubaGarden\" \/>\n<meta property=\"article:modified_time\" content=\"2026-04-16T14:21:05+00:00\" \/>\n<meta property=\"og:image\" content=\"https:\/\/danubagarden.hu\/wp-content\/uploads\/5m8o8cqj4vgc0xx6e3ggj.png\" \/>\n\t<meta property=\"og:image:width\" content=\"614\" \/>\n\t<meta property=\"og:image:height\" content=\"1024\" \/>\n\t<meta property=\"og:image:type\" content=\"image\/png\" \/>\n<meta name=\"twitter:card\" content=\"summary_large_image\" \/>\n<meta name=\"twitter:label1\" content=\"Availability\" \/>\n\t<meta name=\"twitter:data1\" content=\"In stock\" \/>\n<script type=\"application\/ld+json\" class=\"yoast-schema-graph\">{\"@context\":\"https:\/\/schema.org\",\"@graph\":[{\"@type\":\"WebPage\",\"@id\":\"https:\/\/danubagarden.hu\/termek\/softguard\/\",\"url\":\"https:\/\/danubagarden.hu\/termek\/softguard\/\",\"name\":\"SoftGuard - DanubaGarden\",\"isPartOf\":{\"@id\":\"https:\/\/danubagarden.hu\/#website\"},\"primaryImageOfPage\":{\"@id\":\"https:\/\/danubagarden.hu\/termek\/softguard\/#primaryimage\"},\"image\":{\"@id\":\"https:\/\/danubagarden.hu\/termek\/softguard\/#primaryimage\"},\"thumbnailUrl\":\"https:\/\/danubagarden.hu\/wp-content\/uploads\/5m8o8cqj4vgc0xx6e3ggj.png\",\"datePublished\":\"2023-02-22T11:00:20+00:00\",\"dateModified\":\"2026-04-16T14:21:05+00:00\",\"description\":\"A kitoz\u00e1n tartalom\u00fa term\u00e9k: er\u0151s\u00edti a n\u00f6v\u00e9ny immunrendszer\u00e9t, bakt\u00e9rium-, gomba-, rovar\u00f6l\u0151, rovariejeszt\u0151 hat\u00e1s\u00fa, \u00e9s gyors\u00edtja a sebek gy\u00f3gyul\u00e1s\u00e1t\",\"breadcrumb\":{\"@id\":\"https:\/\/danubagarden.hu\/termek\/softguard\/#breadcrumb\"},\"inLanguage\":\"en-GB\",\"potentialAction\":[{\"@type\":\"ReadAction\",\"target\":[\"https:\/\/danubagarden.hu\/termek\/softguard\/\"]}]},{\"@type\":\"ImageObject\",\"inLanguage\":\"en-GB\",\"@id\":\"https:\/\/danubagarden.hu\/termek\/softguard\/#primaryimage\",\"url\":\"https:\/\/danubagarden.hu\/wp-content\/uploads\/5m8o8cqj4vgc0xx6e3ggj.png\",\"contentUrl\":\"https:\/\/danubagarden.hu\/wp-content\/uploads\/5m8o8cqj4vgc0xx6e3ggj.png\",\"width\":614,\"height\":1024,\"caption\":\"SoftGuard 1L\"},{\"@type\":\"BreadcrumbList\",\"@id\":\"https:\/\/danubagarden.hu\/termek\/softguard\/#breadcrumb\",\"itemListElement\":[{\"@type\":\"ListItem\",\"position\":1,\"name\":\"Home\",\"item\":\"https:\/\/danubagarden.hu\/\"},{\"@type\":\"ListItem\",\"position\":2,\"name\":\"Webshop\",\"item\":\"https:\/\/danubagarden.hu\/webshop\/\"},{\"@type\":\"ListItem\",\"position\":3,\"name\":\"SoftGuard\"}]},{\"@type\":\"WebSite\",\"@id\":\"https:\/\/danubagarden.hu\/#website\",\"url\":\"https:\/\/danubagarden.hu\/\",\"name\":\"DanubaGarden\",\"description\":\"\",\"publisher\":{\"@id\":\"https:\/\/danubagarden.hu\/#organization\"},\"potentialAction\":[{\"@type\":\"SearchAction\",\"target\":{\"@type\":\"EntryPoint\",\"urlTemplate\":\"https:\/\/danubagarden.hu\/?s={search_term_string}\"},\"query-input\":{\"@type\":\"PropertyValueSpecification\",\"valueRequired\":true,\"valueName\":\"search_term_string\"}}],\"inLanguage\":\"en-GB\"},{\"@type\":\"Organization\",\"@id\":\"https:\/\/danubagarden.hu\/#organization\",\"name\":\"DanubaGarden\",\"url\":\"https:\/\/danubagarden.hu\/\",\"logo\":{\"@type\":\"ImageObject\",\"inLanguage\":\"en-GB\",\"@id\":\"https:\/\/danubagarden.hu\/#\/schema\/logo\/image\/\",\"url\":\"https:\/\/danubagarden.hu\/wp-content\/uploads\/logo.png\",\"contentUrl\":\"https:\/\/danubagarden.hu\/wp-content\/uploads\/logo.png\",\"width\":512,\"height\":264,\"caption\":\"DanubaGarden\"},\"image\":{\"@id\":\"https:\/\/danubagarden.hu\/#\/schema\/logo\/image\/\"}}]}<\/script>\n<meta property=\"og:availability\" content=\"instock\" \/>\n<meta property=\"product:availability\" content=\"instock\" \/>\n<meta property=\"product:condition\" content=\"new\" \/>\n<!-- \/ Yoast SEO Premium plugin. -->","yoast_head_json":{"title":"SoftGuard - DanubaGarden","description":"The product with chitosan content: strengthens the immune system of the plant, kills bacteria, fungi, insects, insect repellents and accelerates the healing of wounds","robots":{"index":"index","follow":"follow","max-snippet":"max-snippet:-1","max-image-preview":"max-image-preview:large","max-video-preview":"max-video-preview:-1"},"canonical":"https:\/\/danubagarden.hu\/en\/product\/softguard\/","og_locale":"en_GB","og_type":"article","og_title":"SoftGuard","og_description":"A kitoz\u00e1n tartalom\u00fa term\u00e9k: er\u0151s\u00edti a n\u00f6v\u00e9ny immunrendszer\u00e9t, bakt\u00e9rium-, gomba-, rovar\u00f6l\u0151, rovariejeszt\u0151 hat\u00e1s\u00fa, \u00e9s gyors\u00edtja a sebek gy\u00f3gyul\u00e1s\u00e1t","og_url":"https:\/\/danubagarden.hu\/en\/product\/softguard\/","og_site_name":"DanubaGarden","article_modified_time":"2026-04-16T14:21:05+00:00","og_image":[{"width":614,"height":1024,"url":"https:\/\/danubagarden.hu\/wp-content\/uploads\/5m8o8cqj4vgc0xx6e3ggj.png","type":"image\/png"}],"twitter_card":"summary_large_image","twitter_misc":{"Availability":"In stock"},"schema":{"@context":"https:\/\/schema.org","@graph":[{"@type":"WebPage","@id":"https:\/\/danubagarden.hu\/termek\/softguard\/","url":"https:\/\/danubagarden.hu\/termek\/softguard\/","name":"SoftGuard - DanubaGarden","isPartOf":{"@id":"https:\/\/danubagarden.hu\/#website"},"primaryImageOfPage":{"@id":"https:\/\/danubagarden.hu\/termek\/softguard\/#primaryimage"},"image":{"@id":"https:\/\/danubagarden.hu\/termek\/softguard\/#primaryimage"},"thumbnailUrl":"https:\/\/danubagarden.hu\/wp-content\/uploads\/5m8o8cqj4vgc0xx6e3ggj.png","datePublished":"2023-02-22T11:00:20+00:00","dateModified":"2026-04-16T14:21:05+00:00","description":"The product with chitosan content: strengthens the immune system of the plant, kills bacteria, fungi, insects, insect repellents and accelerates the healing of wounds","breadcrumb":{"@id":"https:\/\/danubagarden.hu\/termek\/softguard\/#breadcrumb"},"inLanguage":"en-GB","potentialAction":[{"@type":"ReadAction","target":["https:\/\/danubagarden.hu\/termek\/softguard\/"]}]},{"@type":"ImageObject","inLanguage":"en-GB","@id":"https:\/\/danubagarden.hu\/termek\/softguard\/#primaryimage","url":"https:\/\/danubagarden.hu\/wp-content\/uploads\/5m8o8cqj4vgc0xx6e3ggj.png","contentUrl":"https:\/\/danubagarden.hu\/wp-content\/uploads\/5m8o8cqj4vgc0xx6e3ggj.png","width":614,"height":1024,"caption":"SoftGuard 1L"},{"@type":"BreadcrumbList","@id":"https:\/\/danubagarden.hu\/termek\/softguard\/#breadcrumb","itemListElement":[{"@type":"ListItem","position":1,"name":"Home","item":"https:\/\/danubagarden.hu\/"},{"@type":"ListItem","position":2,"name":"Webshop","item":"https:\/\/danubagarden.hu\/webshop\/"},{"@type":"ListItem","position":3,"name":"SoftGuard"}]},{"@type":"WebSite","@id":"https:\/\/danubagarden.hu\/#website","url":"https:\/\/danubagarden.hu\/","name":"DanubaGarden","description":"","publisher":{"@id":"https:\/\/danubagarden.hu\/#organization"},"potentialAction":[{"@type":"SearchAction","target":{"@type":"EntryPoint","urlTemplate":"https:\/\/danubagarden.hu\/?s={search_term_string}"},"query-input":{"@type":"PropertyValueSpecification","valueRequired":true,"valueName":"search_term_string"}}],"inLanguage":"en-GB"},{"@type":"Organization","@id":"https:\/\/danubagarden.hu\/#organization","name":"DanubaGarden","url":"https:\/\/danubagarden.hu\/","logo":{"@type":"ImageObject","inLanguage":"en-GB","@id":"https:\/\/danubagarden.hu\/#\/schema\/logo\/image\/","url":"https:\/\/danubagarden.hu\/wp-content\/uploads\/logo.png","contentUrl":"https:\/\/danubagarden.hu\/wp-content\/uploads\/logo.png","width":512,"height":264,"caption":"DanubaGarden"},"image":{"@id":"https:\/\/danubagarden.hu\/#\/schema\/logo\/image\/"}}]},"og_availability":"instock","product_availability":"instock","product_condition":"new"},"_links":{"self":[{"href":"https:\/\/danubagarden.hu\/en\/wp-json\/wp\/v2\/product\/367","targetHints":{"allow":["GET"]}}],"collection":[{"href":"https:\/\/danubagarden.hu\/en\/wp-json\/wp\/v2\/product"}],"about":[{"href":"https:\/\/danubagarden.hu\/en\/wp-json\/wp\/v2\/types\/product"}],"wp:featuredmedia":[{"embeddable":true,"href":"https:\/\/danubagarden.hu\/en\/wp-json\/wp\/v2\/media\/4626"}],"wp:attachment":[{"href":"https:\/\/danubagarden.hu\/en\/wp-json\/wp\/v2\/media?parent=367"}],"wp:term":[{"taxonomy":"product_brand","embeddable":true,"href":"https:\/\/danubagarden.hu\/en\/wp-json\/wp\/v2\/product_brand?post=367"},{"taxonomy":"product_cat","embeddable":true,"href":"https:\/\/danubagarden.hu\/en\/wp-json\/wp\/v2\/product_cat?post=367"},{"taxonomy":"product_tag","embeddable":true,"href":"https:\/\/danubagarden.hu\/en\/wp-json\/wp\/v2\/product_tag?post=367"},{"taxonomy":"stickerek-es-engedelyek","embeddable":true,"href":"https:\/\/danubagarden.hu\/en\/wp-json\/wp\/v2\/stickerek-es-engedelyek?post=367"},{"taxonomy":"termek-besorolas","embeddable":true,"href":"https:\/\/danubagarden.hu\/en\/wp-json\/wp\/v2\/termek-besorolas?post=367"},{"taxonomy":"problema","embeddable":true,"href":"https:\/\/danubagarden.hu\/en\/wp-json\/wp\/v2\/problema?post=367"}],"curies":[{"name":"wp","href":"https:\/\/api.w.org\/{rel}","templated":true}]}}