{"id":369,"date":"2023-02-22T11:03:34","date_gmt":"2023-02-22T11:03:34","guid":{"rendered":"https:\/\/danubagarden.hu\/?post_type=product&#038;p=369"},"modified":"2026-04-20T12:23:57","modified_gmt":"2026-04-20T11:23:57","slug":"asco-alga","status":"publish","type":"product","link":"https:\/\/danubagarden.hu\/en\/product\/asco-alga\/","title":{"rendered":"Asco Alga"},"content":{"rendered":"<p>The Danuba Garden <a href=\"https:\/\/danubagarden.hu\/en\/product\/asco-alga\/?mc_cid=4014c21edb&amp;mc_eid=UNIQID\"><b>Asco Alga<\/b><\/a> is certified by <strong>CerTrust, and EU approved<\/strong>, <strong>it also has the Ecocert organic certification<\/strong>, as an organic product<\/p>\n<p><iframe title=\"Biological plant protection, soil improvement, useful natural aids in the garden.\" width=\"800\" height=\"450\" src=\"https:\/\/www.youtube.com\/embed\/yFiI25MtD8s?start=906&#038;feature=oembed&#038;enablejsapi=1&#038;origin=https:\/\/danubagarden.hu\" frameborder=\"0\" allow=\"accelerometer; autoplay; clipboard-write; encrypted-media; gyroscope; picture-in-picture; web-share\" referrerpolicy=\"strict-origin-when-cross-origin\" allowfullscreen><\/iframe><\/p>\n<div class=\"page\" title=\"Page 8\">\n<div class=\"layoutArea\">\n<div class=\"column\">\n<h3><strong>Storage of the product<\/strong><\/h3>\n<p>Between 5 and 30 degrees Celsius in its original packaging, the product will keep its expiry date for at least 36 months. It should be applied immediately after opening but stored tightly resealed and refrigerated for up to 6 months without deterioration.<\/p>\n<\/div>\n<\/div>\n<\/div>\n<h3><strong>Algae biostimulant - what is it made of?<\/strong><\/h3>\n<div class=\"page\" title=\"Page 8\">\n<div class=\"layoutArea\">\n<div class=\"column\">\n<p>The product contains Ascophyllum nodosum seaweed. This algae is harvested on the cleanest French coast, in Penmarch. Only mature and not senescent algae is harvested by hand to preserve the integrity of the algae field! The algae is cleaned and filtered by the producer. The algae cells are then 'blown up' under high pressure in cold water to extract the useful active ingredients.<\/p>\n<p>The pictures show Asco Algae, the parent material of the Asco Algae, Ascophyllum nodosum, at low tide, when the sea retreats and leaves the algae dry.<\/p>\n<\/div>\n<\/div>\n<\/div>\n<p>&nbsp;<\/p>\n<h4><strong>\ud83c\uddeb\ud83c\uddf7 Origin<\/strong><\/h4>\n<p class=\"ql-align-justify\">The Asco Algae is harvested off the north-west coast of France, where the sea is extremely clean because there is no industrial activity in the area. It is important that the seawater where the algae grow is clean, because the algae concentrate the substances that can be absorbed from the sea.<\/p>\n<p class=\"ql-align-justify\">Asco Alga is manufactured without any chemicals. It is pressed under high pressure after cleaning and gentle drying, which extracts the many beneficial components. This pressing process also opens up the cells, allowing the beneficial molecules they contain to be incorporated into the finished product.<\/p>\n<p>&nbsp;<\/p>\n<h3><b>\u2728 More information on how to use the product:<\/b><\/h3>\n<p>\ud83c\udf21\ufe0f <strong>Retrieved from <\/strong>avoid application at high temperatures (above 25 degrees Celsius) and high UV radiation levels, as this increases the risk of scorching! Therefore, late afternoon to early morning is ideal.<\/p>\n<p><strong>Dose<\/strong>: 2 dl of Asco Alga should be dissolved in 10 litres of water at a recommended concentration of 2%. A higher dose is not recommended as it may cause scorching. Asco Alga will keep for 3 years in a cool, dry place. The product is practically an algae cream thick but dissolves very well. Using Asco Alga will result in more growth and a bigger yield. This, in turn, can be used to increase fruit size. We recommend that when small fruits have already appeared, you use the product every 2-4 weeks.<\/p>\n<div>The Asco Alga <strong>after resolution 6<\/strong><b>\u00a0for one month<\/b> more <strong>available for use at<\/strong>, if - immediately after pouring, it is well resealed and stored in a cool, dry place out of direct sunlight (refrigeration after opening is important).<\/div>\n<div><\/div>\n<div><\/div>\n<div><\/div>\n<div><a href=\"http:\/\/danubagarden.hu\/wp-content\/uploads\/Kep-zold-megoldasok-4.png\"><img fetchpriority=\"high\" decoding=\"async\" class=\"aligncenter wp-image-865\" src=\"http:\/\/danubagarden.hu\/wp-content\/uploads\/Kep-zold-megoldasok-4.png\" alt=\"\" width=\"407\" height=\"402\" srcset=\"https:\/\/danubagarden.hu\/wp-content\/uploads\/Kep-zold-megoldasok-4.png 1326w, https:\/\/danubagarden.hu\/wp-content\/uploads\/Kep-zold-megoldasok-4-100x100.png 100w, https:\/\/danubagarden.hu\/wp-content\/uploads\/Kep-zold-megoldasok-4-600x593.png 600w, https:\/\/danubagarden.hu\/wp-content\/uploads\/Kep-zold-megoldasok-4-300x296.png 300w, https:\/\/danubagarden.hu\/wp-content\/uploads\/Kep-zold-megoldasok-4-1024x1012.png 1024w, https:\/\/danubagarden.hu\/wp-content\/uploads\/Kep-zold-megoldasok-4-150x148.png 150w, https:\/\/danubagarden.hu\/wp-content\/uploads\/Kep-zold-megoldasok-4-768x759.png 768w\" sizes=\"(max-width: 407px) 100vw, 407px\" \/><\/a><\/div>\n<div><\/div>\n<p>&nbsp;<\/p>\n<h3><strong>\u2728 More information about the product:<\/strong><\/h3>\n<p>Danuba also offers two seaweed biostimulants for farmers. As the plant grows, the proportion of plant hormones needed for growth changes. During rooting and initial growth, auxin is needed, so Kelpak should be chosen.Quality algae products can help the plant in cases of: drought, heat stress, cutting injury, nutrient deficiencies, fertilization, coloration, improving texture and shelf life. Marine algae have to grow in extremely difficult conditions, being in and out of the water, surrounded by cold warm currents, constantly being destroyed by marine animals. Under these conditions, if the environment is suitable, they must grow very quickly. Algae can grow up to 100 times faster than our field plants, up to 1 metre in a day. Algae contain nearly 100 different types of beneficial bioactive compounds that help the plant to take off.<\/p>\n<p>&nbsp;<\/p>\n<h4><strong>\ud83e\udd1e Use of complementary products:<\/strong><\/h4>\n<ol>\n<li>Step 1: Application of Tricho Immun<br \/>\nApply Tricho Immun first. It needs a few hours to penetrate the plant and a few weeks to fully spread and start protecting and strengthening it internally.<\/li>\n<li>Step 1 add: Add Asco Alga<br \/>\nIn addition to Tricho Immun, you can also apply Asco Alga, which complements the effects of Tricho Immune.<\/li>\n<li>Step 2: Apply SoftGuard and DanuVital Bio+ one week later<br \/>\nAfter a week, you can spray SoftGuard together with DanuVital Bio+. To avoid adverse interactions, this should be done only after Tricho Immun and Asco Alga.<\/li>\n<li>Repeat treatments: SoftGuard combinations every 2-3 weeks<br \/>\nYou can repeat the treatment cycles every 2-3 weeks, alternating between SoftGuard + Asco Alga and SoftGuard + DanuVital Bio+.<\/li>\n<\/ol>\n<p>&nbsp;<\/p>\n<h4><strong>\u2744\ufe0f Use of algae before the winter freeze!\u00a0<\/strong><\/h4>\n<div class=\"page\" title=\"Page 1\">\n<div class=\"section\">\n<div class=\"layoutArea\">\n<div class=\"column\">\n<ul>\n<li>Add a concentrate from another \"plant\" to increase the sap concentration in your plant. The best treatments for this are algae treatments. Just as people use algae to rejuvenate, strengthen their skin, and supplement their nutrition (spirulina), we can use algae products on our plants.<\/li>\n<\/ul>\n<p>&nbsp;<\/p>\n<p><a href=\"http:\/\/danubagarden.hu\/wp-content\/uploads\/Kepernyofoto-2024-01-11-13.52.00.png\"><img decoding=\"async\" class=\"aligncenter wp-image-3220\" src=\"http:\/\/danubagarden.hu\/wp-content\/uploads\/Kepernyofoto-2024-01-11-13.52.00.png\" alt=\"\" width=\"439\" height=\"289\" srcset=\"https:\/\/danubagarden.hu\/wp-content\/uploads\/Kepernyofoto-2024-01-11-13.52.00.png 556w, https:\/\/danubagarden.hu\/wp-content\/uploads\/Kepernyofoto-2024-01-11-13.52.00-300x197.png 300w\" sizes=\"(max-width: 439px) 100vw, 439px\" \/><\/a><\/p>\n<p>&nbsp;<\/p>\n<h4><strong>\ud83e\udeb8 Quality algae products work in the following ways:\u00a0<\/strong><\/h4>\n<ul>\n<li>The nutrients they contain - mainly meso- and micronutrients - can be absorbed immediately by the plant, thus reducing nutrient deficiencies.<\/li>\n<li>Betaine in algae products reduces abiotic stress effects such as frost damage<\/li>\n<li>The lipids and polysaccharides in premium algae products provide energy for the plant<\/li>\n<li>Danuba has registered two quality algae products in Hungary. A <em><strong>Kelpak<\/strong><\/em> rooting and flowering, while the <em><strong>Asco Alga<\/strong><\/em>can enhance intensive growth!<\/li>\n<\/ul>\n<p>&nbsp;<\/p>\n<\/div>\n<h3 style=\"font-weight: 400;\"><strong>\ud83d\udd2e Biostimulant used for 5,000 years? Which one is it?\u00a0<\/strong><\/h3>\n<p style=\"font-weight: 400;\">Even the ancient Egyptians used algae to improve the fertility of their desert soil. So, they are known as the oldest farmers who have used biostimulants! The Egyptians didn't know the exact effects of algae. They knew plants would grow more if they treated their soil and crops with it. Why should you know more?<\/p>\n<p style=\"font-weight: 400;\">Research on marine algae accelerated in the 1950s, and the following <strong>positive effects:<\/strong><\/p>\n<ul>\n<li>contains a high proportion of plant growth hormones<\/li>\n<li>algae products are high in amino acids and proteins, so they are a useful food for plants. They also don't need much energy to produce it.<\/li>\n<li>high in micro-nutrients and vitamins, which help plants grow<\/li>\n<li>biostimulant compounds in premium algae products such as manitol, abscisic acid and betaine enhance abiotic stress resistance and nutrient uptake<\/li>\n<\/ul>\n<p>&nbsp;<\/p>\n<p style=\"font-weight: 400;\"><strong>\ud83e\udd14 Did you know that<\/strong> algae convert more CO2 to oxygen than trees? Just think, the oceans provide nearly 70% of the earth's CO2.<\/p>\n<\/div>\n<p>&nbsp;<\/p>\n<h3><strong>\ud83c\udf47 For grape treatment: combined \"weapon\"<\/strong><\/h3>\n<p>As soon as possible after pruning and\/or when the grapes are in leaf, start treating the grapes to prevent fungal diseases with the following recipe: 50 g <a href=\"https:\/\/danubagarden.hu\/en\/product\/tricho-immune\/\">Tricho Immun<\/a> + 2 dl Asco Alga per 10-15 litre backpack sprayer. Tricho Imun needs a wound surface or green canopy to penetrate tissue, and the organic matter content of Asco Alga helps it stay on the canopy and penetrate through stomata. Tricho Immun is available in 100g packs, so we recommend repeating the treatment once more before flowering.<\/p>\n<\/div>\n<p>&nbsp;<\/p>\n<\/div>","protected":false},"excerpt":{"rendered":"<div><\/div>\n<div><strong>Attention! The 1 L bottle may deform! This does not affect the quality of the product!<\/strong><\/div>\n<p><b>Dose:<\/b><span style=\"font-weight: 400;\"> 2 dl\/10 litres of spray juice<\/span><\/p>\n<p>&nbsp;<\/p>\n<p><b>What is Asco Alga good for?<\/b><\/p>\n<p>Asco Alga is an algae concentrate. The manufacturer markets the product as an algae cream because it is so thick. Nevertheless, it is highly soluble in water. Asco Alga is based on Ascohyllum nodosum, which contains a higher proportion of growth-promoting plant hormones (e.g. auxin) than other algae, so its use is recommended mainly during periods of intensive plant growth. These algae are harvested by hand in the Brittany region of France. Care is taken to ensure that only mature algae are processed.<\/p>\n<div class=\"page\" title=\"Page 8\">\n<div class=\"layoutArea\">\n<div class=\"column\">\n<p>&nbsp;<\/p>\n<p><strong>How does it work?<\/strong><\/p>\n<p>Algea was used in ancient times (Egyptians and Romans) on the beaches to fertilise plants. When Asco Algae is sprayed on the leaves of your plants, it is absorbed into them in a few hours and nourishes them for several weeks.<\/p>\n<\/div>\n<\/div>\n<\/div>\n<p>&nbsp;<\/p>\n<div class=\"page\" title=\"Page 8\">\n<div class=\"layoutArea\">\n<div class=\"column\">\n<p><strong>How to apply?<\/strong><\/p>\n<p>The product should be dissolved at a concentration of 1-2%, i.e. 1-2dl Asco Alga per 10L of spray. The treatment should be repeated every 2-3 weeks.<\/p>\n<\/div>\n<\/div>\n<\/div>\n<p>&nbsp;<\/p>\n<p><strong>Scroll down and read more \u2b07\ufe0f<\/strong><\/p>\n<p>&nbsp;<\/p>\n<div><a href=\"https:\/\/danubagarden.hu\/wp-content\/uploads\/Certification-CE-TSL-29-Asco-Alga.pdf\">EU-Type Examination CERTIFICATE<\/a><\/div>\n<p><strong>\u00a0<\/strong><\/p>","protected":false},"featured_media":12991,"template":"","meta":[],"product_brand":[],"product_cat":[29],"product_tag":[45,44,69,46,43],"stickerek-es-engedelyek":[633,635,634,640],"termek-besorolas":[529],"problema":[83],"class_list":{"0":"post-369","1":"product","2":"type-product","3":"status-publish","4":"has-post-thumbnail","6":"product_cat-alga","7":"product_tag-100-organikus","8":"product_tag-bio","9":"product_tag-gyokeresedes-kezdeti-novekedes","10":"product_tag-termeszetes-anyagokkal","11":"product_tag-vegyszermentes","12":"pa_urtartalom-02-l","13":"pa_urtartalom-1-l","14":"pa_urtartalom-10-l","15":"stickerek-es-engedelyek-biokontrol","16":"stickerek-es-engedelyek-certrust","17":"stickerek-es-engedelyek-biocert","18":"stickerek-es-engedelyek-ecocert","19":"termek-besorolas-alap","20":"problema-intenziv-novekedes-tamogatasa","21":"member-discount","22":"discount-restricted","24":"first","25":"instock","26":"taxable","27":"shipping-taxable","28":"purchasable","29":"product-type-variable"},"bundled_by":["17306"],"bundle_stock_status":"instock","bundle_stock_quantity":null,"bundle_virtual":false,"bundle_layout":"","bundle_add_to_cart_form_location":"","bundle_editable_in_cart":false,"bundle_sold_individually_context":"","bundle_item_grouping":"","bundle_min_size":"","bundle_max_size":"","bundle_price":[],"bundled_items":[],"bundle_sell_ids":[],"yoast_head":"<!-- This site is optimized with the Yoast SEO Premium plugin v26.9 (Yoast SEO v26.9) - https:\/\/yoast.com\/product\/yoast-seo-premium-wordpress\/ -->\n<title>Asco Alga - DanubaGarden<\/title>\n<meta name=\"description\" content=\"Asco Alga r\u00e1permetezve a n\u00f6v\u00e9nyeink leveleire, p\u00e1r \u00f3ra alatt felsz\u00edv\u00f3dik, \u00e9s t\u00f6bb h\u00e9ten \u00e1t t\u00e1pl\u00e1lja azt, \u00e9s seg\u00edt a h\u0151strassz &amp; t\u00e1panyaghi\u00e1ny eset\u00e9n.\" \/>\n<meta name=\"robots\" content=\"index, follow, max-snippet:-1, max-image-preview:large, max-video-preview:-1\" \/>\n<link rel=\"canonical\" href=\"https:\/\/danubagarden.hu\/en\/product\/asco-alga\/\" \/>\n<meta property=\"og:locale\" content=\"en_GB\" \/>\n<meta property=\"og:type\" content=\"article\" \/>\n<meta property=\"og:title\" content=\"Asco Alga\" \/>\n<meta property=\"og:description\" content=\"Asco Alga r\u00e1permetezve a n\u00f6v\u00e9nyeink leveleire, p\u00e1r \u00f3ra alatt felsz\u00edv\u00f3dik, \u00e9s t\u00f6bb h\u00e9ten \u00e1t t\u00e1pl\u00e1lja azt, \u00e9s seg\u00edt a h\u0151strassz &amp; t\u00e1panyaghi\u00e1ny eset\u00e9n.\" \/>\n<meta property=\"og:url\" content=\"https:\/\/danubagarden.hu\/en\/product\/asco-alga\/\" \/>\n<meta property=\"og:site_name\" content=\"DanubaGarden\" \/>\n<meta property=\"article:modified_time\" content=\"2026-04-20T11:23:57+00:00\" \/>\n<meta property=\"og:image\" content=\"https:\/\/danubagarden.hu\/wp-content\/uploads\/Asco-Alga-200ml.png\" \/>\n\t<meta property=\"og:image:width\" content=\"1415\" \/>\n\t<meta property=\"og:image:height\" content=\"2048\" \/>\n\t<meta property=\"og:image:type\" content=\"image\/png\" \/>\n<meta name=\"twitter:card\" content=\"summary_large_image\" \/>\n<meta name=\"twitter:label1\" content=\"Availability\" \/>\n\t<meta name=\"twitter:data1\" content=\"In stock\" \/>\n<script type=\"application\/ld+json\" class=\"yoast-schema-graph\">{\"@context\":\"https:\/\/schema.org\",\"@graph\":[{\"@type\":\"WebPage\",\"@id\":\"https:\/\/danubagarden.hu\/termek\/asco-alga\/\",\"url\":\"https:\/\/danubagarden.hu\/termek\/asco-alga\/\",\"name\":\"Asco Alga - DanubaGarden\",\"isPartOf\":{\"@id\":\"https:\/\/danubagarden.hu\/#website\"},\"primaryImageOfPage\":{\"@id\":\"https:\/\/danubagarden.hu\/termek\/asco-alga\/#primaryimage\"},\"image\":{\"@id\":\"https:\/\/danubagarden.hu\/termek\/asco-alga\/#primaryimage\"},\"thumbnailUrl\":\"https:\/\/danubagarden.hu\/wp-content\/uploads\/Asco-Alga-200ml.png\",\"datePublished\":\"2023-02-22T11:03:34+00:00\",\"dateModified\":\"2026-04-20T11:23:57+00:00\",\"description\":\"Asco Alga r\u00e1permetezve a n\u00f6v\u00e9nyeink leveleire, p\u00e1r \u00f3ra alatt felsz\u00edv\u00f3dik, \u00e9s t\u00f6bb h\u00e9ten \u00e1t t\u00e1pl\u00e1lja azt, \u00e9s seg\u00edt a h\u0151strassz & t\u00e1panyaghi\u00e1ny eset\u00e9n.\",\"breadcrumb\":{\"@id\":\"https:\/\/danubagarden.hu\/termek\/asco-alga\/#breadcrumb\"},\"inLanguage\":\"en-GB\",\"potentialAction\":[{\"@type\":\"ReadAction\",\"target\":[\"https:\/\/danubagarden.hu\/termek\/asco-alga\/\"]}]},{\"@type\":\"ImageObject\",\"inLanguage\":\"en-GB\",\"@id\":\"https:\/\/danubagarden.hu\/termek\/asco-alga\/#primaryimage\",\"url\":\"https:\/\/danubagarden.hu\/wp-content\/uploads\/Asco-Alga-200ml.png\",\"contentUrl\":\"https:\/\/danubagarden.hu\/wp-content\/uploads\/Asco-Alga-200ml.png\",\"width\":1415,\"height\":2048,\"caption\":\"Asco Alga 0.2L\"},{\"@type\":\"BreadcrumbList\",\"@id\":\"https:\/\/danubagarden.hu\/termek\/asco-alga\/#breadcrumb\",\"itemListElement\":[{\"@type\":\"ListItem\",\"position\":1,\"name\":\"Home\",\"item\":\"https:\/\/danubagarden.hu\/\"},{\"@type\":\"ListItem\",\"position\":2,\"name\":\"Webshop\",\"item\":\"https:\/\/danubagarden.hu\/webshop\/\"},{\"@type\":\"ListItem\",\"position\":3,\"name\":\"Asco Alga\"}]},{\"@type\":\"WebSite\",\"@id\":\"https:\/\/danubagarden.hu\/#website\",\"url\":\"https:\/\/danubagarden.hu\/\",\"name\":\"DanubaGarden\",\"description\":\"\",\"publisher\":{\"@id\":\"https:\/\/danubagarden.hu\/#organization\"},\"potentialAction\":[{\"@type\":\"SearchAction\",\"target\":{\"@type\":\"EntryPoint\",\"urlTemplate\":\"https:\/\/danubagarden.hu\/?s={search_term_string}\"},\"query-input\":{\"@type\":\"PropertyValueSpecification\",\"valueRequired\":true,\"valueName\":\"search_term_string\"}}],\"inLanguage\":\"en-GB\"},{\"@type\":\"Organization\",\"@id\":\"https:\/\/danubagarden.hu\/#organization\",\"name\":\"DanubaGarden\",\"url\":\"https:\/\/danubagarden.hu\/\",\"logo\":{\"@type\":\"ImageObject\",\"inLanguage\":\"en-GB\",\"@id\":\"https:\/\/danubagarden.hu\/#\/schema\/logo\/image\/\",\"url\":\"https:\/\/danubagarden.hu\/wp-content\/uploads\/logo.png\",\"contentUrl\":\"https:\/\/danubagarden.hu\/wp-content\/uploads\/logo.png\",\"width\":512,\"height\":264,\"caption\":\"DanubaGarden\"},\"image\":{\"@id\":\"https:\/\/danubagarden.hu\/#\/schema\/logo\/image\/\"}}]}<\/script>\n<meta property=\"og:availability\" content=\"instock\" \/>\n<meta property=\"product:availability\" content=\"instock\" \/>\n<meta property=\"product:condition\" content=\"new\" \/>\n<!-- \/ Yoast SEO Premium plugin. -->","yoast_head_json":{"title":"Asco Alga - DanubaGarden","description":"Asco Algae sprayed onto the leaves of our plants, absorbs in a few hours and nourishes them for several weeks, helping with heat stress &amp; nutrient deficiencies.","robots":{"index":"index","follow":"follow","max-snippet":"max-snippet:-1","max-image-preview":"max-image-preview:large","max-video-preview":"max-video-preview:-1"},"canonical":"https:\/\/danubagarden.hu\/en\/product\/asco-alga\/","og_locale":"en_GB","og_type":"article","og_title":"Asco Alga","og_description":"Asco Alga r\u00e1permetezve a n\u00f6v\u00e9nyeink leveleire, p\u00e1r \u00f3ra alatt felsz\u00edv\u00f3dik, \u00e9s t\u00f6bb h\u00e9ten \u00e1t t\u00e1pl\u00e1lja azt, \u00e9s seg\u00edt a h\u0151strassz & t\u00e1panyaghi\u00e1ny eset\u00e9n.","og_url":"https:\/\/danubagarden.hu\/en\/product\/asco-alga\/","og_site_name":"DanubaGarden","article_modified_time":"2026-04-20T11:23:57+00:00","og_image":[{"width":1415,"height":2048,"url":"https:\/\/danubagarden.hu\/wp-content\/uploads\/Asco-Alga-200ml.png","type":"image\/png"}],"twitter_card":"summary_large_image","twitter_misc":{"Availability":"In stock"},"schema":{"@context":"https:\/\/schema.org","@graph":[{"@type":"WebPage","@id":"https:\/\/danubagarden.hu\/termek\/asco-alga\/","url":"https:\/\/danubagarden.hu\/termek\/asco-alga\/","name":"Asco Alga - DanubaGarden","isPartOf":{"@id":"https:\/\/danubagarden.hu\/#website"},"primaryImageOfPage":{"@id":"https:\/\/danubagarden.hu\/termek\/asco-alga\/#primaryimage"},"image":{"@id":"https:\/\/danubagarden.hu\/termek\/asco-alga\/#primaryimage"},"thumbnailUrl":"https:\/\/danubagarden.hu\/wp-content\/uploads\/Asco-Alga-200ml.png","datePublished":"2023-02-22T11:03:34+00:00","dateModified":"2026-04-20T11:23:57+00:00","description":"Asco Algae sprayed onto the leaves of our plants, absorbs in a few hours and nourishes them for several weeks, helping with heat stress &amp; nutrient deficiencies.","breadcrumb":{"@id":"https:\/\/danubagarden.hu\/termek\/asco-alga\/#breadcrumb"},"inLanguage":"en-GB","potentialAction":[{"@type":"ReadAction","target":["https:\/\/danubagarden.hu\/termek\/asco-alga\/"]}]},{"@type":"ImageObject","inLanguage":"en-GB","@id":"https:\/\/danubagarden.hu\/termek\/asco-alga\/#primaryimage","url":"https:\/\/danubagarden.hu\/wp-content\/uploads\/Asco-Alga-200ml.png","contentUrl":"https:\/\/danubagarden.hu\/wp-content\/uploads\/Asco-Alga-200ml.png","width":1415,"height":2048,"caption":"Asco Alga 0.2L"},{"@type":"BreadcrumbList","@id":"https:\/\/danubagarden.hu\/termek\/asco-alga\/#breadcrumb","itemListElement":[{"@type":"ListItem","position":1,"name":"Home","item":"https:\/\/danubagarden.hu\/"},{"@type":"ListItem","position":2,"name":"Webshop","item":"https:\/\/danubagarden.hu\/webshop\/"},{"@type":"ListItem","position":3,"name":"Asco Alga"}]},{"@type":"WebSite","@id":"https:\/\/danubagarden.hu\/#website","url":"https:\/\/danubagarden.hu\/","name":"DanubaGarden","description":"","publisher":{"@id":"https:\/\/danubagarden.hu\/#organization"},"potentialAction":[{"@type":"SearchAction","target":{"@type":"EntryPoint","urlTemplate":"https:\/\/danubagarden.hu\/?s={search_term_string}"},"query-input":{"@type":"PropertyValueSpecification","valueRequired":true,"valueName":"search_term_string"}}],"inLanguage":"en-GB"},{"@type":"Organization","@id":"https:\/\/danubagarden.hu\/#organization","name":"DanubaGarden","url":"https:\/\/danubagarden.hu\/","logo":{"@type":"ImageObject","inLanguage":"en-GB","@id":"https:\/\/danubagarden.hu\/#\/schema\/logo\/image\/","url":"https:\/\/danubagarden.hu\/wp-content\/uploads\/logo.png","contentUrl":"https:\/\/danubagarden.hu\/wp-content\/uploads\/logo.png","width":512,"height":264,"caption":"DanubaGarden"},"image":{"@id":"https:\/\/danubagarden.hu\/#\/schema\/logo\/image\/"}}]},"og_availability":"instock","product_availability":"instock","product_condition":"new"},"_links":{"self":[{"href":"https:\/\/danubagarden.hu\/en\/wp-json\/wp\/v2\/product\/369","targetHints":{"allow":["GET"]}}],"collection":[{"href":"https:\/\/danubagarden.hu\/en\/wp-json\/wp\/v2\/product"}],"about":[{"href":"https:\/\/danubagarden.hu\/en\/wp-json\/wp\/v2\/types\/product"}],"wp:featuredmedia":[{"embeddable":true,"href":"https:\/\/danubagarden.hu\/en\/wp-json\/wp\/v2\/media\/12991"}],"wp:attachment":[{"href":"https:\/\/danubagarden.hu\/en\/wp-json\/wp\/v2\/media?parent=369"}],"wp:term":[{"taxonomy":"product_brand","embeddable":true,"href":"https:\/\/danubagarden.hu\/en\/wp-json\/wp\/v2\/product_brand?post=369"},{"taxonomy":"product_cat","embeddable":true,"href":"https:\/\/danubagarden.hu\/en\/wp-json\/wp\/v2\/product_cat?post=369"},{"taxonomy":"product_tag","embeddable":true,"href":"https:\/\/danubagarden.hu\/en\/wp-json\/wp\/v2\/product_tag?post=369"},{"taxonomy":"stickerek-es-engedelyek","embeddable":true,"href":"https:\/\/danubagarden.hu\/en\/wp-json\/wp\/v2\/stickerek-es-engedelyek?post=369"},{"taxonomy":"termek-besorolas","embeddable":true,"href":"https:\/\/danubagarden.hu\/en\/wp-json\/wp\/v2\/termek-besorolas?post=369"},{"taxonomy":"problema","embeddable":true,"href":"https:\/\/danubagarden.hu\/en\/wp-json\/wp\/v2\/problema?post=369"}],"curies":[{"name":"wp","href":"https:\/\/api.w.org\/{rel}","templated":true}]}}