{"id":5647,"date":"2024-05-14T10:11:10","date_gmt":"2024-05-14T10:11:10","guid":{"rendered":"https:\/\/danubagarden.hu\/?post_type=product&#038;p=5647"},"modified":"2026-04-03T18:35:57","modified_gmt":"2026-04-03T17:35:57","slug":"dauba-garden-catalogue","status":"publish","type":"product","link":"https:\/\/danubagarden.hu\/en\/product\/dauba-garden-catalogue\/","title":{"rendered":"Danuba Garden Catalogue (40 pieces)"},"content":{"rendered":"<p>\ud83d\udc9a If you are interested in the products mentioned in the catalogue, you can find out more about them and Danuba Garden's Green Solutions on this link: <a href=\"https:\/\/danubagarden.hu\/en\/solvable-solutions\/\">Click here<\/a>!<\/p>\n<p>&nbsp;<\/p>\n<p>\ud83e\uddd1\u200d\ud83c\udf3e And if you want to become a reseller, first <a href=\"https:\/\/danubagarden.hu\/en\/fiokom\/\"><em>create a host account<\/em><\/a>, then <a href=\"https:\/\/danubagarden.hu\/en\/vr\/\"><em>register as a reseller<\/em><\/a>.<\/p>\n<p>Before you do this, check with our horticultural consultant, Vera D\u00e1vid, about the conditions of resale:<\/p>\n<div class=\"font-15\"><a href=\"tel:+36302299051%E2%80%AC\">+36 30 465 6336<\/a><\/div>\n<div class=\"font-15\"><a href=\"mailto:vera.david@danuba.hu\">vera.david@danuba.hu<\/a><\/div>\n<div><\/div>\n<div><\/div>","protected":false},"excerpt":{"rendered":"<p>The Danuba Garden Catalogue, contains all the important information on the packaging, storage, effects and use of the products. It also provides information on green gardening solutions, such as the effectiveness of Mikorrhiza mushrooms or seaweed. <em><strong>One package contains 40 pieces.<\/strong><\/em><\/p>\n<p><strong>Important aspects for the Catalogue:<\/strong><\/p>\n<ul>\n<li>professionally correct, but also understandable for hobby gardeners<\/li>\n<li>with useful graphic elements and a fact sheet<\/li>\n<li>practical, simple and understandable<\/li>\n<\/ul>\n<p>&nbsp;<\/p>\n<p><a href=\"https:\/\/danubagarden.hu\/en\/catalogue\/\">The catalogue is also available online and can be downloaded by clicking here<\/a><\/p>","protected":false},"featured_media":15821,"template":"","meta":{"footnotes":""},"product_brand":[],"product_cat":[195],"product_tag":[],"stickerek-es-engedelyek":[],"termek-besorolas":[529],"problema":[],"class_list":{"0":"post-5647","1":"product","2":"type-product","3":"status-publish","4":"has-post-thumbnail","6":"product_cat-kiegeszitok","7":"termek-besorolas-alap","8":"member-discount","9":"discount-restricted","11":"first","12":"outofstock","13":"taxable","14":"shipping-taxable","15":"purchasable","16":"product-type-simple"},"bundled_by":[],"bundle_stock_status":"outofstock","bundle_stock_quantity":0,"bundle_virtual":false,"bundle_layout":"","bundle_add_to_cart_form_location":"","bundle_editable_in_cart":false,"bundle_sold_individually_context":"","bundle_item_grouping":"","bundle_min_size":"","bundle_max_size":"","bundle_price":[],"bundled_items":[],"bundle_sell_ids":[],"yoast_head":"<!-- This site is optimized with the Yoast SEO Premium plugin v26.9 (Yoast SEO v26.9) - https:\/\/yoast.com\/product\/yoast-seo-premium-wordpress\/ -->\n<title>Danuba Garden Katal\u00f3gus (40 db) - DanubaGarden<\/title>\n<meta name=\"robots\" content=\"index, follow, max-snippet:-1, max-image-preview:large, max-video-preview:-1\" \/>\n<link rel=\"canonical\" href=\"https:\/\/danubagarden.hu\/en\/product\/dauba-garden-catalogue\/\" \/>\n<meta property=\"og:locale\" content=\"en_GB\" \/>\n<meta property=\"og:type\" content=\"article\" \/>\n<meta property=\"og:title\" content=\"Danuba Garden Katal\u00f3gus (40 db)\" \/>\n<meta property=\"og:description\" content=\"A Danuba Garden Katal\u00f3gusa, tartalmaz minden fontos inform\u00e1ci\u00f3t a term\u00e9kek kiszerel\u00e9sr\u0151l, t\u00e1rol\u00e1s\u00e1r\u00f3l, hat\u00e1s\u00e1r\u00f3l \u00e9s azok felhaszn\u00e1l\u00e1s\u00e1r\u00f3l. Valamint sz\u00f3 esik a z\u00f6ld kert\u00e9szeti megold\u00e1sokr\u00f3l is, gondoljunk csak a Mikorrhiza gomb\u00e1ra vagy a tengeri alg\u00e1k hat\u00e9konys\u00e1g\u00e1ra. Egy csomag 40 db katal\u00f3gust tartalmaz.  Fontos szempontok a Katal\u00f3gus eset\u00e9n:   szakmailag korrekt, de hobbikert\u00e9szek \u00e1ltal is \u00e9rthet\u0151  hasznos grafikai elemekkel \u00e9s ismeretterjeszt\u0151vel ell\u00e1tott  gyakorlatias, egyszer\u0171 \u00e9s \u00e9rthet\u0151  &nbsp;  A katal\u00f3gus online is el\u00e9rhet\u0151 \u00e9s let\u00f6lthet\u0151 ide kattintva\" \/>\n<meta property=\"og:url\" content=\"https:\/\/danubagarden.hu\/en\/product\/dauba-garden-catalogue\/\" \/>\n<meta property=\"og:site_name\" content=\"DanubaGarden\" \/>\n<meta property=\"article:modified_time\" content=\"2026-04-03T17:35:57+00:00\" \/>\n<meta property=\"og:image\" content=\"https:\/\/danubagarden.hu\/wp-content\/uploads\/Screenshot-2026-02-15-at-13.09.46.png\" \/>\n\t<meta property=\"og:image:width\" content=\"894\" \/>\n\t<meta property=\"og:image:height\" content=\"1278\" \/>\n\t<meta property=\"og:image:type\" content=\"image\/png\" \/>\n<meta name=\"twitter:card\" content=\"summary_large_image\" \/>\n<meta name=\"twitter:label1\" content=\"Price\" \/>\n\t<meta name=\"twitter:data1\" content=\"5.080&nbsp;&#070;&#116;\" \/>\n\t<meta name=\"twitter:label2\" content=\"Availability\" \/>\n\t<meta name=\"twitter:data2\" content=\"Out of stock\" \/>\n<script type=\"application\/ld+json\" class=\"yoast-schema-graph\">{\"@context\":\"https:\/\/schema.org\",\"@graph\":[{\"@type\":\"WebPage\",\"@id\":\"https:\/\/danubagarden.hu\/termek\/dauba-garden-katalogus\/\",\"url\":\"https:\/\/danubagarden.hu\/termek\/dauba-garden-katalogus\/\",\"name\":\"Danuba Garden Katal\u00f3gus (40 db) - DanubaGarden\",\"isPartOf\":{\"@id\":\"https:\/\/danubagarden.hu\/#website\"},\"primaryImageOfPage\":{\"@id\":\"https:\/\/danubagarden.hu\/termek\/dauba-garden-katalogus\/#primaryimage\"},\"image\":{\"@id\":\"https:\/\/danubagarden.hu\/termek\/dauba-garden-katalogus\/#primaryimage\"},\"thumbnailUrl\":\"https:\/\/danubagarden.hu\/wp-content\/uploads\/Screenshot-2026-02-15-at-13.09.46.png\",\"datePublished\":\"2024-05-14T10:11:10+00:00\",\"dateModified\":\"2026-04-03T17:35:57+00:00\",\"breadcrumb\":{\"@id\":\"https:\/\/danubagarden.hu\/termek\/dauba-garden-katalogus\/#breadcrumb\"},\"inLanguage\":\"en-GB\",\"potentialAction\":[{\"@type\":\"ReadAction\",\"target\":[\"https:\/\/danubagarden.hu\/termek\/dauba-garden-katalogus\/\"]}]},{\"@type\":\"ImageObject\",\"inLanguage\":\"en-GB\",\"@id\":\"https:\/\/danubagarden.hu\/termek\/dauba-garden-katalogus\/#primaryimage\",\"url\":\"https:\/\/danubagarden.hu\/wp-content\/uploads\/Screenshot-2026-02-15-at-13.09.46.png\",\"contentUrl\":\"https:\/\/danubagarden.hu\/wp-content\/uploads\/Screenshot-2026-02-15-at-13.09.46.png\",\"width\":894,\"height\":1278,\"caption\":\"Danuba Garden Katal\u00f3gus 2026\"},{\"@type\":\"BreadcrumbList\",\"@id\":\"https:\/\/danubagarden.hu\/termek\/dauba-garden-katalogus\/#breadcrumb\",\"itemListElement\":[{\"@type\":\"ListItem\",\"position\":1,\"name\":\"Home\",\"item\":\"https:\/\/danubagarden.hu\/\"},{\"@type\":\"ListItem\",\"position\":2,\"name\":\"Webshop\",\"item\":\"https:\/\/danubagarden.hu\/webshop\/\"},{\"@type\":\"ListItem\",\"position\":3,\"name\":\"Danuba Garden Katal\u00f3gus (40 db)\"}]},{\"@type\":\"WebSite\",\"@id\":\"https:\/\/danubagarden.hu\/#website\",\"url\":\"https:\/\/danubagarden.hu\/\",\"name\":\"DanubaGarden\",\"description\":\"\",\"publisher\":{\"@id\":\"https:\/\/danubagarden.hu\/#organization\"},\"potentialAction\":[{\"@type\":\"SearchAction\",\"target\":{\"@type\":\"EntryPoint\",\"urlTemplate\":\"https:\/\/danubagarden.hu\/?s={search_term_string}\"},\"query-input\":{\"@type\":\"PropertyValueSpecification\",\"valueRequired\":true,\"valueName\":\"search_term_string\"}}],\"inLanguage\":\"en-GB\"},{\"@type\":\"Organization\",\"@id\":\"https:\/\/danubagarden.hu\/#organization\",\"name\":\"DanubaGarden\",\"url\":\"https:\/\/danubagarden.hu\/\",\"logo\":{\"@type\":\"ImageObject\",\"inLanguage\":\"en-GB\",\"@id\":\"https:\/\/danubagarden.hu\/#\/schema\/logo\/image\/\",\"url\":\"https:\/\/danubagarden.hu\/wp-content\/uploads\/logo.png\",\"contentUrl\":\"https:\/\/danubagarden.hu\/wp-content\/uploads\/logo.png\",\"width\":512,\"height\":264,\"caption\":\"DanubaGarden\"},\"image\":{\"@id\":\"https:\/\/danubagarden.hu\/#\/schema\/logo\/image\/\"}}]}<\/script>\n<meta property=\"product:price:amount\" content=\"5080\" \/>\n<meta property=\"product:price:currency\" content=\"HUF\" \/>\n<meta property=\"og:availability\" content=\"out of stock\" \/>\n<meta property=\"product:availability\" content=\"out of stock\" \/>\n<meta property=\"product:retailer_item_id\" content=\"00000\" \/>\n<meta property=\"product:condition\" content=\"new\" \/>\n<!-- \/ Yoast SEO Premium plugin. -->","yoast_head_json":{"title":"Danuba Garden Catalogue (40 pcs) - DanubaGarden","robots":{"index":"index","follow":"follow","max-snippet":"max-snippet:-1","max-image-preview":"max-image-preview:large","max-video-preview":"max-video-preview:-1"},"canonical":"https:\/\/danubagarden.hu\/en\/product\/dauba-garden-catalogue\/","og_locale":"en_GB","og_type":"article","og_title":"Danuba Garden Katal\u00f3gus (40 db)","og_description":"A Danuba Garden Katal\u00f3gusa, tartalmaz minden fontos inform\u00e1ci\u00f3t a term\u00e9kek kiszerel\u00e9sr\u0151l, t\u00e1rol\u00e1s\u00e1r\u00f3l, hat\u00e1s\u00e1r\u00f3l \u00e9s azok felhaszn\u00e1l\u00e1s\u00e1r\u00f3l. Valamint sz\u00f3 esik a z\u00f6ld kert\u00e9szeti megold\u00e1sokr\u00f3l is, gondoljunk csak a Mikorrhiza gomb\u00e1ra vagy a tengeri alg\u00e1k hat\u00e9konys\u00e1g\u00e1ra. Egy csomag 40 db katal\u00f3gust tartalmaz.  Fontos szempontok a Katal\u00f3gus eset\u00e9n:   szakmailag korrekt, de hobbikert\u00e9szek \u00e1ltal is \u00e9rthet\u0151  hasznos grafikai elemekkel \u00e9s ismeretterjeszt\u0151vel ell\u00e1tott  gyakorlatias, egyszer\u0171 \u00e9s \u00e9rthet\u0151  &nbsp;  A katal\u00f3gus online is el\u00e9rhet\u0151 \u00e9s let\u00f6lthet\u0151 ide kattintva","og_url":"https:\/\/danubagarden.hu\/en\/product\/dauba-garden-catalogue\/","og_site_name":"DanubaGarden","article_modified_time":"2026-04-03T17:35:57+00:00","og_image":[{"width":894,"height":1278,"url":"https:\/\/danubagarden.hu\/wp-content\/uploads\/Screenshot-2026-02-15-at-13.09.46.png","type":"image\/png"}],"twitter_card":"summary_large_image","twitter_misc":{"Price":"5.080&nbsp;&#70;&#116;","Availability":"Out of stock"},"schema":{"@context":"https:\/\/schema.org","@graph":[{"@type":"WebPage","@id":"https:\/\/danubagarden.hu\/termek\/dauba-garden-katalogus\/","url":"https:\/\/danubagarden.hu\/termek\/dauba-garden-katalogus\/","name":"Danuba Garden Catalogue (40 pcs) - DanubaGarden","isPartOf":{"@id":"https:\/\/danubagarden.hu\/#website"},"primaryImageOfPage":{"@id":"https:\/\/danubagarden.hu\/termek\/dauba-garden-katalogus\/#primaryimage"},"image":{"@id":"https:\/\/danubagarden.hu\/termek\/dauba-garden-katalogus\/#primaryimage"},"thumbnailUrl":"https:\/\/danubagarden.hu\/wp-content\/uploads\/Screenshot-2026-02-15-at-13.09.46.png","datePublished":"2024-05-14T10:11:10+00:00","dateModified":"2026-04-03T17:35:57+00:00","breadcrumb":{"@id":"https:\/\/danubagarden.hu\/termek\/dauba-garden-katalogus\/#breadcrumb"},"inLanguage":"en-GB","potentialAction":[{"@type":"ReadAction","target":["https:\/\/danubagarden.hu\/termek\/dauba-garden-katalogus\/"]}]},{"@type":"ImageObject","inLanguage":"en-GB","@id":"https:\/\/danubagarden.hu\/termek\/dauba-garden-katalogus\/#primaryimage","url":"https:\/\/danubagarden.hu\/wp-content\/uploads\/Screenshot-2026-02-15-at-13.09.46.png","contentUrl":"https:\/\/danubagarden.hu\/wp-content\/uploads\/Screenshot-2026-02-15-at-13.09.46.png","width":894,"height":1278,"caption":"Danuba Garden Katal\u00f3gus 2026"},{"@type":"BreadcrumbList","@id":"https:\/\/danubagarden.hu\/termek\/dauba-garden-katalogus\/#breadcrumb","itemListElement":[{"@type":"ListItem","position":1,"name":"Home","item":"https:\/\/danubagarden.hu\/"},{"@type":"ListItem","position":2,"name":"Webshop","item":"https:\/\/danubagarden.hu\/webshop\/"},{"@type":"ListItem","position":3,"name":"Danuba Garden Katal\u00f3gus (40 db)"}]},{"@type":"WebSite","@id":"https:\/\/danubagarden.hu\/#website","url":"https:\/\/danubagarden.hu\/","name":"DanubaGarden","description":"","publisher":{"@id":"https:\/\/danubagarden.hu\/#organization"},"potentialAction":[{"@type":"SearchAction","target":{"@type":"EntryPoint","urlTemplate":"https:\/\/danubagarden.hu\/?s={search_term_string}"},"query-input":{"@type":"PropertyValueSpecification","valueRequired":true,"valueName":"search_term_string"}}],"inLanguage":"en-GB"},{"@type":"Organization","@id":"https:\/\/danubagarden.hu\/#organization","name":"DanubaGarden","url":"https:\/\/danubagarden.hu\/","logo":{"@type":"ImageObject","inLanguage":"en-GB","@id":"https:\/\/danubagarden.hu\/#\/schema\/logo\/image\/","url":"https:\/\/danubagarden.hu\/wp-content\/uploads\/logo.png","contentUrl":"https:\/\/danubagarden.hu\/wp-content\/uploads\/logo.png","width":512,"height":264,"caption":"DanubaGarden"},"image":{"@id":"https:\/\/danubagarden.hu\/#\/schema\/logo\/image\/"}}]},"product_price_amount":"5080","product_price_currency":"HUF","og_availability":"out of stock","product_availability":"out of stock","product_retailer_item_id":"00000","product_condition":"new"},"_links":{"self":[{"href":"https:\/\/danubagarden.hu\/en\/wp-json\/wp\/v2\/product\/5647","targetHints":{"allow":["GET"]}}],"collection":[{"href":"https:\/\/danubagarden.hu\/en\/wp-json\/wp\/v2\/product"}],"about":[{"href":"https:\/\/danubagarden.hu\/en\/wp-json\/wp\/v2\/types\/product"}],"version-history":[{"count":2,"href":"https:\/\/danubagarden.hu\/en\/wp-json\/wp\/v2\/product\/5647\/revisions"}],"predecessor-version":[{"id":17257,"href":"https:\/\/danubagarden.hu\/en\/wp-json\/wp\/v2\/product\/5647\/revisions\/17257"}],"wp:featuredmedia":[{"embeddable":true,"href":"https:\/\/danubagarden.hu\/en\/wp-json\/wp\/v2\/media\/15821"}],"wp:attachment":[{"href":"https:\/\/danubagarden.hu\/en\/wp-json\/wp\/v2\/media?parent=5647"}],"wp:term":[{"taxonomy":"product_brand","embeddable":true,"href":"https:\/\/danubagarden.hu\/en\/wp-json\/wp\/v2\/product_brand?post=5647"},{"taxonomy":"product_cat","embeddable":true,"href":"https:\/\/danubagarden.hu\/en\/wp-json\/wp\/v2\/product_cat?post=5647"},{"taxonomy":"product_tag","embeddable":true,"href":"https:\/\/danubagarden.hu\/en\/wp-json\/wp\/v2\/product_tag?post=5647"},{"taxonomy":"stickerek-es-engedelyek","embeddable":true,"href":"https:\/\/danubagarden.hu\/en\/wp-json\/wp\/v2\/stickerek-es-engedelyek?post=5647"},{"taxonomy":"termek-besorolas","embeddable":true,"href":"https:\/\/danubagarden.hu\/en\/wp-json\/wp\/v2\/termek-besorolas?post=5647"},{"taxonomy":"problema","embeddable":true,"href":"https:\/\/danubagarden.hu\/en\/wp-json\/wp\/v2\/problema?post=5647"}],"curies":[{"name":"wp","href":"https:\/\/api.w.org\/{rel}","templated":true}]}}