{"id":7421,"date":"2024-09-11T11:12:33","date_gmt":"2024-09-11T11:12:33","guid":{"rendered":"https:\/\/danubagarden.hu\/?post_type=product&#038;p=7421"},"modified":"2026-04-29T16:07:47","modified_gmt":"2026-04-29T15:07:47","slug":"mikomax-garden-60-g","status":"publish","type":"product","link":"https:\/\/danubagarden.hu\/en\/product\/mikomax-garden-60-g\/","title":{"rendered":"MikoMax Garden 60 g"},"content":{"rendered":"<div class=\"page\" title=\"Page 5\">\n<div class=\"section\">\n<div class=\"layoutArea\">\n<div class=\"column\"><\/div>\n<\/div>\n<\/div>\n<\/div>\n<p><span style=\"font-weight: 400;\">\u00a0<\/span><\/p>\n<p>&nbsp;<\/p>","protected":false},"excerpt":{"rendered":"<p><strong style=\"color: #7bc784;\">A package contains 25 products. If you order a package, we will add a free hanger.\u00a0<\/strong><\/p>\n<p>&nbsp;<\/p>\n<p><b>What is the mycorrhizal fungus and biostimulant MikoMax Garden good for?<\/b><\/p>\n<ol>\n<li style=\"font-weight: 400;\"><span style=\"font-weight: 400;\">Increases the uptake of nutrients from the soil by plants<\/span><\/li>\n<li style=\"font-weight: 400;\"><span style=\"font-weight: 400;\">Improves the plant's more efficient use of water<\/span><\/li>\n<li style=\"font-weight: 400;\"><span style=\"font-weight: 400;\">Strengthens the natural resistance of plants<\/span><\/li>\n<li style=\"font-weight: 400;\"><span style=\"font-weight: 400;\">Creating a more active and healthy soil life<\/span><\/li>\n<li style=\"font-weight: 400;\"><span style=\"font-weight: 400;\">Thanks to the above, it improves crop quality and increases yields<\/span><\/li>\n<li style=\"font-weight: 400;\"><span style=\"font-weight: 400;\">Due to its 6 types of nodules, it can be used in soils with different pH contents (acid, neutral or alkaline)<\/span><\/li>\n<li style=\"font-weight: 400;\"><span style=\"font-weight: 400;\">They help the plant not only in the early stages of its life, but throughout its life, e.g. in grapes for up to 50 years.<\/span><\/li>\n<\/ol>\n<p>&nbsp;<\/p>\n<div class=\"page\" title=\"Page 5\">\n<div class=\"section\">\n<div class=\"layoutArea\">\n<div class=\"column\">\n<p><strong>How to apply?<\/strong><\/p>\n<p>The MikoMax Garden should be sprayed into the planting hole so that it is close to the roots of the plant. You don't need to sprinkle much (about a teaspoonful) because, in theory, only the hyphae thread of a single spore, if it gets into the root of the plant, will then entangle the plant.<\/p>\n<\/div>\n<\/div>\n<\/div>\n<\/div>\n<p>&nbsp;<\/p>\n<p><strong>Scroll down and read more \u2b07\ufe0f<\/strong><\/p>","protected":false},"featured_media":7448,"template":"","meta":{"footnotes":""},"product_brand":[],"product_cat":[26],"product_tag":[],"stickerek-es-engedelyek":[635,634],"termek-besorolas":[529],"problema":[],"class_list":{"0":"post-7421","1":"product","2":"type-product","3":"status-publish","4":"has-post-thumbnail","6":"product_cat-mikorrhiza-gomba","7":"pa_tomeg-60-g","8":"stickerek-es-engedelyek-certrust","9":"stickerek-es-engedelyek-biocert","10":"termek-besorolas-alap","11":"member-discount","12":"discount-restricted","14":"first","15":"instock","16":"taxable","17":"shipping-taxable","18":"purchasable","19":"product-type-simple"},"bundled_by":["16223","18561"],"bundle_stock_status":"instock","bundle_stock_quantity":26289,"bundle_virtual":false,"bundle_layout":"","bundle_add_to_cart_form_location":"","bundle_editable_in_cart":false,"bundle_sold_individually_context":"","bundle_item_grouping":"","bundle_min_size":"","bundle_max_size":"","bundle_price":[],"bundled_items":[],"bundle_sell_ids":[],"yoast_head":"<!-- This site is optimized with the Yoast SEO Premium plugin v26.9 (Yoast SEO v26.9) - https:\/\/yoast.com\/product\/yoast-seo-premium-wordpress\/ -->\n<title>MikoMax Garden 60 g - DanubaGarden<\/title>\n<meta name=\"description\" content=\"Mikorrhiza gomba: Fokozza a t\u00e1panyagok felv\u00e9tel\u00e9t, jav\u00edtja a n\u00f6v\u00e9ny hat\u00e9konyabb v\u00edzfelhaszn\u00e1l\u00e1s\u00e1t, er\u0151s\u00edti a n\u00f6v\u00e9nyek ellen\u00e1ll\u00f3k\u00e9pess\u00e9g\u00e9t\" \/>\n<meta name=\"robots\" content=\"index, follow, max-snippet:-1, max-image-preview:large, max-video-preview:-1\" \/>\n<link rel=\"canonical\" href=\"https:\/\/danubagarden.hu\/en\/product\/mikomax-garden-60-g\/\" \/>\n<meta property=\"og:locale\" content=\"en_GB\" \/>\n<meta property=\"og:type\" content=\"article\" \/>\n<meta property=\"og:title\" content=\"MikoMax Garden 60 g\" \/>\n<meta property=\"og:description\" content=\"Mikorrhiza gomba: Fokozza a t\u00e1panyagok felv\u00e9tel\u00e9t, jav\u00edtja a n\u00f6v\u00e9ny hat\u00e9konyabb v\u00edzfelhaszn\u00e1l\u00e1s\u00e1t, er\u0151s\u00edti a n\u00f6v\u00e9nyek ellen\u00e1ll\u00f3k\u00e9pess\u00e9g\u00e9t\" \/>\n<meta property=\"og:url\" content=\"https:\/\/danubagarden.hu\/en\/product\/mikomax-garden-60-g\/\" \/>\n<meta property=\"og:site_name\" content=\"DanubaGarden\" \/>\n<meta property=\"article:modified_time\" content=\"2026-04-29T15:07:47+00:00\" \/>\n<meta property=\"og:image\" content=\"https:\/\/danubagarden.hu\/wp-content\/uploads\/MikoMax_60g_latvany-e1726648209314.png\" \/>\n\t<meta property=\"og:image:width\" content=\"1204\" \/>\n\t<meta property=\"og:image:height\" content=\"1522\" \/>\n\t<meta property=\"og:image:type\" content=\"image\/png\" \/>\n<meta name=\"twitter:card\" content=\"summary_large_image\" \/>\n<meta name=\"twitter:label1\" content=\"Price\" \/>\n\t<meta name=\"twitter:data1\" content=\"1.143&nbsp;&#070;&#116;\" \/>\n\t<meta name=\"twitter:label2\" content=\"Availability\" \/>\n\t<meta name=\"twitter:data2\" content=\"In stock\" \/>\n<script type=\"application\/ld+json\" class=\"yoast-schema-graph\">{\"@context\":\"https:\/\/schema.org\",\"@graph\":[{\"@type\":\"WebPage\",\"@id\":\"https:\/\/danubagarden.hu\/termek\/mikomax-garden-60-g\/\",\"url\":\"https:\/\/danubagarden.hu\/termek\/mikomax-garden-60-g\/\",\"name\":\"MikoMax Garden 60 g - DanubaGarden\",\"isPartOf\":{\"@id\":\"https:\/\/danubagarden.hu\/#website\"},\"primaryImageOfPage\":{\"@id\":\"https:\/\/danubagarden.hu\/termek\/mikomax-garden-60-g\/#primaryimage\"},\"image\":{\"@id\":\"https:\/\/danubagarden.hu\/termek\/mikomax-garden-60-g\/#primaryimage\"},\"thumbnailUrl\":\"https:\/\/danubagarden.hu\/wp-content\/uploads\/MikoMax_60g_latvany-e1726648209314.png\",\"datePublished\":\"2024-09-11T11:12:33+00:00\",\"dateModified\":\"2026-04-29T15:07:47+00:00\",\"description\":\"Mikorrhiza gomba: Fokozza a t\u00e1panyagok felv\u00e9tel\u00e9t, jav\u00edtja a n\u00f6v\u00e9ny hat\u00e9konyabb v\u00edzfelhaszn\u00e1l\u00e1s\u00e1t, er\u0151s\u00edti a n\u00f6v\u00e9nyek ellen\u00e1ll\u00f3k\u00e9pess\u00e9g\u00e9t\",\"breadcrumb\":{\"@id\":\"https:\/\/danubagarden.hu\/termek\/mikomax-garden-60-g\/#breadcrumb\"},\"inLanguage\":\"en-GB\",\"potentialAction\":[{\"@type\":\"ReadAction\",\"target\":[\"https:\/\/danubagarden.hu\/termek\/mikomax-garden-60-g\/\"]}]},{\"@type\":\"ImageObject\",\"inLanguage\":\"en-GB\",\"@id\":\"https:\/\/danubagarden.hu\/termek\/mikomax-garden-60-g\/#primaryimage\",\"url\":\"https:\/\/danubagarden.hu\/wp-content\/uploads\/MikoMax_60g_latvany-e1726648209314.png\",\"contentUrl\":\"https:\/\/danubagarden.hu\/wp-content\/uploads\/MikoMax_60g_latvany-e1726648209314.png\",\"width\":1204,\"height\":1522,\"caption\":\"MikoMax 60g\"},{\"@type\":\"BreadcrumbList\",\"@id\":\"https:\/\/danubagarden.hu\/termek\/mikomax-garden-60-g\/#breadcrumb\",\"itemListElement\":[{\"@type\":\"ListItem\",\"position\":1,\"name\":\"Home\",\"item\":\"https:\/\/danubagarden.hu\/\"},{\"@type\":\"ListItem\",\"position\":2,\"name\":\"Webshop\",\"item\":\"https:\/\/danubagarden.hu\/webshop\/\"},{\"@type\":\"ListItem\",\"position\":3,\"name\":\"MikoMax Garden 60 g\"}]},{\"@type\":\"WebSite\",\"@id\":\"https:\/\/danubagarden.hu\/#website\",\"url\":\"https:\/\/danubagarden.hu\/\",\"name\":\"DanubaGarden\",\"description\":\"\",\"publisher\":{\"@id\":\"https:\/\/danubagarden.hu\/#organization\"},\"potentialAction\":[{\"@type\":\"SearchAction\",\"target\":{\"@type\":\"EntryPoint\",\"urlTemplate\":\"https:\/\/danubagarden.hu\/?s={search_term_string}\"},\"query-input\":{\"@type\":\"PropertyValueSpecification\",\"valueRequired\":true,\"valueName\":\"search_term_string\"}}],\"inLanguage\":\"en-GB\"},{\"@type\":\"Organization\",\"@id\":\"https:\/\/danubagarden.hu\/#organization\",\"name\":\"DanubaGarden\",\"url\":\"https:\/\/danubagarden.hu\/\",\"logo\":{\"@type\":\"ImageObject\",\"inLanguage\":\"en-GB\",\"@id\":\"https:\/\/danubagarden.hu\/#\/schema\/logo\/image\/\",\"url\":\"https:\/\/danubagarden.hu\/wp-content\/uploads\/logo.png\",\"contentUrl\":\"https:\/\/danubagarden.hu\/wp-content\/uploads\/logo.png\",\"width\":512,\"height\":264,\"caption\":\"DanubaGarden\"},\"image\":{\"@id\":\"https:\/\/danubagarden.hu\/#\/schema\/logo\/image\/\"}}]}<\/script>\n<meta property=\"product:price:amount\" content=\"1143\" \/>\n<meta property=\"product:price:currency\" content=\"HUF\" \/>\n<meta property=\"og:availability\" content=\"instock\" \/>\n<meta property=\"product:availability\" content=\"instock\" \/>\n<meta property=\"product:retailer_item_id\" content=\"00271\" \/>\n<meta property=\"product:condition\" content=\"new\" \/>\n<!-- \/ Yoast SEO Premium plugin. -->","yoast_head_json":{"title":"MikoMax Garden 60 g - DanubaGarden","description":"Mycorrhizal fungi: Increases nutrient uptake, improves more efficient water use by the plant, strengthens plant resistance","robots":{"index":"index","follow":"follow","max-snippet":"max-snippet:-1","max-image-preview":"max-image-preview:large","max-video-preview":"max-video-preview:-1"},"canonical":"https:\/\/danubagarden.hu\/en\/product\/mikomax-garden-60-g\/","og_locale":"en_GB","og_type":"article","og_title":"MikoMax Garden 60 g","og_description":"Mikorrhiza gomba: Fokozza a t\u00e1panyagok felv\u00e9tel\u00e9t, jav\u00edtja a n\u00f6v\u00e9ny hat\u00e9konyabb v\u00edzfelhaszn\u00e1l\u00e1s\u00e1t, er\u0151s\u00edti a n\u00f6v\u00e9nyek ellen\u00e1ll\u00f3k\u00e9pess\u00e9g\u00e9t","og_url":"https:\/\/danubagarden.hu\/en\/product\/mikomax-garden-60-g\/","og_site_name":"DanubaGarden","article_modified_time":"2026-04-29T15:07:47+00:00","og_image":[{"width":1204,"height":1522,"url":"https:\/\/danubagarden.hu\/wp-content\/uploads\/MikoMax_60g_latvany-e1726648209314.png","type":"image\/png"}],"twitter_card":"summary_large_image","twitter_misc":{"Price":"1.143&nbsp;&#70;&#116;","Availability":"In stock"},"schema":{"@context":"https:\/\/schema.org","@graph":[{"@type":"WebPage","@id":"https:\/\/danubagarden.hu\/termek\/mikomax-garden-60-g\/","url":"https:\/\/danubagarden.hu\/termek\/mikomax-garden-60-g\/","name":"MikoMax Garden 60 g - DanubaGarden","isPartOf":{"@id":"https:\/\/danubagarden.hu\/#website"},"primaryImageOfPage":{"@id":"https:\/\/danubagarden.hu\/termek\/mikomax-garden-60-g\/#primaryimage"},"image":{"@id":"https:\/\/danubagarden.hu\/termek\/mikomax-garden-60-g\/#primaryimage"},"thumbnailUrl":"https:\/\/danubagarden.hu\/wp-content\/uploads\/MikoMax_60g_latvany-e1726648209314.png","datePublished":"2024-09-11T11:12:33+00:00","dateModified":"2026-04-29T15:07:47+00:00","description":"Mycorrhizal fungi: Increases nutrient uptake, improves more efficient water use by the plant, strengthens plant resistance","breadcrumb":{"@id":"https:\/\/danubagarden.hu\/termek\/mikomax-garden-60-g\/#breadcrumb"},"inLanguage":"en-GB","potentialAction":[{"@type":"ReadAction","target":["https:\/\/danubagarden.hu\/termek\/mikomax-garden-60-g\/"]}]},{"@type":"ImageObject","inLanguage":"en-GB","@id":"https:\/\/danubagarden.hu\/termek\/mikomax-garden-60-g\/#primaryimage","url":"https:\/\/danubagarden.hu\/wp-content\/uploads\/MikoMax_60g_latvany-e1726648209314.png","contentUrl":"https:\/\/danubagarden.hu\/wp-content\/uploads\/MikoMax_60g_latvany-e1726648209314.png","width":1204,"height":1522,"caption":"MikoMax 60g"},{"@type":"BreadcrumbList","@id":"https:\/\/danubagarden.hu\/termek\/mikomax-garden-60-g\/#breadcrumb","itemListElement":[{"@type":"ListItem","position":1,"name":"Home","item":"https:\/\/danubagarden.hu\/"},{"@type":"ListItem","position":2,"name":"Webshop","item":"https:\/\/danubagarden.hu\/webshop\/"},{"@type":"ListItem","position":3,"name":"MikoMax Garden 60 g"}]},{"@type":"WebSite","@id":"https:\/\/danubagarden.hu\/#website","url":"https:\/\/danubagarden.hu\/","name":"DanubaGarden","description":"","publisher":{"@id":"https:\/\/danubagarden.hu\/#organization"},"potentialAction":[{"@type":"SearchAction","target":{"@type":"EntryPoint","urlTemplate":"https:\/\/danubagarden.hu\/?s={search_term_string}"},"query-input":{"@type":"PropertyValueSpecification","valueRequired":true,"valueName":"search_term_string"}}],"inLanguage":"en-GB"},{"@type":"Organization","@id":"https:\/\/danubagarden.hu\/#organization","name":"DanubaGarden","url":"https:\/\/danubagarden.hu\/","logo":{"@type":"ImageObject","inLanguage":"en-GB","@id":"https:\/\/danubagarden.hu\/#\/schema\/logo\/image\/","url":"https:\/\/danubagarden.hu\/wp-content\/uploads\/logo.png","contentUrl":"https:\/\/danubagarden.hu\/wp-content\/uploads\/logo.png","width":512,"height":264,"caption":"DanubaGarden"},"image":{"@id":"https:\/\/danubagarden.hu\/#\/schema\/logo\/image\/"}}]},"product_price_amount":"1143","product_price_currency":"HUF","og_availability":"instock","product_availability":"instock","product_retailer_item_id":"00271","product_condition":"new"},"_links":{"self":[{"href":"https:\/\/danubagarden.hu\/en\/wp-json\/wp\/v2\/product\/7421","targetHints":{"allow":["GET"]}}],"collection":[{"href":"https:\/\/danubagarden.hu\/en\/wp-json\/wp\/v2\/product"}],"about":[{"href":"https:\/\/danubagarden.hu\/en\/wp-json\/wp\/v2\/types\/product"}],"version-history":[{"count":4,"href":"https:\/\/danubagarden.hu\/en\/wp-json\/wp\/v2\/product\/7421\/revisions"}],"predecessor-version":[{"id":17955,"href":"https:\/\/danubagarden.hu\/en\/wp-json\/wp\/v2\/product\/7421\/revisions\/17955"}],"wp:featuredmedia":[{"embeddable":true,"href":"https:\/\/danubagarden.hu\/en\/wp-json\/wp\/v2\/media\/7448"}],"wp:attachment":[{"href":"https:\/\/danubagarden.hu\/en\/wp-json\/wp\/v2\/media?parent=7421"}],"wp:term":[{"taxonomy":"product_brand","embeddable":true,"href":"https:\/\/danubagarden.hu\/en\/wp-json\/wp\/v2\/product_brand?post=7421"},{"taxonomy":"product_cat","embeddable":true,"href":"https:\/\/danubagarden.hu\/en\/wp-json\/wp\/v2\/product_cat?post=7421"},{"taxonomy":"product_tag","embeddable":true,"href":"https:\/\/danubagarden.hu\/en\/wp-json\/wp\/v2\/product_tag?post=7421"},{"taxonomy":"stickerek-es-engedelyek","embeddable":true,"href":"https:\/\/danubagarden.hu\/en\/wp-json\/wp\/v2\/stickerek-es-engedelyek?post=7421"},{"taxonomy":"termek-besorolas","embeddable":true,"href":"https:\/\/danubagarden.hu\/en\/wp-json\/wp\/v2\/termek-besorolas?post=7421"},{"taxonomy":"problema","embeddable":true,"href":"https:\/\/danubagarden.hu\/en\/wp-json\/wp\/v2\/problema?post=7421"}],"curies":[{"name":"wp","href":"https:\/\/api.w.org\/{rel}","templated":true}]}}